{"id":632,"date":"2022-06-15T08:55:00","date_gmt":"2022-06-15T08:55:00","guid":{"rendered":"https:\/\/www.midtech.com.vn\/?post_type=product&#038;p=632"},"modified":"2022-06-16T04:09:10","modified_gmt":"2022-06-16T04:09:10","slug":"bo-dam-ip-spender-tc-1h","status":"publish","type":"product","link":"https:\/\/www.midtech.com.vn\/en\/san-pham\/bo-dam-ip-spender-tc-1h\/","title":{"rendered":"Walkie-talkie IP Spender TC-1H"},"content":{"rendered":"<p class=\"qtranxs-available-languages-message qtranxs-available-languages-message-en\">Sorry, this entry is only available in <a href=\"https:\/\/www.midtech.com.vn\/vi\/wp-json\/wp\/v2\/product\/632\" class=\"qtranxs-available-language-link qtranxs-available-language-link-vi\" title=\"Ti\u1ebfng Vi\u1ec7t\">Ti\u1ebfng Vi\u1ec7t<\/a>.<\/p>","protected":false},"excerpt":{"rendered":"<p class=\"qtranxs-available-languages-message qtranxs-available-languages-message-en\">Sorry, this entry is only available in <a href=\"https:\/\/www.midtech.com.vn\/vi\/wp-json\/wp\/v2\/product\/632\" class=\"qtranxs-available-language-link qtranxs-available-language-link-vi\" title=\"Ti\u1ebfng Vi\u1ec7t\">Ti\u1ebfng Vi\u1ec7t<\/a>.<\/p>\n","protected":false},"featured_media":639,"comment_status":"closed","ping_status":"closed","template":"","meta":[],"product_cat":[47,33],"product_tag":[34,43,35,44],"class_list":["post-632","product","type-product","status-publish","has-post-thumbnail","hentry","product_cat-bo-dam-ip","product_cat-bo-dam-spender","product_tag-bo-dam","product_tag-bo-dam-ip","product_tag-spender","product_tag-tc-1h"],"yoast_head":"<!-- This site is optimized with the Yoast SEO plugin v17.6 - https:\/\/yoast.com\/wordpress\/plugins\/seo\/ -->\n<title>Walkie-talkie IP Spender TC-1H - C\u00f4ng Ty TNHH D\u1ecbch V\u1ee5 K\u1ef9 Thu\u1eadt Minh \u0110\u1ee9c<\/title>\n<meta name=\"robots\" content=\"index, follow, max-snippet:-1, max-image-preview:large, max-video-preview:-1\" \/>\n<link rel=\"canonical\" href=\"https:\/\/www.midtech.com.vn\/san-pham\/bo-dam-ip-spender-tc-1h\/\" \/>\n<meta property=\"og:locale\" content=\"en_US\" \/>\n<meta property=\"og:type\" content=\"article\" \/>\n<meta property=\"og:title\" content=\"Walkie-talkie IP Spender TC-1H - C\u00f4ng Ty TNHH D\u1ecbch V\u1ee5 K\u1ef9 Thu\u1eadt Minh \u0110\u1ee9c\" \/>\n<meta property=\"og:description\" content=\"[:vi]    Th\u01b0\u01a1ng hi\u1ec7u: Spender Xu\u1ea5t x\u1ee9: Th\u00e1i Lan B\u1ea3o h\u00e0nh: 24T (th\u00e2n m\u00e1y) - 12T (pin) 1 \u0111\u1ed5i 1 trong 6 th\u00e1ng \u0111\u1ea7u Gi\u00e1 b\u00e1n: Li\u00ean H\u1ec7      B\u1ed9 \u0111\u00e0m Spender TC-1H l\u00e0 thi\u1ebft b\u1ecb th\u00f4ng tin li\u00ean l\u1ea1c 2 chi\u1ec1u, ho\u1ea1t \u0111\u1ed9ng d\u1ef1a tr\u00ean n\u1ec1n t\u1ea3ng Internet v\u00e0 Cloud. V\u1edbi kh\u1ea3 n\u0103ng truy\u1ec1n th\u00f4ng tin kh\u00f4ng gi\u1edbi h\u1ea1n v\u1ec1 t\u00edn hi\u1ec7u v\u00e0 kho\u1ea3ng c\u00e1ch, \u0111\u1ea3m b\u1ea3o t\u00ednh b\u1ea3o m\u1eadt cao, Spender TC-1H \u0111ang l\u00e0 gi\u1ea3i ph\u00e1p h\u1eefu hi\u1ec7u cho c\u00e1c doanh nghi\u1ec7p v\u1eadn chuy\u1ec3n, c\u00e1c t\u1ed5 ch\u1ee9c c\u00f3 nhu c\u1ea7u qu\u1ea3n l\u00fd t\u1eadp trung.       H\u1ed9p s\u1ea3n ph\u1ea9m bao g\u1ed3m: 01 m\u00e1y b\u1ed9 \u0111\u00e0m, 01 pin, 01 adapter, 01 b\u00e1t c\u00e0i l\u01b0ng, 01 anten, 01 s\u00e1ch h\u01b0\u1edbng d\u1eabn.       K\u1ebft n\u1ed1i: S\u1eed d\u1ee5ng sim 3G\/4G       T\u00ednh n\u0103ng: 200 nh\u00f3m ho\u1ea1t \u0111\u1ed9ng \u0111\u1ed9c l\u1eadp\/ li\u00ean k\u1ebft       User: M\u1ed7i nh\u00f3m qu\u1ea3n l\u00fd 2000 users       Pin: Li-ion 4000 mAh       T\u00ednh n\u0103ng \u0111\u1ecbnh v\u1ecb : GPS, qu\u1ea3n l\u00fd b\u1eb1ng ch\u01b0\u01a1ng tr\u00ecnh tr\u00ean web       L\u01b0u tr\u1eef: L\u01b0u nh\u1eadt k\u00fd h\u1ed9i tho\u1ea1i trong v\u00f2ng 90 ng\u00e0y      \u00a0[:]\" \/>\n<meta property=\"og:url\" content=\"https:\/\/www.midtech.com.vn\/san-pham\/bo-dam-ip-spender-tc-1h\/\" \/>\n<meta property=\"og:site_name\" content=\"C\u00f4ng Ty TNHH D\u1ecbch V\u1ee5 K\u1ef9 Thu\u1eadt Minh \u0110\u1ee9c\" \/>\n<meta property=\"article:modified_time\" content=\"2022-06-16T04:09:10+00:00\" \/>\n<meta property=\"og:image\" content=\"https:\/\/www.midtech.com.vn\/wp-content\/uploads\/2022\/06\/bo-dam-IP-spender-TC-1H-1.png\" \/>\n\t<meta property=\"og:image:width\" content=\"900\" \/>\n\t<meta property=\"og:image:height\" content=\"900\" \/>\n<meta name=\"twitter:card\" content=\"summary_large_image\" \/>\n<script type=\"application\/ld+json\" class=\"yoast-schema-graph\">{\"@context\":\"https:\/\/schema.org\",\"@graph\":[{\"@type\":\"WebSite\",\"@id\":\"https:\/\/www.midtech.com.vn\/#website\",\"url\":\"https:\/\/www.midtech.com.vn\/\",\"name\":\"C\\u00f4ng Ty TNHH D\\u1ecbch V\\u1ee5 K\\u1ef9 Thu\\u1eadt Minh \\u0110\\u1ee9c\",\"description\":\"\",\"potentialAction\":[{\"@type\":\"SearchAction\",\"target\":{\"@type\":\"EntryPoint\",\"urlTemplate\":\"https:\/\/www.midtech.com.vn\/?s={search_term_string}\"},\"query-input\":\"required name=search_term_string\"}],\"inLanguage\":\"en-US\"},{\"@type\":\"ImageObject\",\"@id\":\"https:\/\/www.midtech.com.vn\/san-pham\/bo-dam-ip-spender-tc-1h\/#primaryimage\",\"inLanguage\":\"en-US\",\"url\":\"https:\/\/www.midtech.com.vn\/wp-content\/uploads\/2022\/06\/bo-dam-IP-spender-TC-1H-1.png\",\"contentUrl\":\"https:\/\/www.midtech.com.vn\/wp-content\/uploads\/2022\/06\/bo-dam-IP-spender-TC-1H-1.png\",\"width\":900,\"height\":900},{\"@type\":\"WebPage\",\"@id\":\"https:\/\/www.midtech.com.vn\/san-pham\/bo-dam-ip-spender-tc-1h\/#webpage\",\"url\":\"https:\/\/www.midtech.com.vn\/san-pham\/bo-dam-ip-spender-tc-1h\/\",\"name\":\"Walkie-talkie IP Spender TC-1H - C\\u00f4ng Ty TNHH D\\u1ecbch V\\u1ee5 K\\u1ef9 Thu\\u1eadt Minh \\u0110\\u1ee9c\",\"isPartOf\":{\"@id\":\"https:\/\/www.midtech.com.vn\/#website\"},\"primaryImageOfPage\":{\"@id\":\"https:\/\/www.midtech.com.vn\/san-pham\/bo-dam-ip-spender-tc-1h\/#primaryimage\"},\"datePublished\":\"2022-06-15T08:55:00+00:00\",\"dateModified\":\"2022-06-16T04:09:10+00:00\",\"breadcrumb\":{\"@id\":\"https:\/\/www.midtech.com.vn\/san-pham\/bo-dam-ip-spender-tc-1h\/#breadcrumb\"},\"inLanguage\":\"en-US\",\"potentialAction\":[{\"@type\":\"ReadAction\",\"target\":[\"https:\/\/www.midtech.com.vn\/san-pham\/bo-dam-ip-spender-tc-1h\/\"]}]},{\"@type\":\"BreadcrumbList\",\"@id\":\"https:\/\/www.midtech.com.vn\/san-pham\/bo-dam-ip-spender-tc-1h\/#breadcrumb\",\"itemListElement\":[{\"@type\":\"ListItem\",\"position\":1,\"name\":\"Home\",\"item\":\"https:\/\/www.midtech.com.vn\/\"},{\"@type\":\"ListItem\",\"position\":2,\"name\":\"Shop\",\"item\":\"https:\/\/www.midtech.com.vn\/shop\/\"},{\"@type\":\"ListItem\",\"position\":3,\"name\":\"B\\u1ed9 \\u0111\\u00e0m IP Spender TC-1H\"}]}]}<\/script>\n<!-- \/ Yoast SEO plugin. -->","yoast_head_json":{"title":"Walkie-talkie IP Spender TC-1H - C\u00f4ng Ty TNHH D\u1ecbch V\u1ee5 K\u1ef9 Thu\u1eadt Minh \u0110\u1ee9c","robots":{"index":"index","follow":"follow","max-snippet":"max-snippet:-1","max-image-preview":"max-image-preview:large","max-video-preview":"max-video-preview:-1"},"canonical":"https:\/\/www.midtech.com.vn\/san-pham\/bo-dam-ip-spender-tc-1h\/","og_locale":"en_US","og_type":"article","og_title":"Walkie-talkie IP Spender TC-1H - C\u00f4ng Ty TNHH D\u1ecbch V\u1ee5 K\u1ef9 Thu\u1eadt Minh \u0110\u1ee9c","og_description":"[:vi]    Th\u01b0\u01a1ng hi\u1ec7u: Spender Xu\u1ea5t x\u1ee9: Th\u00e1i Lan B\u1ea3o h\u00e0nh: 24T (th\u00e2n m\u00e1y) - 12T (pin) 1 \u0111\u1ed5i 1 trong 6 th\u00e1ng \u0111\u1ea7u Gi\u00e1 b\u00e1n: Li\u00ean H\u1ec7      B\u1ed9 \u0111\u00e0m Spender TC-1H l\u00e0 thi\u1ebft b\u1ecb th\u00f4ng tin li\u00ean l\u1ea1c 2 chi\u1ec1u, ho\u1ea1t \u0111\u1ed9ng d\u1ef1a tr\u00ean n\u1ec1n t\u1ea3ng Internet v\u00e0 Cloud. V\u1edbi kh\u1ea3 n\u0103ng truy\u1ec1n th\u00f4ng tin kh\u00f4ng gi\u1edbi h\u1ea1n v\u1ec1 t\u00edn hi\u1ec7u v\u00e0 kho\u1ea3ng c\u00e1ch, \u0111\u1ea3m b\u1ea3o t\u00ednh b\u1ea3o m\u1eadt cao, Spender TC-1H \u0111ang l\u00e0 gi\u1ea3i ph\u00e1p h\u1eefu hi\u1ec7u cho c\u00e1c doanh nghi\u1ec7p v\u1eadn chuy\u1ec3n, c\u00e1c t\u1ed5 ch\u1ee9c c\u00f3 nhu c\u1ea7u qu\u1ea3n l\u00fd t\u1eadp trung.       H\u1ed9p s\u1ea3n ph\u1ea9m bao g\u1ed3m: 01 m\u00e1y b\u1ed9 \u0111\u00e0m, 01 pin, 01 adapter, 01 b\u00e1t c\u00e0i l\u01b0ng, 01 anten, 01 s\u00e1ch h\u01b0\u1edbng d\u1eabn.       K\u1ebft n\u1ed1i: S\u1eed d\u1ee5ng sim 3G\/4G       T\u00ednh n\u0103ng: 200 nh\u00f3m ho\u1ea1t \u0111\u1ed9ng \u0111\u1ed9c l\u1eadp\/ li\u00ean k\u1ebft       User: M\u1ed7i nh\u00f3m qu\u1ea3n l\u00fd 2000 users       Pin: Li-ion 4000 mAh       T\u00ednh n\u0103ng \u0111\u1ecbnh v\u1ecb : GPS, qu\u1ea3n l\u00fd b\u1eb1ng ch\u01b0\u01a1ng tr\u00ecnh tr\u00ean web       L\u01b0u tr\u1eef: L\u01b0u nh\u1eadt k\u00fd h\u1ed9i tho\u1ea1i trong v\u00f2ng 90 ng\u00e0y      \u00a0[:]","og_url":"https:\/\/www.midtech.com.vn\/san-pham\/bo-dam-ip-spender-tc-1h\/","og_site_name":"C\u00f4ng Ty TNHH D\u1ecbch V\u1ee5 K\u1ef9 Thu\u1eadt Minh \u0110\u1ee9c","article_modified_time":"2022-06-16T04:09:10+00:00","og_image":[{"width":900,"height":900,"url":"https:\/\/www.midtech.com.vn\/wp-content\/uploads\/2022\/06\/bo-dam-IP-spender-TC-1H-1.png","type":"image\/png"}],"twitter_card":"summary_large_image","schema":{"@context":"https:\/\/schema.org","@graph":[{"@type":"WebSite","@id":"https:\/\/www.midtech.com.vn\/#website","url":"https:\/\/www.midtech.com.vn\/","name":"C\u00f4ng Ty TNHH D\u1ecbch V\u1ee5 K\u1ef9 Thu\u1eadt Minh \u0110\u1ee9c","description":"","potentialAction":[{"@type":"SearchAction","target":{"@type":"EntryPoint","urlTemplate":"https:\/\/www.midtech.com.vn\/?s={search_term_string}"},"query-input":"required name=search_term_string"}],"inLanguage":"en-US"},{"@type":"ImageObject","@id":"https:\/\/www.midtech.com.vn\/san-pham\/bo-dam-ip-spender-tc-1h\/#primaryimage","inLanguage":"en-US","url":"https:\/\/www.midtech.com.vn\/wp-content\/uploads\/2022\/06\/bo-dam-IP-spender-TC-1H-1.png","contentUrl":"https:\/\/www.midtech.com.vn\/wp-content\/uploads\/2022\/06\/bo-dam-IP-spender-TC-1H-1.png","width":900,"height":900},{"@type":"WebPage","@id":"https:\/\/www.midtech.com.vn\/san-pham\/bo-dam-ip-spender-tc-1h\/#webpage","url":"https:\/\/www.midtech.com.vn\/san-pham\/bo-dam-ip-spender-tc-1h\/","name":"Walkie-talkie IP Spender TC-1H - C\u00f4ng Ty TNHH D\u1ecbch V\u1ee5 K\u1ef9 Thu\u1eadt Minh \u0110\u1ee9c","isPartOf":{"@id":"https:\/\/www.midtech.com.vn\/#website"},"primaryImageOfPage":{"@id":"https:\/\/www.midtech.com.vn\/san-pham\/bo-dam-ip-spender-tc-1h\/#primaryimage"},"datePublished":"2022-06-15T08:55:00+00:00","dateModified":"2022-06-16T04:09:10+00:00","breadcrumb":{"@id":"https:\/\/www.midtech.com.vn\/san-pham\/bo-dam-ip-spender-tc-1h\/#breadcrumb"},"inLanguage":"en-US","potentialAction":[{"@type":"ReadAction","target":["https:\/\/www.midtech.com.vn\/san-pham\/bo-dam-ip-spender-tc-1h\/"]}]},{"@type":"BreadcrumbList","@id":"https:\/\/www.midtech.com.vn\/san-pham\/bo-dam-ip-spender-tc-1h\/#breadcrumb","itemListElement":[{"@type":"ListItem","position":1,"name":"Home","item":"https:\/\/www.midtech.com.vn\/"},{"@type":"ListItem","position":2,"name":"Shop","item":"https:\/\/www.midtech.com.vn\/shop\/"},{"@type":"ListItem","position":3,"name":"B\u1ed9 \u0111\u00e0m IP Spender TC-1H"}]}]}},"_links":{"self":[{"href":"https:\/\/www.midtech.com.vn\/en\/wp-json\/wp\/v2\/product\/632","targetHints":{"allow":["GET"]}}],"collection":[{"href":"https:\/\/www.midtech.com.vn\/en\/wp-json\/wp\/v2\/product"}],"about":[{"href":"https:\/\/www.midtech.com.vn\/en\/wp-json\/wp\/v2\/types\/product"}],"replies":[{"embeddable":true,"href":"https:\/\/www.midtech.com.vn\/en\/wp-json\/wp\/v2\/comments?post=632"}],"wp:featuredmedia":[{"embeddable":true,"href":"https:\/\/www.midtech.com.vn\/en\/wp-json\/wp\/v2\/media\/639"}],"wp:attachment":[{"href":"https:\/\/www.midtech.com.vn\/en\/wp-json\/wp\/v2\/media?parent=632"}],"wp:term":[{"taxonomy":"product_cat","embeddable":true,"href":"https:\/\/www.midtech.com.vn\/en\/wp-json\/wp\/v2\/product_cat?post=632"},{"taxonomy":"product_tag","embeddable":true,"href":"https:\/\/www.midtech.com.vn\/en\/wp-json\/wp\/v2\/product_tag?post=632"}],"curies":[{"name":"wp","href":"https:\/\/api.w.org\/{rel}","templated":true}]}}