{"id":625,"date":"2022-06-15T08:52:53","date_gmt":"2022-06-15T08:52:53","guid":{"rendered":"https:\/\/www.midtech.com.vn\/?post_type=product&#038;p=625"},"modified":"2022-06-16T04:08:57","modified_gmt":"2022-06-16T04:08:57","slug":"bo-dam-van-tai-spender-tm-481dtv","status":"publish","type":"product","link":"https:\/\/www.midtech.com.vn\/en\/san-pham\/bo-dam-van-tai-spender-tm-481dtv\/","title":{"rendered":"Spender TM-481DTV"},"content":{"rendered":"<p class=\"qtranxs-available-languages-message qtranxs-available-languages-message-en\">Sorry, this entry is only available in <a href=\"https:\/\/www.midtech.com.vn\/vi\/wp-json\/wp\/v2\/product\/625\" class=\"qtranxs-available-language-link qtranxs-available-language-link-vi\" title=\"Ti\u1ebfng Vi\u1ec7t\">Ti\u1ebfng Vi\u1ec7t<\/a>.<\/p>","protected":false},"excerpt":{"rendered":"<p class=\"qtranxs-available-languages-message qtranxs-available-languages-message-en\">Sorry, this entry is only available in <a href=\"https:\/\/www.midtech.com.vn\/vi\/wp-json\/wp\/v2\/product\/625\" class=\"qtranxs-available-language-link qtranxs-available-language-link-vi\" title=\"Ti\u1ebfng Vi\u1ec7t\">Ti\u1ebfng Vi\u1ec7t<\/a>.<\/p>\n","protected":false},"featured_media":631,"comment_status":"closed","ping_status":"closed","template":"","meta":[],"product_cat":[33,46],"product_tag":[41,35,42],"class_list":["post-625","product","type-product","status-publish","has-post-thumbnail","hentry","product_cat-bo-dam-spender","product_cat-bo-dam-van-tai","product_tag-bo-dam-van-tai","product_tag-spender","product_tag-tm-481dtv"],"yoast_head":"<!-- This site is optimized with the Yoast SEO plugin v17.6 - https:\/\/yoast.com\/wordpress\/plugins\/seo\/ -->\n<title>Spender TM-481DTV - C\u00f4ng Ty TNHH D\u1ecbch V\u1ee5 K\u1ef9 Thu\u1eadt Minh \u0110\u1ee9c<\/title>\n<meta name=\"robots\" content=\"index, follow, max-snippet:-1, max-image-preview:large, max-video-preview:-1\" \/>\n<link rel=\"canonical\" href=\"https:\/\/www.midtech.com.vn\/san-pham\/bo-dam-van-tai-spender-tm-481dtv\/\" \/>\n<meta property=\"og:locale\" content=\"en_US\" \/>\n<meta property=\"og:type\" content=\"article\" \/>\n<meta property=\"og:title\" content=\"Spender TM-481DTV - C\u00f4ng Ty TNHH D\u1ecbch V\u1ee5 K\u1ef9 Thu\u1eadt Minh \u0110\u1ee9c\" \/>\n<meta property=\"og:description\" content=\"[:vi]    Th\u01b0\u01a1ng hi\u1ec7u: Spender Xu\u1ea5t x\u1ee9: Th\u00e1i Lan B\u1ea3o h\u00e0nh: 24T (th\u00e2n m\u00e1y) - 12T (pin) 1 \u0111\u1ed5i 1 trong 6 th\u00e1ng \u0111\u1ea7u Gi\u00e1 b\u00e1n: Li\u00ean H\u1ec7      B\u1ed9 \u0111\u00e0m v\u1eadn t\u1ea3i Spender TM-481DTV v\u1edbi hi\u1ec7u su\u1ea5t cao, ph\u1ea1m vi ph\u1ee7 s\u00f3ng r\u1ed9ng, kh\u1ea3 n\u0103ng k\u1ebft n\u1ed1i GPS cung c\u1ea5p ch\u00ednh x\u00e1c th\u00f4ng tin v\u1ecb tr\u00ed ph\u01b0\u01a1ng ti\u1ec7n \u0111ang l\u00e0 m\u1ed9t trong nh\u1eefng s\u1ef1 l\u1ef1a ch\u1ecdn c\u1ee7a c\u00e1c c\u00f4ng ty kinh doanh v\u1eadn t\u1ea3i, taxi...       H\u1ed9p s\u1ea3n ph\u1ea9m bao g\u1ed3m: 01 th\u00e2n m\u00e1y, 01 microphone, 01 anten, 01 c\u00e1p k\u1ebft n\u1ed1i, 01 s\u00e1ch h\u01b0\u1edbng d\u1eabn       VHF: 136.000-174.000 Hz       C\u00f4ng su\u1ea5t : 60W       S\u1ed1 k\u00eanh: 199 k\u00eanh       \u0110\u00e8n n\u1ec1n : LCD       C\u00f4ng su\u1ea5t : Cao\/trung\/th\u1ea5p       C\u1ef1 ly: T\u00f9y thu\u1ed9c v\u00e0o c\u1ea5u h\u00ecnh tr\u1ea1m Repeater, trung b\u00ecnh kho\u1ea3ng 10-20 km       Cho ph\u00e9p: ng\u1eaft m\u00e1y t\u1eeb xa khi m\u00e1y b\u1ecb m\u1ea5t hay th\u1ea5t l\u1ea1       K\u1ebft n\u1ed1i : GPS      \u00a0[:]\" \/>\n<meta property=\"og:url\" content=\"https:\/\/www.midtech.com.vn\/san-pham\/bo-dam-van-tai-spender-tm-481dtv\/\" \/>\n<meta property=\"og:site_name\" content=\"C\u00f4ng Ty TNHH D\u1ecbch V\u1ee5 K\u1ef9 Thu\u1eadt Minh \u0110\u1ee9c\" \/>\n<meta property=\"article:modified_time\" content=\"2022-06-16T04:08:57+00:00\" \/>\n<meta property=\"og:image\" content=\"https:\/\/www.midtech.com.vn\/wp-content\/uploads\/2022\/06\/bo-dam-taxi-481DTV-1.png\" \/>\n\t<meta property=\"og:image:width\" content=\"900\" \/>\n\t<meta property=\"og:image:height\" content=\"900\" \/>\n<meta name=\"twitter:card\" content=\"summary_large_image\" \/>\n<script type=\"application\/ld+json\" class=\"yoast-schema-graph\">{\"@context\":\"https:\/\/schema.org\",\"@graph\":[{\"@type\":\"WebSite\",\"@id\":\"https:\/\/www.midtech.com.vn\/#website\",\"url\":\"https:\/\/www.midtech.com.vn\/\",\"name\":\"C\\u00f4ng Ty TNHH D\\u1ecbch V\\u1ee5 K\\u1ef9 Thu\\u1eadt Minh \\u0110\\u1ee9c\",\"description\":\"\",\"potentialAction\":[{\"@type\":\"SearchAction\",\"target\":{\"@type\":\"EntryPoint\",\"urlTemplate\":\"https:\/\/www.midtech.com.vn\/?s={search_term_string}\"},\"query-input\":\"required name=search_term_string\"}],\"inLanguage\":\"en-US\"},{\"@type\":\"ImageObject\",\"@id\":\"https:\/\/www.midtech.com.vn\/san-pham\/bo-dam-van-tai-spender-tm-481dtv\/#primaryimage\",\"inLanguage\":\"en-US\",\"url\":\"https:\/\/www.midtech.com.vn\/wp-content\/uploads\/2022\/06\/bo-dam-taxi-481DTV-1.png\",\"contentUrl\":\"https:\/\/www.midtech.com.vn\/wp-content\/uploads\/2022\/06\/bo-dam-taxi-481DTV-1.png\",\"width\":900,\"height\":900},{\"@type\":\"WebPage\",\"@id\":\"https:\/\/www.midtech.com.vn\/san-pham\/bo-dam-van-tai-spender-tm-481dtv\/#webpage\",\"url\":\"https:\/\/www.midtech.com.vn\/san-pham\/bo-dam-van-tai-spender-tm-481dtv\/\",\"name\":\"Spender TM-481DTV - C\\u00f4ng Ty TNHH D\\u1ecbch V\\u1ee5 K\\u1ef9 Thu\\u1eadt Minh \\u0110\\u1ee9c\",\"isPartOf\":{\"@id\":\"https:\/\/www.midtech.com.vn\/#website\"},\"primaryImageOfPage\":{\"@id\":\"https:\/\/www.midtech.com.vn\/san-pham\/bo-dam-van-tai-spender-tm-481dtv\/#primaryimage\"},\"datePublished\":\"2022-06-15T08:52:53+00:00\",\"dateModified\":\"2022-06-16T04:08:57+00:00\",\"breadcrumb\":{\"@id\":\"https:\/\/www.midtech.com.vn\/san-pham\/bo-dam-van-tai-spender-tm-481dtv\/#breadcrumb\"},\"inLanguage\":\"en-US\",\"potentialAction\":[{\"@type\":\"ReadAction\",\"target\":[\"https:\/\/www.midtech.com.vn\/san-pham\/bo-dam-van-tai-spender-tm-481dtv\/\"]}]},{\"@type\":\"BreadcrumbList\",\"@id\":\"https:\/\/www.midtech.com.vn\/san-pham\/bo-dam-van-tai-spender-tm-481dtv\/#breadcrumb\",\"itemListElement\":[{\"@type\":\"ListItem\",\"position\":1,\"name\":\"Home\",\"item\":\"https:\/\/www.midtech.com.vn\/\"},{\"@type\":\"ListItem\",\"position\":2,\"name\":\"Shop\",\"item\":\"https:\/\/www.midtech.com.vn\/shop\/\"},{\"@type\":\"ListItem\",\"position\":3,\"name\":\"B\\u1ed9 \\u0111\\u00e0m v\\u1eadn t\\u1ea3i Spender TM-481DTV\"}]}]}<\/script>\n<!-- \/ Yoast SEO plugin. -->","yoast_head_json":{"title":"Spender TM-481DTV - C\u00f4ng Ty TNHH D\u1ecbch V\u1ee5 K\u1ef9 Thu\u1eadt Minh \u0110\u1ee9c","robots":{"index":"index","follow":"follow","max-snippet":"max-snippet:-1","max-image-preview":"max-image-preview:large","max-video-preview":"max-video-preview:-1"},"canonical":"https:\/\/www.midtech.com.vn\/san-pham\/bo-dam-van-tai-spender-tm-481dtv\/","og_locale":"en_US","og_type":"article","og_title":"Spender TM-481DTV - C\u00f4ng Ty TNHH D\u1ecbch V\u1ee5 K\u1ef9 Thu\u1eadt Minh \u0110\u1ee9c","og_description":"[:vi]    Th\u01b0\u01a1ng hi\u1ec7u: Spender Xu\u1ea5t x\u1ee9: Th\u00e1i Lan B\u1ea3o h\u00e0nh: 24T (th\u00e2n m\u00e1y) - 12T (pin) 1 \u0111\u1ed5i 1 trong 6 th\u00e1ng \u0111\u1ea7u Gi\u00e1 b\u00e1n: Li\u00ean H\u1ec7      B\u1ed9 \u0111\u00e0m v\u1eadn t\u1ea3i Spender TM-481DTV v\u1edbi hi\u1ec7u su\u1ea5t cao, ph\u1ea1m vi ph\u1ee7 s\u00f3ng r\u1ed9ng, kh\u1ea3 n\u0103ng k\u1ebft n\u1ed1i GPS cung c\u1ea5p ch\u00ednh x\u00e1c th\u00f4ng tin v\u1ecb tr\u00ed ph\u01b0\u01a1ng ti\u1ec7n \u0111ang l\u00e0 m\u1ed9t trong nh\u1eefng s\u1ef1 l\u1ef1a ch\u1ecdn c\u1ee7a c\u00e1c c\u00f4ng ty kinh doanh v\u1eadn t\u1ea3i, taxi...       H\u1ed9p s\u1ea3n ph\u1ea9m bao g\u1ed3m: 01 th\u00e2n m\u00e1y, 01 microphone, 01 anten, 01 c\u00e1p k\u1ebft n\u1ed1i, 01 s\u00e1ch h\u01b0\u1edbng d\u1eabn       VHF: 136.000-174.000 Hz       C\u00f4ng su\u1ea5t : 60W       S\u1ed1 k\u00eanh: 199 k\u00eanh       \u0110\u00e8n n\u1ec1n : LCD       C\u00f4ng su\u1ea5t : Cao\/trung\/th\u1ea5p       C\u1ef1 ly: T\u00f9y thu\u1ed9c v\u00e0o c\u1ea5u h\u00ecnh tr\u1ea1m Repeater, trung b\u00ecnh kho\u1ea3ng 10-20 km       Cho ph\u00e9p: ng\u1eaft m\u00e1y t\u1eeb xa khi m\u00e1y b\u1ecb m\u1ea5t hay th\u1ea5t l\u1ea1       K\u1ebft n\u1ed1i : GPS      \u00a0[:]","og_url":"https:\/\/www.midtech.com.vn\/san-pham\/bo-dam-van-tai-spender-tm-481dtv\/","og_site_name":"C\u00f4ng Ty TNHH D\u1ecbch V\u1ee5 K\u1ef9 Thu\u1eadt Minh \u0110\u1ee9c","article_modified_time":"2022-06-16T04:08:57+00:00","og_image":[{"width":900,"height":900,"url":"https:\/\/www.midtech.com.vn\/wp-content\/uploads\/2022\/06\/bo-dam-taxi-481DTV-1.png","type":"image\/png"}],"twitter_card":"summary_large_image","schema":{"@context":"https:\/\/schema.org","@graph":[{"@type":"WebSite","@id":"https:\/\/www.midtech.com.vn\/#website","url":"https:\/\/www.midtech.com.vn\/","name":"C\u00f4ng Ty TNHH D\u1ecbch V\u1ee5 K\u1ef9 Thu\u1eadt Minh \u0110\u1ee9c","description":"","potentialAction":[{"@type":"SearchAction","target":{"@type":"EntryPoint","urlTemplate":"https:\/\/www.midtech.com.vn\/?s={search_term_string}"},"query-input":"required name=search_term_string"}],"inLanguage":"en-US"},{"@type":"ImageObject","@id":"https:\/\/www.midtech.com.vn\/san-pham\/bo-dam-van-tai-spender-tm-481dtv\/#primaryimage","inLanguage":"en-US","url":"https:\/\/www.midtech.com.vn\/wp-content\/uploads\/2022\/06\/bo-dam-taxi-481DTV-1.png","contentUrl":"https:\/\/www.midtech.com.vn\/wp-content\/uploads\/2022\/06\/bo-dam-taxi-481DTV-1.png","width":900,"height":900},{"@type":"WebPage","@id":"https:\/\/www.midtech.com.vn\/san-pham\/bo-dam-van-tai-spender-tm-481dtv\/#webpage","url":"https:\/\/www.midtech.com.vn\/san-pham\/bo-dam-van-tai-spender-tm-481dtv\/","name":"Spender TM-481DTV - C\u00f4ng Ty TNHH D\u1ecbch V\u1ee5 K\u1ef9 Thu\u1eadt Minh \u0110\u1ee9c","isPartOf":{"@id":"https:\/\/www.midtech.com.vn\/#website"},"primaryImageOfPage":{"@id":"https:\/\/www.midtech.com.vn\/san-pham\/bo-dam-van-tai-spender-tm-481dtv\/#primaryimage"},"datePublished":"2022-06-15T08:52:53+00:00","dateModified":"2022-06-16T04:08:57+00:00","breadcrumb":{"@id":"https:\/\/www.midtech.com.vn\/san-pham\/bo-dam-van-tai-spender-tm-481dtv\/#breadcrumb"},"inLanguage":"en-US","potentialAction":[{"@type":"ReadAction","target":["https:\/\/www.midtech.com.vn\/san-pham\/bo-dam-van-tai-spender-tm-481dtv\/"]}]},{"@type":"BreadcrumbList","@id":"https:\/\/www.midtech.com.vn\/san-pham\/bo-dam-van-tai-spender-tm-481dtv\/#breadcrumb","itemListElement":[{"@type":"ListItem","position":1,"name":"Home","item":"https:\/\/www.midtech.com.vn\/"},{"@type":"ListItem","position":2,"name":"Shop","item":"https:\/\/www.midtech.com.vn\/shop\/"},{"@type":"ListItem","position":3,"name":"B\u1ed9 \u0111\u00e0m v\u1eadn t\u1ea3i Spender TM-481DTV"}]}]}},"_links":{"self":[{"href":"https:\/\/www.midtech.com.vn\/en\/wp-json\/wp\/v2\/product\/625","targetHints":{"allow":["GET"]}}],"collection":[{"href":"https:\/\/www.midtech.com.vn\/en\/wp-json\/wp\/v2\/product"}],"about":[{"href":"https:\/\/www.midtech.com.vn\/en\/wp-json\/wp\/v2\/types\/product"}],"replies":[{"embeddable":true,"href":"https:\/\/www.midtech.com.vn\/en\/wp-json\/wp\/v2\/comments?post=625"}],"wp:featuredmedia":[{"embeddable":true,"href":"https:\/\/www.midtech.com.vn\/en\/wp-json\/wp\/v2\/media\/631"}],"wp:attachment":[{"href":"https:\/\/www.midtech.com.vn\/en\/wp-json\/wp\/v2\/media?parent=625"}],"wp:term":[{"taxonomy":"product_cat","embeddable":true,"href":"https:\/\/www.midtech.com.vn\/en\/wp-json\/wp\/v2\/product_cat?post=625"},{"taxonomy":"product_tag","embeddable":true,"href":"https:\/\/www.midtech.com.vn\/en\/wp-json\/wp\/v2\/product_tag?post=625"}],"curies":[{"name":"wp","href":"https:\/\/api.w.org\/{rel}","templated":true}]}}