{"id":619,"date":"2022-06-15T08:49:19","date_gmt":"2022-06-15T08:49:19","guid":{"rendered":"https:\/\/www.midtech.com.vn\/?post_type=product&#038;p=619"},"modified":"2022-06-16T04:08:45","modified_gmt":"2022-06-16T04:08:45","slug":"bo-dam-spender-tc-741h","status":"publish","type":"product","link":"https:\/\/www.midtech.com.vn\/en\/san-pham\/bo-dam-spender-tc-741h\/","title":{"rendered":"Walkie-talkie Spender TC-741H"},"content":{"rendered":"<p><strong>B\u1ed9 \u0111\u00e0m Spender TC-741H\u00a0<\/strong>l\u00e0\u00a0b\u1ed9 \u0111\u00e0m truy\u1ec1n th\u1ed1ng\u00a0\u0111\u01b0\u1ee3c \u01b0a chu\u1ed9ng \u1edf Th\u00e1i Lan. V\u1edbi c\u00f4ng su\u1ea5t 7W &#8211; 199 k\u00eanh t\u1ea7n s\u1ed1 cho ph\u00e9p ng\u01b0\u1eddi d\u00f9ng b\u1ed1 tr\u00ed nh\u1eefng \u0111\u1ed9i l\u00e0m vi\u1ec7c theo t\u1eebng nh\u00f3m ri\u00eang l\u1ebb, n\u00e2ng cao t\u00ednh linh ho\u1ea1t c\u1ee7a b\u1ed9 \u0111\u00e0m. \u0110\u1ed3ng th\u1eddi, m\u00e1y \u0111\u01b0\u1ee3c t\u00edch h\u1ee3p 50 m\u00e3 CTCSS v\u00e0 214 m\u00e3 DCS cho ph\u00e9p cu\u1ed9c g\u1ecdi \u0111\u01b0\u1ee3c r\u00f5 r\u00e0ng, tr\u00e1nh nhi\u1ec5u t\u00edn hi\u1ec7u xung quanh. D\u1ea3i t\u1ea7n VHF t\u1eeb 136-174 MHz s\u1ebd truy\u1ec1n \u0111i xa h\u01a1n UHF n\u00ean\u00a0<strong>Spender TC-741H<\/strong>\u00a0l\u00e0 l\u1ef1a ch\u1ecdn t\u1ed1i \u01b0u cho vi\u1ec7c li\u00ean l\u1ea1c \u1edf c\u1ea3ng bi\u1ec3n ho\u1eb7c n\u01a1i c\u00f3 \u0111\u1ecba h\u00ecnh b\u1eb1ng ph\u1eb3ng, \u00edt v\u1eadt c\u1ea3n.<\/p>\n<p>&#8211; B\u00e1n k\u00ednh li\u00ean l\u1ea1c t\u1eeb 1-5 km t\u00f9y v\u00e0o \u0111\u1ecba h\u00ecnh v\u00e0 v\u1eadt c\u1ea3n. Pin Li-on dung l\u01b0\u1ee3ng 2000mAh cho ph\u00e9p s\u1eed d\u1ee5ng \u0111\u01b0\u1ee3c 16-20h \u0111\u00e0m tho\u1ea1i li\u00ean t\u1ee5c.Th\u1eddi gian ch\u1edd t\u1eeb 3-5 ng\u00e0y.<br \/>\n&#8211; V\u1edbi t\u00ednh n\u0103ng b\u00e1o pin y\u1ebfu, khi ch\u1ec9 s\u1ed1 pin th\u1ea5p, \u0111\u00e8n nh\u1eadp nh\u00e1y \u0111\u1ecf, v\u00e0 c\u00f3 t\u00edn hi\u1ec7u b\u00e1o pin y\u1ebfu, nh\u1eafc nh\u1edf ch\u00fang ta s\u1ea1c pin.<br \/>\n&#8211; Thi\u1ebft k\u1ebf c\u1ee7a\u00a0<strong>Spender TC-741H<\/strong>\u00a0c\u00f3 m\u00e0n h\u00ecnh v\u00e0 b\u00e0n ph\u00edm. \u0110\u00e2y l\u00e0 thi\u1ebft k\u1ebf nh\u1eb1m h\u01b0\u1edbng t\u1edbi s\u1ef1 thu\u1eadn ti\u1ec7n cho kh\u00e1ch h\u00e0ng &#8211; kh\u00e1ch h\u00e0ng c\u00f3 th\u1ec3 thao t\u00e1c, c\u00e0i \u0111\u1eb7t ngay tr\u00ean thi\u1ebft b\u1ecb m\u00e0 kh\u00f4ng c\u1ea7n th\u00f4ng qua m\u1ed9t ch\u01b0\u01a1ng tr\u00ecnh ho\u1eb7c ph\u1ea7n m\u1ec1m b\u1ea5t k\u1ef3 n\u00e0o.<br \/>\n&#8211; Gi\u1edbi h\u1ea1n th\u1eddi gian ph\u00e1t &#8211; Time Out Timer (TOT): th\u00f4ng th\u01b0\u1eddng vi\u1ec7c truy\u1ec1n d\u1eef li\u1ec7u li\u00ean t\u1ee5c v\u00e0 qu\u00e1 l\u00e2u s\u1ebd g\u00e2y ra h\u01b0 h\u1ecfng cho b\u1ed9 ph\u1eadn truy\u1ec1n t\u00edn hi\u1ec7u, g\u00e2y kh\u00f3 kh\u0103n cho \u00a0ng\u01b0\u1eddi nh\u1eadn trong qu\u00e1 tr\u00ecnh ti\u1ebfp nh\u1eadn th\u00f4ng tin.<br \/>\n&#8211; T\u00ednh n\u0103ng TOT s\u1ebd ph\u00e1t chu\u00f4ng c\u1ea3nh b\u00e1o khi vi\u1ec7c truy\u1ec1n d\u1eef li\u1ec7u li\u00ean t\u1ee5c v\u01b0\u1ee3t gi\u1edbi h\u1ea1n th\u1eddi gian \u0111\u1ecbnh tr\u01b0\u1edbc v\u00e0 ng\u1eaft qu\u00e1 tr\u00ecnh truy\u1ec1n t\u00edn hi\u1ec7u c\u1ee7a ng\u01b0\u1eddi n\u00f3i.<\/p>\n","protected":false},"excerpt":{"rendered":"<div class=\"d-none d-lg-block ng-isolate-scope\">\n<div class=\"hero-customizer-v2-product-info\">\n<div class=\"ng-scope ng-isolate-scope\">\n<ul class=\"hero-customizer-v2-features\">\n<li class=\"hero-customizer-v2-features__feature ng-binding ng-scope\" title=\"\">Th\u01b0\u01a1ng hi\u1ec7u: Spender<\/li>\n<li class=\"hero-customizer-v2-features__feature ng-binding ng-scope\" title=\"\">Xu\u1ea5t x\u1ee9: Th\u00e1i Lan<\/li>\n<li class=\"hero-customizer-v2-features__feature ng-binding ng-scope\" title=\"\">B\u1ea3o h\u00e0nh: 24T (th\u00e2n m\u00e1y) &#8211; 12T (pin) 1 \u0111\u1ed5i 1 trong 6 th\u00e1ng \u0111\u1ea7u<\/li>\n<li class=\"hero-customizer-v2-features__feature ng-binding ng-scope\" title=\"\">Gi\u00e1 b\u00e1n: Li\u00ean H\u1ec7<\/li>\n<\/ul>\n<\/div>\n<\/div>\n<\/div>\n<div class=\"ng-isolate-scope\">\n<div class=\"hero-customizer-v2-unique-selling-point ng-binding\">B\u1ed9 \u0111\u00e0m Spender TC-741H l\u00e0 d\u00f2ng b\u1ed9 \u0111\u00e0m chuy\u00ean d\u1ee5ng cho c\u1ea3ng bi\u1ec3n. V\u1edbi c\u00f4ng su\u1ea5t 7W &#8211; 199 k\u00eanh t\u1ea7n s\u1ed1 cho ph\u00e9p ng\u01b0\u1eddi d\u00f9ng b\u1ed1 tr\u00ed nh\u1eefng \u0111\u1ed9i l\u00e0m vi\u1ec7c theo t\u1eebng nh\u00f3m ri\u00eang l\u1ebb, n\u00e2ng cao hi\u1ec7u su\u1ea5t l\u00e0m vi\u1ec7c.<\/div>\n<\/div>\n<div class=\"ng-isolate-scope\">\n<ul class=\"hero-customizer-v2-filters\" data-show=\"hidden\">\n<li class=\"hero-customizer-v2-filters__filter ng-scope\">\n<div class=\"ng-scope ng-isolate-scope\">\n<fieldset class=\"hero-customizer-v2-filter hero-customizer-v2-filter--radio\">\n<ul class=\"hero-customizer-v2-filter__options\">\n<li class=\"hero-customizer-v2-filter__option ng-scope\"><label class=\"ng-binding\" for=\"b7dd26e1-2d70-167a-3b01-a4ac9ab72fdb\">H\u1ed9p s\u1ea3n ph\u1ea9m bao g\u1ed3m: : 01 th\u00e2n m\u00e1y, 01 pin, 01 adapter, 01 anten, 01 tai nghe, 01 b\u00e1t c\u00e0i, 01 d\u00e2y m\u00f3c, 01 s\u00e1ch h\u01b0\u1edbng d\u1eabn.<\/label><\/li>\n<\/ul>\n<\/fieldset>\n<\/div>\n<\/li>\n<li class=\"hero-customizer-v2-filters__filter ng-scope\">\n<div class=\"ng-scope ng-isolate-scope\">\n<fieldset class=\"hero-customizer-v2-filter hero-customizer-v2-filter--radio\">\n<ul class=\"hero-customizer-v2-filter__options\">\n<li class=\"hero-customizer-v2-filter__option ng-scope\"><label class=\"ng-binding\" for=\"db43305e-c955-25a8-08b5-d793e7dadb6c\">VHF: 136.000-174.000 MHz<\/label><\/li>\n<\/ul>\n<\/fieldset>\n<\/div>\n<\/li>\n<li class=\"hero-customizer-v2-filters__filter ng-scope\">\n<div class=\"ng-scope ng-isolate-scope\">\n<fieldset class=\"hero-customizer-v2-filter hero-customizer-v2-filter--radio\">\n<ul class=\"hero-customizer-v2-filter__options\">\n<li class=\"hero-customizer-v2-filter__option ng-scope\"><label class=\"ng-binding\" for=\"228a7ddc-4c15-f67d-b317-fd5c00fe0699\">C\u00f4ng su\u1ea5t: 7W<\/label><\/li>\n<\/ul>\n<\/fieldset>\n<\/div>\n<\/li>\n<li class=\"hero-customizer-v2-filters__filter ng-scope\">\n<div class=\"ng-scope ng-isolate-scope\">\n<fieldset class=\"hero-customizer-v2-filter hero-customizer-v2-filter--radio\">\n<ul class=\"hero-customizer-v2-filter__options\">\n<li class=\"hero-customizer-v2-filter__option ng-scope\"><label class=\"ng-binding\" for=\"44340d58-faed-9a30-925d-cc4f1bf4da8c\">S\u1ed1 k\u00eanh: 199 k\u00eanh<\/label><\/li>\n<\/ul>\n<\/fieldset>\n<\/div>\n<\/li>\n<li class=\"hero-customizer-v2-filters__filter ng-scope\">\n<div class=\"ng-scope ng-isolate-scope\">\n<fieldset class=\"hero-customizer-v2-filter hero-customizer-v2-filter--radio\">\n<ul class=\"hero-customizer-v2-filter__options\">\n<li class=\"hero-customizer-v2-filter__option ng-scope\"><label class=\"ng-binding\" for=\"12e7b861-8188-ef41-74ae-f4790ae82a5b\">\u0110\u1ed9 xa: 1km &#8211; 5km (t\u00f9y theo \u0111\u1ecba h\u00ecnh v\u1eadt c\u1ea3n)<\/label><\/li>\n<\/ul>\n<\/fieldset>\n<\/div>\n<\/li>\n<li class=\"hero-customizer-v2-filters__filter ng-scope\">\n<div class=\"ng-scope ng-isolate-scope\">\n<fieldset class=\"hero-customizer-v2-filter hero-customizer-v2-filter--radio\">\n<ul class=\"hero-customizer-v2-filter__options\">\n<li class=\"hero-customizer-v2-filter__option ng-scope\"><label class=\"ng-binding\" for=\"45306e4b-64a5-fd9d-e9b1-55f23395f6a3\">Pin: dung l\u01b0\u1ee3ng 2000 mAh, c\u00f4ng ngh\u1ec7 Li-on cho ph\u00e9p s\u1ea1c nh\u1ed3i, ch\u1ed1ng chai pin<\/label><\/li>\n<\/ul>\n<\/fieldset>\n<\/div>\n<\/li>\n<li class=\"hero-customizer-v2-filters__filter ng-scope\">\n<div class=\"ng-scope ng-isolate-scope\">\n<fieldset class=\"hero-customizer-v2-filter hero-customizer-v2-filter--radio\">\n<ul class=\"hero-customizer-v2-filter__options\">\n<li class=\"hero-customizer-v2-filter__option ng-scope\"><label class=\"ng-binding\" for=\"b198b214-cf21-2835-0a32-fe48284beadc\">Th\u1eddi l\u01b0\u1ee3ng s\u1eed d\u1ee5ng: 16-20h li\u00ean t\u1ee5c<\/label><\/li>\n<\/ul>\n<\/fieldset>\n<\/div>\n<\/li>\n<li class=\"hero-customizer-v2-filters__filter ng-scope\">\n<div class=\"ng-scope ng-isolate-scope\">\n<fieldset class=\"hero-customizer-v2-filter hero-customizer-v2-filter--radio\">\n<ul class=\"hero-customizer-v2-filter__options\">\n<li class=\"hero-customizer-v2-filter__option ng-scope\"><label class=\"ng-binding\" for=\"cc1be3a3-70ec-ce4e-daf8-fb0955cea29a\">H\u00ecnh th\u1ee9c: C\u00f3 m\u00e0n h\u00ecnh v\u00e0 b\u00e0n ph\u00edm<\/label><\/li>\n<\/ul>\n<\/fieldset>\n<\/div>\n<\/li>\n<\/ul>\n<\/div>\n<div class=\"hero-customizer-v2-buttons\">\u00a0<\/div>\n","protected":false},"featured_media":624,"comment_status":"closed","ping_status":"closed","template":"","meta":[],"product_cat":[33,45],"product_tag":[34,35,40],"class_list":["post-619","product","type-product","status-publish","has-post-thumbnail","hentry","product_cat-bo-dam-spender","product_cat-bo-dam-truyen-thong","product_tag-bo-dam","product_tag-spender","product_tag-tc-741h"],"yoast_head":"<!-- This site is optimized with the Yoast SEO plugin v17.6 - https:\/\/yoast.com\/wordpress\/plugins\/seo\/ -->\n<title>Walkie-talkie Spender TC-741H - C\u00f4ng Ty TNHH D\u1ecbch V\u1ee5 K\u1ef9 Thu\u1eadt Minh \u0110\u1ee9c<\/title>\n<meta name=\"robots\" content=\"index, follow, max-snippet:-1, max-image-preview:large, max-video-preview:-1\" \/>\n<link rel=\"canonical\" href=\"https:\/\/www.midtech.com.vn\/san-pham\/bo-dam-spender-tc-741h\/\" \/>\n<meta property=\"og:locale\" content=\"en_US\" \/>\n<meta property=\"og:type\" content=\"article\" \/>\n<meta property=\"og:title\" content=\"Walkie-talkie Spender TC-741H - C\u00f4ng Ty TNHH D\u1ecbch V\u1ee5 K\u1ef9 Thu\u1eadt Minh \u0110\u1ee9c\" \/>\n<meta property=\"og:description\" content=\"Th\u01b0\u01a1ng hi\u1ec7u: Spender Xu\u1ea5t x\u1ee9: Th\u00e1i Lan B\u1ea3o h\u00e0nh: 24T (th\u00e2n m\u00e1y) - 12T (pin) 1 \u0111\u1ed5i 1 trong 6 th\u00e1ng \u0111\u1ea7u Gi\u00e1 b\u00e1n: Li\u00ean H\u1ec7      B\u1ed9 \u0111\u00e0m Spender TC-741H l\u00e0 d\u00f2ng b\u1ed9 \u0111\u00e0m chuy\u00ean d\u1ee5ng cho c\u1ea3ng bi\u1ec3n. V\u1edbi c\u00f4ng su\u1ea5t 7W - 199 k\u00eanh t\u1ea7n s\u1ed1 cho ph\u00e9p ng\u01b0\u1eddi d\u00f9ng b\u1ed1 tr\u00ed nh\u1eefng \u0111\u1ed9i l\u00e0m vi\u1ec7c theo t\u1eebng nh\u00f3m ri\u00eang l\u1ebb, n\u00e2ng cao hi\u1ec7u su\u1ea5t l\u00e0m vi\u1ec7c.       H\u1ed9p s\u1ea3n ph\u1ea9m bao g\u1ed3m: : 01 th\u00e2n m\u00e1y, 01 pin, 01 adapter, 01 anten, 01 tai nghe, 01 b\u00e1t c\u00e0i, 01 d\u00e2y m\u00f3c, 01 s\u00e1ch h\u01b0\u1edbng d\u1eabn.       VHF: 136.000-174.000 MHz       C\u00f4ng su\u1ea5t: 7W       S\u1ed1 k\u00eanh: 199 k\u00eanh       \u0110\u1ed9 xa: 1km - 5km (t\u00f9y theo \u0111\u1ecba h\u00ecnh v\u1eadt c\u1ea3n)       Pin: dung l\u01b0\u1ee3ng 2000 mAh, c\u00f4ng ngh\u1ec7 Li-on cho ph\u00e9p s\u1ea1c nh\u1ed3i, ch\u1ed1ng chai pin       Th\u1eddi l\u01b0\u1ee3ng s\u1eed d\u1ee5ng: 16-20h li\u00ean t\u1ee5c       H\u00ecnh th\u1ee9c: C\u00f3 m\u00e0n h\u00ecnh v\u00e0 b\u00e0n ph\u00edm      \u00a0\" \/>\n<meta property=\"og:url\" content=\"https:\/\/www.midtech.com.vn\/san-pham\/bo-dam-spender-tc-741h\/\" \/>\n<meta property=\"og:site_name\" content=\"C\u00f4ng Ty TNHH D\u1ecbch V\u1ee5 K\u1ef9 Thu\u1eadt Minh \u0110\u1ee9c\" \/>\n<meta property=\"article:modified_time\" content=\"2022-06-16T04:08:45+00:00\" \/>\n<meta property=\"og:image\" content=\"https:\/\/www.midtech.com.vn\/wp-content\/uploads\/2022\/06\/bo-dam-spender-741H-1.png\" \/>\n\t<meta property=\"og:image:width\" content=\"900\" \/>\n\t<meta property=\"og:image:height\" content=\"900\" \/>\n<meta name=\"twitter:card\" content=\"summary_large_image\" \/>\n<meta name=\"twitter:label1\" content=\"Est. reading time\" \/>\n\t<meta name=\"twitter:data1\" content=\"2 minutes\" \/>\n<script type=\"application\/ld+json\" class=\"yoast-schema-graph\">{\"@context\":\"https:\/\/schema.org\",\"@graph\":[{\"@type\":\"WebSite\",\"@id\":\"https:\/\/www.midtech.com.vn\/#website\",\"url\":\"https:\/\/www.midtech.com.vn\/\",\"name\":\"C\\u00f4ng Ty TNHH D\\u1ecbch V\\u1ee5 K\\u1ef9 Thu\\u1eadt Minh \\u0110\\u1ee9c\",\"description\":\"\",\"potentialAction\":[{\"@type\":\"SearchAction\",\"target\":{\"@type\":\"EntryPoint\",\"urlTemplate\":\"https:\/\/www.midtech.com.vn\/?s={search_term_string}\"},\"query-input\":\"required name=search_term_string\"}],\"inLanguage\":\"en-US\"},{\"@type\":\"ImageObject\",\"@id\":\"https:\/\/www.midtech.com.vn\/san-pham\/bo-dam-spender-tc-741h\/#primaryimage\",\"inLanguage\":\"en-US\",\"url\":\"https:\/\/www.midtech.com.vn\/wp-content\/uploads\/2022\/06\/bo-dam-spender-741H-1.png\",\"contentUrl\":\"https:\/\/www.midtech.com.vn\/wp-content\/uploads\/2022\/06\/bo-dam-spender-741H-1.png\",\"width\":900,\"height\":900},{\"@type\":\"WebPage\",\"@id\":\"https:\/\/www.midtech.com.vn\/san-pham\/bo-dam-spender-tc-741h\/#webpage\",\"url\":\"https:\/\/www.midtech.com.vn\/san-pham\/bo-dam-spender-tc-741h\/\",\"name\":\"Walkie-talkie Spender TC-741H - C\\u00f4ng Ty TNHH D\\u1ecbch V\\u1ee5 K\\u1ef9 Thu\\u1eadt Minh \\u0110\\u1ee9c\",\"isPartOf\":{\"@id\":\"https:\/\/www.midtech.com.vn\/#website\"},\"primaryImageOfPage\":{\"@id\":\"https:\/\/www.midtech.com.vn\/san-pham\/bo-dam-spender-tc-741h\/#primaryimage\"},\"datePublished\":\"2022-06-15T08:49:19+00:00\",\"dateModified\":\"2022-06-16T04:08:45+00:00\",\"breadcrumb\":{\"@id\":\"https:\/\/www.midtech.com.vn\/san-pham\/bo-dam-spender-tc-741h\/#breadcrumb\"},\"inLanguage\":\"en-US\",\"potentialAction\":[{\"@type\":\"ReadAction\",\"target\":[\"https:\/\/www.midtech.com.vn\/san-pham\/bo-dam-spender-tc-741h\/\"]}]},{\"@type\":\"BreadcrumbList\",\"@id\":\"https:\/\/www.midtech.com.vn\/san-pham\/bo-dam-spender-tc-741h\/#breadcrumb\",\"itemListElement\":[{\"@type\":\"ListItem\",\"position\":1,\"name\":\"Home\",\"item\":\"https:\/\/www.midtech.com.vn\/\"},{\"@type\":\"ListItem\",\"position\":2,\"name\":\"Shop\",\"item\":\"https:\/\/www.midtech.com.vn\/shop\/\"},{\"@type\":\"ListItem\",\"position\":3,\"name\":\"B\\u1ed9 \\u0111\\u00e0m Spender TC-741H\"}]}]}<\/script>\n<!-- \/ Yoast SEO plugin. -->","yoast_head_json":{"title":"Walkie-talkie Spender TC-741H - C\u00f4ng Ty TNHH D\u1ecbch V\u1ee5 K\u1ef9 Thu\u1eadt Minh \u0110\u1ee9c","robots":{"index":"index","follow":"follow","max-snippet":"max-snippet:-1","max-image-preview":"max-image-preview:large","max-video-preview":"max-video-preview:-1"},"canonical":"https:\/\/www.midtech.com.vn\/san-pham\/bo-dam-spender-tc-741h\/","og_locale":"en_US","og_type":"article","og_title":"Walkie-talkie Spender TC-741H - C\u00f4ng Ty TNHH D\u1ecbch V\u1ee5 K\u1ef9 Thu\u1eadt Minh \u0110\u1ee9c","og_description":"Th\u01b0\u01a1ng hi\u1ec7u: Spender Xu\u1ea5t x\u1ee9: Th\u00e1i Lan B\u1ea3o h\u00e0nh: 24T (th\u00e2n m\u00e1y) - 12T (pin) 1 \u0111\u1ed5i 1 trong 6 th\u00e1ng \u0111\u1ea7u Gi\u00e1 b\u00e1n: Li\u00ean H\u1ec7      B\u1ed9 \u0111\u00e0m Spender TC-741H l\u00e0 d\u00f2ng b\u1ed9 \u0111\u00e0m chuy\u00ean d\u1ee5ng cho c\u1ea3ng bi\u1ec3n. V\u1edbi c\u00f4ng su\u1ea5t 7W - 199 k\u00eanh t\u1ea7n s\u1ed1 cho ph\u00e9p ng\u01b0\u1eddi d\u00f9ng b\u1ed1 tr\u00ed nh\u1eefng \u0111\u1ed9i l\u00e0m vi\u1ec7c theo t\u1eebng nh\u00f3m ri\u00eang l\u1ebb, n\u00e2ng cao hi\u1ec7u su\u1ea5t l\u00e0m vi\u1ec7c.       H\u1ed9p s\u1ea3n ph\u1ea9m bao g\u1ed3m: : 01 th\u00e2n m\u00e1y, 01 pin, 01 adapter, 01 anten, 01 tai nghe, 01 b\u00e1t c\u00e0i, 01 d\u00e2y m\u00f3c, 01 s\u00e1ch h\u01b0\u1edbng d\u1eabn.       VHF: 136.000-174.000 MHz       C\u00f4ng su\u1ea5t: 7W       S\u1ed1 k\u00eanh: 199 k\u00eanh       \u0110\u1ed9 xa: 1km - 5km (t\u00f9y theo \u0111\u1ecba h\u00ecnh v\u1eadt c\u1ea3n)       Pin: dung l\u01b0\u1ee3ng 2000 mAh, c\u00f4ng ngh\u1ec7 Li-on cho ph\u00e9p s\u1ea1c nh\u1ed3i, ch\u1ed1ng chai pin       Th\u1eddi l\u01b0\u1ee3ng s\u1eed d\u1ee5ng: 16-20h li\u00ean t\u1ee5c       H\u00ecnh th\u1ee9c: C\u00f3 m\u00e0n h\u00ecnh v\u00e0 b\u00e0n ph\u00edm      \u00a0","og_url":"https:\/\/www.midtech.com.vn\/san-pham\/bo-dam-spender-tc-741h\/","og_site_name":"C\u00f4ng Ty TNHH D\u1ecbch V\u1ee5 K\u1ef9 Thu\u1eadt Minh \u0110\u1ee9c","article_modified_time":"2022-06-16T04:08:45+00:00","og_image":[{"width":900,"height":900,"url":"https:\/\/www.midtech.com.vn\/wp-content\/uploads\/2022\/06\/bo-dam-spender-741H-1.png","type":"image\/png"}],"twitter_card":"summary_large_image","twitter_misc":{"Est. reading time":"2 minutes"},"schema":{"@context":"https:\/\/schema.org","@graph":[{"@type":"WebSite","@id":"https:\/\/www.midtech.com.vn\/#website","url":"https:\/\/www.midtech.com.vn\/","name":"C\u00f4ng Ty TNHH D\u1ecbch V\u1ee5 K\u1ef9 Thu\u1eadt Minh \u0110\u1ee9c","description":"","potentialAction":[{"@type":"SearchAction","target":{"@type":"EntryPoint","urlTemplate":"https:\/\/www.midtech.com.vn\/?s={search_term_string}"},"query-input":"required name=search_term_string"}],"inLanguage":"en-US"},{"@type":"ImageObject","@id":"https:\/\/www.midtech.com.vn\/san-pham\/bo-dam-spender-tc-741h\/#primaryimage","inLanguage":"en-US","url":"https:\/\/www.midtech.com.vn\/wp-content\/uploads\/2022\/06\/bo-dam-spender-741H-1.png","contentUrl":"https:\/\/www.midtech.com.vn\/wp-content\/uploads\/2022\/06\/bo-dam-spender-741H-1.png","width":900,"height":900},{"@type":"WebPage","@id":"https:\/\/www.midtech.com.vn\/san-pham\/bo-dam-spender-tc-741h\/#webpage","url":"https:\/\/www.midtech.com.vn\/san-pham\/bo-dam-spender-tc-741h\/","name":"Walkie-talkie Spender TC-741H - C\u00f4ng Ty TNHH D\u1ecbch V\u1ee5 K\u1ef9 Thu\u1eadt Minh \u0110\u1ee9c","isPartOf":{"@id":"https:\/\/www.midtech.com.vn\/#website"},"primaryImageOfPage":{"@id":"https:\/\/www.midtech.com.vn\/san-pham\/bo-dam-spender-tc-741h\/#primaryimage"},"datePublished":"2022-06-15T08:49:19+00:00","dateModified":"2022-06-16T04:08:45+00:00","breadcrumb":{"@id":"https:\/\/www.midtech.com.vn\/san-pham\/bo-dam-spender-tc-741h\/#breadcrumb"},"inLanguage":"en-US","potentialAction":[{"@type":"ReadAction","target":["https:\/\/www.midtech.com.vn\/san-pham\/bo-dam-spender-tc-741h\/"]}]},{"@type":"BreadcrumbList","@id":"https:\/\/www.midtech.com.vn\/san-pham\/bo-dam-spender-tc-741h\/#breadcrumb","itemListElement":[{"@type":"ListItem","position":1,"name":"Home","item":"https:\/\/www.midtech.com.vn\/"},{"@type":"ListItem","position":2,"name":"Shop","item":"https:\/\/www.midtech.com.vn\/shop\/"},{"@type":"ListItem","position":3,"name":"B\u1ed9 \u0111\u00e0m Spender TC-741H"}]}]}},"_links":{"self":[{"href":"https:\/\/www.midtech.com.vn\/en\/wp-json\/wp\/v2\/product\/619","targetHints":{"allow":["GET"]}}],"collection":[{"href":"https:\/\/www.midtech.com.vn\/en\/wp-json\/wp\/v2\/product"}],"about":[{"href":"https:\/\/www.midtech.com.vn\/en\/wp-json\/wp\/v2\/types\/product"}],"replies":[{"embeddable":true,"href":"https:\/\/www.midtech.com.vn\/en\/wp-json\/wp\/v2\/comments?post=619"}],"wp:featuredmedia":[{"embeddable":true,"href":"https:\/\/www.midtech.com.vn\/en\/wp-json\/wp\/v2\/media\/624"}],"wp:attachment":[{"href":"https:\/\/www.midtech.com.vn\/en\/wp-json\/wp\/v2\/media?parent=619"}],"wp:term":[{"taxonomy":"product_cat","embeddable":true,"href":"https:\/\/www.midtech.com.vn\/en\/wp-json\/wp\/v2\/product_cat?post=619"},{"taxonomy":"product_tag","embeddable":true,"href":"https:\/\/www.midtech.com.vn\/en\/wp-json\/wp\/v2\/product_tag?post=619"}],"curies":[{"name":"wp","href":"https:\/\/api.w.org\/{rel}","templated":true}]}}