{"id":609,"date":"2022-06-15T08:44:29","date_gmt":"2022-06-15T08:44:29","guid":{"rendered":"https:\/\/www.midtech.com.vn\/?post_type=product&#038;p=609"},"modified":"2022-06-16T04:08:30","modified_gmt":"2022-06-16T04:08:30","slug":"bo-dam-spender-tc-731h","status":"publish","type":"product","link":"https:\/\/www.midtech.com.vn\/en\/san-pham\/bo-dam-spender-tc-731h\/","title":{"rendered":"Walkie-talkie Spender TC-731H"},"content":{"rendered":"<p class=\"qtranxs-available-languages-message qtranxs-available-languages-message-en\">Sorry, this entry is only available in <a href=\"https:\/\/www.midtech.com.vn\/vi\/wp-json\/wp\/v2\/product\/609\" class=\"qtranxs-available-language-link qtranxs-available-language-link-vi\" title=\"Ti\u1ebfng Vi\u1ec7t\">Ti\u1ebfng Vi\u1ec7t<\/a>.<\/p>","protected":false},"excerpt":{"rendered":"<p class=\"qtranxs-available-languages-message qtranxs-available-languages-message-en\">Sorry, this entry is only available in <a href=\"https:\/\/www.midtech.com.vn\/vi\/wp-json\/wp\/v2\/product\/609\" class=\"qtranxs-available-language-link qtranxs-available-language-link-vi\" title=\"Ti\u1ebfng Vi\u1ec7t\">Ti\u1ebfng Vi\u1ec7t<\/a>.<\/p>\n","protected":false},"featured_media":618,"comment_status":"closed","ping_status":"closed","template":"","meta":[],"product_cat":[33,45],"product_tag":[34,35,39],"class_list":["post-609","product","type-product","status-publish","has-post-thumbnail","hentry","product_cat-bo-dam-spender","product_cat-bo-dam-truyen-thong","product_tag-bo-dam","product_tag-spender","product_tag-tc-731h"],"yoast_head":"<!-- This site is optimized with the Yoast SEO plugin v17.6 - https:\/\/yoast.com\/wordpress\/plugins\/seo\/ -->\n<title>Walkie-talkie Spender TC-731H - C\u00f4ng Ty TNHH D\u1ecbch V\u1ee5 K\u1ef9 Thu\u1eadt Minh \u0110\u1ee9c<\/title>\n<meta name=\"robots\" content=\"index, follow, max-snippet:-1, max-image-preview:large, max-video-preview:-1\" \/>\n<link rel=\"canonical\" href=\"https:\/\/www.midtech.com.vn\/san-pham\/bo-dam-spender-tc-731h\/\" \/>\n<meta property=\"og:locale\" content=\"en_US\" \/>\n<meta property=\"og:type\" content=\"article\" \/>\n<meta property=\"og:title\" content=\"Walkie-talkie Spender TC-731H - C\u00f4ng Ty TNHH D\u1ecbch V\u1ee5 K\u1ef9 Thu\u1eadt Minh \u0110\u1ee9c\" \/>\n<meta property=\"og:description\" content=\"[:vi]    Th\u01b0\u01a1ng hi\u1ec7u: Spender Xu\u1ea5t x\u1ee9: Th\u00e1i Lan B\u1ea3o h\u00e0nh: 24T (th\u00e2n m\u00e1y) - 12T (pin) 1 \u0111\u1ed5i 1 trong 6 th\u00e1ng \u0111\u1ea7u Gi\u00e1 b\u00e1n: Li\u00ean H\u1ec7      B\u1ed9 \u0111\u00e0m Spender TC-731H l\u00e0 d\u00f2ng b\u1ed9 \u0111\u00e0m thu\u1ed9c d\u1ea3i t\u1ea7n UHF, c\u00f3 m\u00e0n h\u00ecnh LCD ti\u1ec7n cho vi\u1ec7c theo d\u00f5i c\u00e1c th\u00f4ng s\u1ed1 tr\u00ean thi\u1ebft b\u1ecb. V\u1edbi c\u00f4ng su\u1ea5t 7W v\u00e0 pin dung l\u01b0\u1ee3ng 2000 mAh cho th\u1eddi gian l\u00e0m vi\u1ec7c li\u00ean t\u1ee5c t\u1edbi 16h.       H\u1ed9p s\u1ea3n ph\u1ea9m bao g\u1ed3m: 01 th\u00e2n m\u00e1y, 01 pin, 01 adapter, 01 anten, 01 tai nghe, 01 b\u00e1t c\u00e0i, 01 d\u00e2y m\u00f3c, 01 s\u00e1ch h\u01b0\u1edbng d\u1eabn       UHF: 400.000-470.000 Hz       C\u00f4ng su\u1ea5t: 7W       S\u1ed1 k\u00eanh: 199 k\u00eanh       \u0110\u1ed9 xa: 1km - 5km (t\u00f9y theo \u0111\u1ecba h\u00ecnh v\u1eadt c\u1ea3n)       Pin: dung l\u01b0\u1ee3ng 2000 mAh, c\u00f4ng ngh\u1ec7 Li-on cho ph\u00e9p s\u1ea1c nh\u1ed3i, ch\u1ed1ng chai pin       Th\u1eddi l\u01b0\u1ee3ng s\u1eed d\u1ee5ng: 16-20h li\u00ean t\u1ee5c       H\u00ecnh th\u1ee9c: C\u00f3 m\u00e0n h\u00ecnh v\u00e0 b\u00e0n ph\u00edm       C\u00f3 th\u1ec3 k\u1ebft n\u1ed1i : v\u1edbi c\u00e1c b\u1ed9 \u0111\u00e0m kh\u00e1c c\u00f9ng d\u1ea3i t\u1ea7n UHF      \u00a0[:]\" \/>\n<meta property=\"og:url\" content=\"https:\/\/www.midtech.com.vn\/san-pham\/bo-dam-spender-tc-731h\/\" \/>\n<meta property=\"og:site_name\" content=\"C\u00f4ng Ty TNHH D\u1ecbch V\u1ee5 K\u1ef9 Thu\u1eadt Minh \u0110\u1ee9c\" \/>\n<meta property=\"article:modified_time\" content=\"2022-06-16T04:08:30+00:00\" \/>\n<meta property=\"og:image\" content=\"https:\/\/www.midtech.com.vn\/wp-content\/uploads\/2022\/06\/bo-dam-spender-731H-1.png\" \/>\n\t<meta property=\"og:image:width\" content=\"900\" \/>\n\t<meta property=\"og:image:height\" content=\"900\" \/>\n<meta name=\"twitter:card\" content=\"summary_large_image\" \/>\n<script type=\"application\/ld+json\" class=\"yoast-schema-graph\">{\"@context\":\"https:\/\/schema.org\",\"@graph\":[{\"@type\":\"WebSite\",\"@id\":\"https:\/\/www.midtech.com.vn\/#website\",\"url\":\"https:\/\/www.midtech.com.vn\/\",\"name\":\"C\\u00f4ng Ty TNHH D\\u1ecbch V\\u1ee5 K\\u1ef9 Thu\\u1eadt Minh \\u0110\\u1ee9c\",\"description\":\"\",\"potentialAction\":[{\"@type\":\"SearchAction\",\"target\":{\"@type\":\"EntryPoint\",\"urlTemplate\":\"https:\/\/www.midtech.com.vn\/?s={search_term_string}\"},\"query-input\":\"required name=search_term_string\"}],\"inLanguage\":\"en-US\"},{\"@type\":\"ImageObject\",\"@id\":\"https:\/\/www.midtech.com.vn\/san-pham\/bo-dam-spender-tc-731h\/#primaryimage\",\"inLanguage\":\"en-US\",\"url\":\"https:\/\/www.midtech.com.vn\/wp-content\/uploads\/2022\/06\/bo-dam-spender-731H-1.png\",\"contentUrl\":\"https:\/\/www.midtech.com.vn\/wp-content\/uploads\/2022\/06\/bo-dam-spender-731H-1.png\",\"width\":900,\"height\":900},{\"@type\":\"WebPage\",\"@id\":\"https:\/\/www.midtech.com.vn\/san-pham\/bo-dam-spender-tc-731h\/#webpage\",\"url\":\"https:\/\/www.midtech.com.vn\/san-pham\/bo-dam-spender-tc-731h\/\",\"name\":\"Walkie-talkie Spender TC-731H - C\\u00f4ng Ty TNHH D\\u1ecbch V\\u1ee5 K\\u1ef9 Thu\\u1eadt Minh \\u0110\\u1ee9c\",\"isPartOf\":{\"@id\":\"https:\/\/www.midtech.com.vn\/#website\"},\"primaryImageOfPage\":{\"@id\":\"https:\/\/www.midtech.com.vn\/san-pham\/bo-dam-spender-tc-731h\/#primaryimage\"},\"datePublished\":\"2022-06-15T08:44:29+00:00\",\"dateModified\":\"2022-06-16T04:08:30+00:00\",\"breadcrumb\":{\"@id\":\"https:\/\/www.midtech.com.vn\/san-pham\/bo-dam-spender-tc-731h\/#breadcrumb\"},\"inLanguage\":\"en-US\",\"potentialAction\":[{\"@type\":\"ReadAction\",\"target\":[\"https:\/\/www.midtech.com.vn\/san-pham\/bo-dam-spender-tc-731h\/\"]}]},{\"@type\":\"BreadcrumbList\",\"@id\":\"https:\/\/www.midtech.com.vn\/san-pham\/bo-dam-spender-tc-731h\/#breadcrumb\",\"itemListElement\":[{\"@type\":\"ListItem\",\"position\":1,\"name\":\"Home\",\"item\":\"https:\/\/www.midtech.com.vn\/\"},{\"@type\":\"ListItem\",\"position\":2,\"name\":\"Shop\",\"item\":\"https:\/\/www.midtech.com.vn\/shop\/\"},{\"@type\":\"ListItem\",\"position\":3,\"name\":\"B\\u1ed9 \\u0111\\u00e0m Spender TC-731H\"}]}]}<\/script>\n<!-- \/ Yoast SEO plugin. -->","yoast_head_json":{"title":"Walkie-talkie Spender TC-731H - C\u00f4ng Ty TNHH D\u1ecbch V\u1ee5 K\u1ef9 Thu\u1eadt Minh \u0110\u1ee9c","robots":{"index":"index","follow":"follow","max-snippet":"max-snippet:-1","max-image-preview":"max-image-preview:large","max-video-preview":"max-video-preview:-1"},"canonical":"https:\/\/www.midtech.com.vn\/san-pham\/bo-dam-spender-tc-731h\/","og_locale":"en_US","og_type":"article","og_title":"Walkie-talkie Spender TC-731H - C\u00f4ng Ty TNHH D\u1ecbch V\u1ee5 K\u1ef9 Thu\u1eadt Minh \u0110\u1ee9c","og_description":"[:vi]    Th\u01b0\u01a1ng hi\u1ec7u: Spender Xu\u1ea5t x\u1ee9: Th\u00e1i Lan B\u1ea3o h\u00e0nh: 24T (th\u00e2n m\u00e1y) - 12T (pin) 1 \u0111\u1ed5i 1 trong 6 th\u00e1ng \u0111\u1ea7u Gi\u00e1 b\u00e1n: Li\u00ean H\u1ec7      B\u1ed9 \u0111\u00e0m Spender TC-731H l\u00e0 d\u00f2ng b\u1ed9 \u0111\u00e0m thu\u1ed9c d\u1ea3i t\u1ea7n UHF, c\u00f3 m\u00e0n h\u00ecnh LCD ti\u1ec7n cho vi\u1ec7c theo d\u00f5i c\u00e1c th\u00f4ng s\u1ed1 tr\u00ean thi\u1ebft b\u1ecb. V\u1edbi c\u00f4ng su\u1ea5t 7W v\u00e0 pin dung l\u01b0\u1ee3ng 2000 mAh cho th\u1eddi gian l\u00e0m vi\u1ec7c li\u00ean t\u1ee5c t\u1edbi 16h.       H\u1ed9p s\u1ea3n ph\u1ea9m bao g\u1ed3m: 01 th\u00e2n m\u00e1y, 01 pin, 01 adapter, 01 anten, 01 tai nghe, 01 b\u00e1t c\u00e0i, 01 d\u00e2y m\u00f3c, 01 s\u00e1ch h\u01b0\u1edbng d\u1eabn       UHF: 400.000-470.000 Hz       C\u00f4ng su\u1ea5t: 7W       S\u1ed1 k\u00eanh: 199 k\u00eanh       \u0110\u1ed9 xa: 1km - 5km (t\u00f9y theo \u0111\u1ecba h\u00ecnh v\u1eadt c\u1ea3n)       Pin: dung l\u01b0\u1ee3ng 2000 mAh, c\u00f4ng ngh\u1ec7 Li-on cho ph\u00e9p s\u1ea1c nh\u1ed3i, ch\u1ed1ng chai pin       Th\u1eddi l\u01b0\u1ee3ng s\u1eed d\u1ee5ng: 16-20h li\u00ean t\u1ee5c       H\u00ecnh th\u1ee9c: C\u00f3 m\u00e0n h\u00ecnh v\u00e0 b\u00e0n ph\u00edm       C\u00f3 th\u1ec3 k\u1ebft n\u1ed1i : v\u1edbi c\u00e1c b\u1ed9 \u0111\u00e0m kh\u00e1c c\u00f9ng d\u1ea3i t\u1ea7n UHF      \u00a0[:]","og_url":"https:\/\/www.midtech.com.vn\/san-pham\/bo-dam-spender-tc-731h\/","og_site_name":"C\u00f4ng Ty TNHH D\u1ecbch V\u1ee5 K\u1ef9 Thu\u1eadt Minh \u0110\u1ee9c","article_modified_time":"2022-06-16T04:08:30+00:00","og_image":[{"width":900,"height":900,"url":"https:\/\/www.midtech.com.vn\/wp-content\/uploads\/2022\/06\/bo-dam-spender-731H-1.png","type":"image\/png"}],"twitter_card":"summary_large_image","schema":{"@context":"https:\/\/schema.org","@graph":[{"@type":"WebSite","@id":"https:\/\/www.midtech.com.vn\/#website","url":"https:\/\/www.midtech.com.vn\/","name":"C\u00f4ng Ty TNHH D\u1ecbch V\u1ee5 K\u1ef9 Thu\u1eadt Minh \u0110\u1ee9c","description":"","potentialAction":[{"@type":"SearchAction","target":{"@type":"EntryPoint","urlTemplate":"https:\/\/www.midtech.com.vn\/?s={search_term_string}"},"query-input":"required name=search_term_string"}],"inLanguage":"en-US"},{"@type":"ImageObject","@id":"https:\/\/www.midtech.com.vn\/san-pham\/bo-dam-spender-tc-731h\/#primaryimage","inLanguage":"en-US","url":"https:\/\/www.midtech.com.vn\/wp-content\/uploads\/2022\/06\/bo-dam-spender-731H-1.png","contentUrl":"https:\/\/www.midtech.com.vn\/wp-content\/uploads\/2022\/06\/bo-dam-spender-731H-1.png","width":900,"height":900},{"@type":"WebPage","@id":"https:\/\/www.midtech.com.vn\/san-pham\/bo-dam-spender-tc-731h\/#webpage","url":"https:\/\/www.midtech.com.vn\/san-pham\/bo-dam-spender-tc-731h\/","name":"Walkie-talkie Spender TC-731H - C\u00f4ng Ty TNHH D\u1ecbch V\u1ee5 K\u1ef9 Thu\u1eadt Minh \u0110\u1ee9c","isPartOf":{"@id":"https:\/\/www.midtech.com.vn\/#website"},"primaryImageOfPage":{"@id":"https:\/\/www.midtech.com.vn\/san-pham\/bo-dam-spender-tc-731h\/#primaryimage"},"datePublished":"2022-06-15T08:44:29+00:00","dateModified":"2022-06-16T04:08:30+00:00","breadcrumb":{"@id":"https:\/\/www.midtech.com.vn\/san-pham\/bo-dam-spender-tc-731h\/#breadcrumb"},"inLanguage":"en-US","potentialAction":[{"@type":"ReadAction","target":["https:\/\/www.midtech.com.vn\/san-pham\/bo-dam-spender-tc-731h\/"]}]},{"@type":"BreadcrumbList","@id":"https:\/\/www.midtech.com.vn\/san-pham\/bo-dam-spender-tc-731h\/#breadcrumb","itemListElement":[{"@type":"ListItem","position":1,"name":"Home","item":"https:\/\/www.midtech.com.vn\/"},{"@type":"ListItem","position":2,"name":"Shop","item":"https:\/\/www.midtech.com.vn\/shop\/"},{"@type":"ListItem","position":3,"name":"B\u1ed9 \u0111\u00e0m Spender TC-731H"}]}]}},"_links":{"self":[{"href":"https:\/\/www.midtech.com.vn\/en\/wp-json\/wp\/v2\/product\/609","targetHints":{"allow":["GET"]}}],"collection":[{"href":"https:\/\/www.midtech.com.vn\/en\/wp-json\/wp\/v2\/product"}],"about":[{"href":"https:\/\/www.midtech.com.vn\/en\/wp-json\/wp\/v2\/types\/product"}],"replies":[{"embeddable":true,"href":"https:\/\/www.midtech.com.vn\/en\/wp-json\/wp\/v2\/comments?post=609"}],"wp:featuredmedia":[{"embeddable":true,"href":"https:\/\/www.midtech.com.vn\/en\/wp-json\/wp\/v2\/media\/618"}],"wp:attachment":[{"href":"https:\/\/www.midtech.com.vn\/en\/wp-json\/wp\/v2\/media?parent=609"}],"wp:term":[{"taxonomy":"product_cat","embeddable":true,"href":"https:\/\/www.midtech.com.vn\/en\/wp-json\/wp\/v2\/product_cat?post=609"},{"taxonomy":"product_tag","embeddable":true,"href":"https:\/\/www.midtech.com.vn\/en\/wp-json\/wp\/v2\/product_tag?post=609"}],"curies":[{"name":"wp","href":"https:\/\/api.w.org\/{rel}","templated":true}]}}