{"id":598,"date":"2022-06-15T08:41:14","date_gmt":"2022-06-15T08:41:14","guid":{"rendered":"https:\/\/www.midtech.com.vn\/?post_type=product&#038;p=598"},"modified":"2022-06-16T04:07:39","modified_gmt":"2022-06-16T04:07:39","slug":"bo-dam-spender-tc-275dmr","status":"publish","type":"product","link":"https:\/\/www.midtech.com.vn\/en\/san-pham\/bo-dam-spender-tc-275dmr\/","title":{"rendered":"Walkie-talkie Spender TC-275DMR"},"content":{"rendered":"<p><strong>B\u1ed9 \u0111\u00e0m Spender TC-275DMR\u00a0<\/strong>l\u00e0 d\u00f2ng\u00a0<a href=\"http:\/\/spendervietnam.com\/bo-dam-truyen-thong.html\" target=\"_blank\" rel=\"noopener\">b\u1ed9 \u0111\u00e0m truy\u1ec1n th\u1ed1ng<\/a>\u00a0\u0111\u01b0\u1ee3c thi\u1ebft k\u1ebf \u0111\u01a1n gi\u1ea3n, d\u1ec5 s\u1eed d\u1ee5ng v\u1edbi n\u00fat b\u1eadt\/t\u1eaft ngu\u1ed3n ki\u00eam n\u00fat \u0111i\u1ec1u ch\u1ec9nh \u00e2m l\u01b0\u1ee3ng v\u00e0 c\u00f3 th\u00eam n\u00fat xoay ch\u1ecdn k\u00eanh.<\/p>\n<p>&#8211; Ng\u01b0\u1eddi d\u00f9ng d\u1ec5 d\u00e0ng th\u1ef1c hi\u1ec7n cu\u1ed9c g\u1ecdi ch\u1ec9 v\u1edbi n\u00fat b\u1ea5m \u201cPTT\u201d (Push to talk) n\u1eb1m b\u00ean h\u00f4ng tr\u00e1i. Ph\u00eda d\u01b0\u1edbi n\u00fat PTT cho ph\u00e9p qu\u00e9t\/d\u00f2 k\u00eanh, c\u0169ng nh\u01b0 k\u00edch ho\u1ea1t ch\u1ebf \u0111\u1ed9 b\u00e1o \u0111\u1ed9ng kh\u1ea9n c\u1ea5p.<br \/>\n&#8211; Ph\u1ea7n th\u00e2n ch\u00ednh c\u1ee7a<strong>\u00a0b\u1ed9 \u0111\u00e0m Spender TC-275DMR<\/strong>\u00a0kh\u00e1 nh\u1ecf g\u1ecdn v\u1edbi v\u1ecf ngo\u00e0i b\u1eb1ng nh\u1ef1a \u0111en \u0111\u01b0\u1ee3c t\u1ea1o nh\u00e1m, ph\u00f9 h\u1ee3p gi\u00fap ch\u1ed1ng tr\u01b0\u1ee3t tay, t\u1ea1o c\u1ea3m gi\u00e1c ch\u1eafc ch\u1eafn khi c\u1ea7m n\u1eafm. Trong khi \u0111\u00f3 ph\u1ea7n loa tho\u1ea1i \u0111\u01b0\u1ee3c gi\u1ea5u kh\u00e9o l\u00e9o sau c\u00e1c khe nh\u1ecf \u0111\u01b0\u1ee3c c\u00e1ch \u0111i\u1ec7u. B\u00ean trong th\u00e2n m\u00e1y c\u00f3 \u0111\u1ea7y \u0111\u1ee7 s\u1ed1 serial, m\u00e3 v\u1ea1ch c\u0169ng nh\u01b0 ti\u00eau chu\u1ea9n ISO 9001:2015.<br \/>\n&#8211; Anten c\u1ee7a\u00a0<strong>TC-275DMR\u00a0<\/strong>thu ph\u00e1t s\u00f3ng d\u1ea1ng d\u1ebbo thu\u1eadn ti\u1ec7n khi v\u1eadn h\u00e0nh.<br \/>\n&#8211;\u00a0<strong>B\u1ed9 \u0111\u00e0m Spender TC-275DMR<\/strong>\u00a0b\u00e1o k\u00eanh b\u1eb1ng gi\u1ecdng n\u00f3i d\u01b0\u1edbi ng\u00f4n ng\u1eef ti\u1ebfng Anh (one, two,\u2026) c\u00f3 th\u1ec3 d\u1ec5 d\u00e0ng \u0111i\u1ec1u ch\u1ec9nh k\u00eanh m\u00e0 kh\u00f4ng c\u1ea7n ph\u1ea3i nh\u00ecn v\u00e0o thi\u1ebft b\u1ecb.<br \/>\n&#8211; V\u1edbi 16 k\u00eanh c\u1ee7a<strong>\u00a0b\u1ed9 \u0111\u00e0m Spender TC-275DMR<\/strong>\u00a0cho ph\u00e9p ng\u01b0\u1eddi d\u00f9ng b\u1ed1 tr\u00ed c\u00e1ch \u0111\u1ed9i l\u00e0m vi\u1ec7c th\u00e0nh nh\u1eefng nh\u00f3m \u0111\u00e0m tho\u1ea1i ri\u00eang l\u1ebb, n\u00e2ng cao t\u00ednh linh ho\u1ea1t c\u1ee7a m\u00e1y b\u1ed9 \u0111\u00e0m.<br \/>\n&#8211; Gi\u1edbi h\u1ea1n th\u1eddi gian ph\u00e1t &#8211; Time-out Timer (TOT): Vi\u1ec7c truy\u1ec1n d\u1eef li\u1ec7u v\u01b0\u1ee3t qu\u00e1 gi\u1edbi h\u1ea1n th\u1eddi gian \u0111\u1ecbnh tr\u01b0\u1edbc, thi\u1ebft b\u1ecb s\u1ebd t\u1ef1 \u0111\u1ed9ng ng\u1eaft d\u1eef li\u1ec7u truy\u1ec1n \u0111i.<br \/>\n&#8211; T\u00edn hi\u1ec7u b\u00e1o pin y\u1ebfu &#8211; Low Battery Alert: Khi pin th\u1ea5p, ch\u1ec9 b\u00e1o t\u00ecnh tr\u1ea1ng l\u00e0m vi\u1ec7c nh\u1ea5p nh\u00e1y \u0111\u1ecf, nh\u1eafc nh\u1edf ng\u01b0\u1eddi d\u00f9ng s\u1ea1c ho\u1eb7c thay pin.<br \/>\n&#8211;<strong>\u00a0B\u1ed9 \u0111\u00e0m Spender TC-275DMR<\/strong>\u00a0v\u1edbi ch\u1ebf \u0111\u1ed9 k\u00e9p c\u00f3 th\u1ec3 s\u1eed d\u1ee5ng linh ho\u1ea1t v\u00e0 \u1ed5n \u0111\u1ecbnh h\u01a1n trong ph\u1ea1m vi nh\u1ea5t \u0111\u1ecbnh, kh\u00f4ng ph\u1ea3i lo l\u1eafng v\u1eadt c\u1ea3n tr\u00ean \u0111\u01b0\u1eddng truy\u1ec1n l\u00e0m t\u00edn hi\u1ec7u k\u00e9m \u0111i.<br \/>\n&#8211;\u00a0<strong>Spender TC-275DMR\u00a0<\/strong>\u0111\u1ea1t ti\u00eau chu\u1ea9n IP67 v\u1ec1 ch\u1ed1ng b\u1ee5i &#8211; ch\u1ed1ng n\u01b0\u1edbc v\u00e0 ti\u00eau chu\u1ea9n qu\u00e2n \u0111\u1ed9i M\u1ef9 MIL-STC 810 Class: C\/D\/E\/F v\u00e0 G v\u1ec1 kh\u1ea3 n\u0103ng b\u1ec1n b\u1ec9, ch\u1ed1ng va \u0111\u1eadp, c\u00e1c y\u1ebfu t\u1ed1 m\u00f4i tr\u01b0\u1eddng cao h\u01a1n c\u00e1c b\u1ed9 \u0111\u00e0m kh\u00e1c.<br \/>\n&#8211; Ngo\u00e0i ra, thi\u1ebft k\u1ebf c\u1ee7a\u00a0<strong>b\u1ed9 \u0111\u00e0m Spender TC-275DMR<\/strong>\u00a0c\u00f3 m\u00e0n h\u00ecnh v\u00e0 b\u00e0n ph\u00edm \u0111\u1ec3 ng\u01b0\u1eddi d\u1ec5 quan s\u00e1t.<\/p>","protected":false},"excerpt":{"rendered":"<p class=\"qtranxs-available-languages-message qtranxs-available-languages-message-en\">Sorry, this entry is only available in <a href=\"https:\/\/www.midtech.com.vn\/vi\/wp-json\/wp\/v2\/product\/598\" class=\"qtranxs-available-language-link qtranxs-available-language-link-vi\" title=\"Ti\u1ebfng Vi\u1ec7t\">Ti\u1ebfng Vi\u1ec7t<\/a>.<\/p>\n","protected":false},"featured_media":607,"comment_status":"closed","ping_status":"closed","template":"","meta":[],"product_cat":[33,45],"product_tag":[34,35,38],"class_list":["post-598","product","type-product","status-publish","has-post-thumbnail","hentry","product_cat-bo-dam-spender","product_cat-bo-dam-truyen-thong","product_tag-bo-dam","product_tag-spender","product_tag-tc-275dmr"],"yoast_head":"<!-- This site is optimized with the Yoast SEO plugin v17.6 - https:\/\/yoast.com\/wordpress\/plugins\/seo\/ -->\n<title>Walkie-talkie Spender TC-275DMR - C\u00f4ng Ty TNHH D\u1ecbch V\u1ee5 K\u1ef9 Thu\u1eadt Minh \u0110\u1ee9c<\/title>\n<meta name=\"robots\" content=\"index, follow, max-snippet:-1, max-image-preview:large, max-video-preview:-1\" \/>\n<link rel=\"canonical\" href=\"https:\/\/www.midtech.com.vn\/san-pham\/bo-dam-spender-tc-275dmr\/\" \/>\n<meta property=\"og:locale\" content=\"en_US\" \/>\n<meta property=\"og:type\" content=\"article\" \/>\n<meta property=\"og:title\" content=\"Walkie-talkie Spender TC-275DMR - C\u00f4ng Ty TNHH D\u1ecbch V\u1ee5 K\u1ef9 Thu\u1eadt Minh \u0110\u1ee9c\" \/>\n<meta property=\"og:description\" content=\"[:vi]    Th\u01b0\u01a1ng hi\u1ec7u: Spender Xu\u1ea5t x\u1ee9: Th\u00e1i Lan B\u1ea3o h\u00e0nh: 24T (th\u00e2n m\u00e1y) - 12T (pin) 1 \u0111\u1ed5i 1 trong 6 th\u00e1ng \u0111\u1ea7u Gi\u00e1 b\u00e1n: Li\u00ean H\u1ec7      B\u1ed9 \u0111\u00e0m Spender TC-275DMR s\u1eed d\u1ee5ng d\u1ea3i t\u1ea7n VHF, v\u1edbi ch\u1ebf \u0111\u1ed9 k\u00e9p Analog v\u00e0 Digital, \u0111\u1eb7c bi\u1ec7t s\u1ed1 l\u01b0\u1ee3ng k\u00eanh l\u00ean \u0111\u1ebfn 256 k\u00eanh v\u00e0 c\u00f3 ti\u00eau chu\u1ea9n ch\u1ed1ng b\u1ee5i - ch\u1ed1ng n\u01b0\u1edbc IP67 \u0111\u1ea3m b\u1ea3o cho hi\u1ec7u su\u1ea5t c\u1ee7a ng\u01b0\u1eddi d\u00f9ng cao nh\u1ea5t c\u00f3 th\u1ec3.       VHF: 136.000-174.000 Hz       C\u00f4ng su\u1ea5t : 5W       Ch\u1ebf \u0111\u1ed9 k\u00e9p: Digital v\u00e0 Analog       K\u00eanh: 256 k\u00eanh t\u1ea7n s\u1ed1       Pin: Li-ion 2000 mAh       Ti\u00eau chu\u1ea9n: Ti\u00eau chu\u1ea9n IP67 \/ Ti\u00eau chu\u1ea9n qu\u00e2n \u0111\u1ed9i M\u1ef9 MIL-STC 810       Th\u1eddi gian s\u1eed d\u1ee5ng: 16 gi\u1edd li\u00ean t\u1ee5c       Th\u1eddi gian ch\u1edd: 3-4 ng\u00e0y       C\u00f3 th\u1ec3 k\u1ebft n\u1ed1i : V\u1edbi c\u00e1c b\u1ed9 \u0111\u00e0m kh\u00e1c c\u00f9ng d\u1ea3i t\u1ea7n VHF       H\u1ed9p s\u1ea3n ph\u1ea9m bao g\u1ed3m: 01 m\u00e1y b\u1ed9 \u0111\u00e0m, 01 pin, 01 adapter, 01 b\u00e1t c\u00e0i l\u01b0ng, 01 anten, 01 s\u00e1ch h\u01b0\u1edbng d\u1eabn.      \u00a0[:]\" \/>\n<meta property=\"og:url\" content=\"https:\/\/www.midtech.com.vn\/san-pham\/bo-dam-spender-tc-275dmr\/\" \/>\n<meta property=\"og:site_name\" content=\"C\u00f4ng Ty TNHH D\u1ecbch V\u1ee5 K\u1ef9 Thu\u1eadt Minh \u0110\u1ee9c\" \/>\n<meta property=\"article:modified_time\" content=\"2022-06-16T04:07:39+00:00\" \/>\n<meta property=\"og:image\" content=\"https:\/\/www.midtech.com.vn\/wp-content\/uploads\/2022\/06\/bo-dam-spender-275DMR-1.png\" \/>\n\t<meta property=\"og:image:width\" content=\"900\" \/>\n\t<meta property=\"og:image:height\" content=\"900\" \/>\n<meta name=\"twitter:card\" content=\"summary_large_image\" \/>\n<meta name=\"twitter:label1\" content=\"Est. reading time\" \/>\n\t<meta name=\"twitter:data1\" content=\"2 minutes\" \/>\n<script type=\"application\/ld+json\" class=\"yoast-schema-graph\">{\"@context\":\"https:\/\/schema.org\",\"@graph\":[{\"@type\":\"WebSite\",\"@id\":\"https:\/\/www.midtech.com.vn\/#website\",\"url\":\"https:\/\/www.midtech.com.vn\/\",\"name\":\"C\\u00f4ng Ty TNHH D\\u1ecbch V\\u1ee5 K\\u1ef9 Thu\\u1eadt Minh \\u0110\\u1ee9c\",\"description\":\"\",\"potentialAction\":[{\"@type\":\"SearchAction\",\"target\":{\"@type\":\"EntryPoint\",\"urlTemplate\":\"https:\/\/www.midtech.com.vn\/?s={search_term_string}\"},\"query-input\":\"required name=search_term_string\"}],\"inLanguage\":\"en-US\"},{\"@type\":\"ImageObject\",\"@id\":\"https:\/\/www.midtech.com.vn\/san-pham\/bo-dam-spender-tc-275dmr\/#primaryimage\",\"inLanguage\":\"en-US\",\"url\":\"https:\/\/www.midtech.com.vn\/wp-content\/uploads\/2022\/06\/bo-dam-spender-275DMR-1.png\",\"contentUrl\":\"https:\/\/www.midtech.com.vn\/wp-content\/uploads\/2022\/06\/bo-dam-spender-275DMR-1.png\",\"width\":900,\"height\":900},{\"@type\":\"WebPage\",\"@id\":\"https:\/\/www.midtech.com.vn\/san-pham\/bo-dam-spender-tc-275dmr\/#webpage\",\"url\":\"https:\/\/www.midtech.com.vn\/san-pham\/bo-dam-spender-tc-275dmr\/\",\"name\":\"Walkie-talkie Spender TC-275DMR - C\\u00f4ng Ty TNHH D\\u1ecbch V\\u1ee5 K\\u1ef9 Thu\\u1eadt Minh \\u0110\\u1ee9c\",\"isPartOf\":{\"@id\":\"https:\/\/www.midtech.com.vn\/#website\"},\"primaryImageOfPage\":{\"@id\":\"https:\/\/www.midtech.com.vn\/san-pham\/bo-dam-spender-tc-275dmr\/#primaryimage\"},\"datePublished\":\"2022-06-15T08:41:14+00:00\",\"dateModified\":\"2022-06-16T04:07:39+00:00\",\"breadcrumb\":{\"@id\":\"https:\/\/www.midtech.com.vn\/san-pham\/bo-dam-spender-tc-275dmr\/#breadcrumb\"},\"inLanguage\":\"en-US\",\"potentialAction\":[{\"@type\":\"ReadAction\",\"target\":[\"https:\/\/www.midtech.com.vn\/san-pham\/bo-dam-spender-tc-275dmr\/\"]}]},{\"@type\":\"BreadcrumbList\",\"@id\":\"https:\/\/www.midtech.com.vn\/san-pham\/bo-dam-spender-tc-275dmr\/#breadcrumb\",\"itemListElement\":[{\"@type\":\"ListItem\",\"position\":1,\"name\":\"Home\",\"item\":\"https:\/\/www.midtech.com.vn\/\"},{\"@type\":\"ListItem\",\"position\":2,\"name\":\"Shop\",\"item\":\"https:\/\/www.midtech.com.vn\/shop\/\"},{\"@type\":\"ListItem\",\"position\":3,\"name\":\"B\\u1ed9 \\u0111\\u00e0m Spender TC-275DMR\"}]}]}<\/script>\n<!-- \/ Yoast SEO plugin. -->","yoast_head_json":{"title":"Walkie-talkie Spender TC-275DMR - C\u00f4ng Ty TNHH D\u1ecbch V\u1ee5 K\u1ef9 Thu\u1eadt Minh \u0110\u1ee9c","robots":{"index":"index","follow":"follow","max-snippet":"max-snippet:-1","max-image-preview":"max-image-preview:large","max-video-preview":"max-video-preview:-1"},"canonical":"https:\/\/www.midtech.com.vn\/san-pham\/bo-dam-spender-tc-275dmr\/","og_locale":"en_US","og_type":"article","og_title":"Walkie-talkie Spender TC-275DMR - C\u00f4ng Ty TNHH D\u1ecbch V\u1ee5 K\u1ef9 Thu\u1eadt Minh \u0110\u1ee9c","og_description":"[:vi]    Th\u01b0\u01a1ng hi\u1ec7u: Spender Xu\u1ea5t x\u1ee9: Th\u00e1i Lan B\u1ea3o h\u00e0nh: 24T (th\u00e2n m\u00e1y) - 12T (pin) 1 \u0111\u1ed5i 1 trong 6 th\u00e1ng \u0111\u1ea7u Gi\u00e1 b\u00e1n: Li\u00ean H\u1ec7      B\u1ed9 \u0111\u00e0m Spender TC-275DMR s\u1eed d\u1ee5ng d\u1ea3i t\u1ea7n VHF, v\u1edbi ch\u1ebf \u0111\u1ed9 k\u00e9p Analog v\u00e0 Digital, \u0111\u1eb7c bi\u1ec7t s\u1ed1 l\u01b0\u1ee3ng k\u00eanh l\u00ean \u0111\u1ebfn 256 k\u00eanh v\u00e0 c\u00f3 ti\u00eau chu\u1ea9n ch\u1ed1ng b\u1ee5i - ch\u1ed1ng n\u01b0\u1edbc IP67 \u0111\u1ea3m b\u1ea3o cho hi\u1ec7u su\u1ea5t c\u1ee7a ng\u01b0\u1eddi d\u00f9ng cao nh\u1ea5t c\u00f3 th\u1ec3.       VHF: 136.000-174.000 Hz       C\u00f4ng su\u1ea5t : 5W       Ch\u1ebf \u0111\u1ed9 k\u00e9p: Digital v\u00e0 Analog       K\u00eanh: 256 k\u00eanh t\u1ea7n s\u1ed1       Pin: Li-ion 2000 mAh       Ti\u00eau chu\u1ea9n: Ti\u00eau chu\u1ea9n IP67 \/ Ti\u00eau chu\u1ea9n qu\u00e2n \u0111\u1ed9i M\u1ef9 MIL-STC 810       Th\u1eddi gian s\u1eed d\u1ee5ng: 16 gi\u1edd li\u00ean t\u1ee5c       Th\u1eddi gian ch\u1edd: 3-4 ng\u00e0y       C\u00f3 th\u1ec3 k\u1ebft n\u1ed1i : V\u1edbi c\u00e1c b\u1ed9 \u0111\u00e0m kh\u00e1c c\u00f9ng d\u1ea3i t\u1ea7n VHF       H\u1ed9p s\u1ea3n ph\u1ea9m bao g\u1ed3m: 01 m\u00e1y b\u1ed9 \u0111\u00e0m, 01 pin, 01 adapter, 01 b\u00e1t c\u00e0i l\u01b0ng, 01 anten, 01 s\u00e1ch h\u01b0\u1edbng d\u1eabn.      \u00a0[:]","og_url":"https:\/\/www.midtech.com.vn\/san-pham\/bo-dam-spender-tc-275dmr\/","og_site_name":"C\u00f4ng Ty TNHH D\u1ecbch V\u1ee5 K\u1ef9 Thu\u1eadt Minh \u0110\u1ee9c","article_modified_time":"2022-06-16T04:07:39+00:00","og_image":[{"width":900,"height":900,"url":"https:\/\/www.midtech.com.vn\/wp-content\/uploads\/2022\/06\/bo-dam-spender-275DMR-1.png","type":"image\/png"}],"twitter_card":"summary_large_image","twitter_misc":{"Est. reading time":"2 minutes"},"schema":{"@context":"https:\/\/schema.org","@graph":[{"@type":"WebSite","@id":"https:\/\/www.midtech.com.vn\/#website","url":"https:\/\/www.midtech.com.vn\/","name":"C\u00f4ng Ty TNHH D\u1ecbch V\u1ee5 K\u1ef9 Thu\u1eadt Minh \u0110\u1ee9c","description":"","potentialAction":[{"@type":"SearchAction","target":{"@type":"EntryPoint","urlTemplate":"https:\/\/www.midtech.com.vn\/?s={search_term_string}"},"query-input":"required name=search_term_string"}],"inLanguage":"en-US"},{"@type":"ImageObject","@id":"https:\/\/www.midtech.com.vn\/san-pham\/bo-dam-spender-tc-275dmr\/#primaryimage","inLanguage":"en-US","url":"https:\/\/www.midtech.com.vn\/wp-content\/uploads\/2022\/06\/bo-dam-spender-275DMR-1.png","contentUrl":"https:\/\/www.midtech.com.vn\/wp-content\/uploads\/2022\/06\/bo-dam-spender-275DMR-1.png","width":900,"height":900},{"@type":"WebPage","@id":"https:\/\/www.midtech.com.vn\/san-pham\/bo-dam-spender-tc-275dmr\/#webpage","url":"https:\/\/www.midtech.com.vn\/san-pham\/bo-dam-spender-tc-275dmr\/","name":"Walkie-talkie Spender TC-275DMR - C\u00f4ng Ty TNHH D\u1ecbch V\u1ee5 K\u1ef9 Thu\u1eadt Minh \u0110\u1ee9c","isPartOf":{"@id":"https:\/\/www.midtech.com.vn\/#website"},"primaryImageOfPage":{"@id":"https:\/\/www.midtech.com.vn\/san-pham\/bo-dam-spender-tc-275dmr\/#primaryimage"},"datePublished":"2022-06-15T08:41:14+00:00","dateModified":"2022-06-16T04:07:39+00:00","breadcrumb":{"@id":"https:\/\/www.midtech.com.vn\/san-pham\/bo-dam-spender-tc-275dmr\/#breadcrumb"},"inLanguage":"en-US","potentialAction":[{"@type":"ReadAction","target":["https:\/\/www.midtech.com.vn\/san-pham\/bo-dam-spender-tc-275dmr\/"]}]},{"@type":"BreadcrumbList","@id":"https:\/\/www.midtech.com.vn\/san-pham\/bo-dam-spender-tc-275dmr\/#breadcrumb","itemListElement":[{"@type":"ListItem","position":1,"name":"Home","item":"https:\/\/www.midtech.com.vn\/"},{"@type":"ListItem","position":2,"name":"Shop","item":"https:\/\/www.midtech.com.vn\/shop\/"},{"@type":"ListItem","position":3,"name":"B\u1ed9 \u0111\u00e0m Spender TC-275DMR"}]}]}},"_links":{"self":[{"href":"https:\/\/www.midtech.com.vn\/en\/wp-json\/wp\/v2\/product\/598","targetHints":{"allow":["GET"]}}],"collection":[{"href":"https:\/\/www.midtech.com.vn\/en\/wp-json\/wp\/v2\/product"}],"about":[{"href":"https:\/\/www.midtech.com.vn\/en\/wp-json\/wp\/v2\/types\/product"}],"replies":[{"embeddable":true,"href":"https:\/\/www.midtech.com.vn\/en\/wp-json\/wp\/v2\/comments?post=598"}],"wp:featuredmedia":[{"embeddable":true,"href":"https:\/\/www.midtech.com.vn\/en\/wp-json\/wp\/v2\/media\/607"}],"wp:attachment":[{"href":"https:\/\/www.midtech.com.vn\/en\/wp-json\/wp\/v2\/media?parent=598"}],"wp:term":[{"taxonomy":"product_cat","embeddable":true,"href":"https:\/\/www.midtech.com.vn\/en\/wp-json\/wp\/v2\/product_cat?post=598"},{"taxonomy":"product_tag","embeddable":true,"href":"https:\/\/www.midtech.com.vn\/en\/wp-json\/wp\/v2\/product_tag?post=598"}],"curies":[{"name":"wp","href":"https:\/\/api.w.org\/{rel}","templated":true}]}}