{"id":568,"date":"2022-06-13T09:21:59","date_gmt":"2022-06-13T09:21:59","guid":{"rendered":"https:\/\/www.midtech.com.vn\/?post_type=product&#038;p=568"},"modified":"2022-06-13T09:21:59","modified_gmt":"2022-06-13T09:21:59","slug":"thuoc-do-do-nghien-ky-thuat-so-gim-60-l","status":"publish","type":"product","link":"https:\/\/www.midtech.com.vn\/en\/san-pham\/thuoc-do-do-nghien-ky-thuat-so-gim-60-l\/","title":{"rendered":"GIM 60 L PROFESSIONAL"},"content":{"rendered":"<p class=\"qtranxs-available-languages-message qtranxs-available-languages-message-en\">Sorry, this entry is only available in <a href=\"https:\/\/www.midtech.com.vn\/vi\/wp-json\/wp\/v2\/product\/568\" class=\"qtranxs-available-language-link qtranxs-available-language-link-vi\" title=\"Ti\u1ebfng Vi\u1ec7t\">Ti\u1ebfng Vi\u1ec7t<\/a>.<\/p>","protected":false},"excerpt":{"rendered":"<p class=\"qtranxs-available-languages-message qtranxs-available-languages-message-en\">Sorry, this entry is only available in <a href=\"https:\/\/www.midtech.com.vn\/vi\/wp-json\/wp\/v2\/product\/568\" class=\"qtranxs-available-language-link qtranxs-available-language-link-vi\" title=\"Ti\u1ebfng Vi\u1ec7t\">Ti\u1ebfng Vi\u1ec7t<\/a>.<\/p>\n","protected":false},"featured_media":545,"comment_status":"closed","ping_status":"closed","template":"","meta":[],"product_cat":[29,32],"product_tag":[],"yoast_head":"<!-- This site is optimized with the Yoast SEO plugin v17.6 - https:\/\/yoast.com\/wordpress\/plugins\/seo\/ -->\n<title>GIM 60 L PROFESSIONAL - C\u00f4ng Ty TNHH D\u1ecbch V\u1ee5 K\u1ef9 Thu\u1eadt Minh \u0110\u1ee9c<\/title>\n<meta name=\"robots\" content=\"index, follow, max-snippet:-1, max-image-preview:large, max-video-preview:-1\" \/>\n<link rel=\"canonical\" href=\"https:\/\/www.midtech.com.vn\/san-pham\/thuoc-do-do-nghien-ky-thuat-so-gim-60-l\/\" \/>\n<meta property=\"og:locale\" content=\"en_US\" \/>\n<meta property=\"og:type\" content=\"article\" \/>\n<meta property=\"og:title\" content=\"GIM 60 L PROFESSIONAL - C\u00f4ng Ty TNHH D\u1ecbch V\u1ee5 K\u1ef9 Thu\u1eadt Minh \u0110\u1ee9c\" \/>\n<meta property=\"og:description\" content=\"[:vi]Chuy\u1ec3n \u0111\u00f4\u0309i \u0111\u00f4\u0323 nghi\u00eang ch\u00ednh x\u00e1c b\u1eb1ng laser qua kho\u1ea3ng c\u00e1ch d\u00e0i h\u01a1n  Laser \u0111i\u1ec3m t\u00edch h\u1ee3p cho ph\u00e9p \u0111o nghi\u00eang l\u00ean \u0111\u00ea\u0301n kho\u1ea3ng c\u00e1ch 30 m Nam ch\u00e2m m\u1ea1nh m\u1ebd v\u00e0 hai d\u00e2y \u0111ai \u0111\u00ea\u0309 bu\u1ed9c ch\u0103\u0323t d\u1ee5ng c\u1ee5 va\u0300o ph\u00f4i gia c\u00f4ng C\u01a1 ch\u1ebf nghi\u00eang \u0111\u1ec3 tinh ch\u1ec9nh tr\u00ean b\u1ec1 m\u1eb7t kh\u00f4ng \u0111\u1ed3ng \u0111\u1ec1u [:]\" \/>\n<meta property=\"og:url\" content=\"https:\/\/www.midtech.com.vn\/san-pham\/thuoc-do-do-nghien-ky-thuat-so-gim-60-l\/\" \/>\n<meta property=\"og:site_name\" content=\"C\u00f4ng Ty TNHH D\u1ecbch V\u1ee5 K\u1ef9 Thu\u1eadt Minh \u0110\u1ee9c\" \/>\n<meta property=\"og:image\" content=\"https:\/\/www.midtech.com.vn\/wp-content\/uploads\/2022\/06\/GIM-60-L.png\" \/>\n\t<meta property=\"og:image:width\" content=\"800\" \/>\n\t<meta property=\"og:image:height\" content=\"800\" \/>\n<meta name=\"twitter:card\" content=\"summary_large_image\" \/>\n<meta name=\"twitter:label1\" content=\"Est. reading time\" \/>\n\t<meta name=\"twitter:data1\" content=\"1 minute\" \/>\n<script type=\"application\/ld+json\" class=\"yoast-schema-graph\">{\"@context\":\"https:\/\/schema.org\",\"@graph\":[{\"@type\":\"WebSite\",\"@id\":\"https:\/\/www.midtech.com.vn\/#website\",\"url\":\"https:\/\/www.midtech.com.vn\/\",\"name\":\"C\\u00f4ng Ty TNHH D\\u1ecbch V\\u1ee5 K\\u1ef9 Thu\\u1eadt Minh \\u0110\\u1ee9c\",\"description\":\"\",\"potentialAction\":[{\"@type\":\"SearchAction\",\"target\":{\"@type\":\"EntryPoint\",\"urlTemplate\":\"https:\/\/www.midtech.com.vn\/?s={search_term_string}\"},\"query-input\":\"required name=search_term_string\"}],\"inLanguage\":\"en-US\"},{\"@type\":\"ImageObject\",\"@id\":\"https:\/\/www.midtech.com.vn\/san-pham\/thuoc-do-do-nghien-ky-thuat-so-gim-60-l\/#primaryimage\",\"inLanguage\":\"en-US\",\"url\":\"https:\/\/www.midtech.com.vn\/wp-content\/uploads\/2022\/06\/GIM-60-L.png\",\"contentUrl\":\"https:\/\/www.midtech.com.vn\/wp-content\/uploads\/2022\/06\/GIM-60-L.png\",\"width\":800,\"height\":800},{\"@type\":\"WebPage\",\"@id\":\"https:\/\/www.midtech.com.vn\/san-pham\/thuoc-do-do-nghien-ky-thuat-so-gim-60-l\/#webpage\",\"url\":\"https:\/\/www.midtech.com.vn\/san-pham\/thuoc-do-do-nghien-ky-thuat-so-gim-60-l\/\",\"name\":\"GIM 60 L PROFESSIONAL - C\\u00f4ng Ty TNHH D\\u1ecbch V\\u1ee5 K\\u1ef9 Thu\\u1eadt Minh \\u0110\\u1ee9c\",\"isPartOf\":{\"@id\":\"https:\/\/www.midtech.com.vn\/#website\"},\"primaryImageOfPage\":{\"@id\":\"https:\/\/www.midtech.com.vn\/san-pham\/thuoc-do-do-nghien-ky-thuat-so-gim-60-l\/#primaryimage\"},\"datePublished\":\"2022-06-13T09:21:59+00:00\",\"dateModified\":\"2022-06-13T09:21:59+00:00\",\"breadcrumb\":{\"@id\":\"https:\/\/www.midtech.com.vn\/san-pham\/thuoc-do-do-nghien-ky-thuat-so-gim-60-l\/#breadcrumb\"},\"inLanguage\":\"en-US\",\"potentialAction\":[{\"@type\":\"ReadAction\",\"target\":[\"https:\/\/www.midtech.com.vn\/san-pham\/thuoc-do-do-nghien-ky-thuat-so-gim-60-l\/\"]}]},{\"@type\":\"BreadcrumbList\",\"@id\":\"https:\/\/www.midtech.com.vn\/san-pham\/thuoc-do-do-nghien-ky-thuat-so-gim-60-l\/#breadcrumb\",\"itemListElement\":[{\"@type\":\"ListItem\",\"position\":1,\"name\":\"Home\",\"item\":\"https:\/\/www.midtech.com.vn\/\"},{\"@type\":\"ListItem\",\"position\":2,\"name\":\"Shop\",\"item\":\"https:\/\/www.midtech.com.vn\/shop\/\"},{\"@type\":\"ListItem\",\"position\":3,\"name\":\"Th\\u01b0\\u1edbc \\u0111o \\u0111\\u1ed9 nghi\\u00ean k\\u1ef9 thu\\u1eadt s\\u1ed1 GIM 60 L\"}]}]}<\/script>\n<!-- \/ Yoast SEO plugin. -->","yoast_head_json":{"title":"GIM 60 L PROFESSIONAL - C\u00f4ng Ty TNHH D\u1ecbch V\u1ee5 K\u1ef9 Thu\u1eadt Minh \u0110\u1ee9c","robots":{"index":"index","follow":"follow","max-snippet":"max-snippet:-1","max-image-preview":"max-image-preview:large","max-video-preview":"max-video-preview:-1"},"canonical":"https:\/\/www.midtech.com.vn\/san-pham\/thuoc-do-do-nghien-ky-thuat-so-gim-60-l\/","og_locale":"en_US","og_type":"article","og_title":"GIM 60 L PROFESSIONAL - C\u00f4ng Ty TNHH D\u1ecbch V\u1ee5 K\u1ef9 Thu\u1eadt Minh \u0110\u1ee9c","og_description":"[:vi]Chuy\u1ec3n \u0111\u00f4\u0309i \u0111\u00f4\u0323 nghi\u00eang ch\u00ednh x\u00e1c b\u1eb1ng laser qua kho\u1ea3ng c\u00e1ch d\u00e0i h\u01a1n  Laser \u0111i\u1ec3m t\u00edch h\u1ee3p cho ph\u00e9p \u0111o nghi\u00eang l\u00ean \u0111\u00ea\u0301n kho\u1ea3ng c\u00e1ch 30 m Nam ch\u00e2m m\u1ea1nh m\u1ebd v\u00e0 hai d\u00e2y \u0111ai \u0111\u00ea\u0309 bu\u1ed9c ch\u0103\u0323t d\u1ee5ng c\u1ee5 va\u0300o ph\u00f4i gia c\u00f4ng C\u01a1 ch\u1ebf nghi\u00eang \u0111\u1ec3 tinh ch\u1ec9nh tr\u00ean b\u1ec1 m\u1eb7t kh\u00f4ng \u0111\u1ed3ng \u0111\u1ec1u [:]","og_url":"https:\/\/www.midtech.com.vn\/san-pham\/thuoc-do-do-nghien-ky-thuat-so-gim-60-l\/","og_site_name":"C\u00f4ng Ty TNHH D\u1ecbch V\u1ee5 K\u1ef9 Thu\u1eadt Minh \u0110\u1ee9c","og_image":[{"width":800,"height":800,"url":"https:\/\/www.midtech.com.vn\/wp-content\/uploads\/2022\/06\/GIM-60-L.png","type":"image\/png"}],"twitter_card":"summary_large_image","twitter_misc":{"Est. reading time":"1 minute"},"schema":{"@context":"https:\/\/schema.org","@graph":[{"@type":"WebSite","@id":"https:\/\/www.midtech.com.vn\/#website","url":"https:\/\/www.midtech.com.vn\/","name":"C\u00f4ng Ty TNHH D\u1ecbch V\u1ee5 K\u1ef9 Thu\u1eadt Minh \u0110\u1ee9c","description":"","potentialAction":[{"@type":"SearchAction","target":{"@type":"EntryPoint","urlTemplate":"https:\/\/www.midtech.com.vn\/?s={search_term_string}"},"query-input":"required name=search_term_string"}],"inLanguage":"en-US"},{"@type":"ImageObject","@id":"https:\/\/www.midtech.com.vn\/san-pham\/thuoc-do-do-nghien-ky-thuat-so-gim-60-l\/#primaryimage","inLanguage":"en-US","url":"https:\/\/www.midtech.com.vn\/wp-content\/uploads\/2022\/06\/GIM-60-L.png","contentUrl":"https:\/\/www.midtech.com.vn\/wp-content\/uploads\/2022\/06\/GIM-60-L.png","width":800,"height":800},{"@type":"WebPage","@id":"https:\/\/www.midtech.com.vn\/san-pham\/thuoc-do-do-nghien-ky-thuat-so-gim-60-l\/#webpage","url":"https:\/\/www.midtech.com.vn\/san-pham\/thuoc-do-do-nghien-ky-thuat-so-gim-60-l\/","name":"GIM 60 L PROFESSIONAL - C\u00f4ng Ty TNHH D\u1ecbch V\u1ee5 K\u1ef9 Thu\u1eadt Minh \u0110\u1ee9c","isPartOf":{"@id":"https:\/\/www.midtech.com.vn\/#website"},"primaryImageOfPage":{"@id":"https:\/\/www.midtech.com.vn\/san-pham\/thuoc-do-do-nghien-ky-thuat-so-gim-60-l\/#primaryimage"},"datePublished":"2022-06-13T09:21:59+00:00","dateModified":"2022-06-13T09:21:59+00:00","breadcrumb":{"@id":"https:\/\/www.midtech.com.vn\/san-pham\/thuoc-do-do-nghien-ky-thuat-so-gim-60-l\/#breadcrumb"},"inLanguage":"en-US","potentialAction":[{"@type":"ReadAction","target":["https:\/\/www.midtech.com.vn\/san-pham\/thuoc-do-do-nghien-ky-thuat-so-gim-60-l\/"]}]},{"@type":"BreadcrumbList","@id":"https:\/\/www.midtech.com.vn\/san-pham\/thuoc-do-do-nghien-ky-thuat-so-gim-60-l\/#breadcrumb","itemListElement":[{"@type":"ListItem","position":1,"name":"Home","item":"https:\/\/www.midtech.com.vn\/"},{"@type":"ListItem","position":2,"name":"Shop","item":"https:\/\/www.midtech.com.vn\/shop\/"},{"@type":"ListItem","position":3,"name":"Th\u01b0\u1edbc \u0111o \u0111\u1ed9 nghi\u00ean k\u1ef9 thu\u1eadt s\u1ed1 GIM 60 L"}]}]}},"_links":{"self":[{"href":"https:\/\/www.midtech.com.vn\/en\/wp-json\/wp\/v2\/product\/568"}],"collection":[{"href":"https:\/\/www.midtech.com.vn\/en\/wp-json\/wp\/v2\/product"}],"about":[{"href":"https:\/\/www.midtech.com.vn\/en\/wp-json\/wp\/v2\/types\/product"}],"replies":[{"embeddable":true,"href":"https:\/\/www.midtech.com.vn\/en\/wp-json\/wp\/v2\/comments?post=568"}],"wp:featuredmedia":[{"embeddable":true,"href":"https:\/\/www.midtech.com.vn\/en\/wp-json\/wp\/v2\/media\/545"}],"wp:attachment":[{"href":"https:\/\/www.midtech.com.vn\/en\/wp-json\/wp\/v2\/media?parent=568"}],"wp:term":[{"taxonomy":"product_cat","embeddable":true,"href":"https:\/\/www.midtech.com.vn\/en\/wp-json\/wp\/v2\/product_cat?post=568"},{"taxonomy":"product_tag","embeddable":true,"href":"https:\/\/www.midtech.com.vn\/en\/wp-json\/wp\/v2\/product_tag?post=568"}],"curies":[{"name":"wp","href":"https:\/\/api.w.org\/{rel}","templated":true}]}}