{"id":565,"date":"2022-06-13T09:14:56","date_gmt":"2022-06-13T09:14:56","guid":{"rendered":"https:\/\/www.midtech.com.vn\/?post_type=product&#038;p=565"},"modified":"2022-06-13T09:14:56","modified_gmt":"2022-06-13T09:14:56","slug":"may-do-nhiet-gis-500","status":"publish","type":"product","link":"https:\/\/www.midtech.com.vn\/en\/san-pham\/may-do-nhiet-gis-500\/","title":{"rendered":"GIS 500 PROFESSIONAL"},"content":{"rendered":"<p class=\"qtranxs-available-languages-message qtranxs-available-languages-message-en\">Sorry, this entry is only available in <a href=\"https:\/\/www.midtech.com.vn\/vi\/wp-json\/wp\/v2\/product\/565\" class=\"qtranxs-available-language-link qtranxs-available-language-link-vi\" title=\"Ti\u1ebfng Vi\u1ec7t\">Ti\u1ebfng Vi\u1ec7t<\/a>.<\/p>","protected":false},"excerpt":{"rendered":"<p class=\"qtranxs-available-languages-message qtranxs-available-languages-message-en\">Sorry, this entry is only available in <a href=\"https:\/\/www.midtech.com.vn\/vi\/wp-json\/wp\/v2\/product\/565\" class=\"qtranxs-available-language-link qtranxs-available-language-link-vi\" title=\"Ti\u1ebfng Vi\u1ec7t\">Ti\u1ebfng Vi\u1ec7t<\/a>.<\/p>\n","protected":false},"featured_media":548,"comment_status":"closed","ping_status":"closed","template":"","meta":[],"product_cat":[29,32],"product_tag":[],"class_list":["post-565","product","type-product","status-publish","has-post-thumbnail","hentry","product_cat-dung-cu-dien-cam-tay-bosch","product_cat-dung-cu-do-luong"],"yoast_head":"<!-- This site is optimized with the Yoast SEO plugin v17.6 - https:\/\/yoast.com\/wordpress\/plugins\/seo\/ -->\n<title>GIS 500 PROFESSIONAL - C\u00f4ng Ty TNHH D\u1ecbch V\u1ee5 K\u1ef9 Thu\u1eadt Minh \u0110\u1ee9c<\/title>\n<meta name=\"robots\" content=\"index, follow, max-snippet:-1, max-image-preview:large, max-video-preview:-1\" \/>\n<link rel=\"canonical\" href=\"https:\/\/www.midtech.com.vn\/san-pham\/may-do-nhiet-gis-500\/\" \/>\n<meta property=\"og:locale\" content=\"en_US\" \/>\n<meta property=\"og:type\" content=\"article\" \/>\n<meta property=\"og:title\" content=\"GIS 500 PROFESSIONAL - C\u00f4ng Ty TNHH D\u1ecbch V\u1ee5 K\u1ef9 Thu\u1eadt Minh \u0110\u1ee9c\" \/>\n<meta property=\"og:description\" content=\"[:vi]Nh\u00e2\u0301n va\u0300 ti\u00ea\u0301p tu\u0323c. Nhi\u00ea\u0323t \u0111\u00f4\u0323 tr\u00ean tay.  \u0110\u01a1n gi\u1ea3n - K\u1ebft qu\u1ea3 \u0111o ngay l\u1eadp t\u1ee9c chi\u0309 c\u00e2\u0300n m\u00f4\u0323t l\u00e2\u0300n nh\u00e2\u0301n v\u01a1\u0301i l\u01b0\u0323a ch\u1ecdn 3 c\u1ea5p \u0111\u1ed9 ph\u00e1t x\u1ea1 \u0111\u1ec3 co\u0301 s\u00f4\u0301 \u0111o ch\u00ednh x\u00e1c h\u01a1n Nh\u1ecf g\u1ecdn - D\u1ec5 d\u00e0ng mang theo nh\u1edd thi\u1ebft k\u1ebf vo\u0309 bo\u0323c ti\u1ec7n d\u1ee5ng v\u1edbi t\u00fai \u0111\u1ef1ng \u0110a n\u0103ng - Ph\u1ea1m vi \u0111o nhi\u1ec7t \u0111\u1ed9 r\u1ed9ng cho c\u00e1c \u0111i\u1ec1u ki\u1ec7n kh\u1eafc nghi\u1ec7t v\u1edbi ch\u01b0\u0301c n\u0103ng \u0111o li\u00ean tu\u0323c b\u0103\u0300ng vi\u00ea\u0323c nh\u00e2\u0301n va\u0300 gi\u01b0\u0303 [:]\" \/>\n<meta property=\"og:url\" content=\"https:\/\/www.midtech.com.vn\/san-pham\/may-do-nhiet-gis-500\/\" \/>\n<meta property=\"og:site_name\" content=\"C\u00f4ng Ty TNHH D\u1ecbch V\u1ee5 K\u1ef9 Thu\u1eadt Minh \u0110\u1ee9c\" \/>\n<meta property=\"og:image\" content=\"https:\/\/www.midtech.com.vn\/wp-content\/uploads\/2022\/06\/GIS-500.png\" \/>\n\t<meta property=\"og:image:width\" content=\"800\" \/>\n\t<meta property=\"og:image:height\" content=\"800\" \/>\n<meta name=\"twitter:card\" content=\"summary_large_image\" \/>\n<script type=\"application\/ld+json\" class=\"yoast-schema-graph\">{\"@context\":\"https:\/\/schema.org\",\"@graph\":[{\"@type\":\"WebSite\",\"@id\":\"https:\/\/www.midtech.com.vn\/#website\",\"url\":\"https:\/\/www.midtech.com.vn\/\",\"name\":\"C\\u00f4ng Ty TNHH D\\u1ecbch V\\u1ee5 K\\u1ef9 Thu\\u1eadt Minh \\u0110\\u1ee9c\",\"description\":\"\",\"potentialAction\":[{\"@type\":\"SearchAction\",\"target\":{\"@type\":\"EntryPoint\",\"urlTemplate\":\"https:\/\/www.midtech.com.vn\/?s={search_term_string}\"},\"query-input\":\"required name=search_term_string\"}],\"inLanguage\":\"en-US\"},{\"@type\":\"ImageObject\",\"@id\":\"https:\/\/www.midtech.com.vn\/san-pham\/may-do-nhiet-gis-500\/#primaryimage\",\"inLanguage\":\"en-US\",\"url\":\"https:\/\/www.midtech.com.vn\/wp-content\/uploads\/2022\/06\/GIS-500.png\",\"contentUrl\":\"https:\/\/www.midtech.com.vn\/wp-content\/uploads\/2022\/06\/GIS-500.png\",\"width\":800,\"height\":800},{\"@type\":\"WebPage\",\"@id\":\"https:\/\/www.midtech.com.vn\/san-pham\/may-do-nhiet-gis-500\/#webpage\",\"url\":\"https:\/\/www.midtech.com.vn\/san-pham\/may-do-nhiet-gis-500\/\",\"name\":\"GIS 500 PROFESSIONAL - C\\u00f4ng Ty TNHH D\\u1ecbch V\\u1ee5 K\\u1ef9 Thu\\u1eadt Minh \\u0110\\u1ee9c\",\"isPartOf\":{\"@id\":\"https:\/\/www.midtech.com.vn\/#website\"},\"primaryImageOfPage\":{\"@id\":\"https:\/\/www.midtech.com.vn\/san-pham\/may-do-nhiet-gis-500\/#primaryimage\"},\"datePublished\":\"2022-06-13T09:14:56+00:00\",\"dateModified\":\"2022-06-13T09:14:56+00:00\",\"breadcrumb\":{\"@id\":\"https:\/\/www.midtech.com.vn\/san-pham\/may-do-nhiet-gis-500\/#breadcrumb\"},\"inLanguage\":\"en-US\",\"potentialAction\":[{\"@type\":\"ReadAction\",\"target\":[\"https:\/\/www.midtech.com.vn\/san-pham\/may-do-nhiet-gis-500\/\"]}]},{\"@type\":\"BreadcrumbList\",\"@id\":\"https:\/\/www.midtech.com.vn\/san-pham\/may-do-nhiet-gis-500\/#breadcrumb\",\"itemListElement\":[{\"@type\":\"ListItem\",\"position\":1,\"name\":\"Home\",\"item\":\"https:\/\/www.midtech.com.vn\/\"},{\"@type\":\"ListItem\",\"position\":2,\"name\":\"Shop\",\"item\":\"https:\/\/www.midtech.com.vn\/shop\/\"},{\"@type\":\"ListItem\",\"position\":3,\"name\":\"M\\u00e1y d\\u00f2 nhi\\u1ec7t GIS 500\"}]}]}<\/script>\n<!-- \/ Yoast SEO plugin. -->","yoast_head_json":{"title":"GIS 500 PROFESSIONAL - C\u00f4ng Ty TNHH D\u1ecbch V\u1ee5 K\u1ef9 Thu\u1eadt Minh \u0110\u1ee9c","robots":{"index":"index","follow":"follow","max-snippet":"max-snippet:-1","max-image-preview":"max-image-preview:large","max-video-preview":"max-video-preview:-1"},"canonical":"https:\/\/www.midtech.com.vn\/san-pham\/may-do-nhiet-gis-500\/","og_locale":"en_US","og_type":"article","og_title":"GIS 500 PROFESSIONAL - C\u00f4ng Ty TNHH D\u1ecbch V\u1ee5 K\u1ef9 Thu\u1eadt Minh \u0110\u1ee9c","og_description":"[:vi]Nh\u00e2\u0301n va\u0300 ti\u00ea\u0301p tu\u0323c. Nhi\u00ea\u0323t \u0111\u00f4\u0323 tr\u00ean tay.  \u0110\u01a1n gi\u1ea3n - K\u1ebft qu\u1ea3 \u0111o ngay l\u1eadp t\u1ee9c chi\u0309 c\u00e2\u0300n m\u00f4\u0323t l\u00e2\u0300n nh\u00e2\u0301n v\u01a1\u0301i l\u01b0\u0323a ch\u1ecdn 3 c\u1ea5p \u0111\u1ed9 ph\u00e1t x\u1ea1 \u0111\u1ec3 co\u0301 s\u00f4\u0301 \u0111o ch\u00ednh x\u00e1c h\u01a1n Nh\u1ecf g\u1ecdn - D\u1ec5 d\u00e0ng mang theo nh\u1edd thi\u1ebft k\u1ebf vo\u0309 bo\u0323c ti\u1ec7n d\u1ee5ng v\u1edbi t\u00fai \u0111\u1ef1ng \u0110a n\u0103ng - Ph\u1ea1m vi \u0111o nhi\u1ec7t \u0111\u1ed9 r\u1ed9ng cho c\u00e1c \u0111i\u1ec1u ki\u1ec7n kh\u1eafc nghi\u1ec7t v\u1edbi ch\u01b0\u0301c n\u0103ng \u0111o li\u00ean tu\u0323c b\u0103\u0300ng vi\u00ea\u0323c nh\u00e2\u0301n va\u0300 gi\u01b0\u0303 [:]","og_url":"https:\/\/www.midtech.com.vn\/san-pham\/may-do-nhiet-gis-500\/","og_site_name":"C\u00f4ng Ty TNHH D\u1ecbch V\u1ee5 K\u1ef9 Thu\u1eadt Minh \u0110\u1ee9c","og_image":[{"width":800,"height":800,"url":"https:\/\/www.midtech.com.vn\/wp-content\/uploads\/2022\/06\/GIS-500.png","type":"image\/png"}],"twitter_card":"summary_large_image","schema":{"@context":"https:\/\/schema.org","@graph":[{"@type":"WebSite","@id":"https:\/\/www.midtech.com.vn\/#website","url":"https:\/\/www.midtech.com.vn\/","name":"C\u00f4ng Ty TNHH D\u1ecbch V\u1ee5 K\u1ef9 Thu\u1eadt Minh \u0110\u1ee9c","description":"","potentialAction":[{"@type":"SearchAction","target":{"@type":"EntryPoint","urlTemplate":"https:\/\/www.midtech.com.vn\/?s={search_term_string}"},"query-input":"required name=search_term_string"}],"inLanguage":"en-US"},{"@type":"ImageObject","@id":"https:\/\/www.midtech.com.vn\/san-pham\/may-do-nhiet-gis-500\/#primaryimage","inLanguage":"en-US","url":"https:\/\/www.midtech.com.vn\/wp-content\/uploads\/2022\/06\/GIS-500.png","contentUrl":"https:\/\/www.midtech.com.vn\/wp-content\/uploads\/2022\/06\/GIS-500.png","width":800,"height":800},{"@type":"WebPage","@id":"https:\/\/www.midtech.com.vn\/san-pham\/may-do-nhiet-gis-500\/#webpage","url":"https:\/\/www.midtech.com.vn\/san-pham\/may-do-nhiet-gis-500\/","name":"GIS 500 PROFESSIONAL - C\u00f4ng Ty TNHH D\u1ecbch V\u1ee5 K\u1ef9 Thu\u1eadt Minh \u0110\u1ee9c","isPartOf":{"@id":"https:\/\/www.midtech.com.vn\/#website"},"primaryImageOfPage":{"@id":"https:\/\/www.midtech.com.vn\/san-pham\/may-do-nhiet-gis-500\/#primaryimage"},"datePublished":"2022-06-13T09:14:56+00:00","dateModified":"2022-06-13T09:14:56+00:00","breadcrumb":{"@id":"https:\/\/www.midtech.com.vn\/san-pham\/may-do-nhiet-gis-500\/#breadcrumb"},"inLanguage":"en-US","potentialAction":[{"@type":"ReadAction","target":["https:\/\/www.midtech.com.vn\/san-pham\/may-do-nhiet-gis-500\/"]}]},{"@type":"BreadcrumbList","@id":"https:\/\/www.midtech.com.vn\/san-pham\/may-do-nhiet-gis-500\/#breadcrumb","itemListElement":[{"@type":"ListItem","position":1,"name":"Home","item":"https:\/\/www.midtech.com.vn\/"},{"@type":"ListItem","position":2,"name":"Shop","item":"https:\/\/www.midtech.com.vn\/shop\/"},{"@type":"ListItem","position":3,"name":"M\u00e1y d\u00f2 nhi\u1ec7t GIS 500"}]}]}},"_links":{"self":[{"href":"https:\/\/www.midtech.com.vn\/en\/wp-json\/wp\/v2\/product\/565","targetHints":{"allow":["GET"]}}],"collection":[{"href":"https:\/\/www.midtech.com.vn\/en\/wp-json\/wp\/v2\/product"}],"about":[{"href":"https:\/\/www.midtech.com.vn\/en\/wp-json\/wp\/v2\/types\/product"}],"replies":[{"embeddable":true,"href":"https:\/\/www.midtech.com.vn\/en\/wp-json\/wp\/v2\/comments?post=565"}],"wp:featuredmedia":[{"embeddable":true,"href":"https:\/\/www.midtech.com.vn\/en\/wp-json\/wp\/v2\/media\/548"}],"wp:attachment":[{"href":"https:\/\/www.midtech.com.vn\/en\/wp-json\/wp\/v2\/media?parent=565"}],"wp:term":[{"taxonomy":"product_cat","embeddable":true,"href":"https:\/\/www.midtech.com.vn\/en\/wp-json\/wp\/v2\/product_cat?post=565"},{"taxonomy":"product_tag","embeddable":true,"href":"https:\/\/www.midtech.com.vn\/en\/wp-json\/wp\/v2\/product_tag?post=565"}],"curies":[{"name":"wp","href":"https:\/\/api.w.org\/{rel}","templated":true}]}}