{"id":563,"date":"2022-06-13T09:13:03","date_gmt":"2022-06-13T09:13:03","guid":{"rendered":"https:\/\/www.midtech.com.vn\/?post_type=product&#038;p=563"},"modified":"2022-06-13T09:13:03","modified_gmt":"2022-06-13T09:13:03","slug":"may-do-nhiet-hong-ngoai-gtc-400-c","status":"publish","type":"product","link":"https:\/\/www.midtech.com.vn\/en\/san-pham\/may-do-nhiet-hong-ngoai-gtc-400-c\/","title":{"rendered":"GTC 400 C PROFESSIONAL"},"content":{"rendered":"<p class=\"qtranxs-available-languages-message qtranxs-available-languages-message-en\">Sorry, this entry is only available in <a href=\"https:\/\/www.midtech.com.vn\/vi\/wp-json\/wp\/v2\/product\/563\" class=\"qtranxs-available-language-link qtranxs-available-language-link-vi\" title=\"Ti\u1ebfng Vi\u1ec7t\">Ti\u1ebfng Vi\u1ec7t<\/a>.<\/p>","protected":false},"excerpt":{"rendered":"<p class=\"qtranxs-available-languages-message qtranxs-available-languages-message-en\">Sorry, this entry is only available in <a href=\"https:\/\/www.midtech.com.vn\/vi\/wp-json\/wp\/v2\/product\/563\" class=\"qtranxs-available-language-link qtranxs-available-language-link-vi\" title=\"Ti\u1ebfng Vi\u1ec7t\">Ti\u1ebfng Vi\u1ec7t<\/a>.<\/p>\n","protected":false},"featured_media":549,"comment_status":"closed","ping_status":"closed","template":"","meta":[],"product_cat":[29,32],"product_tag":[],"yoast_head":"<!-- This site is optimized with the Yoast SEO plugin v17.6 - https:\/\/yoast.com\/wordpress\/plugins\/seo\/ -->\n<title>GTC 400 C PROFESSIONAL - C\u00f4ng Ty TNHH D\u1ecbch V\u1ee5 K\u1ef9 Thu\u1eadt Minh \u0110\u1ee9c<\/title>\n<meta name=\"robots\" content=\"index, follow, max-snippet:-1, max-image-preview:large, max-video-preview:-1\" \/>\n<link rel=\"canonical\" href=\"https:\/\/www.midtech.com.vn\/san-pham\/may-do-nhiet-hong-ngoai-gtc-400-c\/\" \/>\n<meta property=\"og:locale\" content=\"en_US\" \/>\n<meta property=\"og:type\" content=\"article\" \/>\n<meta property=\"og:title\" content=\"GTC 400 C PROFESSIONAL - C\u00f4ng Ty TNHH D\u1ecbch V\u1ee5 K\u1ef9 Thu\u1eadt Minh \u0110\u1ee9c\" \/>\n<meta property=\"og:description\" content=\"[:vi]H\u00ecnh \u1ea3nh t\u01b0\u0301c thi\u0300 v\u1ec1 ch\u00eanh l\u00ea\u0323ch nhi\u1ec7t \u0111\u1ed9 nh\u01a1\u0300 kha\u0309 n\u0103ng ghi che\u0301p th\u00f4ng minh  Trao \u0111\u1ed5i d\u1eef li\u1ec7u nhanh v\u00e0 ghi che\u0301p h\u00ecnh \u1ea3nh nhi\u1ec7t d\u1ec5 d\u00e0ng v\u1edbi \u1ee9ng d\u1ee5ng Bosch Thermal App C\u00f4ng ngh\u1ec7 \u1ea3nh trong \u1ea3nh ph\u1ee7 l\u00ean c\u00e1c h\u00ecnh \u1ea3nh nhi\u1ec7t v\u00e0 a\u0309nh th\u1ef1c t\u00ea\u0301 giu\u0301p \u0111i\u0323nh vi\u0323 ph\u00e9p \u0111o d\u1ec5 xem H\u1ec7 th\u1ed1ng pin linh ho\u1ea1t \u0111\u01b0\u1ee3c c\u1ea5p ngu\u1ed3n b\u1eb1ng pin 12V Li-Ion ho\u1eb7c v\u1edbi pin alkaline ti\u00eau chu\u1ea9n [:]\" \/>\n<meta property=\"og:url\" content=\"https:\/\/www.midtech.com.vn\/san-pham\/may-do-nhiet-hong-ngoai-gtc-400-c\/\" \/>\n<meta property=\"og:site_name\" content=\"C\u00f4ng Ty TNHH D\u1ecbch V\u1ee5 K\u1ef9 Thu\u1eadt Minh \u0110\u1ee9c\" \/>\n<meta property=\"og:image\" content=\"https:\/\/www.midtech.com.vn\/wp-content\/uploads\/2022\/06\/GTC-400-C.png\" \/>\n\t<meta property=\"og:image:width\" content=\"800\" \/>\n\t<meta property=\"og:image:height\" content=\"800\" \/>\n<meta name=\"twitter:card\" content=\"summary_large_image\" \/>\n<meta name=\"twitter:label1\" content=\"Est. reading time\" \/>\n\t<meta name=\"twitter:data1\" content=\"2 minutes\" \/>\n<script type=\"application\/ld+json\" class=\"yoast-schema-graph\">{\"@context\":\"https:\/\/schema.org\",\"@graph\":[{\"@type\":\"WebSite\",\"@id\":\"https:\/\/www.midtech.com.vn\/#website\",\"url\":\"https:\/\/www.midtech.com.vn\/\",\"name\":\"C\\u00f4ng Ty TNHH D\\u1ecbch V\\u1ee5 K\\u1ef9 Thu\\u1eadt Minh \\u0110\\u1ee9c\",\"description\":\"\",\"potentialAction\":[{\"@type\":\"SearchAction\",\"target\":{\"@type\":\"EntryPoint\",\"urlTemplate\":\"https:\/\/www.midtech.com.vn\/?s={search_term_string}\"},\"query-input\":\"required name=search_term_string\"}],\"inLanguage\":\"en-US\"},{\"@type\":\"ImageObject\",\"@id\":\"https:\/\/www.midtech.com.vn\/san-pham\/may-do-nhiet-hong-ngoai-gtc-400-c\/#primaryimage\",\"inLanguage\":\"en-US\",\"url\":\"https:\/\/www.midtech.com.vn\/wp-content\/uploads\/2022\/06\/GTC-400-C.png\",\"contentUrl\":\"https:\/\/www.midtech.com.vn\/wp-content\/uploads\/2022\/06\/GTC-400-C.png\",\"width\":800,\"height\":800},{\"@type\":\"WebPage\",\"@id\":\"https:\/\/www.midtech.com.vn\/san-pham\/may-do-nhiet-hong-ngoai-gtc-400-c\/#webpage\",\"url\":\"https:\/\/www.midtech.com.vn\/san-pham\/may-do-nhiet-hong-ngoai-gtc-400-c\/\",\"name\":\"GTC 400 C PROFESSIONAL - C\\u00f4ng Ty TNHH D\\u1ecbch V\\u1ee5 K\\u1ef9 Thu\\u1eadt Minh \\u0110\\u1ee9c\",\"isPartOf\":{\"@id\":\"https:\/\/www.midtech.com.vn\/#website\"},\"primaryImageOfPage\":{\"@id\":\"https:\/\/www.midtech.com.vn\/san-pham\/may-do-nhiet-hong-ngoai-gtc-400-c\/#primaryimage\"},\"datePublished\":\"2022-06-13T09:13:03+00:00\",\"dateModified\":\"2022-06-13T09:13:03+00:00\",\"breadcrumb\":{\"@id\":\"https:\/\/www.midtech.com.vn\/san-pham\/may-do-nhiet-hong-ngoai-gtc-400-c\/#breadcrumb\"},\"inLanguage\":\"en-US\",\"potentialAction\":[{\"@type\":\"ReadAction\",\"target\":[\"https:\/\/www.midtech.com.vn\/san-pham\/may-do-nhiet-hong-ngoai-gtc-400-c\/\"]}]},{\"@type\":\"BreadcrumbList\",\"@id\":\"https:\/\/www.midtech.com.vn\/san-pham\/may-do-nhiet-hong-ngoai-gtc-400-c\/#breadcrumb\",\"itemListElement\":[{\"@type\":\"ListItem\",\"position\":1,\"name\":\"Home\",\"item\":\"https:\/\/www.midtech.com.vn\/\"},{\"@type\":\"ListItem\",\"position\":2,\"name\":\"Shop\",\"item\":\"https:\/\/www.midtech.com.vn\/shop\/\"},{\"@type\":\"ListItem\",\"position\":3,\"name\":\"M\\u00e1y \\u0111o nhi\\u1ec7t h\\u1ed3ng ngo\\u1ea1i GTC 400 C\"}]}]}<\/script>\n<!-- \/ Yoast SEO plugin. -->","yoast_head_json":{"title":"GTC 400 C PROFESSIONAL - C\u00f4ng Ty TNHH D\u1ecbch V\u1ee5 K\u1ef9 Thu\u1eadt Minh \u0110\u1ee9c","robots":{"index":"index","follow":"follow","max-snippet":"max-snippet:-1","max-image-preview":"max-image-preview:large","max-video-preview":"max-video-preview:-1"},"canonical":"https:\/\/www.midtech.com.vn\/san-pham\/may-do-nhiet-hong-ngoai-gtc-400-c\/","og_locale":"en_US","og_type":"article","og_title":"GTC 400 C PROFESSIONAL - C\u00f4ng Ty TNHH D\u1ecbch V\u1ee5 K\u1ef9 Thu\u1eadt Minh \u0110\u1ee9c","og_description":"[:vi]H\u00ecnh \u1ea3nh t\u01b0\u0301c thi\u0300 v\u1ec1 ch\u00eanh l\u00ea\u0323ch nhi\u1ec7t \u0111\u1ed9 nh\u01a1\u0300 kha\u0309 n\u0103ng ghi che\u0301p th\u00f4ng minh  Trao \u0111\u1ed5i d\u1eef li\u1ec7u nhanh v\u00e0 ghi che\u0301p h\u00ecnh \u1ea3nh nhi\u1ec7t d\u1ec5 d\u00e0ng v\u1edbi \u1ee9ng d\u1ee5ng Bosch Thermal App C\u00f4ng ngh\u1ec7 \u1ea3nh trong \u1ea3nh ph\u1ee7 l\u00ean c\u00e1c h\u00ecnh \u1ea3nh nhi\u1ec7t v\u00e0 a\u0309nh th\u1ef1c t\u00ea\u0301 giu\u0301p \u0111i\u0323nh vi\u0323 ph\u00e9p \u0111o d\u1ec5 xem H\u1ec7 th\u1ed1ng pin linh ho\u1ea1t \u0111\u01b0\u1ee3c c\u1ea5p ngu\u1ed3n b\u1eb1ng pin 12V Li-Ion ho\u1eb7c v\u1edbi pin alkaline ti\u00eau chu\u1ea9n [:]","og_url":"https:\/\/www.midtech.com.vn\/san-pham\/may-do-nhiet-hong-ngoai-gtc-400-c\/","og_site_name":"C\u00f4ng Ty TNHH D\u1ecbch V\u1ee5 K\u1ef9 Thu\u1eadt Minh \u0110\u1ee9c","og_image":[{"width":800,"height":800,"url":"https:\/\/www.midtech.com.vn\/wp-content\/uploads\/2022\/06\/GTC-400-C.png","type":"image\/png"}],"twitter_card":"summary_large_image","twitter_misc":{"Est. reading time":"2 minutes"},"schema":{"@context":"https:\/\/schema.org","@graph":[{"@type":"WebSite","@id":"https:\/\/www.midtech.com.vn\/#website","url":"https:\/\/www.midtech.com.vn\/","name":"C\u00f4ng Ty TNHH D\u1ecbch V\u1ee5 K\u1ef9 Thu\u1eadt Minh \u0110\u1ee9c","description":"","potentialAction":[{"@type":"SearchAction","target":{"@type":"EntryPoint","urlTemplate":"https:\/\/www.midtech.com.vn\/?s={search_term_string}"},"query-input":"required name=search_term_string"}],"inLanguage":"en-US"},{"@type":"ImageObject","@id":"https:\/\/www.midtech.com.vn\/san-pham\/may-do-nhiet-hong-ngoai-gtc-400-c\/#primaryimage","inLanguage":"en-US","url":"https:\/\/www.midtech.com.vn\/wp-content\/uploads\/2022\/06\/GTC-400-C.png","contentUrl":"https:\/\/www.midtech.com.vn\/wp-content\/uploads\/2022\/06\/GTC-400-C.png","width":800,"height":800},{"@type":"WebPage","@id":"https:\/\/www.midtech.com.vn\/san-pham\/may-do-nhiet-hong-ngoai-gtc-400-c\/#webpage","url":"https:\/\/www.midtech.com.vn\/san-pham\/may-do-nhiet-hong-ngoai-gtc-400-c\/","name":"GTC 400 C PROFESSIONAL - C\u00f4ng Ty TNHH D\u1ecbch V\u1ee5 K\u1ef9 Thu\u1eadt Minh \u0110\u1ee9c","isPartOf":{"@id":"https:\/\/www.midtech.com.vn\/#website"},"primaryImageOfPage":{"@id":"https:\/\/www.midtech.com.vn\/san-pham\/may-do-nhiet-hong-ngoai-gtc-400-c\/#primaryimage"},"datePublished":"2022-06-13T09:13:03+00:00","dateModified":"2022-06-13T09:13:03+00:00","breadcrumb":{"@id":"https:\/\/www.midtech.com.vn\/san-pham\/may-do-nhiet-hong-ngoai-gtc-400-c\/#breadcrumb"},"inLanguage":"en-US","potentialAction":[{"@type":"ReadAction","target":["https:\/\/www.midtech.com.vn\/san-pham\/may-do-nhiet-hong-ngoai-gtc-400-c\/"]}]},{"@type":"BreadcrumbList","@id":"https:\/\/www.midtech.com.vn\/san-pham\/may-do-nhiet-hong-ngoai-gtc-400-c\/#breadcrumb","itemListElement":[{"@type":"ListItem","position":1,"name":"Home","item":"https:\/\/www.midtech.com.vn\/"},{"@type":"ListItem","position":2,"name":"Shop","item":"https:\/\/www.midtech.com.vn\/shop\/"},{"@type":"ListItem","position":3,"name":"M\u00e1y \u0111o nhi\u1ec7t h\u1ed3ng ngo\u1ea1i GTC 400 C"}]}]}},"_links":{"self":[{"href":"https:\/\/www.midtech.com.vn\/en\/wp-json\/wp\/v2\/product\/563"}],"collection":[{"href":"https:\/\/www.midtech.com.vn\/en\/wp-json\/wp\/v2\/product"}],"about":[{"href":"https:\/\/www.midtech.com.vn\/en\/wp-json\/wp\/v2\/types\/product"}],"replies":[{"embeddable":true,"href":"https:\/\/www.midtech.com.vn\/en\/wp-json\/wp\/v2\/comments?post=563"}],"wp:featuredmedia":[{"embeddable":true,"href":"https:\/\/www.midtech.com.vn\/en\/wp-json\/wp\/v2\/media\/549"}],"wp:attachment":[{"href":"https:\/\/www.midtech.com.vn\/en\/wp-json\/wp\/v2\/media?parent=563"}],"wp:term":[{"taxonomy":"product_cat","embeddable":true,"href":"https:\/\/www.midtech.com.vn\/en\/wp-json\/wp\/v2\/product_cat?post=563"},{"taxonomy":"product_tag","embeddable":true,"href":"https:\/\/www.midtech.com.vn\/en\/wp-json\/wp\/v2\/product_tag?post=563"}],"curies":[{"name":"wp","href":"https:\/\/api.w.org\/{rel}","templated":true}]}}