{"id":560,"date":"2022-06-13T09:07:44","date_gmt":"2022-06-13T09:07:44","guid":{"rendered":"https:\/\/www.midtech.com.vn\/?post_type=product&#038;p=560"},"modified":"2022-06-13T09:07:44","modified_gmt":"2022-06-13T09:07:44","slug":"may-do-tam-laser-glm-50-c","status":"publish","type":"product","link":"https:\/\/www.midtech.com.vn\/en\/san-pham\/may-do-tam-laser-glm-50-c\/","title":{"rendered":"GLM 50 C PROFESSIONAL"},"content":{"rendered":"<p class=\"qtranxs-available-languages-message qtranxs-available-languages-message-en\">Sorry, this entry is only available in <a href=\"https:\/\/www.midtech.com.vn\/vi\/wp-json\/wp\/v2\/product\/560\" class=\"qtranxs-available-language-link qtranxs-available-language-link-vi\" title=\"Ti\u1ebfng Vi\u1ec7t\">Ti\u1ebfng Vi\u1ec7t<\/a>.<\/p>","protected":false},"excerpt":{"rendered":"<p class=\"qtranxs-available-languages-message qtranxs-available-languages-message-en\">Sorry, this entry is only available in <a href=\"https:\/\/www.midtech.com.vn\/vi\/wp-json\/wp\/v2\/product\/560\" class=\"qtranxs-available-language-link qtranxs-available-language-link-vi\" title=\"Ti\u1ebfng Vi\u1ec7t\">Ti\u1ebfng Vi\u1ec7t<\/a>.<\/p>\n","protected":false},"featured_media":552,"comment_status":"closed","ping_status":"closed","template":"","meta":[],"product_cat":[29,32],"product_tag":[],"yoast_head":"<!-- This site is optimized with the Yoast SEO plugin v17.6 - https:\/\/yoast.com\/wordpress\/plugins\/seo\/ -->\n<title>GLM 50 C PROFESSIONAL - C\u00f4ng Ty TNHH D\u1ecbch V\u1ee5 K\u1ef9 Thu\u1eadt Minh \u0110\u1ee9c<\/title>\n<meta name=\"robots\" content=\"index, follow, max-snippet:-1, max-image-preview:large, max-video-preview:-1\" \/>\n<link rel=\"canonical\" href=\"https:\/\/www.midtech.com.vn\/san-pham\/may-do-tam-laser-glm-50-c\/\" \/>\n<meta property=\"og:locale\" content=\"en_US\" \/>\n<meta property=\"og:type\" content=\"article\" \/>\n<meta property=\"og:title\" content=\"GLM 50 C PROFESSIONAL - C\u00f4ng Ty TNHH D\u1ecbch V\u1ee5 K\u1ef9 Thu\u1eadt Minh \u0110\u1ee9c\" \/>\n<meta property=\"og:description\" content=\"[:vi]\u0110o l\u01b0\u1eddng \u0111\u01b0\u1ee3c k\u1ebft n\u1ed1i t\u1ed1t nh\u1ea5t \u2013 gi\u1ea3i ph\u00e1p th\u00f4ng minh da\u0300nh cho \u0111o l\u01b0\u1eddng v\u00e0 ghi che\u0301p  Truy\u1ec1n d\u1eef li\u1ec7u v\u00e0 ghi che\u0301p nhanh ch\u00f3ng v\u00e0 hi\u1ec7u qu\u1ea3 nh\u1edd k\u1ebft n\u1ed1i Bluetooth\u00ae connectivity v\u00e0 \u1ee8ng d\u1ee5ng MeasureOn c\u1ee7a Bosch M\u1ed9t lo\u1ea1t c\u00e1c ch\u1ee9c n\u0103ng, bao g\u1ed3m ch\u1ee9c n\u0103ng gi\u00e1m s\u00e1t v\u00e0 c\u1ea3m bi\u1ebfn nghi\u00eang 360\u00b0 X\u01b0\u0309 ly\u0301 nhanh nh\u1edd giao di\u00ea\u0323n ng\u01b0\u01a1\u0300i du\u0300ng \u0111\u01a1n gi\u1ea3n k\u00ea\u0301t h\u01a1\u0323p v\u01a1\u0301i ma\u0300n hi\u0300nh ma\u0300u sa\u0301ng xoay [:]\" \/>\n<meta property=\"og:url\" content=\"https:\/\/www.midtech.com.vn\/san-pham\/may-do-tam-laser-glm-50-c\/\" \/>\n<meta property=\"og:site_name\" content=\"C\u00f4ng Ty TNHH D\u1ecbch V\u1ee5 K\u1ef9 Thu\u1eadt Minh \u0110\u1ee9c\" \/>\n<meta property=\"og:image\" content=\"https:\/\/www.midtech.com.vn\/wp-content\/uploads\/2022\/06\/GLM-50-C.png\" \/>\n\t<meta property=\"og:image:width\" content=\"800\" \/>\n\t<meta property=\"og:image:height\" content=\"800\" \/>\n<meta name=\"twitter:card\" content=\"summary_large_image\" \/>\n<meta name=\"twitter:label1\" content=\"Est. reading time\" \/>\n\t<meta name=\"twitter:data1\" content=\"2 minutes\" \/>\n<script type=\"application\/ld+json\" class=\"yoast-schema-graph\">{\"@context\":\"https:\/\/schema.org\",\"@graph\":[{\"@type\":\"WebSite\",\"@id\":\"https:\/\/www.midtech.com.vn\/#website\",\"url\":\"https:\/\/www.midtech.com.vn\/\",\"name\":\"C\\u00f4ng Ty TNHH D\\u1ecbch V\\u1ee5 K\\u1ef9 Thu\\u1eadt Minh \\u0110\\u1ee9c\",\"description\":\"\",\"potentialAction\":[{\"@type\":\"SearchAction\",\"target\":{\"@type\":\"EntryPoint\",\"urlTemplate\":\"https:\/\/www.midtech.com.vn\/?s={search_term_string}\"},\"query-input\":\"required name=search_term_string\"}],\"inLanguage\":\"en-US\"},{\"@type\":\"ImageObject\",\"@id\":\"https:\/\/www.midtech.com.vn\/san-pham\/may-do-tam-laser-glm-50-c\/#primaryimage\",\"inLanguage\":\"en-US\",\"url\":\"https:\/\/www.midtech.com.vn\/wp-content\/uploads\/2022\/06\/GLM-50-C.png\",\"contentUrl\":\"https:\/\/www.midtech.com.vn\/wp-content\/uploads\/2022\/06\/GLM-50-C.png\",\"width\":800,\"height\":800},{\"@type\":\"WebPage\",\"@id\":\"https:\/\/www.midtech.com.vn\/san-pham\/may-do-tam-laser-glm-50-c\/#webpage\",\"url\":\"https:\/\/www.midtech.com.vn\/san-pham\/may-do-tam-laser-glm-50-c\/\",\"name\":\"GLM 50 C PROFESSIONAL - C\\u00f4ng Ty TNHH D\\u1ecbch V\\u1ee5 K\\u1ef9 Thu\\u1eadt Minh \\u0110\\u1ee9c\",\"isPartOf\":{\"@id\":\"https:\/\/www.midtech.com.vn\/#website\"},\"primaryImageOfPage\":{\"@id\":\"https:\/\/www.midtech.com.vn\/san-pham\/may-do-tam-laser-glm-50-c\/#primaryimage\"},\"datePublished\":\"2022-06-13T09:07:44+00:00\",\"dateModified\":\"2022-06-13T09:07:44+00:00\",\"breadcrumb\":{\"@id\":\"https:\/\/www.midtech.com.vn\/san-pham\/may-do-tam-laser-glm-50-c\/#breadcrumb\"},\"inLanguage\":\"en-US\",\"potentialAction\":[{\"@type\":\"ReadAction\",\"target\":[\"https:\/\/www.midtech.com.vn\/san-pham\/may-do-tam-laser-glm-50-c\/\"]}]},{\"@type\":\"BreadcrumbList\",\"@id\":\"https:\/\/www.midtech.com.vn\/san-pham\/may-do-tam-laser-glm-50-c\/#breadcrumb\",\"itemListElement\":[{\"@type\":\"ListItem\",\"position\":1,\"name\":\"Home\",\"item\":\"https:\/\/www.midtech.com.vn\/\"},{\"@type\":\"ListItem\",\"position\":2,\"name\":\"Shop\",\"item\":\"https:\/\/www.midtech.com.vn\/shop\/\"},{\"@type\":\"ListItem\",\"position\":3,\"name\":\"M\\u00e1y d\\u00f2 t\\u1ea7m laser GLM 50 C\"}]}]}<\/script>\n<!-- \/ Yoast SEO plugin. -->","yoast_head_json":{"title":"GLM 50 C PROFESSIONAL - C\u00f4ng Ty TNHH D\u1ecbch V\u1ee5 K\u1ef9 Thu\u1eadt Minh \u0110\u1ee9c","robots":{"index":"index","follow":"follow","max-snippet":"max-snippet:-1","max-image-preview":"max-image-preview:large","max-video-preview":"max-video-preview:-1"},"canonical":"https:\/\/www.midtech.com.vn\/san-pham\/may-do-tam-laser-glm-50-c\/","og_locale":"en_US","og_type":"article","og_title":"GLM 50 C PROFESSIONAL - C\u00f4ng Ty TNHH D\u1ecbch V\u1ee5 K\u1ef9 Thu\u1eadt Minh \u0110\u1ee9c","og_description":"[:vi]\u0110o l\u01b0\u1eddng \u0111\u01b0\u1ee3c k\u1ebft n\u1ed1i t\u1ed1t nh\u1ea5t \u2013 gi\u1ea3i ph\u00e1p th\u00f4ng minh da\u0300nh cho \u0111o l\u01b0\u1eddng v\u00e0 ghi che\u0301p  Truy\u1ec1n d\u1eef li\u1ec7u v\u00e0 ghi che\u0301p nhanh ch\u00f3ng v\u00e0 hi\u1ec7u qu\u1ea3 nh\u1edd k\u1ebft n\u1ed1i Bluetooth\u00ae connectivity v\u00e0 \u1ee8ng d\u1ee5ng MeasureOn c\u1ee7a Bosch M\u1ed9t lo\u1ea1t c\u00e1c ch\u1ee9c n\u0103ng, bao g\u1ed3m ch\u1ee9c n\u0103ng gi\u00e1m s\u00e1t v\u00e0 c\u1ea3m bi\u1ebfn nghi\u00eang 360\u00b0 X\u01b0\u0309 ly\u0301 nhanh nh\u1edd giao di\u00ea\u0323n ng\u01b0\u01a1\u0300i du\u0300ng \u0111\u01a1n gi\u1ea3n k\u00ea\u0301t h\u01a1\u0323p v\u01a1\u0301i ma\u0300n hi\u0300nh ma\u0300u sa\u0301ng xoay [:]","og_url":"https:\/\/www.midtech.com.vn\/san-pham\/may-do-tam-laser-glm-50-c\/","og_site_name":"C\u00f4ng Ty TNHH D\u1ecbch V\u1ee5 K\u1ef9 Thu\u1eadt Minh \u0110\u1ee9c","og_image":[{"width":800,"height":800,"url":"https:\/\/www.midtech.com.vn\/wp-content\/uploads\/2022\/06\/GLM-50-C.png","type":"image\/png"}],"twitter_card":"summary_large_image","twitter_misc":{"Est. reading time":"2 minutes"},"schema":{"@context":"https:\/\/schema.org","@graph":[{"@type":"WebSite","@id":"https:\/\/www.midtech.com.vn\/#website","url":"https:\/\/www.midtech.com.vn\/","name":"C\u00f4ng Ty TNHH D\u1ecbch V\u1ee5 K\u1ef9 Thu\u1eadt Minh \u0110\u1ee9c","description":"","potentialAction":[{"@type":"SearchAction","target":{"@type":"EntryPoint","urlTemplate":"https:\/\/www.midtech.com.vn\/?s={search_term_string}"},"query-input":"required name=search_term_string"}],"inLanguage":"en-US"},{"@type":"ImageObject","@id":"https:\/\/www.midtech.com.vn\/san-pham\/may-do-tam-laser-glm-50-c\/#primaryimage","inLanguage":"en-US","url":"https:\/\/www.midtech.com.vn\/wp-content\/uploads\/2022\/06\/GLM-50-C.png","contentUrl":"https:\/\/www.midtech.com.vn\/wp-content\/uploads\/2022\/06\/GLM-50-C.png","width":800,"height":800},{"@type":"WebPage","@id":"https:\/\/www.midtech.com.vn\/san-pham\/may-do-tam-laser-glm-50-c\/#webpage","url":"https:\/\/www.midtech.com.vn\/san-pham\/may-do-tam-laser-glm-50-c\/","name":"GLM 50 C PROFESSIONAL - C\u00f4ng Ty TNHH D\u1ecbch V\u1ee5 K\u1ef9 Thu\u1eadt Minh \u0110\u1ee9c","isPartOf":{"@id":"https:\/\/www.midtech.com.vn\/#website"},"primaryImageOfPage":{"@id":"https:\/\/www.midtech.com.vn\/san-pham\/may-do-tam-laser-glm-50-c\/#primaryimage"},"datePublished":"2022-06-13T09:07:44+00:00","dateModified":"2022-06-13T09:07:44+00:00","breadcrumb":{"@id":"https:\/\/www.midtech.com.vn\/san-pham\/may-do-tam-laser-glm-50-c\/#breadcrumb"},"inLanguage":"en-US","potentialAction":[{"@type":"ReadAction","target":["https:\/\/www.midtech.com.vn\/san-pham\/may-do-tam-laser-glm-50-c\/"]}]},{"@type":"BreadcrumbList","@id":"https:\/\/www.midtech.com.vn\/san-pham\/may-do-tam-laser-glm-50-c\/#breadcrumb","itemListElement":[{"@type":"ListItem","position":1,"name":"Home","item":"https:\/\/www.midtech.com.vn\/"},{"@type":"ListItem","position":2,"name":"Shop","item":"https:\/\/www.midtech.com.vn\/shop\/"},{"@type":"ListItem","position":3,"name":"M\u00e1y d\u00f2 t\u1ea7m laser GLM 50 C"}]}]}},"_links":{"self":[{"href":"https:\/\/www.midtech.com.vn\/en\/wp-json\/wp\/v2\/product\/560"}],"collection":[{"href":"https:\/\/www.midtech.com.vn\/en\/wp-json\/wp\/v2\/product"}],"about":[{"href":"https:\/\/www.midtech.com.vn\/en\/wp-json\/wp\/v2\/types\/product"}],"replies":[{"embeddable":true,"href":"https:\/\/www.midtech.com.vn\/en\/wp-json\/wp\/v2\/comments?post=560"}],"wp:featuredmedia":[{"embeddable":true,"href":"https:\/\/www.midtech.com.vn\/en\/wp-json\/wp\/v2\/media\/552"}],"wp:attachment":[{"href":"https:\/\/www.midtech.com.vn\/en\/wp-json\/wp\/v2\/media?parent=560"}],"wp:term":[{"taxonomy":"product_cat","embeddable":true,"href":"https:\/\/www.midtech.com.vn\/en\/wp-json\/wp\/v2\/product_cat?post=560"},{"taxonomy":"product_tag","embeddable":true,"href":"https:\/\/www.midtech.com.vn\/en\/wp-json\/wp\/v2\/product_tag?post=560"}],"curies":[{"name":"wp","href":"https:\/\/api.w.org\/{rel}","templated":true}]}}