{"id":544,"date":"2022-06-13T08:59:23","date_gmt":"2022-06-13T08:59:23","guid":{"rendered":"https:\/\/www.midtech.com.vn\/?post_type=product&#038;p=544"},"modified":"2022-06-13T08:59:23","modified_gmt":"2022-06-13T08:59:23","slug":"may-can-muc-laser-gcl-2-50-cg","status":"publish","type":"product","link":"https:\/\/www.midtech.com.vn\/en\/san-pham\/may-can-muc-laser-gcl-2-50-cg\/","title":{"rendered":"GCL 2-50 CG PROFESSIONAL"},"content":{"rendered":"<p class=\"qtranxs-available-languages-message qtranxs-available-languages-message-en\">Sorry, this entry is only available in <a href=\"https:\/\/www.midtech.com.vn\/vi\/wp-json\/wp\/v2\/product\/544\" class=\"qtranxs-available-language-link qtranxs-available-language-link-vi\" title=\"Ti\u1ebfng Vi\u1ec7t\">Ti\u1ebfng Vi\u1ec7t<\/a>.<\/p>","protected":false},"excerpt":{"rendered":"<p class=\"qtranxs-available-languages-message qtranxs-available-languages-message-en\">Sorry, this entry is only available in <a href=\"https:\/\/www.midtech.com.vn\/vi\/wp-json\/wp\/v2\/product\/544\" class=\"qtranxs-available-language-link qtranxs-available-language-link-vi\" title=\"Ti\u1ebfng Vi\u1ec7t\">Ti\u1ebfng Vi\u1ec7t<\/a>.<\/p>\n","protected":false},"featured_media":556,"comment_status":"closed","ping_status":"closed","template":"","meta":[],"product_cat":[29,32],"product_tag":[],"yoast_head":"<!-- This site is optimized with the Yoast SEO plugin v17.6 - https:\/\/yoast.com\/wordpress\/plugins\/seo\/ -->\n<title>GCL 2-50 CG PROFESSIONAL - C\u00f4ng Ty TNHH D\u1ecbch V\u1ee5 K\u1ef9 Thu\u1eadt Minh \u0110\u1ee9c<\/title>\n<meta name=\"robots\" content=\"index, follow, max-snippet:-1, max-image-preview:large, max-video-preview:-1\" \/>\n<link rel=\"canonical\" href=\"https:\/\/www.midtech.com.vn\/san-pham\/may-can-muc-laser-gcl-2-50-cg\/\" \/>\n<meta property=\"og:locale\" content=\"en_US\" \/>\n<meta property=\"og:type\" content=\"article\" \/>\n<meta property=\"og:title\" content=\"GCL 2-50 CG PROFESSIONAL - C\u00f4ng Ty TNHH D\u1ecbch V\u1ee5 K\u1ef9 Thu\u1eadt Minh \u0110\u1ee9c\" \/>\n<meta property=\"og:description\" content=\"[:vi]Tia hi\u1ec3n th\u1ecb s\u1eafc n\u00e9t k\u1ebft h\u1ee3p c\u00f9ng c\u00e1c ch\u1ee9c n\u0103ng th\u00f4ng minh  C\u00e1c tia laser xanh ngang v\u00e0 d\u1ecdc c\u00f9ng hai \u0111i\u1ec3m do\u0323i h\u01b0\u01a1\u0301ng t\u00e2m \u0111\u01b0\u01a1\u0323c hi\u1ec3n th\u1ecb r\u00f5 n\u00e9t K\u1ebft n\u1ed1i Bluetooth\u00ae \u0111\u01b0\u1ee3c gh\u00e9p n\u1ed1i v\u1edbi \u01b0\u0301ng d\u1ee5ng Levelling Remote giu\u0301p \u0111i\u1ec1u khi\u1ec3n du\u0323ng cu\u0323 t\u1eeb xa th\u00f4ng qua \u0111i\u1ec7n tho\u1ea1i th\u00f4ng minh B\u1ed9 ngu\u1ed3n c\u00f3 th\u1ec3 s\u01b0\u0309 du\u0323ng pin alkaline ho\u1eb7c pin s\u1ea1c Li-ion 12 V [:]\" \/>\n<meta property=\"og:url\" content=\"https:\/\/www.midtech.com.vn\/san-pham\/may-can-muc-laser-gcl-2-50-cg\/\" \/>\n<meta property=\"og:site_name\" content=\"C\u00f4ng Ty TNHH D\u1ecbch V\u1ee5 K\u1ef9 Thu\u1eadt Minh \u0110\u1ee9c\" \/>\n<meta property=\"og:image\" content=\"https:\/\/www.midtech.com.vn\/wp-content\/uploads\/2022\/06\/GCL-2-50-CG.png\" \/>\n\t<meta property=\"og:image:width\" content=\"800\" \/>\n\t<meta property=\"og:image:height\" content=\"800\" \/>\n<meta name=\"twitter:card\" content=\"summary_large_image\" \/>\n<meta name=\"twitter:label1\" content=\"Est. reading time\" \/>\n\t<meta name=\"twitter:data1\" content=\"3 minutes\" \/>\n<script type=\"application\/ld+json\" class=\"yoast-schema-graph\">{\"@context\":\"https:\/\/schema.org\",\"@graph\":[{\"@type\":\"WebSite\",\"@id\":\"https:\/\/www.midtech.com.vn\/#website\",\"url\":\"https:\/\/www.midtech.com.vn\/\",\"name\":\"C\\u00f4ng Ty TNHH D\\u1ecbch V\\u1ee5 K\\u1ef9 Thu\\u1eadt Minh \\u0110\\u1ee9c\",\"description\":\"\",\"potentialAction\":[{\"@type\":\"SearchAction\",\"target\":{\"@type\":\"EntryPoint\",\"urlTemplate\":\"https:\/\/www.midtech.com.vn\/?s={search_term_string}\"},\"query-input\":\"required name=search_term_string\"}],\"inLanguage\":\"en-US\"},{\"@type\":\"ImageObject\",\"@id\":\"https:\/\/www.midtech.com.vn\/san-pham\/may-can-muc-laser-gcl-2-50-cg\/#primaryimage\",\"inLanguage\":\"en-US\",\"url\":\"https:\/\/www.midtech.com.vn\/wp-content\/uploads\/2022\/06\/GCL-2-50-CG.png\",\"contentUrl\":\"https:\/\/www.midtech.com.vn\/wp-content\/uploads\/2022\/06\/GCL-2-50-CG.png\",\"width\":800,\"height\":800},{\"@type\":\"WebPage\",\"@id\":\"https:\/\/www.midtech.com.vn\/san-pham\/may-can-muc-laser-gcl-2-50-cg\/#webpage\",\"url\":\"https:\/\/www.midtech.com.vn\/san-pham\/may-can-muc-laser-gcl-2-50-cg\/\",\"name\":\"GCL 2-50 CG PROFESSIONAL - C\\u00f4ng Ty TNHH D\\u1ecbch V\\u1ee5 K\\u1ef9 Thu\\u1eadt Minh \\u0110\\u1ee9c\",\"isPartOf\":{\"@id\":\"https:\/\/www.midtech.com.vn\/#website\"},\"primaryImageOfPage\":{\"@id\":\"https:\/\/www.midtech.com.vn\/san-pham\/may-can-muc-laser-gcl-2-50-cg\/#primaryimage\"},\"datePublished\":\"2022-06-13T08:59:23+00:00\",\"dateModified\":\"2022-06-13T08:59:23+00:00\",\"breadcrumb\":{\"@id\":\"https:\/\/www.midtech.com.vn\/san-pham\/may-can-muc-laser-gcl-2-50-cg\/#breadcrumb\"},\"inLanguage\":\"en-US\",\"potentialAction\":[{\"@type\":\"ReadAction\",\"target\":[\"https:\/\/www.midtech.com.vn\/san-pham\/may-can-muc-laser-gcl-2-50-cg\/\"]}]},{\"@type\":\"BreadcrumbList\",\"@id\":\"https:\/\/www.midtech.com.vn\/san-pham\/may-can-muc-laser-gcl-2-50-cg\/#breadcrumb\",\"itemListElement\":[{\"@type\":\"ListItem\",\"position\":1,\"name\":\"Home\",\"item\":\"https:\/\/www.midtech.com.vn\/\"},{\"@type\":\"ListItem\",\"position\":2,\"name\":\"Shop\",\"item\":\"https:\/\/www.midtech.com.vn\/shop\/\"},{\"@type\":\"ListItem\",\"position\":3,\"name\":\"M\\u00e1y c\\u00e2n m\\u1ef1c laser GCL 2-50 CG\"}]}]}<\/script>\n<!-- \/ Yoast SEO plugin. -->","yoast_head_json":{"title":"GCL 2-50 CG PROFESSIONAL - C\u00f4ng Ty TNHH D\u1ecbch V\u1ee5 K\u1ef9 Thu\u1eadt Minh \u0110\u1ee9c","robots":{"index":"index","follow":"follow","max-snippet":"max-snippet:-1","max-image-preview":"max-image-preview:large","max-video-preview":"max-video-preview:-1"},"canonical":"https:\/\/www.midtech.com.vn\/san-pham\/may-can-muc-laser-gcl-2-50-cg\/","og_locale":"en_US","og_type":"article","og_title":"GCL 2-50 CG PROFESSIONAL - C\u00f4ng Ty TNHH D\u1ecbch V\u1ee5 K\u1ef9 Thu\u1eadt Minh \u0110\u1ee9c","og_description":"[:vi]Tia hi\u1ec3n th\u1ecb s\u1eafc n\u00e9t k\u1ebft h\u1ee3p c\u00f9ng c\u00e1c ch\u1ee9c n\u0103ng th\u00f4ng minh  C\u00e1c tia laser xanh ngang v\u00e0 d\u1ecdc c\u00f9ng hai \u0111i\u1ec3m do\u0323i h\u01b0\u01a1\u0301ng t\u00e2m \u0111\u01b0\u01a1\u0323c hi\u1ec3n th\u1ecb r\u00f5 n\u00e9t K\u1ebft n\u1ed1i Bluetooth\u00ae \u0111\u01b0\u1ee3c gh\u00e9p n\u1ed1i v\u1edbi \u01b0\u0301ng d\u1ee5ng Levelling Remote giu\u0301p \u0111i\u1ec1u khi\u1ec3n du\u0323ng cu\u0323 t\u1eeb xa th\u00f4ng qua \u0111i\u1ec7n tho\u1ea1i th\u00f4ng minh B\u1ed9 ngu\u1ed3n c\u00f3 th\u1ec3 s\u01b0\u0309 du\u0323ng pin alkaline ho\u1eb7c pin s\u1ea1c Li-ion 12 V [:]","og_url":"https:\/\/www.midtech.com.vn\/san-pham\/may-can-muc-laser-gcl-2-50-cg\/","og_site_name":"C\u00f4ng Ty TNHH D\u1ecbch V\u1ee5 K\u1ef9 Thu\u1eadt Minh \u0110\u1ee9c","og_image":[{"width":800,"height":800,"url":"https:\/\/www.midtech.com.vn\/wp-content\/uploads\/2022\/06\/GCL-2-50-CG.png","type":"image\/png"}],"twitter_card":"summary_large_image","twitter_misc":{"Est. reading time":"3 minutes"},"schema":{"@context":"https:\/\/schema.org","@graph":[{"@type":"WebSite","@id":"https:\/\/www.midtech.com.vn\/#website","url":"https:\/\/www.midtech.com.vn\/","name":"C\u00f4ng Ty TNHH D\u1ecbch V\u1ee5 K\u1ef9 Thu\u1eadt Minh \u0110\u1ee9c","description":"","potentialAction":[{"@type":"SearchAction","target":{"@type":"EntryPoint","urlTemplate":"https:\/\/www.midtech.com.vn\/?s={search_term_string}"},"query-input":"required name=search_term_string"}],"inLanguage":"en-US"},{"@type":"ImageObject","@id":"https:\/\/www.midtech.com.vn\/san-pham\/may-can-muc-laser-gcl-2-50-cg\/#primaryimage","inLanguage":"en-US","url":"https:\/\/www.midtech.com.vn\/wp-content\/uploads\/2022\/06\/GCL-2-50-CG.png","contentUrl":"https:\/\/www.midtech.com.vn\/wp-content\/uploads\/2022\/06\/GCL-2-50-CG.png","width":800,"height":800},{"@type":"WebPage","@id":"https:\/\/www.midtech.com.vn\/san-pham\/may-can-muc-laser-gcl-2-50-cg\/#webpage","url":"https:\/\/www.midtech.com.vn\/san-pham\/may-can-muc-laser-gcl-2-50-cg\/","name":"GCL 2-50 CG PROFESSIONAL - C\u00f4ng Ty TNHH D\u1ecbch V\u1ee5 K\u1ef9 Thu\u1eadt Minh \u0110\u1ee9c","isPartOf":{"@id":"https:\/\/www.midtech.com.vn\/#website"},"primaryImageOfPage":{"@id":"https:\/\/www.midtech.com.vn\/san-pham\/may-can-muc-laser-gcl-2-50-cg\/#primaryimage"},"datePublished":"2022-06-13T08:59:23+00:00","dateModified":"2022-06-13T08:59:23+00:00","breadcrumb":{"@id":"https:\/\/www.midtech.com.vn\/san-pham\/may-can-muc-laser-gcl-2-50-cg\/#breadcrumb"},"inLanguage":"en-US","potentialAction":[{"@type":"ReadAction","target":["https:\/\/www.midtech.com.vn\/san-pham\/may-can-muc-laser-gcl-2-50-cg\/"]}]},{"@type":"BreadcrumbList","@id":"https:\/\/www.midtech.com.vn\/san-pham\/may-can-muc-laser-gcl-2-50-cg\/#breadcrumb","itemListElement":[{"@type":"ListItem","position":1,"name":"Home","item":"https:\/\/www.midtech.com.vn\/"},{"@type":"ListItem","position":2,"name":"Shop","item":"https:\/\/www.midtech.com.vn\/shop\/"},{"@type":"ListItem","position":3,"name":"M\u00e1y c\u00e2n m\u1ef1c laser GCL 2-50 CG"}]}]}},"_links":{"self":[{"href":"https:\/\/www.midtech.com.vn\/en\/wp-json\/wp\/v2\/product\/544"}],"collection":[{"href":"https:\/\/www.midtech.com.vn\/en\/wp-json\/wp\/v2\/product"}],"about":[{"href":"https:\/\/www.midtech.com.vn\/en\/wp-json\/wp\/v2\/types\/product"}],"replies":[{"embeddable":true,"href":"https:\/\/www.midtech.com.vn\/en\/wp-json\/wp\/v2\/comments?post=544"}],"wp:featuredmedia":[{"embeddable":true,"href":"https:\/\/www.midtech.com.vn\/en\/wp-json\/wp\/v2\/media\/556"}],"wp:attachment":[{"href":"https:\/\/www.midtech.com.vn\/en\/wp-json\/wp\/v2\/media?parent=544"}],"wp:term":[{"taxonomy":"product_cat","embeddable":true,"href":"https:\/\/www.midtech.com.vn\/en\/wp-json\/wp\/v2\/product_cat?post=544"},{"taxonomy":"product_tag","embeddable":true,"href":"https:\/\/www.midtech.com.vn\/en\/wp-json\/wp\/v2\/product_tag?post=544"}],"curies":[{"name":"wp","href":"https:\/\/api.w.org\/{rel}","templated":true}]}}