{"id":539,"date":"2022-06-13T08:27:58","date_gmt":"2022-06-13T08:27:58","guid":{"rendered":"https:\/\/www.midtech.com.vn\/?post_type=product&#038;p=539"},"modified":"2022-06-13T08:27:58","modified_gmt":"2022-06-13T08:27:58","slug":"may-cat-da-gde-230-fc-t","status":"publish","type":"product","link":"https:\/\/www.midtech.com.vn\/en\/san-pham\/may-cat-da-gde-230-fc-t\/","title":{"rendered":"GDE 230 FC-T PROFESSIONAL"},"content":{"rendered":"<p class=\"qtranxs-available-languages-message qtranxs-available-languages-message-en\">Sorry, this entry is only available in <a href=\"https:\/\/www.midtech.com.vn\/vi\/wp-json\/wp\/v2\/product\/539\" class=\"qtranxs-available-language-link qtranxs-available-language-link-vi\" title=\"Ti\u1ebfng Vi\u1ec7t\">Ti\u1ebfng Vi\u1ec7t<\/a>.<\/p>","protected":false},"excerpt":{"rendered":"<p class=\"qtranxs-available-languages-message qtranxs-available-languages-message-en\">Sorry, this entry is only available in <a href=\"https:\/\/www.midtech.com.vn\/vi\/wp-json\/wp\/v2\/product\/539\" class=\"qtranxs-available-language-link qtranxs-available-language-link-vi\" title=\"Ti\u1ebfng Vi\u1ec7t\">Ti\u1ebfng Vi\u1ec7t<\/a>.<\/p>\n","protected":false},"featured_media":516,"comment_status":"closed","ping_status":"closed","template":"","meta":[],"product_cat":[29,31],"product_tag":[],"yoast_head":"<!-- This site is optimized with the Yoast SEO plugin v17.6 - https:\/\/yoast.com\/wordpress\/plugins\/seo\/ -->\n<title>GDE 230 FC-T PROFESSIONAL - C\u00f4ng Ty TNHH D\u1ecbch V\u1ee5 K\u1ef9 Thu\u1eadt Minh \u0110\u1ee9c<\/title>\n<meta name=\"robots\" content=\"index, follow, max-snippet:-1, max-image-preview:large, max-video-preview:-1\" \/>\n<link rel=\"canonical\" href=\"https:\/\/www.midtech.com.vn\/san-pham\/may-cat-da-gde-230-fc-t\/\" \/>\n<meta property=\"og:locale\" content=\"en_US\" \/>\n<meta property=\"og:type\" content=\"article\" \/>\n<meta property=\"og:title\" content=\"GDE 230 FC-T PROFESSIONAL - C\u00f4ng Ty TNHH D\u1ecbch V\u1ee5 K\u1ef9 Thu\u1eadt Minh \u0110\u1ee9c\" \/>\n<meta property=\"og:description\" content=\"[:vi]C\u1eaft \u0111\u00e1 h\u00e2\u0300u nh\u01b0 kh\u00f4ng ta\u0323o b\u1ee5i b\u1eb1ng m\u00e1y m\u00e0i g\u00f3c l\u01a1\u0301n  Giu\u0301p th\u01b0\u0323c hi\u00ea\u0323n c\u00f4ng vi\u00ea\u0323c m\u00f4\u0323t ca\u0301ch s\u1ea1ch s\u1ebd, g\u1ecdn g\u00e0ng v\u00e0 h\u1ea7u nh\u01b0 kh\u00f4ng c\u00e2\u0300n pha\u0309i do\u0323n de\u0323p sau \u0111\u00f3 X\u1eed l\u00fd d\u1ec5 d\u00e0ng: Ti\u00ea\u0323n l\u01a1\u0323i n\u1ed1i v\u1edbi ma\u0301y ma\u0300i go\u0301c va\u0300 m\u00e1y h\u00fat b\u1ee5i Hoa\u0323t \u0111\u00f4\u0323ng v\u01a1\u0301i nhi\u00ea\u0300u ma\u0301y ma\u0300i go\u0301c cu\u0309a Bosch co\u0301 \u0111\u01b0\u01a1\u0300ng ki\u0301nh 230 mm [:]\" \/>\n<meta property=\"og:url\" content=\"https:\/\/www.midtech.com.vn\/san-pham\/may-cat-da-gde-230-fc-t\/\" \/>\n<meta property=\"og:site_name\" content=\"C\u00f4ng Ty TNHH D\u1ecbch V\u1ee5 K\u1ef9 Thu\u1eadt Minh \u0110\u1ee9c\" \/>\n<meta property=\"og:image\" content=\"https:\/\/www.midtech.com.vn\/wp-content\/uploads\/2022\/06\/GDE-230-FC-T.png\" \/>\n\t<meta property=\"og:image:width\" content=\"800\" \/>\n\t<meta property=\"og:image:height\" content=\"800\" \/>\n<meta name=\"twitter:card\" content=\"summary_large_image\" \/>\n<script type=\"application\/ld+json\" class=\"yoast-schema-graph\">{\"@context\":\"https:\/\/schema.org\",\"@graph\":[{\"@type\":\"WebSite\",\"@id\":\"https:\/\/www.midtech.com.vn\/#website\",\"url\":\"https:\/\/www.midtech.com.vn\/\",\"name\":\"C\\u00f4ng Ty TNHH D\\u1ecbch V\\u1ee5 K\\u1ef9 Thu\\u1eadt Minh \\u0110\\u1ee9c\",\"description\":\"\",\"potentialAction\":[{\"@type\":\"SearchAction\",\"target\":{\"@type\":\"EntryPoint\",\"urlTemplate\":\"https:\/\/www.midtech.com.vn\/?s={search_term_string}\"},\"query-input\":\"required name=search_term_string\"}],\"inLanguage\":\"en-US\"},{\"@type\":\"ImageObject\",\"@id\":\"https:\/\/www.midtech.com.vn\/san-pham\/may-cat-da-gde-230-fc-t\/#primaryimage\",\"inLanguage\":\"en-US\",\"url\":\"https:\/\/www.midtech.com.vn\/wp-content\/uploads\/2022\/06\/GDE-230-FC-T.png\",\"contentUrl\":\"https:\/\/www.midtech.com.vn\/wp-content\/uploads\/2022\/06\/GDE-230-FC-T.png\",\"width\":800,\"height\":800},{\"@type\":\"WebPage\",\"@id\":\"https:\/\/www.midtech.com.vn\/san-pham\/may-cat-da-gde-230-fc-t\/#webpage\",\"url\":\"https:\/\/www.midtech.com.vn\/san-pham\/may-cat-da-gde-230-fc-t\/\",\"name\":\"GDE 230 FC-T PROFESSIONAL - C\\u00f4ng Ty TNHH D\\u1ecbch V\\u1ee5 K\\u1ef9 Thu\\u1eadt Minh \\u0110\\u1ee9c\",\"isPartOf\":{\"@id\":\"https:\/\/www.midtech.com.vn\/#website\"},\"primaryImageOfPage\":{\"@id\":\"https:\/\/www.midtech.com.vn\/san-pham\/may-cat-da-gde-230-fc-t\/#primaryimage\"},\"datePublished\":\"2022-06-13T08:27:58+00:00\",\"dateModified\":\"2022-06-13T08:27:58+00:00\",\"breadcrumb\":{\"@id\":\"https:\/\/www.midtech.com.vn\/san-pham\/may-cat-da-gde-230-fc-t\/#breadcrumb\"},\"inLanguage\":\"en-US\",\"potentialAction\":[{\"@type\":\"ReadAction\",\"target\":[\"https:\/\/www.midtech.com.vn\/san-pham\/may-cat-da-gde-230-fc-t\/\"]}]},{\"@type\":\"BreadcrumbList\",\"@id\":\"https:\/\/www.midtech.com.vn\/san-pham\/may-cat-da-gde-230-fc-t\/#breadcrumb\",\"itemListElement\":[{\"@type\":\"ListItem\",\"position\":1,\"name\":\"Home\",\"item\":\"https:\/\/www.midtech.com.vn\/\"},{\"@type\":\"ListItem\",\"position\":2,\"name\":\"Shop\",\"item\":\"https:\/\/www.midtech.com.vn\/shop\/\"},{\"@type\":\"ListItem\",\"position\":3,\"name\":\"M\\u00e1y c\\u1eaft \\u0111\\u00e1 GDE 230 FC-T\"}]}]}<\/script>\n<!-- \/ Yoast SEO plugin. -->","yoast_head_json":{"title":"GDE 230 FC-T PROFESSIONAL - C\u00f4ng Ty TNHH D\u1ecbch V\u1ee5 K\u1ef9 Thu\u1eadt Minh \u0110\u1ee9c","robots":{"index":"index","follow":"follow","max-snippet":"max-snippet:-1","max-image-preview":"max-image-preview:large","max-video-preview":"max-video-preview:-1"},"canonical":"https:\/\/www.midtech.com.vn\/san-pham\/may-cat-da-gde-230-fc-t\/","og_locale":"en_US","og_type":"article","og_title":"GDE 230 FC-T PROFESSIONAL - C\u00f4ng Ty TNHH D\u1ecbch V\u1ee5 K\u1ef9 Thu\u1eadt Minh \u0110\u1ee9c","og_description":"[:vi]C\u1eaft \u0111\u00e1 h\u00e2\u0300u nh\u01b0 kh\u00f4ng ta\u0323o b\u1ee5i b\u1eb1ng m\u00e1y m\u00e0i g\u00f3c l\u01a1\u0301n  Giu\u0301p th\u01b0\u0323c hi\u00ea\u0323n c\u00f4ng vi\u00ea\u0323c m\u00f4\u0323t ca\u0301ch s\u1ea1ch s\u1ebd, g\u1ecdn g\u00e0ng v\u00e0 h\u1ea7u nh\u01b0 kh\u00f4ng c\u00e2\u0300n pha\u0309i do\u0323n de\u0323p sau \u0111\u00f3 X\u1eed l\u00fd d\u1ec5 d\u00e0ng: Ti\u00ea\u0323n l\u01a1\u0323i n\u1ed1i v\u1edbi ma\u0301y ma\u0300i go\u0301c va\u0300 m\u00e1y h\u00fat b\u1ee5i Hoa\u0323t \u0111\u00f4\u0323ng v\u01a1\u0301i nhi\u00ea\u0300u ma\u0301y ma\u0300i go\u0301c cu\u0309a Bosch co\u0301 \u0111\u01b0\u01a1\u0300ng ki\u0301nh 230 mm [:]","og_url":"https:\/\/www.midtech.com.vn\/san-pham\/may-cat-da-gde-230-fc-t\/","og_site_name":"C\u00f4ng Ty TNHH D\u1ecbch V\u1ee5 K\u1ef9 Thu\u1eadt Minh \u0110\u1ee9c","og_image":[{"width":800,"height":800,"url":"https:\/\/www.midtech.com.vn\/wp-content\/uploads\/2022\/06\/GDE-230-FC-T.png","type":"image\/png"}],"twitter_card":"summary_large_image","schema":{"@context":"https:\/\/schema.org","@graph":[{"@type":"WebSite","@id":"https:\/\/www.midtech.com.vn\/#website","url":"https:\/\/www.midtech.com.vn\/","name":"C\u00f4ng Ty TNHH D\u1ecbch V\u1ee5 K\u1ef9 Thu\u1eadt Minh \u0110\u1ee9c","description":"","potentialAction":[{"@type":"SearchAction","target":{"@type":"EntryPoint","urlTemplate":"https:\/\/www.midtech.com.vn\/?s={search_term_string}"},"query-input":"required name=search_term_string"}],"inLanguage":"en-US"},{"@type":"ImageObject","@id":"https:\/\/www.midtech.com.vn\/san-pham\/may-cat-da-gde-230-fc-t\/#primaryimage","inLanguage":"en-US","url":"https:\/\/www.midtech.com.vn\/wp-content\/uploads\/2022\/06\/GDE-230-FC-T.png","contentUrl":"https:\/\/www.midtech.com.vn\/wp-content\/uploads\/2022\/06\/GDE-230-FC-T.png","width":800,"height":800},{"@type":"WebPage","@id":"https:\/\/www.midtech.com.vn\/san-pham\/may-cat-da-gde-230-fc-t\/#webpage","url":"https:\/\/www.midtech.com.vn\/san-pham\/may-cat-da-gde-230-fc-t\/","name":"GDE 230 FC-T PROFESSIONAL - C\u00f4ng Ty TNHH D\u1ecbch V\u1ee5 K\u1ef9 Thu\u1eadt Minh \u0110\u1ee9c","isPartOf":{"@id":"https:\/\/www.midtech.com.vn\/#website"},"primaryImageOfPage":{"@id":"https:\/\/www.midtech.com.vn\/san-pham\/may-cat-da-gde-230-fc-t\/#primaryimage"},"datePublished":"2022-06-13T08:27:58+00:00","dateModified":"2022-06-13T08:27:58+00:00","breadcrumb":{"@id":"https:\/\/www.midtech.com.vn\/san-pham\/may-cat-da-gde-230-fc-t\/#breadcrumb"},"inLanguage":"en-US","potentialAction":[{"@type":"ReadAction","target":["https:\/\/www.midtech.com.vn\/san-pham\/may-cat-da-gde-230-fc-t\/"]}]},{"@type":"BreadcrumbList","@id":"https:\/\/www.midtech.com.vn\/san-pham\/may-cat-da-gde-230-fc-t\/#breadcrumb","itemListElement":[{"@type":"ListItem","position":1,"name":"Home","item":"https:\/\/www.midtech.com.vn\/"},{"@type":"ListItem","position":2,"name":"Shop","item":"https:\/\/www.midtech.com.vn\/shop\/"},{"@type":"ListItem","position":3,"name":"M\u00e1y c\u1eaft \u0111\u00e1 GDE 230 FC-T"}]}]}},"_links":{"self":[{"href":"https:\/\/www.midtech.com.vn\/en\/wp-json\/wp\/v2\/product\/539"}],"collection":[{"href":"https:\/\/www.midtech.com.vn\/en\/wp-json\/wp\/v2\/product"}],"about":[{"href":"https:\/\/www.midtech.com.vn\/en\/wp-json\/wp\/v2\/types\/product"}],"replies":[{"embeddable":true,"href":"https:\/\/www.midtech.com.vn\/en\/wp-json\/wp\/v2\/comments?post=539"}],"wp:featuredmedia":[{"embeddable":true,"href":"https:\/\/www.midtech.com.vn\/en\/wp-json\/wp\/v2\/media\/516"}],"wp:attachment":[{"href":"https:\/\/www.midtech.com.vn\/en\/wp-json\/wp\/v2\/media?parent=539"}],"wp:term":[{"taxonomy":"product_cat","embeddable":true,"href":"https:\/\/www.midtech.com.vn\/en\/wp-json\/wp\/v2\/product_cat?post=539"},{"taxonomy":"product_tag","embeddable":true,"href":"https:\/\/www.midtech.com.vn\/en\/wp-json\/wp\/v2\/product_tag?post=539"}],"curies":[{"name":"wp","href":"https:\/\/api.w.org\/{rel}","templated":true}]}}