{"id":538,"date":"2022-06-13T08:25:53","date_gmt":"2022-06-13T08:25:53","guid":{"rendered":"https:\/\/www.midtech.com.vn\/?post_type=product&#038;p=538"},"modified":"2022-06-13T08:25:53","modified_gmt":"2022-06-13T08:25:53","slug":"may-cat-kim-loai-khong-day-gsc-12v-13","status":"publish","type":"product","link":"https:\/\/www.midtech.com.vn\/en\/san-pham\/may-cat-kim-loai-khong-day-gsc-12v-13\/","title":{"rendered":"GSC 12V-13 PROFESSIONAL"},"content":{"rendered":"<p class=\"qtranxs-available-languages-message qtranxs-available-languages-message-en\">Sorry, this entry is only available in <a href=\"https:\/\/www.midtech.com.vn\/vi\/wp-json\/wp\/v2\/product\/538\" class=\"qtranxs-available-language-link qtranxs-available-language-link-vi\" title=\"Ti\u1ebfng Vi\u1ec7t\">Ti\u1ebfng Vi\u1ec7t<\/a>.<\/p>","protected":false},"excerpt":{"rendered":"<p class=\"qtranxs-available-languages-message qtranxs-available-languages-message-en\">Sorry, this entry is only available in <a href=\"https:\/\/www.midtech.com.vn\/vi\/wp-json\/wp\/v2\/product\/538\" class=\"qtranxs-available-language-link qtranxs-available-language-link-vi\" title=\"Ti\u1ebfng Vi\u1ec7t\">Ti\u1ebfng Vi\u1ec7t<\/a>.<\/p>\n","protected":false},"featured_media":515,"comment_status":"closed","ping_status":"closed","template":"","meta":[],"product_cat":[29,31],"product_tag":[],"yoast_head":"<!-- This site is optimized with the Yoast SEO plugin v17.6 - https:\/\/yoast.com\/wordpress\/plugins\/seo\/ -->\n<title>GSC 12V-13 PROFESSIONAL - C\u00f4ng Ty TNHH D\u1ecbch V\u1ee5 K\u1ef9 Thu\u1eadt Minh \u0110\u1ee9c<\/title>\n<meta name=\"robots\" content=\"index, follow, max-snippet:-1, max-image-preview:large, max-video-preview:-1\" \/>\n<link rel=\"canonical\" href=\"https:\/\/www.midtech.com.vn\/san-pham\/may-cat-kim-loai-khong-day-gsc-12v-13\/\" \/>\n<meta property=\"og:locale\" content=\"en_US\" \/>\n<meta property=\"og:type\" content=\"article\" \/>\n<meta property=\"og:title\" content=\"GSC 12V-13 PROFESSIONAL - C\u00f4ng Ty TNHH D\u1ecbch V\u1ee5 K\u1ef9 Thu\u1eadt Minh \u0110\u1ee9c\" \/>\n<meta property=\"og:description\" content=\"[:vi]C\u1eaft xuy\u00ean qua kim lo\u1ea1i nhanh h\u01a1n 4 l\u1ea7n \u2013 v\u1edbi n\u1ed7 l\u1ef1c s\u1ed1 kh\u00f4ng  Nhanh h\u01a1n t\u1edbi 4 l\u1ea7n khi t\u1ea1o nh\u1eefng \u0111\u01b0\u1eddng c\u1eaft cong v\u00e0 th\u1eb3ng so v\u1edbi k\u00e9o c\u1eaft thi\u1ebfc th\u00f4ng d\u1ee5ng C\u1ef1c m\u1ea1nh m\u1ebd: th\u1ef1c hi\u1ec7n c\u00e1c \u0111\u01b0\u1eddng c\u1eaft kh\u00f4ng t\u1ed1n s\u1ee9c t\u1ed1i \u0111a 1,3 mm tr\u00ean kim lo\u1ea1i Tr\u1ecdng l\u01b0\u1ee3ng nh\u1eb9 v\u00f4 \u0111\u1ecbch (ch\u1ec9 1,4 kg) v\u00e0 thi\u1ebft k\u1ebf nh\u1ecf g\u1ecdn nh\u1ea5t \u0111\u1ec3 l\u00e0m vi\u1ec7c tho\u1ea3i m\u00e1i v\u00e0 \u00edt m\u1ecfi [:]\" \/>\n<meta property=\"og:url\" content=\"https:\/\/www.midtech.com.vn\/san-pham\/may-cat-kim-loai-khong-day-gsc-12v-13\/\" \/>\n<meta property=\"og:site_name\" content=\"C\u00f4ng Ty TNHH D\u1ecbch V\u1ee5 K\u1ef9 Thu\u1eadt Minh \u0110\u1ee9c\" \/>\n<meta property=\"og:image\" content=\"https:\/\/www.midtech.com.vn\/wp-content\/uploads\/2022\/06\/GSC-12V-13.png\" \/>\n\t<meta property=\"og:image:width\" content=\"800\" \/>\n\t<meta property=\"og:image:height\" content=\"800\" \/>\n<meta name=\"twitter:card\" content=\"summary_large_image\" \/>\n<meta name=\"twitter:label1\" content=\"Est. reading time\" \/>\n\t<meta name=\"twitter:data1\" content=\"1 minute\" \/>\n<script type=\"application\/ld+json\" class=\"yoast-schema-graph\">{\"@context\":\"https:\/\/schema.org\",\"@graph\":[{\"@type\":\"WebSite\",\"@id\":\"https:\/\/www.midtech.com.vn\/#website\",\"url\":\"https:\/\/www.midtech.com.vn\/\",\"name\":\"C\\u00f4ng Ty TNHH D\\u1ecbch V\\u1ee5 K\\u1ef9 Thu\\u1eadt Minh \\u0110\\u1ee9c\",\"description\":\"\",\"potentialAction\":[{\"@type\":\"SearchAction\",\"target\":{\"@type\":\"EntryPoint\",\"urlTemplate\":\"https:\/\/www.midtech.com.vn\/?s={search_term_string}\"},\"query-input\":\"required name=search_term_string\"}],\"inLanguage\":\"en-US\"},{\"@type\":\"ImageObject\",\"@id\":\"https:\/\/www.midtech.com.vn\/san-pham\/may-cat-kim-loai-khong-day-gsc-12v-13\/#primaryimage\",\"inLanguage\":\"en-US\",\"url\":\"https:\/\/www.midtech.com.vn\/wp-content\/uploads\/2022\/06\/GSC-12V-13.png\",\"contentUrl\":\"https:\/\/www.midtech.com.vn\/wp-content\/uploads\/2022\/06\/GSC-12V-13.png\",\"width\":800,\"height\":800},{\"@type\":\"WebPage\",\"@id\":\"https:\/\/www.midtech.com.vn\/san-pham\/may-cat-kim-loai-khong-day-gsc-12v-13\/#webpage\",\"url\":\"https:\/\/www.midtech.com.vn\/san-pham\/may-cat-kim-loai-khong-day-gsc-12v-13\/\",\"name\":\"GSC 12V-13 PROFESSIONAL - C\\u00f4ng Ty TNHH D\\u1ecbch V\\u1ee5 K\\u1ef9 Thu\\u1eadt Minh \\u0110\\u1ee9c\",\"isPartOf\":{\"@id\":\"https:\/\/www.midtech.com.vn\/#website\"},\"primaryImageOfPage\":{\"@id\":\"https:\/\/www.midtech.com.vn\/san-pham\/may-cat-kim-loai-khong-day-gsc-12v-13\/#primaryimage\"},\"datePublished\":\"2022-06-13T08:25:53+00:00\",\"dateModified\":\"2022-06-13T08:25:53+00:00\",\"breadcrumb\":{\"@id\":\"https:\/\/www.midtech.com.vn\/san-pham\/may-cat-kim-loai-khong-day-gsc-12v-13\/#breadcrumb\"},\"inLanguage\":\"en-US\",\"potentialAction\":[{\"@type\":\"ReadAction\",\"target\":[\"https:\/\/www.midtech.com.vn\/san-pham\/may-cat-kim-loai-khong-day-gsc-12v-13\/\"]}]},{\"@type\":\"BreadcrumbList\",\"@id\":\"https:\/\/www.midtech.com.vn\/san-pham\/may-cat-kim-loai-khong-day-gsc-12v-13\/#breadcrumb\",\"itemListElement\":[{\"@type\":\"ListItem\",\"position\":1,\"name\":\"Home\",\"item\":\"https:\/\/www.midtech.com.vn\/\"},{\"@type\":\"ListItem\",\"position\":2,\"name\":\"Shop\",\"item\":\"https:\/\/www.midtech.com.vn\/shop\/\"},{\"@type\":\"ListItem\",\"position\":3,\"name\":\"M\\u00e1y c\\u1eaft kim lo\\u1ea1i kh\\u00f4ng d\\u00e2y GSC 12V-13\"}]}]}<\/script>\n<!-- \/ Yoast SEO plugin. -->","yoast_head_json":{"title":"GSC 12V-13 PROFESSIONAL - C\u00f4ng Ty TNHH D\u1ecbch V\u1ee5 K\u1ef9 Thu\u1eadt Minh \u0110\u1ee9c","robots":{"index":"index","follow":"follow","max-snippet":"max-snippet:-1","max-image-preview":"max-image-preview:large","max-video-preview":"max-video-preview:-1"},"canonical":"https:\/\/www.midtech.com.vn\/san-pham\/may-cat-kim-loai-khong-day-gsc-12v-13\/","og_locale":"en_US","og_type":"article","og_title":"GSC 12V-13 PROFESSIONAL - C\u00f4ng Ty TNHH D\u1ecbch V\u1ee5 K\u1ef9 Thu\u1eadt Minh \u0110\u1ee9c","og_description":"[:vi]C\u1eaft xuy\u00ean qua kim lo\u1ea1i nhanh h\u01a1n 4 l\u1ea7n \u2013 v\u1edbi n\u1ed7 l\u1ef1c s\u1ed1 kh\u00f4ng  Nhanh h\u01a1n t\u1edbi 4 l\u1ea7n khi t\u1ea1o nh\u1eefng \u0111\u01b0\u1eddng c\u1eaft cong v\u00e0 th\u1eb3ng so v\u1edbi k\u00e9o c\u1eaft thi\u1ebfc th\u00f4ng d\u1ee5ng C\u1ef1c m\u1ea1nh m\u1ebd: th\u1ef1c hi\u1ec7n c\u00e1c \u0111\u01b0\u1eddng c\u1eaft kh\u00f4ng t\u1ed1n s\u1ee9c t\u1ed1i \u0111a 1,3 mm tr\u00ean kim lo\u1ea1i Tr\u1ecdng l\u01b0\u1ee3ng nh\u1eb9 v\u00f4 \u0111\u1ecbch (ch\u1ec9 1,4 kg) v\u00e0 thi\u1ebft k\u1ebf nh\u1ecf g\u1ecdn nh\u1ea5t \u0111\u1ec3 l\u00e0m vi\u1ec7c tho\u1ea3i m\u00e1i v\u00e0 \u00edt m\u1ecfi [:]","og_url":"https:\/\/www.midtech.com.vn\/san-pham\/may-cat-kim-loai-khong-day-gsc-12v-13\/","og_site_name":"C\u00f4ng Ty TNHH D\u1ecbch V\u1ee5 K\u1ef9 Thu\u1eadt Minh \u0110\u1ee9c","og_image":[{"width":800,"height":800,"url":"https:\/\/www.midtech.com.vn\/wp-content\/uploads\/2022\/06\/GSC-12V-13.png","type":"image\/png"}],"twitter_card":"summary_large_image","twitter_misc":{"Est. reading time":"1 minute"},"schema":{"@context":"https:\/\/schema.org","@graph":[{"@type":"WebSite","@id":"https:\/\/www.midtech.com.vn\/#website","url":"https:\/\/www.midtech.com.vn\/","name":"C\u00f4ng Ty TNHH D\u1ecbch V\u1ee5 K\u1ef9 Thu\u1eadt Minh \u0110\u1ee9c","description":"","potentialAction":[{"@type":"SearchAction","target":{"@type":"EntryPoint","urlTemplate":"https:\/\/www.midtech.com.vn\/?s={search_term_string}"},"query-input":"required name=search_term_string"}],"inLanguage":"en-US"},{"@type":"ImageObject","@id":"https:\/\/www.midtech.com.vn\/san-pham\/may-cat-kim-loai-khong-day-gsc-12v-13\/#primaryimage","inLanguage":"en-US","url":"https:\/\/www.midtech.com.vn\/wp-content\/uploads\/2022\/06\/GSC-12V-13.png","contentUrl":"https:\/\/www.midtech.com.vn\/wp-content\/uploads\/2022\/06\/GSC-12V-13.png","width":800,"height":800},{"@type":"WebPage","@id":"https:\/\/www.midtech.com.vn\/san-pham\/may-cat-kim-loai-khong-day-gsc-12v-13\/#webpage","url":"https:\/\/www.midtech.com.vn\/san-pham\/may-cat-kim-loai-khong-day-gsc-12v-13\/","name":"GSC 12V-13 PROFESSIONAL - C\u00f4ng Ty TNHH D\u1ecbch V\u1ee5 K\u1ef9 Thu\u1eadt Minh \u0110\u1ee9c","isPartOf":{"@id":"https:\/\/www.midtech.com.vn\/#website"},"primaryImageOfPage":{"@id":"https:\/\/www.midtech.com.vn\/san-pham\/may-cat-kim-loai-khong-day-gsc-12v-13\/#primaryimage"},"datePublished":"2022-06-13T08:25:53+00:00","dateModified":"2022-06-13T08:25:53+00:00","breadcrumb":{"@id":"https:\/\/www.midtech.com.vn\/san-pham\/may-cat-kim-loai-khong-day-gsc-12v-13\/#breadcrumb"},"inLanguage":"en-US","potentialAction":[{"@type":"ReadAction","target":["https:\/\/www.midtech.com.vn\/san-pham\/may-cat-kim-loai-khong-day-gsc-12v-13\/"]}]},{"@type":"BreadcrumbList","@id":"https:\/\/www.midtech.com.vn\/san-pham\/may-cat-kim-loai-khong-day-gsc-12v-13\/#breadcrumb","itemListElement":[{"@type":"ListItem","position":1,"name":"Home","item":"https:\/\/www.midtech.com.vn\/"},{"@type":"ListItem","position":2,"name":"Shop","item":"https:\/\/www.midtech.com.vn\/shop\/"},{"@type":"ListItem","position":3,"name":"M\u00e1y c\u1eaft kim lo\u1ea1i kh\u00f4ng d\u00e2y GSC 12V-13"}]}]}},"_links":{"self":[{"href":"https:\/\/www.midtech.com.vn\/en\/wp-json\/wp\/v2\/product\/538"}],"collection":[{"href":"https:\/\/www.midtech.com.vn\/en\/wp-json\/wp\/v2\/product"}],"about":[{"href":"https:\/\/www.midtech.com.vn\/en\/wp-json\/wp\/v2\/types\/product"}],"replies":[{"embeddable":true,"href":"https:\/\/www.midtech.com.vn\/en\/wp-json\/wp\/v2\/comments?post=538"}],"wp:featuredmedia":[{"embeddable":true,"href":"https:\/\/www.midtech.com.vn\/en\/wp-json\/wp\/v2\/media\/515"}],"wp:attachment":[{"href":"https:\/\/www.midtech.com.vn\/en\/wp-json\/wp\/v2\/media?parent=538"}],"wp:term":[{"taxonomy":"product_cat","embeddable":true,"href":"https:\/\/www.midtech.com.vn\/en\/wp-json\/wp\/v2\/product_cat?post=538"},{"taxonomy":"product_tag","embeddable":true,"href":"https:\/\/www.midtech.com.vn\/en\/wp-json\/wp\/v2\/product_tag?post=538"}],"curies":[{"name":"wp","href":"https:\/\/api.w.org\/{rel}","templated":true}]}}