{"id":531,"date":"2022-06-13T08:14:37","date_gmt":"2022-06-13T08:14:37","guid":{"rendered":"https:\/\/www.midtech.com.vn\/?post_type=product&#038;p=531"},"modified":"2022-06-13T08:14:37","modified_gmt":"2022-06-13T08:14:37","slug":"may-mai-de-ban-hai-da-gbg-60-20","status":"publish","type":"product","link":"https:\/\/www.midtech.com.vn\/en\/san-pham\/may-mai-de-ban-hai-da-gbg-60-20\/","title":{"rendered":"GBG 60-20 PROFESSIONAL"},"content":{"rendered":"<p class=\"qtranxs-available-languages-message qtranxs-available-languages-message-en\">Sorry, this entry is only available in <a href=\"https:\/\/www.midtech.com.vn\/vi\/wp-json\/wp\/v2\/product\/531\" class=\"qtranxs-available-language-link qtranxs-available-language-link-vi\" title=\"Ti\u1ebfng Vi\u1ec7t\">Ti\u1ebfng Vi\u1ec7t<\/a>.<\/p>","protected":false},"excerpt":{"rendered":"<p class=\"qtranxs-available-languages-message qtranxs-available-languages-message-en\">Sorry, this entry is only available in <a href=\"https:\/\/www.midtech.com.vn\/vi\/wp-json\/wp\/v2\/product\/531\" class=\"qtranxs-available-language-link qtranxs-available-language-link-vi\" title=\"Ti\u1ebfng Vi\u1ec7t\">Ti\u1ebfng Vi\u1ec7t<\/a>.<\/p>\n","protected":false},"featured_media":523,"comment_status":"closed","ping_status":"closed","template":"","meta":[],"product_cat":[29,31],"product_tag":[],"yoast_head":"<!-- This site is optimized with the Yoast SEO plugin v17.6 - https:\/\/yoast.com\/wordpress\/plugins\/seo\/ -->\n<title>GBG 60-20 PROFESSIONAL - C\u00f4ng Ty TNHH D\u1ecbch V\u1ee5 K\u1ef9 Thu\u1eadt Minh \u0110\u1ee9c<\/title>\n<meta name=\"robots\" content=\"index, follow, max-snippet:-1, max-image-preview:large, max-video-preview:-1\" \/>\n<link rel=\"canonical\" href=\"https:\/\/www.midtech.com.vn\/san-pham\/may-mai-de-ban-hai-da-gbg-60-20\/\" \/>\n<meta property=\"og:locale\" content=\"en_US\" \/>\n<meta property=\"og:type\" content=\"article\" \/>\n<meta property=\"og:title\" content=\"GBG 60-20 PROFESSIONAL - C\u00f4ng Ty TNHH D\u1ecbch V\u1ee5 K\u1ef9 Thu\u1eadt Minh \u0110\u1ee9c\" \/>\n<meta property=\"og:description\" content=\"[:vi]M\u00e1y m\u00e0i \u0111\u00ea\u0309 b\u00e0n hai b\u00e1nh chuy\u00ean du\u0323ng, co\u0301 m\u00f4-t\u01a1 600W gi\u1ea3i quy\u1ebft c\u00e1c c\u00f4ng vi\u1ec7c kh\u00f3 kh\u0103n nh\u1ea5t  M\u00f4-t\u01a1 c\u1ea3m \u1ee9ng m\u1ea1nh m\u1ebd, kh\u00f4ng c\u1ea7n b\u1ea3o tr\u00ec co\u0301 c\u00f4ng su\u00e2\u0301t 600W da\u0300nh cho c\u00e1c c\u00f4ng vi\u1ec7c m\u00e0i, m\u00e0i nh\u0103\u0303n v\u00e0 m\u00e0i s\u0103\u0301c ch\u00e2\u0301t l\u01b0\u01a1\u0323ng cao V\u1ecf nh\u00f4m \u0111\u00fac khu\u00f4n, ch\u1eafc ch\u1eafn v\u1edbi c\u00e1c \u1ed5 bi \u0111\u01b0\u1ee3c b\u00edt k\u00edn gi\u00fap m\u00f4-t\u01a1 kh\u00f4ng b\u1ecb b\u00e1m b\u1ee5i \u0111\u1ec3 c\u00f3 hi\u1ec7u su\u1ea5t l\u00e2u b\u1ec1n Ch\u00e2n \u0111\u1ebf v\u1eefng ch\u1eafc \u0111\u1ea3m b\u1ea3o ma\u0301y \u01a1\u0309 \u0111i\u1ec1u ki\u1ec7n l\u00e0m vi\u1ec7c an toa\u0300n, gi\u01b0\u0303 th\u0103ng b\u0103\u0300ng Ke\u0300m theo c\u00e1c gi\u00e1 \u0111\u1ee1 ph\u00f4i c\u00f3 th\u1ec3 \u0111i\u1ec1u ch\u1ec9nh kh\u00f4ng c\u1ea7n du\u0300ng d\u1ee5ng c\u1ee5, va\u0300nh ch\u0103\u0301n b\u1ea3o v\u1ec7 b\u1eb1ng th\u00e9p v\u00e0 n\u1eafp b\u1ea3o v\u1ec7 ch\u0103\u0301n tia l\u1eeda. [:]\" \/>\n<meta property=\"og:url\" content=\"https:\/\/www.midtech.com.vn\/san-pham\/may-mai-de-ban-hai-da-gbg-60-20\/\" \/>\n<meta property=\"og:site_name\" content=\"C\u00f4ng Ty TNHH D\u1ecbch V\u1ee5 K\u1ef9 Thu\u1eadt Minh \u0110\u1ee9c\" \/>\n<meta property=\"og:image\" content=\"https:\/\/www.midtech.com.vn\/wp-content\/uploads\/2022\/06\/GBG-60-20.png\" \/>\n\t<meta property=\"og:image:width\" content=\"800\" \/>\n\t<meta property=\"og:image:height\" content=\"800\" \/>\n<meta name=\"twitter:card\" content=\"summary_large_image\" \/>\n<meta name=\"twitter:label1\" content=\"Est. reading time\" \/>\n\t<meta name=\"twitter:data1\" content=\"1 minute\" \/>\n<script type=\"application\/ld+json\" class=\"yoast-schema-graph\">{\"@context\":\"https:\/\/schema.org\",\"@graph\":[{\"@type\":\"WebSite\",\"@id\":\"https:\/\/www.midtech.com.vn\/#website\",\"url\":\"https:\/\/www.midtech.com.vn\/\",\"name\":\"C\\u00f4ng Ty TNHH D\\u1ecbch V\\u1ee5 K\\u1ef9 Thu\\u1eadt Minh \\u0110\\u1ee9c\",\"description\":\"\",\"potentialAction\":[{\"@type\":\"SearchAction\",\"target\":{\"@type\":\"EntryPoint\",\"urlTemplate\":\"https:\/\/www.midtech.com.vn\/?s={search_term_string}\"},\"query-input\":\"required name=search_term_string\"}],\"inLanguage\":\"en-US\"},{\"@type\":\"ImageObject\",\"@id\":\"https:\/\/www.midtech.com.vn\/san-pham\/may-mai-de-ban-hai-da-gbg-60-20\/#primaryimage\",\"inLanguage\":\"en-US\",\"url\":\"https:\/\/www.midtech.com.vn\/wp-content\/uploads\/2022\/06\/GBG-60-20.png\",\"contentUrl\":\"https:\/\/www.midtech.com.vn\/wp-content\/uploads\/2022\/06\/GBG-60-20.png\",\"width\":800,\"height\":800},{\"@type\":\"WebPage\",\"@id\":\"https:\/\/www.midtech.com.vn\/san-pham\/may-mai-de-ban-hai-da-gbg-60-20\/#webpage\",\"url\":\"https:\/\/www.midtech.com.vn\/san-pham\/may-mai-de-ban-hai-da-gbg-60-20\/\",\"name\":\"GBG 60-20 PROFESSIONAL - C\\u00f4ng Ty TNHH D\\u1ecbch V\\u1ee5 K\\u1ef9 Thu\\u1eadt Minh \\u0110\\u1ee9c\",\"isPartOf\":{\"@id\":\"https:\/\/www.midtech.com.vn\/#website\"},\"primaryImageOfPage\":{\"@id\":\"https:\/\/www.midtech.com.vn\/san-pham\/may-mai-de-ban-hai-da-gbg-60-20\/#primaryimage\"},\"datePublished\":\"2022-06-13T08:14:37+00:00\",\"dateModified\":\"2022-06-13T08:14:37+00:00\",\"breadcrumb\":{\"@id\":\"https:\/\/www.midtech.com.vn\/san-pham\/may-mai-de-ban-hai-da-gbg-60-20\/#breadcrumb\"},\"inLanguage\":\"en-US\",\"potentialAction\":[{\"@type\":\"ReadAction\",\"target\":[\"https:\/\/www.midtech.com.vn\/san-pham\/may-mai-de-ban-hai-da-gbg-60-20\/\"]}]},{\"@type\":\"BreadcrumbList\",\"@id\":\"https:\/\/www.midtech.com.vn\/san-pham\/may-mai-de-ban-hai-da-gbg-60-20\/#breadcrumb\",\"itemListElement\":[{\"@type\":\"ListItem\",\"position\":1,\"name\":\"Home\",\"item\":\"https:\/\/www.midtech.com.vn\/\"},{\"@type\":\"ListItem\",\"position\":2,\"name\":\"Shop\",\"item\":\"https:\/\/www.midtech.com.vn\/shop\/\"},{\"@type\":\"ListItem\",\"position\":3,\"name\":\"M\\u00e1y m\\u00e0i \\u0111\\u1ec3 b\\u00e0n hai \\u0111\\u00e1 GBG 60-20\"}]}]}<\/script>\n<!-- \/ Yoast SEO plugin. -->","yoast_head_json":{"title":"GBG 60-20 PROFESSIONAL - C\u00f4ng Ty TNHH D\u1ecbch V\u1ee5 K\u1ef9 Thu\u1eadt Minh \u0110\u1ee9c","robots":{"index":"index","follow":"follow","max-snippet":"max-snippet:-1","max-image-preview":"max-image-preview:large","max-video-preview":"max-video-preview:-1"},"canonical":"https:\/\/www.midtech.com.vn\/san-pham\/may-mai-de-ban-hai-da-gbg-60-20\/","og_locale":"en_US","og_type":"article","og_title":"GBG 60-20 PROFESSIONAL - C\u00f4ng Ty TNHH D\u1ecbch V\u1ee5 K\u1ef9 Thu\u1eadt Minh \u0110\u1ee9c","og_description":"[:vi]M\u00e1y m\u00e0i \u0111\u00ea\u0309 b\u00e0n hai b\u00e1nh chuy\u00ean du\u0323ng, co\u0301 m\u00f4-t\u01a1 600W gi\u1ea3i quy\u1ebft c\u00e1c c\u00f4ng vi\u1ec7c kh\u00f3 kh\u0103n nh\u1ea5t  M\u00f4-t\u01a1 c\u1ea3m \u1ee9ng m\u1ea1nh m\u1ebd, kh\u00f4ng c\u1ea7n b\u1ea3o tr\u00ec co\u0301 c\u00f4ng su\u00e2\u0301t 600W da\u0300nh cho c\u00e1c c\u00f4ng vi\u1ec7c m\u00e0i, m\u00e0i nh\u0103\u0303n v\u00e0 m\u00e0i s\u0103\u0301c ch\u00e2\u0301t l\u01b0\u01a1\u0323ng cao V\u1ecf nh\u00f4m \u0111\u00fac khu\u00f4n, ch\u1eafc ch\u1eafn v\u1edbi c\u00e1c \u1ed5 bi \u0111\u01b0\u1ee3c b\u00edt k\u00edn gi\u00fap m\u00f4-t\u01a1 kh\u00f4ng b\u1ecb b\u00e1m b\u1ee5i \u0111\u1ec3 c\u00f3 hi\u1ec7u su\u1ea5t l\u00e2u b\u1ec1n Ch\u00e2n \u0111\u1ebf v\u1eefng ch\u1eafc \u0111\u1ea3m b\u1ea3o ma\u0301y \u01a1\u0309 \u0111i\u1ec1u ki\u1ec7n l\u00e0m vi\u1ec7c an toa\u0300n, gi\u01b0\u0303 th\u0103ng b\u0103\u0300ng Ke\u0300m theo c\u00e1c gi\u00e1 \u0111\u1ee1 ph\u00f4i c\u00f3 th\u1ec3 \u0111i\u1ec1u ch\u1ec9nh kh\u00f4ng c\u1ea7n du\u0300ng d\u1ee5ng c\u1ee5, va\u0300nh ch\u0103\u0301n b\u1ea3o v\u1ec7 b\u1eb1ng th\u00e9p v\u00e0 n\u1eafp b\u1ea3o v\u1ec7 ch\u0103\u0301n tia l\u1eeda. [:]","og_url":"https:\/\/www.midtech.com.vn\/san-pham\/may-mai-de-ban-hai-da-gbg-60-20\/","og_site_name":"C\u00f4ng Ty TNHH D\u1ecbch V\u1ee5 K\u1ef9 Thu\u1eadt Minh \u0110\u1ee9c","og_image":[{"width":800,"height":800,"url":"https:\/\/www.midtech.com.vn\/wp-content\/uploads\/2022\/06\/GBG-60-20.png","type":"image\/png"}],"twitter_card":"summary_large_image","twitter_misc":{"Est. reading time":"1 minute"},"schema":{"@context":"https:\/\/schema.org","@graph":[{"@type":"WebSite","@id":"https:\/\/www.midtech.com.vn\/#website","url":"https:\/\/www.midtech.com.vn\/","name":"C\u00f4ng Ty TNHH D\u1ecbch V\u1ee5 K\u1ef9 Thu\u1eadt Minh \u0110\u1ee9c","description":"","potentialAction":[{"@type":"SearchAction","target":{"@type":"EntryPoint","urlTemplate":"https:\/\/www.midtech.com.vn\/?s={search_term_string}"},"query-input":"required name=search_term_string"}],"inLanguage":"en-US"},{"@type":"ImageObject","@id":"https:\/\/www.midtech.com.vn\/san-pham\/may-mai-de-ban-hai-da-gbg-60-20\/#primaryimage","inLanguage":"en-US","url":"https:\/\/www.midtech.com.vn\/wp-content\/uploads\/2022\/06\/GBG-60-20.png","contentUrl":"https:\/\/www.midtech.com.vn\/wp-content\/uploads\/2022\/06\/GBG-60-20.png","width":800,"height":800},{"@type":"WebPage","@id":"https:\/\/www.midtech.com.vn\/san-pham\/may-mai-de-ban-hai-da-gbg-60-20\/#webpage","url":"https:\/\/www.midtech.com.vn\/san-pham\/may-mai-de-ban-hai-da-gbg-60-20\/","name":"GBG 60-20 PROFESSIONAL - C\u00f4ng Ty TNHH D\u1ecbch V\u1ee5 K\u1ef9 Thu\u1eadt Minh \u0110\u1ee9c","isPartOf":{"@id":"https:\/\/www.midtech.com.vn\/#website"},"primaryImageOfPage":{"@id":"https:\/\/www.midtech.com.vn\/san-pham\/may-mai-de-ban-hai-da-gbg-60-20\/#primaryimage"},"datePublished":"2022-06-13T08:14:37+00:00","dateModified":"2022-06-13T08:14:37+00:00","breadcrumb":{"@id":"https:\/\/www.midtech.com.vn\/san-pham\/may-mai-de-ban-hai-da-gbg-60-20\/#breadcrumb"},"inLanguage":"en-US","potentialAction":[{"@type":"ReadAction","target":["https:\/\/www.midtech.com.vn\/san-pham\/may-mai-de-ban-hai-da-gbg-60-20\/"]}]},{"@type":"BreadcrumbList","@id":"https:\/\/www.midtech.com.vn\/san-pham\/may-mai-de-ban-hai-da-gbg-60-20\/#breadcrumb","itemListElement":[{"@type":"ListItem","position":1,"name":"Home","item":"https:\/\/www.midtech.com.vn\/"},{"@type":"ListItem","position":2,"name":"Shop","item":"https:\/\/www.midtech.com.vn\/shop\/"},{"@type":"ListItem","position":3,"name":"M\u00e1y m\u00e0i \u0111\u1ec3 b\u00e0n hai \u0111\u00e1 GBG 60-20"}]}]}},"_links":{"self":[{"href":"https:\/\/www.midtech.com.vn\/en\/wp-json\/wp\/v2\/product\/531"}],"collection":[{"href":"https:\/\/www.midtech.com.vn\/en\/wp-json\/wp\/v2\/product"}],"about":[{"href":"https:\/\/www.midtech.com.vn\/en\/wp-json\/wp\/v2\/types\/product"}],"replies":[{"embeddable":true,"href":"https:\/\/www.midtech.com.vn\/en\/wp-json\/wp\/v2\/comments?post=531"}],"wp:featuredmedia":[{"embeddable":true,"href":"https:\/\/www.midtech.com.vn\/en\/wp-json\/wp\/v2\/media\/523"}],"wp:attachment":[{"href":"https:\/\/www.midtech.com.vn\/en\/wp-json\/wp\/v2\/media?parent=531"}],"wp:term":[{"taxonomy":"product_cat","embeddable":true,"href":"https:\/\/www.midtech.com.vn\/en\/wp-json\/wp\/v2\/product_cat?post=531"},{"taxonomy":"product_tag","embeddable":true,"href":"https:\/\/www.midtech.com.vn\/en\/wp-json\/wp\/v2\/product_tag?post=531"}],"curies":[{"name":"wp","href":"https:\/\/api.w.org\/{rel}","templated":true}]}}