{"id":529,"date":"2022-06-13T08:11:58","date_gmt":"2022-06-13T08:11:58","guid":{"rendered":"https:\/\/www.midtech.com.vn\/?post_type=product&#038;p=529"},"modified":"2022-06-13T08:11:58","modified_gmt":"2022-06-13T08:11:58","slug":"may-danh-bong-gpo-950","status":"publish","type":"product","link":"https:\/\/www.midtech.com.vn\/en\/san-pham\/may-danh-bong-gpo-950\/","title":{"rendered":"GPO 950 PROFESSIONAL"},"content":{"rendered":"<p class=\"qtranxs-available-languages-message qtranxs-available-languages-message-en\">Sorry, this entry is only available in <a href=\"https:\/\/www.midtech.com.vn\/vi\/wp-json\/wp\/v2\/product\/529\" class=\"qtranxs-available-language-link qtranxs-available-language-link-vi\" title=\"Ti\u1ebfng Vi\u1ec7t\">Ti\u1ebfng Vi\u1ec7t<\/a>.<\/p>","protected":false},"excerpt":{"rendered":"<p class=\"qtranxs-available-languages-message qtranxs-available-languages-message-en\">Sorry, this entry is only available in <a href=\"https:\/\/www.midtech.com.vn\/vi\/wp-json\/wp\/v2\/product\/529\" class=\"qtranxs-available-language-link qtranxs-available-language-link-vi\" title=\"Ti\u1ebfng Vi\u1ec7t\">Ti\u1ebfng Vi\u1ec7t<\/a>.<\/p>\n","protected":false},"featured_media":525,"comment_status":"closed","ping_status":"closed","template":"","meta":[],"product_cat":[29,31],"product_tag":[],"class_list":["post-529","product","type-product","status-publish","has-post-thumbnail","hentry","product_cat-dung-cu-dien-cam-tay-bosch","product_cat-may-mai-va-co-khi"],"yoast_head":"<!-- This site is optimized with the Yoast SEO plugin v17.6 - https:\/\/yoast.com\/wordpress\/plugins\/seo\/ -->\n<title>GPO 950 PROFESSIONAL - C\u00f4ng Ty TNHH D\u1ecbch V\u1ee5 K\u1ef9 Thu\u1eadt Minh \u0110\u1ee9c<\/title>\n<meta name=\"robots\" content=\"index, follow, max-snippet:-1, max-image-preview:large, max-video-preview:-1\" \/>\n<link rel=\"canonical\" href=\"https:\/\/www.midtech.com.vn\/san-pham\/may-danh-bong-gpo-950\/\" \/>\n<meta property=\"og:locale\" content=\"en_US\" \/>\n<meta property=\"og:type\" content=\"article\" \/>\n<meta property=\"og:title\" content=\"GPO 950 PROFESSIONAL - C\u00f4ng Ty TNHH D\u1ecbch V\u1ee5 K\u1ef9 Thu\u1eadt Minh \u0110\u1ee9c\" \/>\n<meta property=\"og:description\" content=\"[:vi]M\u00e1y \u0111\u00e1nh b\u00f3ng d\u1ecdc \u0111\u1ea7u ti\u00ean c\u1ee7a Bosch!  \u0110a\u0301nh bo\u0301ng m\u1ea1nh m\u1ebd nh\u01a1\u0300 c\u00f4ng su\u1ea5t \u0111\u1ea7u v\u00e0o 950 W m\u1ea1nh m\u1ebd S\u1eed d\u1ee5ng kh\u00f4ng m\u1ecfi nh\u01a1\u0300 thi\u1ebft k\u1ebf theo da\u0323ng n\u0103\u0300m ngang giu\u0301p \u0111a\u0301nh bo\u0301ng t\u00f4\u0301i \u01b0u Chi\u0301nh xa\u0301c cho t\u00e2\u0301t ca\u0309 tr\u01b0\u01a1\u0300ng h\u01a1\u0323p s\u01b0\u0309 du\u0323ng nh\u01a1\u0300 t\u00f4\u0301c \u0111\u00f4\u0323 600~2100 vo\u0300ng\/phu\u0301t; + -2 vo\u0300ng\/phu\u0301t v\u01a1\u0301i thi\u00ea\u0301t l\u00e2\u0323p bi\u00ea\u0301n \u0111\u00f4\u0309i t\u00f4\u0301c \u0111\u00f4\u0323 li\u00ean tu\u0323c Qua\u0301 tri\u0300nh \u0111a\u0301nh bo\u0301ng tr\u01a1n tru nh\u01a1\u0300 kh\u01a1\u0309i \u0111\u00f4\u0323ng \u00eam &amp; co\u0301 ch\u01b0\u0301c n\u0103ng t\u00f4\u0301c \u0111\u00f4\u0323 kh\u00f4ng \u0111\u00f4\u0309i [:]\" \/>\n<meta property=\"og:url\" content=\"https:\/\/www.midtech.com.vn\/san-pham\/may-danh-bong-gpo-950\/\" \/>\n<meta property=\"og:site_name\" content=\"C\u00f4ng Ty TNHH D\u1ecbch V\u1ee5 K\u1ef9 Thu\u1eadt Minh \u0110\u1ee9c\" \/>\n<meta property=\"og:image\" content=\"https:\/\/www.midtech.com.vn\/wp-content\/uploads\/2022\/06\/GPO-950.png\" \/>\n\t<meta property=\"og:image:width\" content=\"800\" \/>\n\t<meta property=\"og:image:height\" content=\"800\" \/>\n<meta name=\"twitter:card\" content=\"summary_large_image\" \/>\n<meta name=\"twitter:label1\" content=\"Est. reading time\" \/>\n\t<meta name=\"twitter:data1\" content=\"1 minute\" \/>\n<script type=\"application\/ld+json\" class=\"yoast-schema-graph\">{\"@context\":\"https:\/\/schema.org\",\"@graph\":[{\"@type\":\"WebSite\",\"@id\":\"https:\/\/www.midtech.com.vn\/#website\",\"url\":\"https:\/\/www.midtech.com.vn\/\",\"name\":\"C\\u00f4ng Ty TNHH D\\u1ecbch V\\u1ee5 K\\u1ef9 Thu\\u1eadt Minh \\u0110\\u1ee9c\",\"description\":\"\",\"potentialAction\":[{\"@type\":\"SearchAction\",\"target\":{\"@type\":\"EntryPoint\",\"urlTemplate\":\"https:\/\/www.midtech.com.vn\/?s={search_term_string}\"},\"query-input\":\"required name=search_term_string\"}],\"inLanguage\":\"en-US\"},{\"@type\":\"ImageObject\",\"@id\":\"https:\/\/www.midtech.com.vn\/san-pham\/may-danh-bong-gpo-950\/#primaryimage\",\"inLanguage\":\"en-US\",\"url\":\"https:\/\/www.midtech.com.vn\/wp-content\/uploads\/2022\/06\/GPO-950.png\",\"contentUrl\":\"https:\/\/www.midtech.com.vn\/wp-content\/uploads\/2022\/06\/GPO-950.png\",\"width\":800,\"height\":800},{\"@type\":\"WebPage\",\"@id\":\"https:\/\/www.midtech.com.vn\/san-pham\/may-danh-bong-gpo-950\/#webpage\",\"url\":\"https:\/\/www.midtech.com.vn\/san-pham\/may-danh-bong-gpo-950\/\",\"name\":\"GPO 950 PROFESSIONAL - C\\u00f4ng Ty TNHH D\\u1ecbch V\\u1ee5 K\\u1ef9 Thu\\u1eadt Minh \\u0110\\u1ee9c\",\"isPartOf\":{\"@id\":\"https:\/\/www.midtech.com.vn\/#website\"},\"primaryImageOfPage\":{\"@id\":\"https:\/\/www.midtech.com.vn\/san-pham\/may-danh-bong-gpo-950\/#primaryimage\"},\"datePublished\":\"2022-06-13T08:11:58+00:00\",\"dateModified\":\"2022-06-13T08:11:58+00:00\",\"breadcrumb\":{\"@id\":\"https:\/\/www.midtech.com.vn\/san-pham\/may-danh-bong-gpo-950\/#breadcrumb\"},\"inLanguage\":\"en-US\",\"potentialAction\":[{\"@type\":\"ReadAction\",\"target\":[\"https:\/\/www.midtech.com.vn\/san-pham\/may-danh-bong-gpo-950\/\"]}]},{\"@type\":\"BreadcrumbList\",\"@id\":\"https:\/\/www.midtech.com.vn\/san-pham\/may-danh-bong-gpo-950\/#breadcrumb\",\"itemListElement\":[{\"@type\":\"ListItem\",\"position\":1,\"name\":\"Home\",\"item\":\"https:\/\/www.midtech.com.vn\/\"},{\"@type\":\"ListItem\",\"position\":2,\"name\":\"Shop\",\"item\":\"https:\/\/www.midtech.com.vn\/shop\/\"},{\"@type\":\"ListItem\",\"position\":3,\"name\":\"M\\u00e1y \\u0111\\u00e1nh b\\u00f3ng GPO 950\"}]}]}<\/script>\n<!-- \/ Yoast SEO plugin. -->","yoast_head_json":{"title":"GPO 950 PROFESSIONAL - C\u00f4ng Ty TNHH D\u1ecbch V\u1ee5 K\u1ef9 Thu\u1eadt Minh \u0110\u1ee9c","robots":{"index":"index","follow":"follow","max-snippet":"max-snippet:-1","max-image-preview":"max-image-preview:large","max-video-preview":"max-video-preview:-1"},"canonical":"https:\/\/www.midtech.com.vn\/san-pham\/may-danh-bong-gpo-950\/","og_locale":"en_US","og_type":"article","og_title":"GPO 950 PROFESSIONAL - C\u00f4ng Ty TNHH D\u1ecbch V\u1ee5 K\u1ef9 Thu\u1eadt Minh \u0110\u1ee9c","og_description":"[:vi]M\u00e1y \u0111\u00e1nh b\u00f3ng d\u1ecdc \u0111\u1ea7u ti\u00ean c\u1ee7a Bosch!  \u0110a\u0301nh bo\u0301ng m\u1ea1nh m\u1ebd nh\u01a1\u0300 c\u00f4ng su\u1ea5t \u0111\u1ea7u v\u00e0o 950 W m\u1ea1nh m\u1ebd S\u1eed d\u1ee5ng kh\u00f4ng m\u1ecfi nh\u01a1\u0300 thi\u1ebft k\u1ebf theo da\u0323ng n\u0103\u0300m ngang giu\u0301p \u0111a\u0301nh bo\u0301ng t\u00f4\u0301i \u01b0u Chi\u0301nh xa\u0301c cho t\u00e2\u0301t ca\u0309 tr\u01b0\u01a1\u0300ng h\u01a1\u0323p s\u01b0\u0309 du\u0323ng nh\u01a1\u0300 t\u00f4\u0301c \u0111\u00f4\u0323 600~2100 vo\u0300ng\/phu\u0301t; + -2 vo\u0300ng\/phu\u0301t v\u01a1\u0301i thi\u00ea\u0301t l\u00e2\u0323p bi\u00ea\u0301n \u0111\u00f4\u0309i t\u00f4\u0301c \u0111\u00f4\u0323 li\u00ean tu\u0323c Qua\u0301 tri\u0300nh \u0111a\u0301nh bo\u0301ng tr\u01a1n tru nh\u01a1\u0300 kh\u01a1\u0309i \u0111\u00f4\u0323ng \u00eam &amp; co\u0301 ch\u01b0\u0301c n\u0103ng t\u00f4\u0301c \u0111\u00f4\u0323 kh\u00f4ng \u0111\u00f4\u0309i [:]","og_url":"https:\/\/www.midtech.com.vn\/san-pham\/may-danh-bong-gpo-950\/","og_site_name":"C\u00f4ng Ty TNHH D\u1ecbch V\u1ee5 K\u1ef9 Thu\u1eadt Minh \u0110\u1ee9c","og_image":[{"width":800,"height":800,"url":"https:\/\/www.midtech.com.vn\/wp-content\/uploads\/2022\/06\/GPO-950.png","type":"image\/png"}],"twitter_card":"summary_large_image","twitter_misc":{"Est. reading time":"1 minute"},"schema":{"@context":"https:\/\/schema.org","@graph":[{"@type":"WebSite","@id":"https:\/\/www.midtech.com.vn\/#website","url":"https:\/\/www.midtech.com.vn\/","name":"C\u00f4ng Ty TNHH D\u1ecbch V\u1ee5 K\u1ef9 Thu\u1eadt Minh \u0110\u1ee9c","description":"","potentialAction":[{"@type":"SearchAction","target":{"@type":"EntryPoint","urlTemplate":"https:\/\/www.midtech.com.vn\/?s={search_term_string}"},"query-input":"required name=search_term_string"}],"inLanguage":"en-US"},{"@type":"ImageObject","@id":"https:\/\/www.midtech.com.vn\/san-pham\/may-danh-bong-gpo-950\/#primaryimage","inLanguage":"en-US","url":"https:\/\/www.midtech.com.vn\/wp-content\/uploads\/2022\/06\/GPO-950.png","contentUrl":"https:\/\/www.midtech.com.vn\/wp-content\/uploads\/2022\/06\/GPO-950.png","width":800,"height":800},{"@type":"WebPage","@id":"https:\/\/www.midtech.com.vn\/san-pham\/may-danh-bong-gpo-950\/#webpage","url":"https:\/\/www.midtech.com.vn\/san-pham\/may-danh-bong-gpo-950\/","name":"GPO 950 PROFESSIONAL - C\u00f4ng Ty TNHH D\u1ecbch V\u1ee5 K\u1ef9 Thu\u1eadt Minh \u0110\u1ee9c","isPartOf":{"@id":"https:\/\/www.midtech.com.vn\/#website"},"primaryImageOfPage":{"@id":"https:\/\/www.midtech.com.vn\/san-pham\/may-danh-bong-gpo-950\/#primaryimage"},"datePublished":"2022-06-13T08:11:58+00:00","dateModified":"2022-06-13T08:11:58+00:00","breadcrumb":{"@id":"https:\/\/www.midtech.com.vn\/san-pham\/may-danh-bong-gpo-950\/#breadcrumb"},"inLanguage":"en-US","potentialAction":[{"@type":"ReadAction","target":["https:\/\/www.midtech.com.vn\/san-pham\/may-danh-bong-gpo-950\/"]}]},{"@type":"BreadcrumbList","@id":"https:\/\/www.midtech.com.vn\/san-pham\/may-danh-bong-gpo-950\/#breadcrumb","itemListElement":[{"@type":"ListItem","position":1,"name":"Home","item":"https:\/\/www.midtech.com.vn\/"},{"@type":"ListItem","position":2,"name":"Shop","item":"https:\/\/www.midtech.com.vn\/shop\/"},{"@type":"ListItem","position":3,"name":"M\u00e1y \u0111\u00e1nh b\u00f3ng GPO 950"}]}]}},"_links":{"self":[{"href":"https:\/\/www.midtech.com.vn\/en\/wp-json\/wp\/v2\/product\/529","targetHints":{"allow":["GET"]}}],"collection":[{"href":"https:\/\/www.midtech.com.vn\/en\/wp-json\/wp\/v2\/product"}],"about":[{"href":"https:\/\/www.midtech.com.vn\/en\/wp-json\/wp\/v2\/types\/product"}],"replies":[{"embeddable":true,"href":"https:\/\/www.midtech.com.vn\/en\/wp-json\/wp\/v2\/comments?post=529"}],"wp:featuredmedia":[{"embeddable":true,"href":"https:\/\/www.midtech.com.vn\/en\/wp-json\/wp\/v2\/media\/525"}],"wp:attachment":[{"href":"https:\/\/www.midtech.com.vn\/en\/wp-json\/wp\/v2\/media?parent=529"}],"wp:term":[{"taxonomy":"product_cat","embeddable":true,"href":"https:\/\/www.midtech.com.vn\/en\/wp-json\/wp\/v2\/product_cat?post=529"},{"taxonomy":"product_tag","embeddable":true,"href":"https:\/\/www.midtech.com.vn\/en\/wp-json\/wp\/v2\/product_tag?post=529"}],"curies":[{"name":"wp","href":"https:\/\/api.w.org\/{rel}","templated":true}]}}