{"id":528,"date":"2022-06-13T08:10:48","date_gmt":"2022-06-13T08:10:48","guid":{"rendered":"https:\/\/www.midtech.com.vn\/?post_type=product&#038;p=528"},"modified":"2022-06-13T08:10:48","modified_gmt":"2022-06-13T08:10:48","slug":"may-mai-goc-gws-18-150-pl","status":"publish","type":"product","link":"https:\/\/www.midtech.com.vn\/en\/san-pham\/may-mai-goc-gws-18-150-pl\/","title":{"rendered":"GWS 18-150 PL PROFESSIONAL"},"content":{"rendered":"<p class=\"qtranxs-available-languages-message qtranxs-available-languages-message-en\">Sorry, this entry is only available in <a href=\"https:\/\/www.midtech.com.vn\/vi\/wp-json\/wp\/v2\/product\/528\" class=\"qtranxs-available-language-link qtranxs-available-language-link-vi\" title=\"Ti\u1ebfng Vi\u1ec7t\">Ti\u1ebfng Vi\u1ec7t<\/a>.<\/p>","protected":false},"excerpt":{"rendered":"<p class=\"qtranxs-available-languages-message qtranxs-available-languages-message-en\">Sorry, this entry is only available in <a href=\"https:\/\/www.midtech.com.vn\/vi\/wp-json\/wp\/v2\/product\/528\" class=\"qtranxs-available-language-link qtranxs-available-language-link-vi\" title=\"Ti\u1ebfng Vi\u1ec7t\">Ti\u1ebfng Vi\u1ec7t<\/a>.<\/p>\n","protected":false},"featured_media":526,"comment_status":"closed","ping_status":"closed","template":"","meta":[],"product_cat":[29,31],"product_tag":[],"yoast_head":"<!-- This site is optimized with the Yoast SEO plugin v17.6 - https:\/\/yoast.com\/wordpress\/plugins\/seo\/ -->\n<title>GWS 18-150 PL PROFESSIONAL - C\u00f4ng Ty TNHH D\u1ecbch V\u1ee5 K\u1ef9 Thu\u1eadt Minh \u0110\u1ee9c<\/title>\n<meta name=\"robots\" content=\"index, follow, max-snippet:-1, max-image-preview:large, max-video-preview:-1\" \/>\n<link rel=\"canonical\" href=\"https:\/\/www.midtech.com.vn\/san-pham\/may-mai-goc-gws-18-150-pl\/\" \/>\n<meta property=\"og:locale\" content=\"en_US\" \/>\n<meta property=\"og:type\" content=\"article\" \/>\n<meta property=\"og:title\" content=\"GWS 18-150 PL PROFESSIONAL - C\u00f4ng Ty TNHH D\u1ecbch V\u1ee5 K\u1ef9 Thu\u1eadt Minh \u0110\u1ee9c\" \/>\n<meta property=\"og:description\" content=\"[:vi]C\u00f4ng su\u1ea5t cao v\u1edbi kh\u1ea3 n\u0103ng thao t\u00e1c ho\u00e0n h\u1ea3o  S\u1eed d\u1ee5ng thu\u00e2\u0323n ti\u00ea\u0323n nh\u00e2\u0301t nh\u01a1\u0300 thi\u1ebft k\u1ebf tay c\u00e2\u0300m chi\u0301nh ti\u00ea\u0323n l\u01a1\u0323i giu\u0301p la\u0300m vi\u00ea\u0323c kh\u00f4ng m\u1ecfi trong ca\u0301c tr\u01b0\u01a1\u0300ng h\u01a1\u0323p s\u01b0\u0309 du\u0323ng C\u00f4ng su\u00e2\u0301t m\u00f4-t\u01a1 1.800 W m\u1ea1nh m\u1ebd \u0111\u1ea3m b\u1ea3o hi\u00ea\u0323u su\u00e2\u0301t cao va\u0300 ti\u1ebfn \u0111\u1ed9 thi c\u00f4ng nhanh B\u1ea3o v\u1ec7 ng\u01b0\u1eddi s\u1eed d\u1ee5ng h\u00e0ng \u0111\u1ea7u do c\u00f3 h\u1ec7 th\u1ed1ng KickBack Control, b\u1ea3o v\u1ec7 kh\u1edfi \u0111\u1ed9ng l\u1ea1i, n\u1eafp b\u1ea3o v\u1ec7 ch\u1ed1ng xoay v\u00e0 gi\u1ea3m \u0111\u1ed9 rung [:]\" \/>\n<meta property=\"og:url\" content=\"https:\/\/www.midtech.com.vn\/san-pham\/may-mai-goc-gws-18-150-pl\/\" \/>\n<meta property=\"og:site_name\" content=\"C\u00f4ng Ty TNHH D\u1ecbch V\u1ee5 K\u1ef9 Thu\u1eadt Minh \u0110\u1ee9c\" \/>\n<meta property=\"og:image\" content=\"https:\/\/www.midtech.com.vn\/wp-content\/uploads\/2022\/06\/GWS-18-150-PL.png\" \/>\n\t<meta property=\"og:image:width\" content=\"800\" \/>\n\t<meta property=\"og:image:height\" content=\"800\" \/>\n<meta name=\"twitter:card\" content=\"summary_large_image\" \/>\n<meta name=\"twitter:label1\" content=\"Est. reading time\" \/>\n\t<meta name=\"twitter:data1\" content=\"2 minutes\" \/>\n<script type=\"application\/ld+json\" class=\"yoast-schema-graph\">{\"@context\":\"https:\/\/schema.org\",\"@graph\":[{\"@type\":\"WebSite\",\"@id\":\"https:\/\/www.midtech.com.vn\/#website\",\"url\":\"https:\/\/www.midtech.com.vn\/\",\"name\":\"C\\u00f4ng Ty TNHH D\\u1ecbch V\\u1ee5 K\\u1ef9 Thu\\u1eadt Minh \\u0110\\u1ee9c\",\"description\":\"\",\"potentialAction\":[{\"@type\":\"SearchAction\",\"target\":{\"@type\":\"EntryPoint\",\"urlTemplate\":\"https:\/\/www.midtech.com.vn\/?s={search_term_string}\"},\"query-input\":\"required name=search_term_string\"}],\"inLanguage\":\"en-US\"},{\"@type\":\"ImageObject\",\"@id\":\"https:\/\/www.midtech.com.vn\/san-pham\/may-mai-goc-gws-18-150-pl\/#primaryimage\",\"inLanguage\":\"en-US\",\"url\":\"https:\/\/www.midtech.com.vn\/wp-content\/uploads\/2022\/06\/GWS-18-150-PL.png\",\"contentUrl\":\"https:\/\/www.midtech.com.vn\/wp-content\/uploads\/2022\/06\/GWS-18-150-PL.png\",\"width\":800,\"height\":800},{\"@type\":\"WebPage\",\"@id\":\"https:\/\/www.midtech.com.vn\/san-pham\/may-mai-goc-gws-18-150-pl\/#webpage\",\"url\":\"https:\/\/www.midtech.com.vn\/san-pham\/may-mai-goc-gws-18-150-pl\/\",\"name\":\"GWS 18-150 PL PROFESSIONAL - C\\u00f4ng Ty TNHH D\\u1ecbch V\\u1ee5 K\\u1ef9 Thu\\u1eadt Minh \\u0110\\u1ee9c\",\"isPartOf\":{\"@id\":\"https:\/\/www.midtech.com.vn\/#website\"},\"primaryImageOfPage\":{\"@id\":\"https:\/\/www.midtech.com.vn\/san-pham\/may-mai-goc-gws-18-150-pl\/#primaryimage\"},\"datePublished\":\"2022-06-13T08:10:48+00:00\",\"dateModified\":\"2022-06-13T08:10:48+00:00\",\"breadcrumb\":{\"@id\":\"https:\/\/www.midtech.com.vn\/san-pham\/may-mai-goc-gws-18-150-pl\/#breadcrumb\"},\"inLanguage\":\"en-US\",\"potentialAction\":[{\"@type\":\"ReadAction\",\"target\":[\"https:\/\/www.midtech.com.vn\/san-pham\/may-mai-goc-gws-18-150-pl\/\"]}]},{\"@type\":\"BreadcrumbList\",\"@id\":\"https:\/\/www.midtech.com.vn\/san-pham\/may-mai-goc-gws-18-150-pl\/#breadcrumb\",\"itemListElement\":[{\"@type\":\"ListItem\",\"position\":1,\"name\":\"Home\",\"item\":\"https:\/\/www.midtech.com.vn\/\"},{\"@type\":\"ListItem\",\"position\":2,\"name\":\"Shop\",\"item\":\"https:\/\/www.midtech.com.vn\/shop\/\"},{\"@type\":\"ListItem\",\"position\":3,\"name\":\"M\\u00e1y m\\u00e0i g\\u00f3c GWS 18-150 PL\"}]}]}<\/script>\n<!-- \/ Yoast SEO plugin. -->","yoast_head_json":{"title":"GWS 18-150 PL PROFESSIONAL - C\u00f4ng Ty TNHH D\u1ecbch V\u1ee5 K\u1ef9 Thu\u1eadt Minh \u0110\u1ee9c","robots":{"index":"index","follow":"follow","max-snippet":"max-snippet:-1","max-image-preview":"max-image-preview:large","max-video-preview":"max-video-preview:-1"},"canonical":"https:\/\/www.midtech.com.vn\/san-pham\/may-mai-goc-gws-18-150-pl\/","og_locale":"en_US","og_type":"article","og_title":"GWS 18-150 PL PROFESSIONAL - C\u00f4ng Ty TNHH D\u1ecbch V\u1ee5 K\u1ef9 Thu\u1eadt Minh \u0110\u1ee9c","og_description":"[:vi]C\u00f4ng su\u1ea5t cao v\u1edbi kh\u1ea3 n\u0103ng thao t\u00e1c ho\u00e0n h\u1ea3o  S\u1eed d\u1ee5ng thu\u00e2\u0323n ti\u00ea\u0323n nh\u00e2\u0301t nh\u01a1\u0300 thi\u1ebft k\u1ebf tay c\u00e2\u0300m chi\u0301nh ti\u00ea\u0323n l\u01a1\u0323i giu\u0301p la\u0300m vi\u00ea\u0323c kh\u00f4ng m\u1ecfi trong ca\u0301c tr\u01b0\u01a1\u0300ng h\u01a1\u0323p s\u01b0\u0309 du\u0323ng C\u00f4ng su\u00e2\u0301t m\u00f4-t\u01a1 1.800 W m\u1ea1nh m\u1ebd \u0111\u1ea3m b\u1ea3o hi\u00ea\u0323u su\u00e2\u0301t cao va\u0300 ti\u1ebfn \u0111\u1ed9 thi c\u00f4ng nhanh B\u1ea3o v\u1ec7 ng\u01b0\u1eddi s\u1eed d\u1ee5ng h\u00e0ng \u0111\u1ea7u do c\u00f3 h\u1ec7 th\u1ed1ng KickBack Control, b\u1ea3o v\u1ec7 kh\u1edfi \u0111\u1ed9ng l\u1ea1i, n\u1eafp b\u1ea3o v\u1ec7 ch\u1ed1ng xoay v\u00e0 gi\u1ea3m \u0111\u1ed9 rung [:]","og_url":"https:\/\/www.midtech.com.vn\/san-pham\/may-mai-goc-gws-18-150-pl\/","og_site_name":"C\u00f4ng Ty TNHH D\u1ecbch V\u1ee5 K\u1ef9 Thu\u1eadt Minh \u0110\u1ee9c","og_image":[{"width":800,"height":800,"url":"https:\/\/www.midtech.com.vn\/wp-content\/uploads\/2022\/06\/GWS-18-150-PL.png","type":"image\/png"}],"twitter_card":"summary_large_image","twitter_misc":{"Est. reading time":"2 minutes"},"schema":{"@context":"https:\/\/schema.org","@graph":[{"@type":"WebSite","@id":"https:\/\/www.midtech.com.vn\/#website","url":"https:\/\/www.midtech.com.vn\/","name":"C\u00f4ng Ty TNHH D\u1ecbch V\u1ee5 K\u1ef9 Thu\u1eadt Minh \u0110\u1ee9c","description":"","potentialAction":[{"@type":"SearchAction","target":{"@type":"EntryPoint","urlTemplate":"https:\/\/www.midtech.com.vn\/?s={search_term_string}"},"query-input":"required name=search_term_string"}],"inLanguage":"en-US"},{"@type":"ImageObject","@id":"https:\/\/www.midtech.com.vn\/san-pham\/may-mai-goc-gws-18-150-pl\/#primaryimage","inLanguage":"en-US","url":"https:\/\/www.midtech.com.vn\/wp-content\/uploads\/2022\/06\/GWS-18-150-PL.png","contentUrl":"https:\/\/www.midtech.com.vn\/wp-content\/uploads\/2022\/06\/GWS-18-150-PL.png","width":800,"height":800},{"@type":"WebPage","@id":"https:\/\/www.midtech.com.vn\/san-pham\/may-mai-goc-gws-18-150-pl\/#webpage","url":"https:\/\/www.midtech.com.vn\/san-pham\/may-mai-goc-gws-18-150-pl\/","name":"GWS 18-150 PL PROFESSIONAL - C\u00f4ng Ty TNHH D\u1ecbch V\u1ee5 K\u1ef9 Thu\u1eadt Minh \u0110\u1ee9c","isPartOf":{"@id":"https:\/\/www.midtech.com.vn\/#website"},"primaryImageOfPage":{"@id":"https:\/\/www.midtech.com.vn\/san-pham\/may-mai-goc-gws-18-150-pl\/#primaryimage"},"datePublished":"2022-06-13T08:10:48+00:00","dateModified":"2022-06-13T08:10:48+00:00","breadcrumb":{"@id":"https:\/\/www.midtech.com.vn\/san-pham\/may-mai-goc-gws-18-150-pl\/#breadcrumb"},"inLanguage":"en-US","potentialAction":[{"@type":"ReadAction","target":["https:\/\/www.midtech.com.vn\/san-pham\/may-mai-goc-gws-18-150-pl\/"]}]},{"@type":"BreadcrumbList","@id":"https:\/\/www.midtech.com.vn\/san-pham\/may-mai-goc-gws-18-150-pl\/#breadcrumb","itemListElement":[{"@type":"ListItem","position":1,"name":"Home","item":"https:\/\/www.midtech.com.vn\/"},{"@type":"ListItem","position":2,"name":"Shop","item":"https:\/\/www.midtech.com.vn\/shop\/"},{"@type":"ListItem","position":3,"name":"M\u00e1y m\u00e0i g\u00f3c GWS 18-150 PL"}]}]}},"_links":{"self":[{"href":"https:\/\/www.midtech.com.vn\/en\/wp-json\/wp\/v2\/product\/528"}],"collection":[{"href":"https:\/\/www.midtech.com.vn\/en\/wp-json\/wp\/v2\/product"}],"about":[{"href":"https:\/\/www.midtech.com.vn\/en\/wp-json\/wp\/v2\/types\/product"}],"replies":[{"embeddable":true,"href":"https:\/\/www.midtech.com.vn\/en\/wp-json\/wp\/v2\/comments?post=528"}],"wp:featuredmedia":[{"embeddable":true,"href":"https:\/\/www.midtech.com.vn\/en\/wp-json\/wp\/v2\/media\/526"}],"wp:attachment":[{"href":"https:\/\/www.midtech.com.vn\/en\/wp-json\/wp\/v2\/media?parent=528"}],"wp:term":[{"taxonomy":"product_cat","embeddable":true,"href":"https:\/\/www.midtech.com.vn\/en\/wp-json\/wp\/v2\/product_cat?post=528"},{"taxonomy":"product_tag","embeddable":true,"href":"https:\/\/www.midtech.com.vn\/en\/wp-json\/wp\/v2\/product_tag?post=528"}],"curies":[{"name":"wp","href":"https:\/\/api.w.org\/{rel}","templated":true}]}}