{"id":513,"date":"2022-06-13T07:19:19","date_gmt":"2022-06-13T07:19:19","guid":{"rendered":"https:\/\/www.midtech.com.vn\/?post_type=product&#038;p=513"},"modified":"2022-06-13T07:19:19","modified_gmt":"2022-06-13T07:19:19","slug":"may-khoan-dong-luc-dung-pin-gsb-18v-150-c","status":"publish","type":"product","link":"https:\/\/www.midtech.com.vn\/en\/san-pham\/may-khoan-dong-luc-dung-pin-gsb-18v-150-c\/","title":{"rendered":"GSB 18V-150 C PROFESSIONAL"},"content":{"rendered":"<p class=\"qtranxs-available-languages-message qtranxs-available-languages-message-en\">Sorry, this entry is only available in <a href=\"https:\/\/www.midtech.com.vn\/vi\/wp-json\/wp\/v2\/product\/513\" class=\"qtranxs-available-language-link qtranxs-available-language-link-vi\" title=\"Ti\u1ebfng Vi\u1ec7t\">Ti\u1ebfng Vi\u1ec7t<\/a>.<\/p>","protected":false},"excerpt":{"rendered":"<p class=\"qtranxs-available-languages-message qtranxs-available-languages-message-en\">Sorry, this entry is only available in <a href=\"https:\/\/www.midtech.com.vn\/vi\/wp-json\/wp\/v2\/product\/513\" class=\"qtranxs-available-language-link qtranxs-available-language-link-vi\" title=\"Ti\u1ebfng Vi\u1ec7t\">Ti\u1ebfng Vi\u1ec7t<\/a>.<\/p>\n","protected":false},"featured_media":506,"comment_status":"closed","ping_status":"closed","template":"","meta":[],"product_cat":[29,30],"product_tag":[],"yoast_head":"<!-- This site is optimized with the Yoast SEO plugin v17.6 - https:\/\/yoast.com\/wordpress\/plugins\/seo\/ -->\n<title>GSB 18V-150 C PROFESSIONAL - C\u00f4ng Ty TNHH D\u1ecbch V\u1ee5 K\u1ef9 Thu\u1eadt Minh \u0110\u1ee9c<\/title>\n<meta name=\"robots\" content=\"index, follow, max-snippet:-1, max-image-preview:large, max-video-preview:-1\" \/>\n<link rel=\"canonical\" href=\"https:\/\/www.midtech.com.vn\/san-pham\/may-khoan-dong-luc-dung-pin-gsb-18v-150-c\/\" \/>\n<meta property=\"og:locale\" content=\"en_US\" \/>\n<meta property=\"og:type\" content=\"article\" \/>\n<meta property=\"og:title\" content=\"GSB 18V-150 C PROFESSIONAL - C\u00f4ng Ty TNHH D\u1ecbch V\u1ee5 K\u1ef9 Thu\u1eadt Minh \u0110\u1ee9c\" \/>\n<meta property=\"og:description\" content=\"[:vi]V\u1ec1 ph\u01b0\u01a1ng di\u1ec7n s\u1ee9c m\u1ea1nh \u2013 m\u00e1y khoan b\u0103\u0301t vi\u0301t va \u0111\u1eadp th\u00f4ng minh cho c\u00f4ng su\u1ea5t v\u00e0 kh\u1ea3 n\u0103ng thao t\u00e1c v\u01b0\u1ee3t tr\u1ed9i  Ti\u1ebfn \u0111\u1ed9 c\u00f4ng vi\u1ec7c c\u1ef1c nhanh th\u00f4ng qua m\u00f4-t\u01a1 kh\u00f4ng ch\u1ed5i than m\u1ea1nh m\u1ebd v\u1edbi m\u00f4-men xo\u1eafn c\u1ef1c \u0111\u1ea1i 150Nm v\u00e0 pin ProCORE18V Ch\u1ee9c n\u0103ng Electronic Angle Detection ch\u00ednh x\u00e1c v\u00e0 KickBack Control c\u00f3 th\u1ec3 chuy\u1ec3n \u0111\u1ed5i gi\u00fap ki\u1ec3m so\u00e1t v\u01b0\u1ee3t tr\u1ed9i \u1edf m\u1ed7i giai \u0111o\u1ea1n l\u00e0m vi\u1ec7c \u0110\u00e1ng tin c\u1eady v\u00e0 m\u1ea1nh m\u1ebd nh\u1edd \u0111\u1ea7u c\u1eb7p m\u0169i khoan kim lo\u1ea1i v\u00e0 h\u1ed9p s\u1ed1 kim lo\u1ea1i [:]\" \/>\n<meta property=\"og:url\" content=\"https:\/\/www.midtech.com.vn\/san-pham\/may-khoan-dong-luc-dung-pin-gsb-18v-150-c\/\" \/>\n<meta property=\"og:site_name\" content=\"C\u00f4ng Ty TNHH D\u1ecbch V\u1ee5 K\u1ef9 Thu\u1eadt Minh \u0110\u1ee9c\" \/>\n<meta property=\"og:image\" content=\"https:\/\/www.midtech.com.vn\/wp-content\/uploads\/2022\/06\/GSB-18V-150-C.png\" \/>\n\t<meta property=\"og:image:width\" content=\"800\" \/>\n\t<meta property=\"og:image:height\" content=\"800\" \/>\n<meta name=\"twitter:card\" content=\"summary_large_image\" \/>\n<meta name=\"twitter:label1\" content=\"Est. reading time\" \/>\n\t<meta name=\"twitter:data1\" content=\"2 minutes\" \/>\n<script type=\"application\/ld+json\" class=\"yoast-schema-graph\">{\"@context\":\"https:\/\/schema.org\",\"@graph\":[{\"@type\":\"WebSite\",\"@id\":\"https:\/\/www.midtech.com.vn\/#website\",\"url\":\"https:\/\/www.midtech.com.vn\/\",\"name\":\"C\\u00f4ng Ty TNHH D\\u1ecbch V\\u1ee5 K\\u1ef9 Thu\\u1eadt Minh \\u0110\\u1ee9c\",\"description\":\"\",\"potentialAction\":[{\"@type\":\"SearchAction\",\"target\":{\"@type\":\"EntryPoint\",\"urlTemplate\":\"https:\/\/www.midtech.com.vn\/?s={search_term_string}\"},\"query-input\":\"required name=search_term_string\"}],\"inLanguage\":\"en-US\"},{\"@type\":\"ImageObject\",\"@id\":\"https:\/\/www.midtech.com.vn\/san-pham\/may-khoan-dong-luc-dung-pin-gsb-18v-150-c\/#primaryimage\",\"inLanguage\":\"en-US\",\"url\":\"https:\/\/www.midtech.com.vn\/wp-content\/uploads\/2022\/06\/GSB-18V-150-C.png\",\"contentUrl\":\"https:\/\/www.midtech.com.vn\/wp-content\/uploads\/2022\/06\/GSB-18V-150-C.png\",\"width\":800,\"height\":800},{\"@type\":\"WebPage\",\"@id\":\"https:\/\/www.midtech.com.vn\/san-pham\/may-khoan-dong-luc-dung-pin-gsb-18v-150-c\/#webpage\",\"url\":\"https:\/\/www.midtech.com.vn\/san-pham\/may-khoan-dong-luc-dung-pin-gsb-18v-150-c\/\",\"name\":\"GSB 18V-150 C PROFESSIONAL - C\\u00f4ng Ty TNHH D\\u1ecbch V\\u1ee5 K\\u1ef9 Thu\\u1eadt Minh \\u0110\\u1ee9c\",\"isPartOf\":{\"@id\":\"https:\/\/www.midtech.com.vn\/#website\"},\"primaryImageOfPage\":{\"@id\":\"https:\/\/www.midtech.com.vn\/san-pham\/may-khoan-dong-luc-dung-pin-gsb-18v-150-c\/#primaryimage\"},\"datePublished\":\"2022-06-13T07:19:19+00:00\",\"dateModified\":\"2022-06-13T07:19:19+00:00\",\"breadcrumb\":{\"@id\":\"https:\/\/www.midtech.com.vn\/san-pham\/may-khoan-dong-luc-dung-pin-gsb-18v-150-c\/#breadcrumb\"},\"inLanguage\":\"en-US\",\"potentialAction\":[{\"@type\":\"ReadAction\",\"target\":[\"https:\/\/www.midtech.com.vn\/san-pham\/may-khoan-dong-luc-dung-pin-gsb-18v-150-c\/\"]}]},{\"@type\":\"BreadcrumbList\",\"@id\":\"https:\/\/www.midtech.com.vn\/san-pham\/may-khoan-dong-luc-dung-pin-gsb-18v-150-c\/#breadcrumb\",\"itemListElement\":[{\"@type\":\"ListItem\",\"position\":1,\"name\":\"Home\",\"item\":\"https:\/\/www.midtech.com.vn\/\"},{\"@type\":\"ListItem\",\"position\":2,\"name\":\"Shop\",\"item\":\"https:\/\/www.midtech.com.vn\/shop\/\"},{\"@type\":\"ListItem\",\"position\":3,\"name\":\"M\\u00e1y khoan \\u0111\\u1ed9ng l\\u1ef1c d\\u00f9ng pin GSB 18V-150 C\"}]}]}<\/script>\n<!-- \/ Yoast SEO plugin. -->","yoast_head_json":{"title":"GSB 18V-150 C PROFESSIONAL - C\u00f4ng Ty TNHH D\u1ecbch V\u1ee5 K\u1ef9 Thu\u1eadt Minh \u0110\u1ee9c","robots":{"index":"index","follow":"follow","max-snippet":"max-snippet:-1","max-image-preview":"max-image-preview:large","max-video-preview":"max-video-preview:-1"},"canonical":"https:\/\/www.midtech.com.vn\/san-pham\/may-khoan-dong-luc-dung-pin-gsb-18v-150-c\/","og_locale":"en_US","og_type":"article","og_title":"GSB 18V-150 C PROFESSIONAL - C\u00f4ng Ty TNHH D\u1ecbch V\u1ee5 K\u1ef9 Thu\u1eadt Minh \u0110\u1ee9c","og_description":"[:vi]V\u1ec1 ph\u01b0\u01a1ng di\u1ec7n s\u1ee9c m\u1ea1nh \u2013 m\u00e1y khoan b\u0103\u0301t vi\u0301t va \u0111\u1eadp th\u00f4ng minh cho c\u00f4ng su\u1ea5t v\u00e0 kh\u1ea3 n\u0103ng thao t\u00e1c v\u01b0\u1ee3t tr\u1ed9i  Ti\u1ebfn \u0111\u1ed9 c\u00f4ng vi\u1ec7c c\u1ef1c nhanh th\u00f4ng qua m\u00f4-t\u01a1 kh\u00f4ng ch\u1ed5i than m\u1ea1nh m\u1ebd v\u1edbi m\u00f4-men xo\u1eafn c\u1ef1c \u0111\u1ea1i 150Nm v\u00e0 pin ProCORE18V Ch\u1ee9c n\u0103ng Electronic Angle Detection ch\u00ednh x\u00e1c v\u00e0 KickBack Control c\u00f3 th\u1ec3 chuy\u1ec3n \u0111\u1ed5i gi\u00fap ki\u1ec3m so\u00e1t v\u01b0\u1ee3t tr\u1ed9i \u1edf m\u1ed7i giai \u0111o\u1ea1n l\u00e0m vi\u1ec7c \u0110\u00e1ng tin c\u1eady v\u00e0 m\u1ea1nh m\u1ebd nh\u1edd \u0111\u1ea7u c\u1eb7p m\u0169i khoan kim lo\u1ea1i v\u00e0 h\u1ed9p s\u1ed1 kim lo\u1ea1i [:]","og_url":"https:\/\/www.midtech.com.vn\/san-pham\/may-khoan-dong-luc-dung-pin-gsb-18v-150-c\/","og_site_name":"C\u00f4ng Ty TNHH D\u1ecbch V\u1ee5 K\u1ef9 Thu\u1eadt Minh \u0110\u1ee9c","og_image":[{"width":800,"height":800,"url":"https:\/\/www.midtech.com.vn\/wp-content\/uploads\/2022\/06\/GSB-18V-150-C.png","type":"image\/png"}],"twitter_card":"summary_large_image","twitter_misc":{"Est. reading time":"2 minutes"},"schema":{"@context":"https:\/\/schema.org","@graph":[{"@type":"WebSite","@id":"https:\/\/www.midtech.com.vn\/#website","url":"https:\/\/www.midtech.com.vn\/","name":"C\u00f4ng Ty TNHH D\u1ecbch V\u1ee5 K\u1ef9 Thu\u1eadt Minh \u0110\u1ee9c","description":"","potentialAction":[{"@type":"SearchAction","target":{"@type":"EntryPoint","urlTemplate":"https:\/\/www.midtech.com.vn\/?s={search_term_string}"},"query-input":"required name=search_term_string"}],"inLanguage":"en-US"},{"@type":"ImageObject","@id":"https:\/\/www.midtech.com.vn\/san-pham\/may-khoan-dong-luc-dung-pin-gsb-18v-150-c\/#primaryimage","inLanguage":"en-US","url":"https:\/\/www.midtech.com.vn\/wp-content\/uploads\/2022\/06\/GSB-18V-150-C.png","contentUrl":"https:\/\/www.midtech.com.vn\/wp-content\/uploads\/2022\/06\/GSB-18V-150-C.png","width":800,"height":800},{"@type":"WebPage","@id":"https:\/\/www.midtech.com.vn\/san-pham\/may-khoan-dong-luc-dung-pin-gsb-18v-150-c\/#webpage","url":"https:\/\/www.midtech.com.vn\/san-pham\/may-khoan-dong-luc-dung-pin-gsb-18v-150-c\/","name":"GSB 18V-150 C PROFESSIONAL - C\u00f4ng Ty TNHH D\u1ecbch V\u1ee5 K\u1ef9 Thu\u1eadt Minh \u0110\u1ee9c","isPartOf":{"@id":"https:\/\/www.midtech.com.vn\/#website"},"primaryImageOfPage":{"@id":"https:\/\/www.midtech.com.vn\/san-pham\/may-khoan-dong-luc-dung-pin-gsb-18v-150-c\/#primaryimage"},"datePublished":"2022-06-13T07:19:19+00:00","dateModified":"2022-06-13T07:19:19+00:00","breadcrumb":{"@id":"https:\/\/www.midtech.com.vn\/san-pham\/may-khoan-dong-luc-dung-pin-gsb-18v-150-c\/#breadcrumb"},"inLanguage":"en-US","potentialAction":[{"@type":"ReadAction","target":["https:\/\/www.midtech.com.vn\/san-pham\/may-khoan-dong-luc-dung-pin-gsb-18v-150-c\/"]}]},{"@type":"BreadcrumbList","@id":"https:\/\/www.midtech.com.vn\/san-pham\/may-khoan-dong-luc-dung-pin-gsb-18v-150-c\/#breadcrumb","itemListElement":[{"@type":"ListItem","position":1,"name":"Home","item":"https:\/\/www.midtech.com.vn\/"},{"@type":"ListItem","position":2,"name":"Shop","item":"https:\/\/www.midtech.com.vn\/shop\/"},{"@type":"ListItem","position":3,"name":"M\u00e1y khoan \u0111\u1ed9ng l\u1ef1c d\u00f9ng pin GSB 18V-150 C"}]}]}},"_links":{"self":[{"href":"https:\/\/www.midtech.com.vn\/en\/wp-json\/wp\/v2\/product\/513"}],"collection":[{"href":"https:\/\/www.midtech.com.vn\/en\/wp-json\/wp\/v2\/product"}],"about":[{"href":"https:\/\/www.midtech.com.vn\/en\/wp-json\/wp\/v2\/types\/product"}],"replies":[{"embeddable":true,"href":"https:\/\/www.midtech.com.vn\/en\/wp-json\/wp\/v2\/comments?post=513"}],"wp:featuredmedia":[{"embeddable":true,"href":"https:\/\/www.midtech.com.vn\/en\/wp-json\/wp\/v2\/media\/506"}],"wp:attachment":[{"href":"https:\/\/www.midtech.com.vn\/en\/wp-json\/wp\/v2\/media?parent=513"}],"wp:term":[{"taxonomy":"product_cat","embeddable":true,"href":"https:\/\/www.midtech.com.vn\/en\/wp-json\/wp\/v2\/product_cat?post=513"},{"taxonomy":"product_tag","embeddable":true,"href":"https:\/\/www.midtech.com.vn\/en\/wp-json\/wp\/v2\/product_tag?post=513"}],"curies":[{"name":"wp","href":"https:\/\/api.w.org\/{rel}","templated":true}]}}