{"id":376,"date":"2021-11-27T03:36:26","date_gmt":"2021-11-27T03:36:26","guid":{"rendered":"https:\/\/www.midtech.com.vn\/?post_type=product&#038;p=376"},"modified":"2022-06-20T07:57:08","modified_gmt":"2022-06-20T07:57:08","slug":"thiet-bi-relay-schneider","status":"publish","type":"product","link":"https:\/\/www.midtech.com.vn\/en\/san-pham\/thiet-bi-relay-schneider\/","title":{"rendered":"Thi\u1ebft b\u1ecb Relay Schneider"},"content":{"rendered":"","protected":false},"excerpt":{"rendered":"<p class=\"qtranxs-available-languages-message qtranxs-available-languages-message-en\">Sorry, this entry is only available in <a href=\"https:\/\/www.midtech.com.vn\/vi\/wp-json\/wp\/v2\/product\/376\" class=\"qtranxs-available-language-link qtranxs-available-language-link-vi\" title=\"Ti\u1ebfng Vi\u1ec7t\">Ti\u1ebfng Vi\u1ec7t<\/a>.<\/p>\n","protected":false},"featured_media":382,"comment_status":"closed","ping_status":"closed","template":"","meta":[],"product_cat":[21],"product_tag":[],"yoast_head":"<!-- This site is optimized with the Yoast SEO plugin v17.6 - https:\/\/yoast.com\/wordpress\/plugins\/seo\/ -->\n<title>Thi\u1ebft b\u1ecb Relay Schneider - C\u00f4ng Ty TNHH D\u1ecbch V\u1ee5 K\u1ef9 Thu\u1eadt Minh \u0110\u1ee9c<\/title>\n<meta name=\"robots\" content=\"index, follow, max-snippet:-1, max-image-preview:large, max-video-preview:-1\" \/>\n<link rel=\"canonical\" href=\"https:\/\/www.midtech.com.vn\/san-pham\/thiet-bi-relay-schneider\/\" \/>\n<meta property=\"og:locale\" content=\"en_US\" \/>\n<meta property=\"og:type\" content=\"article\" \/>\n<meta property=\"og:title\" content=\"Thi\u1ebft b\u1ecb Relay Schneider - C\u00f4ng Ty TNHH D\u1ecbch V\u1ee5 K\u1ef9 Thu\u1eadt Minh \u0110\u1ee9c\" \/>\n<meta property=\"og:description\" content=\"[:vi]RCBO Schneider hi\u1ec7n \u0111\u01b0\u1ee3c \u1ee9ng d\u1ee5ng trong nhi\u1ec1u h\u1ea1ng m\u1ee5c c\u00f4ng tr\u00ecnh kh\u00e1c nhau. V\u1edbi nhi\u1ec1u d\u00f2ng \u0111\u00f3ng c\u1eaft kh\u00e1ch nhau, s\u1ea3n ph\u1ea9m c\u00f3 th\u1ec3 \u0111\u00e1p \u1ee9ng t\u1ed1t m\u1ecdi nhu c\u1ea7u c\u1ee7a ng\u01b0\u1eddi s\u1eed d\u1ee5ng. RCBO Schneider l\u00e0 s\u1ef1 l\u1ef1a ch\u1ecdn t\u1ed1i \u01b0u nh\u1ea5t gi\u00fap ki\u1ec3m so\u00e1t h\u1ec7 th\u1ed1ng \u0111i\u1ec7n \u01b0u vi\u1ec7t nh\u1ea5t. Vi\u1ec7c l\u1eafp \u0111\u1eb7t v\u00e0 s\u1eed d\u1ee5ng s\u1ea3n ph\u1ea9m s\u1ebd gi\u00fap b\u1ea1n h\u1ea1n ch\u1ebf \u0111\u01b0\u1ee3c c\u00e1c s\u1ef1 c\u1ed1, ch\u1ed1ng r\u00f2 d\u00f2ng v\u00e0 ch\u1ed1ng gi\u1eadt hi\u1ec7u qu\u1ea3.[:]\" \/>\n<meta property=\"og:url\" content=\"https:\/\/www.midtech.com.vn\/san-pham\/thiet-bi-relay-schneider\/\" \/>\n<meta property=\"og:site_name\" content=\"C\u00f4ng Ty TNHH D\u1ecbch V\u1ee5 K\u1ef9 Thu\u1eadt Minh \u0110\u1ee9c\" \/>\n<meta property=\"article:modified_time\" content=\"2022-06-20T07:57:08+00:00\" \/>\n<meta property=\"og:image\" content=\"https:\/\/www.midtech.com.vn\/wp-content\/uploads\/2021\/11\/Thiet-bi-Relay-Schneider.png\" \/>\n\t<meta property=\"og:image:width\" content=\"800\" \/>\n\t<meta property=\"og:image:height\" content=\"800\" \/>\n<meta name=\"twitter:card\" content=\"summary_large_image\" \/>\n<script type=\"application\/ld+json\" class=\"yoast-schema-graph\">{\"@context\":\"https:\/\/schema.org\",\"@graph\":[{\"@type\":\"WebSite\",\"@id\":\"https:\/\/www.midtech.com.vn\/#website\",\"url\":\"https:\/\/www.midtech.com.vn\/\",\"name\":\"C\\u00f4ng Ty TNHH D\\u1ecbch V\\u1ee5 K\\u1ef9 Thu\\u1eadt Minh \\u0110\\u1ee9c\",\"description\":\"\",\"potentialAction\":[{\"@type\":\"SearchAction\",\"target\":{\"@type\":\"EntryPoint\",\"urlTemplate\":\"https:\/\/www.midtech.com.vn\/?s={search_term_string}\"},\"query-input\":\"required name=search_term_string\"}],\"inLanguage\":\"en-US\"},{\"@type\":\"ImageObject\",\"@id\":\"https:\/\/www.midtech.com.vn\/san-pham\/thiet-bi-relay-schneider\/#primaryimage\",\"inLanguage\":\"en-US\",\"url\":\"https:\/\/www.midtech.com.vn\/wp-content\/uploads\/2021\/11\/Thiet-bi-Relay-Schneider.png\",\"contentUrl\":\"https:\/\/www.midtech.com.vn\/wp-content\/uploads\/2021\/11\/Thiet-bi-Relay-Schneider.png\",\"width\":800,\"height\":800},{\"@type\":\"WebPage\",\"@id\":\"https:\/\/www.midtech.com.vn\/san-pham\/thiet-bi-relay-schneider\/#webpage\",\"url\":\"https:\/\/www.midtech.com.vn\/san-pham\/thiet-bi-relay-schneider\/\",\"name\":\"Thi\\u1ebft b\\u1ecb Relay Schneider - C\\u00f4ng Ty TNHH D\\u1ecbch V\\u1ee5 K\\u1ef9 Thu\\u1eadt Minh \\u0110\\u1ee9c\",\"isPartOf\":{\"@id\":\"https:\/\/www.midtech.com.vn\/#website\"},\"primaryImageOfPage\":{\"@id\":\"https:\/\/www.midtech.com.vn\/san-pham\/thiet-bi-relay-schneider\/#primaryimage\"},\"datePublished\":\"2021-11-27T03:36:26+00:00\",\"dateModified\":\"2022-06-20T07:57:08+00:00\",\"breadcrumb\":{\"@id\":\"https:\/\/www.midtech.com.vn\/san-pham\/thiet-bi-relay-schneider\/#breadcrumb\"},\"inLanguage\":\"en-US\",\"potentialAction\":[{\"@type\":\"ReadAction\",\"target\":[\"https:\/\/www.midtech.com.vn\/san-pham\/thiet-bi-relay-schneider\/\"]}]},{\"@type\":\"BreadcrumbList\",\"@id\":\"https:\/\/www.midtech.com.vn\/san-pham\/thiet-bi-relay-schneider\/#breadcrumb\",\"itemListElement\":[{\"@type\":\"ListItem\",\"position\":1,\"name\":\"Home\",\"item\":\"https:\/\/www.midtech.com.vn\/\"},{\"@type\":\"ListItem\",\"position\":2,\"name\":\"Shop\",\"item\":\"https:\/\/www.midtech.com.vn\/shop\/\"},{\"@type\":\"ListItem\",\"position\":3,\"name\":\"Thi\\u1ebft b\\u1ecb Relay Schneider\"}]}]}<\/script>\n<!-- \/ Yoast SEO plugin. -->","yoast_head_json":{"title":"Thi\u1ebft b\u1ecb Relay Schneider - C\u00f4ng Ty TNHH D\u1ecbch V\u1ee5 K\u1ef9 Thu\u1eadt Minh \u0110\u1ee9c","robots":{"index":"index","follow":"follow","max-snippet":"max-snippet:-1","max-image-preview":"max-image-preview:large","max-video-preview":"max-video-preview:-1"},"canonical":"https:\/\/www.midtech.com.vn\/san-pham\/thiet-bi-relay-schneider\/","og_locale":"en_US","og_type":"article","og_title":"Thi\u1ebft b\u1ecb Relay Schneider - C\u00f4ng Ty TNHH D\u1ecbch V\u1ee5 K\u1ef9 Thu\u1eadt Minh \u0110\u1ee9c","og_description":"[:vi]RCBO Schneider hi\u1ec7n \u0111\u01b0\u1ee3c \u1ee9ng d\u1ee5ng trong nhi\u1ec1u h\u1ea1ng m\u1ee5c c\u00f4ng tr\u00ecnh kh\u00e1c nhau. V\u1edbi nhi\u1ec1u d\u00f2ng \u0111\u00f3ng c\u1eaft kh\u00e1ch nhau, s\u1ea3n ph\u1ea9m c\u00f3 th\u1ec3 \u0111\u00e1p \u1ee9ng t\u1ed1t m\u1ecdi nhu c\u1ea7u c\u1ee7a ng\u01b0\u1eddi s\u1eed d\u1ee5ng. RCBO Schneider l\u00e0 s\u1ef1 l\u1ef1a ch\u1ecdn t\u1ed1i \u01b0u nh\u1ea5t gi\u00fap ki\u1ec3m so\u00e1t h\u1ec7 th\u1ed1ng \u0111i\u1ec7n \u01b0u vi\u1ec7t nh\u1ea5t. Vi\u1ec7c l\u1eafp \u0111\u1eb7t v\u00e0 s\u1eed d\u1ee5ng s\u1ea3n ph\u1ea9m s\u1ebd gi\u00fap b\u1ea1n h\u1ea1n ch\u1ebf \u0111\u01b0\u1ee3c c\u00e1c s\u1ef1 c\u1ed1, ch\u1ed1ng r\u00f2 d\u00f2ng v\u00e0 ch\u1ed1ng gi\u1eadt hi\u1ec7u qu\u1ea3.[:]","og_url":"https:\/\/www.midtech.com.vn\/san-pham\/thiet-bi-relay-schneider\/","og_site_name":"C\u00f4ng Ty TNHH D\u1ecbch V\u1ee5 K\u1ef9 Thu\u1eadt Minh \u0110\u1ee9c","article_modified_time":"2022-06-20T07:57:08+00:00","og_image":[{"width":800,"height":800,"url":"https:\/\/www.midtech.com.vn\/wp-content\/uploads\/2021\/11\/Thiet-bi-Relay-Schneider.png","type":"image\/png"}],"twitter_card":"summary_large_image","schema":{"@context":"https:\/\/schema.org","@graph":[{"@type":"WebSite","@id":"https:\/\/www.midtech.com.vn\/#website","url":"https:\/\/www.midtech.com.vn\/","name":"C\u00f4ng Ty TNHH D\u1ecbch V\u1ee5 K\u1ef9 Thu\u1eadt Minh \u0110\u1ee9c","description":"","potentialAction":[{"@type":"SearchAction","target":{"@type":"EntryPoint","urlTemplate":"https:\/\/www.midtech.com.vn\/?s={search_term_string}"},"query-input":"required name=search_term_string"}],"inLanguage":"en-US"},{"@type":"ImageObject","@id":"https:\/\/www.midtech.com.vn\/san-pham\/thiet-bi-relay-schneider\/#primaryimage","inLanguage":"en-US","url":"https:\/\/www.midtech.com.vn\/wp-content\/uploads\/2021\/11\/Thiet-bi-Relay-Schneider.png","contentUrl":"https:\/\/www.midtech.com.vn\/wp-content\/uploads\/2021\/11\/Thiet-bi-Relay-Schneider.png","width":800,"height":800},{"@type":"WebPage","@id":"https:\/\/www.midtech.com.vn\/san-pham\/thiet-bi-relay-schneider\/#webpage","url":"https:\/\/www.midtech.com.vn\/san-pham\/thiet-bi-relay-schneider\/","name":"Thi\u1ebft b\u1ecb Relay Schneider - C\u00f4ng Ty TNHH D\u1ecbch V\u1ee5 K\u1ef9 Thu\u1eadt Minh \u0110\u1ee9c","isPartOf":{"@id":"https:\/\/www.midtech.com.vn\/#website"},"primaryImageOfPage":{"@id":"https:\/\/www.midtech.com.vn\/san-pham\/thiet-bi-relay-schneider\/#primaryimage"},"datePublished":"2021-11-27T03:36:26+00:00","dateModified":"2022-06-20T07:57:08+00:00","breadcrumb":{"@id":"https:\/\/www.midtech.com.vn\/san-pham\/thiet-bi-relay-schneider\/#breadcrumb"},"inLanguage":"en-US","potentialAction":[{"@type":"ReadAction","target":["https:\/\/www.midtech.com.vn\/san-pham\/thiet-bi-relay-schneider\/"]}]},{"@type":"BreadcrumbList","@id":"https:\/\/www.midtech.com.vn\/san-pham\/thiet-bi-relay-schneider\/#breadcrumb","itemListElement":[{"@type":"ListItem","position":1,"name":"Home","item":"https:\/\/www.midtech.com.vn\/"},{"@type":"ListItem","position":2,"name":"Shop","item":"https:\/\/www.midtech.com.vn\/shop\/"},{"@type":"ListItem","position":3,"name":"Thi\u1ebft b\u1ecb Relay Schneider"}]}]}},"_links":{"self":[{"href":"https:\/\/www.midtech.com.vn\/en\/wp-json\/wp\/v2\/product\/376"}],"collection":[{"href":"https:\/\/www.midtech.com.vn\/en\/wp-json\/wp\/v2\/product"}],"about":[{"href":"https:\/\/www.midtech.com.vn\/en\/wp-json\/wp\/v2\/types\/product"}],"replies":[{"embeddable":true,"href":"https:\/\/www.midtech.com.vn\/en\/wp-json\/wp\/v2\/comments?post=376"}],"wp:featuredmedia":[{"embeddable":true,"href":"https:\/\/www.midtech.com.vn\/en\/wp-json\/wp\/v2\/media\/382"}],"wp:attachment":[{"href":"https:\/\/www.midtech.com.vn\/en\/wp-json\/wp\/v2\/media?parent=376"}],"wp:term":[{"taxonomy":"product_cat","embeddable":true,"href":"https:\/\/www.midtech.com.vn\/en\/wp-json\/wp\/v2\/product_cat?post=376"},{"taxonomy":"product_tag","embeddable":true,"href":"https:\/\/www.midtech.com.vn\/en\/wp-json\/wp\/v2\/product_tag?post=376"}],"curies":[{"name":"wp","href":"https:\/\/api.w.org\/{rel}","templated":true}]}}