{"id":375,"date":"2021-11-27T03:35:59","date_gmt":"2021-11-27T03:35:59","guid":{"rendered":"https:\/\/www.midtech.com.vn\/?post_type=product&#038;p=375"},"modified":"2022-06-20T07:57:06","modified_gmt":"2022-06-20T07:57:06","slug":"contactor-schneider","status":"publish","type":"product","link":"https:\/\/www.midtech.com.vn\/en\/san-pham\/contactor-schneider\/","title":{"rendered":"Contactor Schneider"},"content":{"rendered":"","protected":false},"excerpt":{"rendered":"<p class=\"qtranxs-available-languages-message qtranxs-available-languages-message-en\">Sorry, this entry is only available in <a href=\"https:\/\/www.midtech.com.vn\/vi\/wp-json\/wp\/v2\/product\/375\" class=\"qtranxs-available-language-link qtranxs-available-language-link-vi\" title=\"Ti\u1ebfng Vi\u1ec7t\">Ti\u1ebfng Vi\u1ec7t<\/a>.<\/p>\n","protected":false},"featured_media":381,"comment_status":"closed","ping_status":"closed","template":"","meta":[],"product_cat":[21],"product_tag":[],"yoast_head":"<!-- This site is optimized with the Yoast SEO plugin v17.6 - https:\/\/yoast.com\/wordpress\/plugins\/seo\/ -->\n<title>Contactor Schneider - C\u00f4ng Ty TNHH D\u1ecbch V\u1ee5 K\u1ef9 Thu\u1eadt Minh \u0110\u1ee9c<\/title>\n<meta name=\"robots\" content=\"index, follow, max-snippet:-1, max-image-preview:large, max-video-preview:-1\" \/>\n<link rel=\"canonical\" href=\"https:\/\/www.midtech.com.vn\/san-pham\/contactor-schneider\/\" \/>\n<meta property=\"og:locale\" content=\"en_US\" \/>\n<meta property=\"og:type\" content=\"article\" \/>\n<meta property=\"og:title\" content=\"Contactor Schneider - C\u00f4ng Ty TNHH D\u1ecbch V\u1ee5 K\u1ef9 Thu\u1eadt Minh \u0110\u1ee9c\" \/>\n<meta property=\"og:description\" content=\"[:vi]Contactor Schneider hay c\u00f2n g\u1ecdi l\u00e0 kh\u1edfi \u0111\u1ed9ng t\u1eeb, kh\u00ed c\u1ee5 \u0111i\u1ec7n h\u1ea1 \u00e1p. Ch\u1ee9c n\u0103ng c\u1ee7a n\u00f3 l\u00e0 th\u1ef1c hi\u1ec7n vi\u1ec7c \u0111\u00f3ng ng\u1eaft c\u00e1c m\u1ea1ch \u0111i\u1ec7n \u0111\u1ed9ng l\u1ef1c. D\u00f2ng \u0111i\u1ec7n ng\u1eaft kh\u00f4ng v\u01b0\u1ee3t qu\u00e1 d\u00f2ng \u0111i\u1ec7n qu\u00e1 t\u1ea3i c\u1ee7a m\u1ea1ch \u0111i\u1ec7n. Contactor th\u01b0\u1eddng d\u00f9ng \u0111\u1ec3 kh\u1edfi \u0111\u1ed9ng \u0111\u1ed9ng c\u01a1 (kh\u1edfi \u0111\u1ed9ng tr\u1ef1c ti\u1ebfp, kh\u1edfi \u0111\u1ed9ng sao-tam gi\u00e1c\u2026) gi\u00fap \u0111\u00f3ng c\u1eaft t\u1ea3i chi\u1ebfu s\u00e1ng, \u0111\u00f3ng c\u1eaft t\u1ee5 b\u00f9\u2026[:]\" \/>\n<meta property=\"og:url\" content=\"https:\/\/www.midtech.com.vn\/san-pham\/contactor-schneider\/\" \/>\n<meta property=\"og:site_name\" content=\"C\u00f4ng Ty TNHH D\u1ecbch V\u1ee5 K\u1ef9 Thu\u1eadt Minh \u0110\u1ee9c\" \/>\n<meta property=\"article:modified_time\" content=\"2022-06-20T07:57:06+00:00\" \/>\n<meta property=\"og:image\" content=\"https:\/\/www.midtech.com.vn\/wp-content\/uploads\/2021\/11\/Contactor-Schneider.png\" \/>\n\t<meta property=\"og:image:width\" content=\"800\" \/>\n\t<meta property=\"og:image:height\" content=\"800\" \/>\n<meta name=\"twitter:card\" content=\"summary_large_image\" \/>\n<script type=\"application\/ld+json\" class=\"yoast-schema-graph\">{\"@context\":\"https:\/\/schema.org\",\"@graph\":[{\"@type\":\"WebSite\",\"@id\":\"https:\/\/www.midtech.com.vn\/#website\",\"url\":\"https:\/\/www.midtech.com.vn\/\",\"name\":\"C\\u00f4ng Ty TNHH D\\u1ecbch V\\u1ee5 K\\u1ef9 Thu\\u1eadt Minh \\u0110\\u1ee9c\",\"description\":\"\",\"potentialAction\":[{\"@type\":\"SearchAction\",\"target\":{\"@type\":\"EntryPoint\",\"urlTemplate\":\"https:\/\/www.midtech.com.vn\/?s={search_term_string}\"},\"query-input\":\"required name=search_term_string\"}],\"inLanguage\":\"en-US\"},{\"@type\":\"ImageObject\",\"@id\":\"https:\/\/www.midtech.com.vn\/san-pham\/contactor-schneider\/#primaryimage\",\"inLanguage\":\"en-US\",\"url\":\"https:\/\/www.midtech.com.vn\/wp-content\/uploads\/2021\/11\/Contactor-Schneider.png\",\"contentUrl\":\"https:\/\/www.midtech.com.vn\/wp-content\/uploads\/2021\/11\/Contactor-Schneider.png\",\"width\":800,\"height\":800},{\"@type\":\"WebPage\",\"@id\":\"https:\/\/www.midtech.com.vn\/san-pham\/contactor-schneider\/#webpage\",\"url\":\"https:\/\/www.midtech.com.vn\/san-pham\/contactor-schneider\/\",\"name\":\"Contactor Schneider - C\\u00f4ng Ty TNHH D\\u1ecbch V\\u1ee5 K\\u1ef9 Thu\\u1eadt Minh \\u0110\\u1ee9c\",\"isPartOf\":{\"@id\":\"https:\/\/www.midtech.com.vn\/#website\"},\"primaryImageOfPage\":{\"@id\":\"https:\/\/www.midtech.com.vn\/san-pham\/contactor-schneider\/#primaryimage\"},\"datePublished\":\"2021-11-27T03:35:59+00:00\",\"dateModified\":\"2022-06-20T07:57:06+00:00\",\"breadcrumb\":{\"@id\":\"https:\/\/www.midtech.com.vn\/san-pham\/contactor-schneider\/#breadcrumb\"},\"inLanguage\":\"en-US\",\"potentialAction\":[{\"@type\":\"ReadAction\",\"target\":[\"https:\/\/www.midtech.com.vn\/san-pham\/contactor-schneider\/\"]}]},{\"@type\":\"BreadcrumbList\",\"@id\":\"https:\/\/www.midtech.com.vn\/san-pham\/contactor-schneider\/#breadcrumb\",\"itemListElement\":[{\"@type\":\"ListItem\",\"position\":1,\"name\":\"Home\",\"item\":\"https:\/\/www.midtech.com.vn\/\"},{\"@type\":\"ListItem\",\"position\":2,\"name\":\"Shop\",\"item\":\"https:\/\/www.midtech.com.vn\/shop\/\"},{\"@type\":\"ListItem\",\"position\":3,\"name\":\"Contactor Schneider\"}]}]}<\/script>\n<!-- \/ Yoast SEO plugin. -->","yoast_head_json":{"title":"Contactor Schneider - C\u00f4ng Ty TNHH D\u1ecbch V\u1ee5 K\u1ef9 Thu\u1eadt Minh \u0110\u1ee9c","robots":{"index":"index","follow":"follow","max-snippet":"max-snippet:-1","max-image-preview":"max-image-preview:large","max-video-preview":"max-video-preview:-1"},"canonical":"https:\/\/www.midtech.com.vn\/san-pham\/contactor-schneider\/","og_locale":"en_US","og_type":"article","og_title":"Contactor Schneider - C\u00f4ng Ty TNHH D\u1ecbch V\u1ee5 K\u1ef9 Thu\u1eadt Minh \u0110\u1ee9c","og_description":"[:vi]Contactor Schneider hay c\u00f2n g\u1ecdi l\u00e0 kh\u1edfi \u0111\u1ed9ng t\u1eeb, kh\u00ed c\u1ee5 \u0111i\u1ec7n h\u1ea1 \u00e1p. Ch\u1ee9c n\u0103ng c\u1ee7a n\u00f3 l\u00e0 th\u1ef1c hi\u1ec7n vi\u1ec7c \u0111\u00f3ng ng\u1eaft c\u00e1c m\u1ea1ch \u0111i\u1ec7n \u0111\u1ed9ng l\u1ef1c. D\u00f2ng \u0111i\u1ec7n ng\u1eaft kh\u00f4ng v\u01b0\u1ee3t qu\u00e1 d\u00f2ng \u0111i\u1ec7n qu\u00e1 t\u1ea3i c\u1ee7a m\u1ea1ch \u0111i\u1ec7n. Contactor th\u01b0\u1eddng d\u00f9ng \u0111\u1ec3 kh\u1edfi \u0111\u1ed9ng \u0111\u1ed9ng c\u01a1 (kh\u1edfi \u0111\u1ed9ng tr\u1ef1c ti\u1ebfp, kh\u1edfi \u0111\u1ed9ng sao-tam gi\u00e1c\u2026) gi\u00fap \u0111\u00f3ng c\u1eaft t\u1ea3i chi\u1ebfu s\u00e1ng, \u0111\u00f3ng c\u1eaft t\u1ee5 b\u00f9\u2026[:]","og_url":"https:\/\/www.midtech.com.vn\/san-pham\/contactor-schneider\/","og_site_name":"C\u00f4ng Ty TNHH D\u1ecbch V\u1ee5 K\u1ef9 Thu\u1eadt Minh \u0110\u1ee9c","article_modified_time":"2022-06-20T07:57:06+00:00","og_image":[{"width":800,"height":800,"url":"https:\/\/www.midtech.com.vn\/wp-content\/uploads\/2021\/11\/Contactor-Schneider.png","type":"image\/png"}],"twitter_card":"summary_large_image","schema":{"@context":"https:\/\/schema.org","@graph":[{"@type":"WebSite","@id":"https:\/\/www.midtech.com.vn\/#website","url":"https:\/\/www.midtech.com.vn\/","name":"C\u00f4ng Ty TNHH D\u1ecbch V\u1ee5 K\u1ef9 Thu\u1eadt Minh \u0110\u1ee9c","description":"","potentialAction":[{"@type":"SearchAction","target":{"@type":"EntryPoint","urlTemplate":"https:\/\/www.midtech.com.vn\/?s={search_term_string}"},"query-input":"required name=search_term_string"}],"inLanguage":"en-US"},{"@type":"ImageObject","@id":"https:\/\/www.midtech.com.vn\/san-pham\/contactor-schneider\/#primaryimage","inLanguage":"en-US","url":"https:\/\/www.midtech.com.vn\/wp-content\/uploads\/2021\/11\/Contactor-Schneider.png","contentUrl":"https:\/\/www.midtech.com.vn\/wp-content\/uploads\/2021\/11\/Contactor-Schneider.png","width":800,"height":800},{"@type":"WebPage","@id":"https:\/\/www.midtech.com.vn\/san-pham\/contactor-schneider\/#webpage","url":"https:\/\/www.midtech.com.vn\/san-pham\/contactor-schneider\/","name":"Contactor Schneider - C\u00f4ng Ty TNHH D\u1ecbch V\u1ee5 K\u1ef9 Thu\u1eadt Minh \u0110\u1ee9c","isPartOf":{"@id":"https:\/\/www.midtech.com.vn\/#website"},"primaryImageOfPage":{"@id":"https:\/\/www.midtech.com.vn\/san-pham\/contactor-schneider\/#primaryimage"},"datePublished":"2021-11-27T03:35:59+00:00","dateModified":"2022-06-20T07:57:06+00:00","breadcrumb":{"@id":"https:\/\/www.midtech.com.vn\/san-pham\/contactor-schneider\/#breadcrumb"},"inLanguage":"en-US","potentialAction":[{"@type":"ReadAction","target":["https:\/\/www.midtech.com.vn\/san-pham\/contactor-schneider\/"]}]},{"@type":"BreadcrumbList","@id":"https:\/\/www.midtech.com.vn\/san-pham\/contactor-schneider\/#breadcrumb","itemListElement":[{"@type":"ListItem","position":1,"name":"Home","item":"https:\/\/www.midtech.com.vn\/"},{"@type":"ListItem","position":2,"name":"Shop","item":"https:\/\/www.midtech.com.vn\/shop\/"},{"@type":"ListItem","position":3,"name":"Contactor Schneider"}]}]}},"_links":{"self":[{"href":"https:\/\/www.midtech.com.vn\/en\/wp-json\/wp\/v2\/product\/375"}],"collection":[{"href":"https:\/\/www.midtech.com.vn\/en\/wp-json\/wp\/v2\/product"}],"about":[{"href":"https:\/\/www.midtech.com.vn\/en\/wp-json\/wp\/v2\/types\/product"}],"replies":[{"embeddable":true,"href":"https:\/\/www.midtech.com.vn\/en\/wp-json\/wp\/v2\/comments?post=375"}],"wp:featuredmedia":[{"embeddable":true,"href":"https:\/\/www.midtech.com.vn\/en\/wp-json\/wp\/v2\/media\/381"}],"wp:attachment":[{"href":"https:\/\/www.midtech.com.vn\/en\/wp-json\/wp\/v2\/media?parent=375"}],"wp:term":[{"taxonomy":"product_cat","embeddable":true,"href":"https:\/\/www.midtech.com.vn\/en\/wp-json\/wp\/v2\/product_cat?post=375"},{"taxonomy":"product_tag","embeddable":true,"href":"https:\/\/www.midtech.com.vn\/en\/wp-json\/wp\/v2\/product_tag?post=375"}],"curies":[{"name":"wp","href":"https:\/\/api.w.org\/{rel}","templated":true}]}}