{"id":373,"date":"2021-11-27T03:34:06","date_gmt":"2021-11-27T03:34:06","guid":{"rendered":"https:\/\/www.midtech.com.vn\/?post_type=product&#038;p=373"},"modified":"2022-06-20T07:57:03","modified_gmt":"2022-06-20T07:57:03","slug":"mccb-schneider","status":"publish","type":"product","link":"https:\/\/www.midtech.com.vn\/en\/san-pham\/mccb-schneider\/","title":{"rendered":"MCCB Schneider"},"content":{"rendered":"","protected":false},"excerpt":{"rendered":"<p class=\"qtranxs-available-languages-message qtranxs-available-languages-message-en\">Sorry, this entry is only available in <a href=\"https:\/\/www.midtech.com.vn\/vi\/wp-json\/wp\/v2\/product\/373\" class=\"qtranxs-available-language-link qtranxs-available-language-link-vi\" title=\"Ti\u1ebfng Vi\u1ec7t\">Ti\u1ebfng Vi\u1ec7t<\/a>.<\/p>\n","protected":false},"featured_media":379,"comment_status":"closed","ping_status":"closed","template":"","meta":[],"product_cat":[21],"product_tag":[],"yoast_head":"<!-- This site is optimized with the Yoast SEO plugin v17.6 - https:\/\/yoast.com\/wordpress\/plugins\/seo\/ -->\n<title>MCCB Schneider - C\u00f4ng Ty TNHH D\u1ecbch V\u1ee5 K\u1ef9 Thu\u1eadt Minh \u0110\u1ee9c<\/title>\n<meta name=\"robots\" content=\"index, follow, max-snippet:-1, max-image-preview:large, max-video-preview:-1\" \/>\n<link rel=\"canonical\" href=\"https:\/\/www.midtech.com.vn\/san-pham\/mccb-schneider\/\" \/>\n<meta property=\"og:locale\" content=\"en_US\" \/>\n<meta property=\"og:type\" content=\"article\" \/>\n<meta property=\"og:title\" content=\"MCCB Schneider - C\u00f4ng Ty TNHH D\u1ecbch V\u1ee5 K\u1ef9 Thu\u1eadt Minh \u0110\u1ee9c\" \/>\n<meta property=\"og:description\" content=\"[:vi] MCCB c\u00f3 ch\u1ea5t l\u01b0\u1ee3ng an to\u00e0n nh\u1ea5t, an to\u00e0n, gi\u00e1 c\u1ea1nh trang. MCCB\u00a0 c\u1ee7a Schneider \u0111\u01b0\u1ee3c s\u1ea3n xu\u1ea5t v\u00e0 c\u00f3 ki\u1ec3m \u0111\u1ecbnh ch\u1ea5t l\u01b0\u1ee3ng b\u1edfi c\u00e1c t\u1ed5 ch\u1ee9c qu\u1ed1c t\u1ebf, \u0111\u1ea1t ch\u1ee9ng ch\u1ec9 qu\u1ea3n l\u00fd ch\u1ea5t l\u01b0\u1ee3ng ISO   9001 v\u00e0 m\u00f4i tr\u01b0\u1eddng ISO 14000. MCCB Schneider c\u00f3 nhi\u1ec1u d\u00f2ng \u0111\u00f3ng c\u1eaft\u00a0 cho b\u1ea1n c\u00f3 th\u1ec3 l\u1ef1a ch\u1ecdn. [:]\" \/>\n<meta property=\"og:url\" content=\"https:\/\/www.midtech.com.vn\/san-pham\/mccb-schneider\/\" \/>\n<meta property=\"og:site_name\" content=\"C\u00f4ng Ty TNHH D\u1ecbch V\u1ee5 K\u1ef9 Thu\u1eadt Minh \u0110\u1ee9c\" \/>\n<meta property=\"article:modified_time\" content=\"2022-06-20T07:57:03+00:00\" \/>\n<meta property=\"og:image\" content=\"https:\/\/www.midtech.com.vn\/wp-content\/uploads\/2021\/11\/MCCB-Schneider.png\" \/>\n\t<meta property=\"og:image:width\" content=\"800\" \/>\n\t<meta property=\"og:image:height\" content=\"800\" \/>\n<meta name=\"twitter:card\" content=\"summary_large_image\" \/>\n<script type=\"application\/ld+json\" class=\"yoast-schema-graph\">{\"@context\":\"https:\/\/schema.org\",\"@graph\":[{\"@type\":\"WebSite\",\"@id\":\"https:\/\/www.midtech.com.vn\/#website\",\"url\":\"https:\/\/www.midtech.com.vn\/\",\"name\":\"C\\u00f4ng Ty TNHH D\\u1ecbch V\\u1ee5 K\\u1ef9 Thu\\u1eadt Minh \\u0110\\u1ee9c\",\"description\":\"\",\"potentialAction\":[{\"@type\":\"SearchAction\",\"target\":{\"@type\":\"EntryPoint\",\"urlTemplate\":\"https:\/\/www.midtech.com.vn\/?s={search_term_string}\"},\"query-input\":\"required name=search_term_string\"}],\"inLanguage\":\"en-US\"},{\"@type\":\"ImageObject\",\"@id\":\"https:\/\/www.midtech.com.vn\/san-pham\/mccb-schneider\/#primaryimage\",\"inLanguage\":\"en-US\",\"url\":\"https:\/\/www.midtech.com.vn\/wp-content\/uploads\/2021\/11\/MCCB-Schneider.png\",\"contentUrl\":\"https:\/\/www.midtech.com.vn\/wp-content\/uploads\/2021\/11\/MCCB-Schneider.png\",\"width\":800,\"height\":800},{\"@type\":\"WebPage\",\"@id\":\"https:\/\/www.midtech.com.vn\/san-pham\/mccb-schneider\/#webpage\",\"url\":\"https:\/\/www.midtech.com.vn\/san-pham\/mccb-schneider\/\",\"name\":\"MCCB Schneider - C\\u00f4ng Ty TNHH D\\u1ecbch V\\u1ee5 K\\u1ef9 Thu\\u1eadt Minh \\u0110\\u1ee9c\",\"isPartOf\":{\"@id\":\"https:\/\/www.midtech.com.vn\/#website\"},\"primaryImageOfPage\":{\"@id\":\"https:\/\/www.midtech.com.vn\/san-pham\/mccb-schneider\/#primaryimage\"},\"datePublished\":\"2021-11-27T03:34:06+00:00\",\"dateModified\":\"2022-06-20T07:57:03+00:00\",\"breadcrumb\":{\"@id\":\"https:\/\/www.midtech.com.vn\/san-pham\/mccb-schneider\/#breadcrumb\"},\"inLanguage\":\"en-US\",\"potentialAction\":[{\"@type\":\"ReadAction\",\"target\":[\"https:\/\/www.midtech.com.vn\/san-pham\/mccb-schneider\/\"]}]},{\"@type\":\"BreadcrumbList\",\"@id\":\"https:\/\/www.midtech.com.vn\/san-pham\/mccb-schneider\/#breadcrumb\",\"itemListElement\":[{\"@type\":\"ListItem\",\"position\":1,\"name\":\"Home\",\"item\":\"https:\/\/www.midtech.com.vn\/\"},{\"@type\":\"ListItem\",\"position\":2,\"name\":\"Shop\",\"item\":\"https:\/\/www.midtech.com.vn\/shop\/\"},{\"@type\":\"ListItem\",\"position\":3,\"name\":\"MCCB Schneider\"}]}]}<\/script>\n<!-- \/ Yoast SEO plugin. -->","yoast_head_json":{"title":"MCCB Schneider - C\u00f4ng Ty TNHH D\u1ecbch V\u1ee5 K\u1ef9 Thu\u1eadt Minh \u0110\u1ee9c","robots":{"index":"index","follow":"follow","max-snippet":"max-snippet:-1","max-image-preview":"max-image-preview:large","max-video-preview":"max-video-preview:-1"},"canonical":"https:\/\/www.midtech.com.vn\/san-pham\/mccb-schneider\/","og_locale":"en_US","og_type":"article","og_title":"MCCB Schneider - C\u00f4ng Ty TNHH D\u1ecbch V\u1ee5 K\u1ef9 Thu\u1eadt Minh \u0110\u1ee9c","og_description":"[:vi] MCCB c\u00f3 ch\u1ea5t l\u01b0\u1ee3ng an to\u00e0n nh\u1ea5t, an to\u00e0n, gi\u00e1 c\u1ea1nh trang. MCCB\u00a0 c\u1ee7a Schneider \u0111\u01b0\u1ee3c s\u1ea3n xu\u1ea5t v\u00e0 c\u00f3 ki\u1ec3m \u0111\u1ecbnh ch\u1ea5t l\u01b0\u1ee3ng b\u1edfi c\u00e1c t\u1ed5 ch\u1ee9c qu\u1ed1c t\u1ebf, \u0111\u1ea1t ch\u1ee9ng ch\u1ec9 qu\u1ea3n l\u00fd ch\u1ea5t l\u01b0\u1ee3ng ISO   9001 v\u00e0 m\u00f4i tr\u01b0\u1eddng ISO 14000. MCCB Schneider c\u00f3 nhi\u1ec1u d\u00f2ng \u0111\u00f3ng c\u1eaft\u00a0 cho b\u1ea1n c\u00f3 th\u1ec3 l\u1ef1a ch\u1ecdn. [:]","og_url":"https:\/\/www.midtech.com.vn\/san-pham\/mccb-schneider\/","og_site_name":"C\u00f4ng Ty TNHH D\u1ecbch V\u1ee5 K\u1ef9 Thu\u1eadt Minh \u0110\u1ee9c","article_modified_time":"2022-06-20T07:57:03+00:00","og_image":[{"width":800,"height":800,"url":"https:\/\/www.midtech.com.vn\/wp-content\/uploads\/2021\/11\/MCCB-Schneider.png","type":"image\/png"}],"twitter_card":"summary_large_image","schema":{"@context":"https:\/\/schema.org","@graph":[{"@type":"WebSite","@id":"https:\/\/www.midtech.com.vn\/#website","url":"https:\/\/www.midtech.com.vn\/","name":"C\u00f4ng Ty TNHH D\u1ecbch V\u1ee5 K\u1ef9 Thu\u1eadt Minh \u0110\u1ee9c","description":"","potentialAction":[{"@type":"SearchAction","target":{"@type":"EntryPoint","urlTemplate":"https:\/\/www.midtech.com.vn\/?s={search_term_string}"},"query-input":"required name=search_term_string"}],"inLanguage":"en-US"},{"@type":"ImageObject","@id":"https:\/\/www.midtech.com.vn\/san-pham\/mccb-schneider\/#primaryimage","inLanguage":"en-US","url":"https:\/\/www.midtech.com.vn\/wp-content\/uploads\/2021\/11\/MCCB-Schneider.png","contentUrl":"https:\/\/www.midtech.com.vn\/wp-content\/uploads\/2021\/11\/MCCB-Schneider.png","width":800,"height":800},{"@type":"WebPage","@id":"https:\/\/www.midtech.com.vn\/san-pham\/mccb-schneider\/#webpage","url":"https:\/\/www.midtech.com.vn\/san-pham\/mccb-schneider\/","name":"MCCB Schneider - C\u00f4ng Ty TNHH D\u1ecbch V\u1ee5 K\u1ef9 Thu\u1eadt Minh \u0110\u1ee9c","isPartOf":{"@id":"https:\/\/www.midtech.com.vn\/#website"},"primaryImageOfPage":{"@id":"https:\/\/www.midtech.com.vn\/san-pham\/mccb-schneider\/#primaryimage"},"datePublished":"2021-11-27T03:34:06+00:00","dateModified":"2022-06-20T07:57:03+00:00","breadcrumb":{"@id":"https:\/\/www.midtech.com.vn\/san-pham\/mccb-schneider\/#breadcrumb"},"inLanguage":"en-US","potentialAction":[{"@type":"ReadAction","target":["https:\/\/www.midtech.com.vn\/san-pham\/mccb-schneider\/"]}]},{"@type":"BreadcrumbList","@id":"https:\/\/www.midtech.com.vn\/san-pham\/mccb-schneider\/#breadcrumb","itemListElement":[{"@type":"ListItem","position":1,"name":"Home","item":"https:\/\/www.midtech.com.vn\/"},{"@type":"ListItem","position":2,"name":"Shop","item":"https:\/\/www.midtech.com.vn\/shop\/"},{"@type":"ListItem","position":3,"name":"MCCB Schneider"}]}]}},"_links":{"self":[{"href":"https:\/\/www.midtech.com.vn\/en\/wp-json\/wp\/v2\/product\/373"}],"collection":[{"href":"https:\/\/www.midtech.com.vn\/en\/wp-json\/wp\/v2\/product"}],"about":[{"href":"https:\/\/www.midtech.com.vn\/en\/wp-json\/wp\/v2\/types\/product"}],"replies":[{"embeddable":true,"href":"https:\/\/www.midtech.com.vn\/en\/wp-json\/wp\/v2\/comments?post=373"}],"wp:featuredmedia":[{"embeddable":true,"href":"https:\/\/www.midtech.com.vn\/en\/wp-json\/wp\/v2\/media\/379"}],"wp:attachment":[{"href":"https:\/\/www.midtech.com.vn\/en\/wp-json\/wp\/v2\/media?parent=373"}],"wp:term":[{"taxonomy":"product_cat","embeddable":true,"href":"https:\/\/www.midtech.com.vn\/en\/wp-json\/wp\/v2\/product_cat?post=373"},{"taxonomy":"product_tag","embeddable":true,"href":"https:\/\/www.midtech.com.vn\/en\/wp-json\/wp\/v2\/product_tag?post=373"}],"curies":[{"name":"wp","href":"https:\/\/api.w.org\/{rel}","templated":true}]}}