{"id":221,"date":"2021-11-25T01:21:47","date_gmt":"2021-11-25T01:21:47","guid":{"rendered":"https:\/\/www.midtech.com.vn\/?post_type=product&#038;p=221"},"modified":"2022-06-22T01:35:31","modified_gmt":"2022-06-22T01:35:31","slug":"phu-kien-may-nen-khi","status":"publish","type":"product","link":"https:\/\/www.midtech.com.vn\/en\/san-pham\/phu-kien-may-nen-khi\/","title":{"rendered":"AIR ACCESSORIES"},"content":{"rendered":"","protected":false},"excerpt":{"rendered":"<h3 class=\"font_3\">\u0110\u1ec3 n\u00e2ng cao \u0111\u1ed9 tin c\u1eady v\u00e0 ti\u1ebft ki\u1ec7m n\u0103ng l\u01b0\u1ee3ng, ngu\u00f4n kh\u00ed n\u00e9n ph\u1ea3i ho\u00e0n to\u00e0n s\u1ea1ch v\u00e0 kh\u00f4. ELGi cung c\u1ea5p nhi\u1ec1u lo\u1ea1i ph\u1ee5 ki\u1ec7n gi\u00fap lo\u1ea1i b\u1ecf c\u00e1c t\u1ea1p ch\u1ea5t c\u1ed1 h\u1eefu nh\u01b0 n\u01b0\u1edbc, b\u1ee5i b\u1ea9n ho\u1eb7c d\u1ea7u b\u00f4i tr\u01a1n.<\/h3>\n","protected":false},"featured_media":248,"comment_status":"closed","ping_status":"closed","template":"","meta":[],"product_cat":[20],"product_tag":[],"yoast_head":"<!-- This site is optimized with the Yoast SEO plugin v17.6 - https:\/\/yoast.com\/wordpress\/plugins\/seo\/ -->\n<title>AIR ACCESSORIES - C\u00f4ng Ty TNHH D\u1ecbch V\u1ee5 K\u1ef9 Thu\u1eadt Minh \u0110\u1ee9c<\/title>\n<meta name=\"robots\" content=\"index, follow, max-snippet:-1, max-image-preview:large, max-video-preview:-1\" \/>\n<link rel=\"canonical\" href=\"https:\/\/www.midtech.com.vn\/san-pham\/phu-kien-may-nen-khi\/\" \/>\n<meta property=\"og:locale\" content=\"en_US\" \/>\n<meta property=\"og:type\" content=\"article\" \/>\n<meta property=\"og:title\" content=\"AIR ACCESSORIES - C\u00f4ng Ty TNHH D\u1ecbch V\u1ee5 K\u1ef9 Thu\u1eadt Minh \u0110\u1ee9c\" \/>\n<meta property=\"og:description\" content=\"\u0110\u1ec3 n\u00e2ng cao \u0111\u1ed9 tin c\u1eady v\u00e0 ti\u1ebft ki\u1ec7m n\u0103ng l\u01b0\u1ee3ng, ngu\u00f4n kh\u00ed n\u00e9n ph\u1ea3i ho\u00e0n to\u00e0n s\u1ea1ch v\u00e0 kh\u00f4. ELGi cung c\u1ea5p nhi\u1ec1u lo\u1ea1i ph\u1ee5 ki\u1ec7n gi\u00fap lo\u1ea1i b\u1ecf c\u00e1c t\u1ea1p ch\u1ea5t c\u1ed1 h\u1eefu nh\u01b0 n\u01b0\u1edbc, b\u1ee5i b\u1ea9n ho\u1eb7c d\u1ea7u b\u00f4i tr\u01a1n.\" \/>\n<meta property=\"og:url\" content=\"https:\/\/www.midtech.com.vn\/san-pham\/phu-kien-may-nen-khi\/\" \/>\n<meta property=\"og:site_name\" content=\"C\u00f4ng Ty TNHH D\u1ecbch V\u1ee5 K\u1ef9 Thu\u1eadt Minh \u0110\u1ee9c\" \/>\n<meta property=\"article:modified_time\" content=\"2022-06-22T01:35:31+00:00\" \/>\n<meta property=\"og:image\" content=\"https:\/\/www.midtech.com.vn\/wp-content\/uploads\/2021\/11\/PHU-KIEN-MAY-NEN-KHI.png\" \/>\n\t<meta property=\"og:image:width\" content=\"800\" \/>\n\t<meta property=\"og:image:height\" content=\"800\" \/>\n<meta name=\"twitter:card\" content=\"summary_large_image\" \/>\n<script type=\"application\/ld+json\" class=\"yoast-schema-graph\">{\"@context\":\"https:\/\/schema.org\",\"@graph\":[{\"@type\":\"WebSite\",\"@id\":\"https:\/\/www.midtech.com.vn\/#website\",\"url\":\"https:\/\/www.midtech.com.vn\/\",\"name\":\"C\\u00f4ng Ty TNHH D\\u1ecbch V\\u1ee5 K\\u1ef9 Thu\\u1eadt Minh \\u0110\\u1ee9c\",\"description\":\"\",\"potentialAction\":[{\"@type\":\"SearchAction\",\"target\":{\"@type\":\"EntryPoint\",\"urlTemplate\":\"https:\/\/www.midtech.com.vn\/?s={search_term_string}\"},\"query-input\":\"required name=search_term_string\"}],\"inLanguage\":\"en-US\"},{\"@type\":\"ImageObject\",\"@id\":\"https:\/\/www.midtech.com.vn\/san-pham\/phu-kien-may-nen-khi\/#primaryimage\",\"inLanguage\":\"en-US\",\"url\":\"https:\/\/www.midtech.com.vn\/wp-content\/uploads\/2021\/11\/PHU-KIEN-MAY-NEN-KHI.png\",\"contentUrl\":\"https:\/\/www.midtech.com.vn\/wp-content\/uploads\/2021\/11\/PHU-KIEN-MAY-NEN-KHI.png\",\"width\":800,\"height\":800},{\"@type\":\"WebPage\",\"@id\":\"https:\/\/www.midtech.com.vn\/san-pham\/phu-kien-may-nen-khi\/#webpage\",\"url\":\"https:\/\/www.midtech.com.vn\/san-pham\/phu-kien-may-nen-khi\/\",\"name\":\"AIR ACCESSORIES - C\\u00f4ng Ty TNHH D\\u1ecbch V\\u1ee5 K\\u1ef9 Thu\\u1eadt Minh \\u0110\\u1ee9c\",\"isPartOf\":{\"@id\":\"https:\/\/www.midtech.com.vn\/#website\"},\"primaryImageOfPage\":{\"@id\":\"https:\/\/www.midtech.com.vn\/san-pham\/phu-kien-may-nen-khi\/#primaryimage\"},\"datePublished\":\"2021-11-25T01:21:47+00:00\",\"dateModified\":\"2022-06-22T01:35:31+00:00\",\"breadcrumb\":{\"@id\":\"https:\/\/www.midtech.com.vn\/san-pham\/phu-kien-may-nen-khi\/#breadcrumb\"},\"inLanguage\":\"en-US\",\"potentialAction\":[{\"@type\":\"ReadAction\",\"target\":[\"https:\/\/www.midtech.com.vn\/san-pham\/phu-kien-may-nen-khi\/\"]}]},{\"@type\":\"BreadcrumbList\",\"@id\":\"https:\/\/www.midtech.com.vn\/san-pham\/phu-kien-may-nen-khi\/#breadcrumb\",\"itemListElement\":[{\"@type\":\"ListItem\",\"position\":1,\"name\":\"Home\",\"item\":\"https:\/\/www.midtech.com.vn\/\"},{\"@type\":\"ListItem\",\"position\":2,\"name\":\"Shop\",\"item\":\"https:\/\/www.midtech.com.vn\/shop\/\"},{\"@type\":\"ListItem\",\"position\":3,\"name\":\"PH\\u1ee4 KI\\u1ec6N M\\u00c1Y N\\u00c9N KH\\u00cd\"}]}]}<\/script>\n<!-- \/ Yoast SEO plugin. -->","yoast_head_json":{"title":"AIR ACCESSORIES - C\u00f4ng Ty TNHH D\u1ecbch V\u1ee5 K\u1ef9 Thu\u1eadt Minh \u0110\u1ee9c","robots":{"index":"index","follow":"follow","max-snippet":"max-snippet:-1","max-image-preview":"max-image-preview:large","max-video-preview":"max-video-preview:-1"},"canonical":"https:\/\/www.midtech.com.vn\/san-pham\/phu-kien-may-nen-khi\/","og_locale":"en_US","og_type":"article","og_title":"AIR ACCESSORIES - C\u00f4ng Ty TNHH D\u1ecbch V\u1ee5 K\u1ef9 Thu\u1eadt Minh \u0110\u1ee9c","og_description":"\u0110\u1ec3 n\u00e2ng cao \u0111\u1ed9 tin c\u1eady v\u00e0 ti\u1ebft ki\u1ec7m n\u0103ng l\u01b0\u1ee3ng, ngu\u00f4n kh\u00ed n\u00e9n ph\u1ea3i ho\u00e0n to\u00e0n s\u1ea1ch v\u00e0 kh\u00f4. ELGi cung c\u1ea5p nhi\u1ec1u lo\u1ea1i ph\u1ee5 ki\u1ec7n gi\u00fap lo\u1ea1i b\u1ecf c\u00e1c t\u1ea1p ch\u1ea5t c\u1ed1 h\u1eefu nh\u01b0 n\u01b0\u1edbc, b\u1ee5i b\u1ea9n ho\u1eb7c d\u1ea7u b\u00f4i tr\u01a1n.","og_url":"https:\/\/www.midtech.com.vn\/san-pham\/phu-kien-may-nen-khi\/","og_site_name":"C\u00f4ng Ty TNHH D\u1ecbch V\u1ee5 K\u1ef9 Thu\u1eadt Minh \u0110\u1ee9c","article_modified_time":"2022-06-22T01:35:31+00:00","og_image":[{"width":800,"height":800,"url":"https:\/\/www.midtech.com.vn\/wp-content\/uploads\/2021\/11\/PHU-KIEN-MAY-NEN-KHI.png","type":"image\/png"}],"twitter_card":"summary_large_image","schema":{"@context":"https:\/\/schema.org","@graph":[{"@type":"WebSite","@id":"https:\/\/www.midtech.com.vn\/#website","url":"https:\/\/www.midtech.com.vn\/","name":"C\u00f4ng Ty TNHH D\u1ecbch V\u1ee5 K\u1ef9 Thu\u1eadt Minh \u0110\u1ee9c","description":"","potentialAction":[{"@type":"SearchAction","target":{"@type":"EntryPoint","urlTemplate":"https:\/\/www.midtech.com.vn\/?s={search_term_string}"},"query-input":"required name=search_term_string"}],"inLanguage":"en-US"},{"@type":"ImageObject","@id":"https:\/\/www.midtech.com.vn\/san-pham\/phu-kien-may-nen-khi\/#primaryimage","inLanguage":"en-US","url":"https:\/\/www.midtech.com.vn\/wp-content\/uploads\/2021\/11\/PHU-KIEN-MAY-NEN-KHI.png","contentUrl":"https:\/\/www.midtech.com.vn\/wp-content\/uploads\/2021\/11\/PHU-KIEN-MAY-NEN-KHI.png","width":800,"height":800},{"@type":"WebPage","@id":"https:\/\/www.midtech.com.vn\/san-pham\/phu-kien-may-nen-khi\/#webpage","url":"https:\/\/www.midtech.com.vn\/san-pham\/phu-kien-may-nen-khi\/","name":"AIR ACCESSORIES - C\u00f4ng Ty TNHH D\u1ecbch V\u1ee5 K\u1ef9 Thu\u1eadt Minh \u0110\u1ee9c","isPartOf":{"@id":"https:\/\/www.midtech.com.vn\/#website"},"primaryImageOfPage":{"@id":"https:\/\/www.midtech.com.vn\/san-pham\/phu-kien-may-nen-khi\/#primaryimage"},"datePublished":"2021-11-25T01:21:47+00:00","dateModified":"2022-06-22T01:35:31+00:00","breadcrumb":{"@id":"https:\/\/www.midtech.com.vn\/san-pham\/phu-kien-may-nen-khi\/#breadcrumb"},"inLanguage":"en-US","potentialAction":[{"@type":"ReadAction","target":["https:\/\/www.midtech.com.vn\/san-pham\/phu-kien-may-nen-khi\/"]}]},{"@type":"BreadcrumbList","@id":"https:\/\/www.midtech.com.vn\/san-pham\/phu-kien-may-nen-khi\/#breadcrumb","itemListElement":[{"@type":"ListItem","position":1,"name":"Home","item":"https:\/\/www.midtech.com.vn\/"},{"@type":"ListItem","position":2,"name":"Shop","item":"https:\/\/www.midtech.com.vn\/shop\/"},{"@type":"ListItem","position":3,"name":"PH\u1ee4 KI\u1ec6N M\u00c1Y N\u00c9N KH\u00cd"}]}]}},"_links":{"self":[{"href":"https:\/\/www.midtech.com.vn\/en\/wp-json\/wp\/v2\/product\/221"}],"collection":[{"href":"https:\/\/www.midtech.com.vn\/en\/wp-json\/wp\/v2\/product"}],"about":[{"href":"https:\/\/www.midtech.com.vn\/en\/wp-json\/wp\/v2\/types\/product"}],"replies":[{"embeddable":true,"href":"https:\/\/www.midtech.com.vn\/en\/wp-json\/wp\/v2\/comments?post=221"}],"wp:featuredmedia":[{"embeddable":true,"href":"https:\/\/www.midtech.com.vn\/en\/wp-json\/wp\/v2\/media\/248"}],"wp:attachment":[{"href":"https:\/\/www.midtech.com.vn\/en\/wp-json\/wp\/v2\/media?parent=221"}],"wp:term":[{"taxonomy":"product_cat","embeddable":true,"href":"https:\/\/www.midtech.com.vn\/en\/wp-json\/wp\/v2\/product_cat?post=221"},{"taxonomy":"product_tag","embeddable":true,"href":"https:\/\/www.midtech.com.vn\/en\/wp-json\/wp\/v2\/product_tag?post=221"}],"curies":[{"name":"wp","href":"https:\/\/api.w.org\/{rel}","templated":true}]}}