{"id":220,"date":"2021-11-25T01:20:59","date_gmt":"2021-11-25T01:20:59","guid":{"rendered":"https:\/\/www.midtech.com.vn\/?post_type=product&#038;p=220"},"modified":"2022-06-22T01:35:16","modified_gmt":"2022-06-22T01:35:16","slug":"may-nen-khi-di-dong","status":"publish","type":"product","link":"https:\/\/www.midtech.com.vn\/en\/san-pham\/may-nen-khi-di-dong\/","title":{"rendered":"ELECTRIC PORTABLE COMPRESSORS"},"content":{"rendered":"","protected":false},"excerpt":{"rendered":"<p>V\u1edbi h\u01a1n 50 n\u0103m kinh nghi\u1ec7m,ELGi\u00a0 thi\u1ebft k\u1ebf, s\u1ea3n xu\u1ea5t v\u00e0 ph\u00e2n ph\u1ed1i nhi\u1ec1u lo\u1ea1i s\u1ea3n ph\u1ea9m c\u00f4ng ngh\u1ec7 cao cho ng\u00e0nh x\u00e2y d\u1ef1ng v\u00e0 n\u00f4ng nghi\u1ec7p. C\u00e1c m\u00e1y n\u00e9n kh\u00ed di \u0111\u1ed9ng do Elgi thi\u1ebft k\u1ebf \u00a0lu\u00f4n th\u00e2n thi\u1ec7n v\u1edbi m\u00f4i tr\u01b0\u1eddng v\u00e0 tu\u00e2n th\u1ee7 h\u1ea7u h\u1ebft c\u00e1c ti\u00eau chu\u1ea9n qu\u1ed1c t\u1ebf v\u1ec1 ch\u1ea5t l\u01b0\u1ee3ng v\u00e0 quy tr\u00ecnh.<\/p>\n","protected":false},"featured_media":245,"comment_status":"closed","ping_status":"closed","template":"","meta":[],"product_cat":[20],"product_tag":[],"yoast_head":"<!-- This site is optimized with the Yoast SEO plugin v17.6 - https:\/\/yoast.com\/wordpress\/plugins\/seo\/ -->\n<title>ELECTRIC PORTABLE COMPRESSORS - C\u00f4ng Ty TNHH D\u1ecbch V\u1ee5 K\u1ef9 Thu\u1eadt Minh \u0110\u1ee9c<\/title>\n<meta name=\"robots\" content=\"index, follow, max-snippet:-1, max-image-preview:large, max-video-preview:-1\" \/>\n<link rel=\"canonical\" href=\"https:\/\/www.midtech.com.vn\/san-pham\/may-nen-khi-di-dong\/\" \/>\n<meta property=\"og:locale\" content=\"en_US\" \/>\n<meta property=\"og:type\" content=\"article\" \/>\n<meta property=\"og:title\" content=\"ELECTRIC PORTABLE COMPRESSORS - C\u00f4ng Ty TNHH D\u1ecbch V\u1ee5 K\u1ef9 Thu\u1eadt Minh \u0110\u1ee9c\" \/>\n<meta property=\"og:description\" content=\"V\u1edbi h\u01a1n 50 n\u0103m kinh nghi\u1ec7m,ELGi\u00a0 thi\u1ebft k\u1ebf, s\u1ea3n xu\u1ea5t v\u00e0 ph\u00e2n ph\u1ed1i nhi\u1ec1u lo\u1ea1i s\u1ea3n ph\u1ea9m c\u00f4ng ngh\u1ec7 cao cho ng\u00e0nh x\u00e2y d\u1ef1ng v\u00e0 n\u00f4ng nghi\u1ec7p. C\u00e1c m\u00e1y n\u00e9n kh\u00ed di \u0111\u1ed9ng do Elgi thi\u1ebft k\u1ebf \u00a0lu\u00f4n th\u00e2n thi\u1ec7n v\u1edbi m\u00f4i tr\u01b0\u1eddng v\u00e0 tu\u00e2n th\u1ee7 h\u1ea7u h\u1ebft c\u00e1c ti\u00eau chu\u1ea9n qu\u1ed1c t\u1ebf v\u1ec1 ch\u1ea5t l\u01b0\u1ee3ng v\u00e0 quy tr\u00ecnh.\" \/>\n<meta property=\"og:url\" content=\"https:\/\/www.midtech.com.vn\/san-pham\/may-nen-khi-di-dong\/\" \/>\n<meta property=\"og:site_name\" content=\"C\u00f4ng Ty TNHH D\u1ecbch V\u1ee5 K\u1ef9 Thu\u1eadt Minh \u0110\u1ee9c\" \/>\n<meta property=\"article:modified_time\" content=\"2022-06-22T01:35:16+00:00\" \/>\n<meta property=\"og:image\" content=\"https:\/\/www.midtech.com.vn\/wp-content\/uploads\/2021\/11\/MAY-NEN-KHI-DI-DONG.png\" \/>\n\t<meta property=\"og:image:width\" content=\"800\" \/>\n\t<meta property=\"og:image:height\" content=\"800\" \/>\n<meta name=\"twitter:card\" content=\"summary_large_image\" \/>\n<script type=\"application\/ld+json\" class=\"yoast-schema-graph\">{\"@context\":\"https:\/\/schema.org\",\"@graph\":[{\"@type\":\"WebSite\",\"@id\":\"https:\/\/www.midtech.com.vn\/#website\",\"url\":\"https:\/\/www.midtech.com.vn\/\",\"name\":\"C\\u00f4ng Ty TNHH D\\u1ecbch V\\u1ee5 K\\u1ef9 Thu\\u1eadt Minh \\u0110\\u1ee9c\",\"description\":\"\",\"potentialAction\":[{\"@type\":\"SearchAction\",\"target\":{\"@type\":\"EntryPoint\",\"urlTemplate\":\"https:\/\/www.midtech.com.vn\/?s={search_term_string}\"},\"query-input\":\"required name=search_term_string\"}],\"inLanguage\":\"en-US\"},{\"@type\":\"ImageObject\",\"@id\":\"https:\/\/www.midtech.com.vn\/san-pham\/may-nen-khi-di-dong\/#primaryimage\",\"inLanguage\":\"en-US\",\"url\":\"https:\/\/www.midtech.com.vn\/wp-content\/uploads\/2021\/11\/MAY-NEN-KHI-DI-DONG.png\",\"contentUrl\":\"https:\/\/www.midtech.com.vn\/wp-content\/uploads\/2021\/11\/MAY-NEN-KHI-DI-DONG.png\",\"width\":800,\"height\":800},{\"@type\":\"WebPage\",\"@id\":\"https:\/\/www.midtech.com.vn\/san-pham\/may-nen-khi-di-dong\/#webpage\",\"url\":\"https:\/\/www.midtech.com.vn\/san-pham\/may-nen-khi-di-dong\/\",\"name\":\"ELECTRIC PORTABLE COMPRESSORS - C\\u00f4ng Ty TNHH D\\u1ecbch V\\u1ee5 K\\u1ef9 Thu\\u1eadt Minh \\u0110\\u1ee9c\",\"isPartOf\":{\"@id\":\"https:\/\/www.midtech.com.vn\/#website\"},\"primaryImageOfPage\":{\"@id\":\"https:\/\/www.midtech.com.vn\/san-pham\/may-nen-khi-di-dong\/#primaryimage\"},\"datePublished\":\"2021-11-25T01:20:59+00:00\",\"dateModified\":\"2022-06-22T01:35:16+00:00\",\"breadcrumb\":{\"@id\":\"https:\/\/www.midtech.com.vn\/san-pham\/may-nen-khi-di-dong\/#breadcrumb\"},\"inLanguage\":\"en-US\",\"potentialAction\":[{\"@type\":\"ReadAction\",\"target\":[\"https:\/\/www.midtech.com.vn\/san-pham\/may-nen-khi-di-dong\/\"]}]},{\"@type\":\"BreadcrumbList\",\"@id\":\"https:\/\/www.midtech.com.vn\/san-pham\/may-nen-khi-di-dong\/#breadcrumb\",\"itemListElement\":[{\"@type\":\"ListItem\",\"position\":1,\"name\":\"Home\",\"item\":\"https:\/\/www.midtech.com.vn\/\"},{\"@type\":\"ListItem\",\"position\":2,\"name\":\"Shop\",\"item\":\"https:\/\/www.midtech.com.vn\/shop\/\"},{\"@type\":\"ListItem\",\"position\":3,\"name\":\"M\\u00c1Y N\\u00c9N KH\\u00cd DI D\\u1ed8NG\"}]}]}<\/script>\n<!-- \/ Yoast SEO plugin. -->","yoast_head_json":{"title":"ELECTRIC PORTABLE COMPRESSORS - C\u00f4ng Ty TNHH D\u1ecbch V\u1ee5 K\u1ef9 Thu\u1eadt Minh \u0110\u1ee9c","robots":{"index":"index","follow":"follow","max-snippet":"max-snippet:-1","max-image-preview":"max-image-preview:large","max-video-preview":"max-video-preview:-1"},"canonical":"https:\/\/www.midtech.com.vn\/san-pham\/may-nen-khi-di-dong\/","og_locale":"en_US","og_type":"article","og_title":"ELECTRIC PORTABLE COMPRESSORS - C\u00f4ng Ty TNHH D\u1ecbch V\u1ee5 K\u1ef9 Thu\u1eadt Minh \u0110\u1ee9c","og_description":"V\u1edbi h\u01a1n 50 n\u0103m kinh nghi\u1ec7m,ELGi\u00a0 thi\u1ebft k\u1ebf, s\u1ea3n xu\u1ea5t v\u00e0 ph\u00e2n ph\u1ed1i nhi\u1ec1u lo\u1ea1i s\u1ea3n ph\u1ea9m c\u00f4ng ngh\u1ec7 cao cho ng\u00e0nh x\u00e2y d\u1ef1ng v\u00e0 n\u00f4ng nghi\u1ec7p. C\u00e1c m\u00e1y n\u00e9n kh\u00ed di \u0111\u1ed9ng do Elgi thi\u1ebft k\u1ebf \u00a0lu\u00f4n th\u00e2n thi\u1ec7n v\u1edbi m\u00f4i tr\u01b0\u1eddng v\u00e0 tu\u00e2n th\u1ee7 h\u1ea7u h\u1ebft c\u00e1c ti\u00eau chu\u1ea9n qu\u1ed1c t\u1ebf v\u1ec1 ch\u1ea5t l\u01b0\u1ee3ng v\u00e0 quy tr\u00ecnh.","og_url":"https:\/\/www.midtech.com.vn\/san-pham\/may-nen-khi-di-dong\/","og_site_name":"C\u00f4ng Ty TNHH D\u1ecbch V\u1ee5 K\u1ef9 Thu\u1eadt Minh \u0110\u1ee9c","article_modified_time":"2022-06-22T01:35:16+00:00","og_image":[{"width":800,"height":800,"url":"https:\/\/www.midtech.com.vn\/wp-content\/uploads\/2021\/11\/MAY-NEN-KHI-DI-DONG.png","type":"image\/png"}],"twitter_card":"summary_large_image","schema":{"@context":"https:\/\/schema.org","@graph":[{"@type":"WebSite","@id":"https:\/\/www.midtech.com.vn\/#website","url":"https:\/\/www.midtech.com.vn\/","name":"C\u00f4ng Ty TNHH D\u1ecbch V\u1ee5 K\u1ef9 Thu\u1eadt Minh \u0110\u1ee9c","description":"","potentialAction":[{"@type":"SearchAction","target":{"@type":"EntryPoint","urlTemplate":"https:\/\/www.midtech.com.vn\/?s={search_term_string}"},"query-input":"required name=search_term_string"}],"inLanguage":"en-US"},{"@type":"ImageObject","@id":"https:\/\/www.midtech.com.vn\/san-pham\/may-nen-khi-di-dong\/#primaryimage","inLanguage":"en-US","url":"https:\/\/www.midtech.com.vn\/wp-content\/uploads\/2021\/11\/MAY-NEN-KHI-DI-DONG.png","contentUrl":"https:\/\/www.midtech.com.vn\/wp-content\/uploads\/2021\/11\/MAY-NEN-KHI-DI-DONG.png","width":800,"height":800},{"@type":"WebPage","@id":"https:\/\/www.midtech.com.vn\/san-pham\/may-nen-khi-di-dong\/#webpage","url":"https:\/\/www.midtech.com.vn\/san-pham\/may-nen-khi-di-dong\/","name":"ELECTRIC PORTABLE COMPRESSORS - C\u00f4ng Ty TNHH D\u1ecbch V\u1ee5 K\u1ef9 Thu\u1eadt Minh \u0110\u1ee9c","isPartOf":{"@id":"https:\/\/www.midtech.com.vn\/#website"},"primaryImageOfPage":{"@id":"https:\/\/www.midtech.com.vn\/san-pham\/may-nen-khi-di-dong\/#primaryimage"},"datePublished":"2021-11-25T01:20:59+00:00","dateModified":"2022-06-22T01:35:16+00:00","breadcrumb":{"@id":"https:\/\/www.midtech.com.vn\/san-pham\/may-nen-khi-di-dong\/#breadcrumb"},"inLanguage":"en-US","potentialAction":[{"@type":"ReadAction","target":["https:\/\/www.midtech.com.vn\/san-pham\/may-nen-khi-di-dong\/"]}]},{"@type":"BreadcrumbList","@id":"https:\/\/www.midtech.com.vn\/san-pham\/may-nen-khi-di-dong\/#breadcrumb","itemListElement":[{"@type":"ListItem","position":1,"name":"Home","item":"https:\/\/www.midtech.com.vn\/"},{"@type":"ListItem","position":2,"name":"Shop","item":"https:\/\/www.midtech.com.vn\/shop\/"},{"@type":"ListItem","position":3,"name":"M\u00c1Y N\u00c9N KH\u00cd DI D\u1ed8NG"}]}]}},"_links":{"self":[{"href":"https:\/\/www.midtech.com.vn\/en\/wp-json\/wp\/v2\/product\/220"}],"collection":[{"href":"https:\/\/www.midtech.com.vn\/en\/wp-json\/wp\/v2\/product"}],"about":[{"href":"https:\/\/www.midtech.com.vn\/en\/wp-json\/wp\/v2\/types\/product"}],"replies":[{"embeddable":true,"href":"https:\/\/www.midtech.com.vn\/en\/wp-json\/wp\/v2\/comments?post=220"}],"wp:featuredmedia":[{"embeddable":true,"href":"https:\/\/www.midtech.com.vn\/en\/wp-json\/wp\/v2\/media\/245"}],"wp:attachment":[{"href":"https:\/\/www.midtech.com.vn\/en\/wp-json\/wp\/v2\/media?parent=220"}],"wp:term":[{"taxonomy":"product_cat","embeddable":true,"href":"https:\/\/www.midtech.com.vn\/en\/wp-json\/wp\/v2\/product_cat?post=220"},{"taxonomy":"product_tag","embeddable":true,"href":"https:\/\/www.midtech.com.vn\/en\/wp-json\/wp\/v2\/product_tag?post=220"}],"curies":[{"name":"wp","href":"https:\/\/api.w.org\/{rel}","templated":true}]}}