{"id":218,"date":"2021-11-25T01:19:35","date_gmt":"2021-11-25T01:19:35","guid":{"rendered":"https:\/\/www.midtech.com.vn\/?post_type=product&#038;p=218"},"modified":"2022-06-22T01:34:51","modified_gmt":"2022-06-22T01:34:51","slug":"may-nen-khi-truc-vit-khong-dau-elgi-dong-ab","status":"publish","type":"product","link":"https:\/\/www.midtech.com.vn\/en\/san-pham\/may-nen-khi-truc-vit-khong-dau-elgi-dong-ab\/","title":{"rendered":"AB SERIES OIL FREE AIR COMPRESSOR"},"content":{"rendered":"","protected":false},"excerpt":{"rendered":"<p>D\u00f2ng m\u00e1y n\u00e9n kh\u00ed AB l\u00e0 s\u1ea3n ph\u1ea9m \u0111\u1eb7c bi\u1ec7t c\u1ee7a ELGI, \u0111\u01b0\u1ee3c t\u1ed1i \u01b0u h\u00f3a \u0111\u1ec3 gi\u1ea3m th\u1eddi gian b\u1ea3o d\u01b0\u1ee1ng v\u00e0 s\u1eeda ch\u1eefa. K\u1ebft h\u1ee3p v\u1edbi t\u00ednh an to\u00e0n v\u01b0\u1ee3t tr\u1ed9i, d\u00f2ng m\u00e1y n\u00e9n kh\u00ed AB \u00a0kh\u00f4ng ch\u1ec9 \u0111\u1ea3m b\u1ea3o t\u1ed5n th\u1ea5t n\u0103ng l\u01b0\u1ee3ng t\u1ed1i thi\u1ec3u v\u00e0 nhi\u1ec7t \u0111\u1ed9 \u0111\u1ea7u ra kh\u00ed th\u1ea5p m\u00e0 c\u00f2n c\u00f3 \u0111\u1ed9 tin c\u1eady cao v\u00e0 nh\u1ecf g\u1ecdn.<\/p>\n","protected":false},"featured_media":247,"comment_status":"closed","ping_status":"closed","template":"","meta":[],"product_cat":[20],"product_tag":[],"yoast_head":"<!-- This site is optimized with the Yoast SEO plugin v17.6 - https:\/\/yoast.com\/wordpress\/plugins\/seo\/ -->\n<title>AB SERIES OIL FREE AIR COMPRESSOR - C\u00f4ng Ty TNHH D\u1ecbch V\u1ee5 K\u1ef9 Thu\u1eadt Minh \u0110\u1ee9c<\/title>\n<meta name=\"robots\" content=\"index, follow, max-snippet:-1, max-image-preview:large, max-video-preview:-1\" \/>\n<link rel=\"canonical\" href=\"https:\/\/www.midtech.com.vn\/san-pham\/may-nen-khi-truc-vit-khong-dau-elgi-dong-ab\/\" \/>\n<meta property=\"og:locale\" content=\"en_US\" \/>\n<meta property=\"og:type\" content=\"article\" \/>\n<meta property=\"og:title\" content=\"AB SERIES OIL FREE AIR COMPRESSOR - C\u00f4ng Ty TNHH D\u1ecbch V\u1ee5 K\u1ef9 Thu\u1eadt Minh \u0110\u1ee9c\" \/>\n<meta property=\"og:description\" content=\"D\u00f2ng m\u00e1y n\u00e9n kh\u00ed AB l\u00e0 s\u1ea3n ph\u1ea9m \u0111\u1eb7c bi\u1ec7t c\u1ee7a ELGI, \u0111\u01b0\u1ee3c t\u1ed1i \u01b0u h\u00f3a \u0111\u1ec3 gi\u1ea3m th\u1eddi gian b\u1ea3o d\u01b0\u1ee1ng v\u00e0 s\u1eeda ch\u1eefa. K\u1ebft h\u1ee3p v\u1edbi t\u00ednh an to\u00e0n v\u01b0\u1ee3t tr\u1ed9i, d\u00f2ng m\u00e1y n\u00e9n kh\u00ed AB \u00a0kh\u00f4ng ch\u1ec9 \u0111\u1ea3m b\u1ea3o t\u1ed5n th\u1ea5t n\u0103ng l\u01b0\u1ee3ng t\u1ed1i thi\u1ec3u v\u00e0 nhi\u1ec7t \u0111\u1ed9 \u0111\u1ea7u ra kh\u00ed th\u1ea5p m\u00e0 c\u00f2n c\u00f3 \u0111\u1ed9 tin c\u1eady cao v\u00e0 nh\u1ecf g\u1ecdn.\" \/>\n<meta property=\"og:url\" content=\"https:\/\/www.midtech.com.vn\/san-pham\/may-nen-khi-truc-vit-khong-dau-elgi-dong-ab\/\" \/>\n<meta property=\"og:site_name\" content=\"C\u00f4ng Ty TNHH D\u1ecbch V\u1ee5 K\u1ef9 Thu\u1eadt Minh \u0110\u1ee9c\" \/>\n<meta property=\"article:modified_time\" content=\"2022-06-22T01:34:51+00:00\" \/>\n<meta property=\"og:image\" content=\"https:\/\/www.midtech.com.vn\/wp-content\/uploads\/2021\/11\/MAY-NEN-KHI-TRUC-VIT-KHONG-DAU-ELGI-DONG-AB.png\" \/>\n\t<meta property=\"og:image:width\" content=\"800\" \/>\n\t<meta property=\"og:image:height\" content=\"800\" \/>\n<meta name=\"twitter:card\" content=\"summary_large_image\" \/>\n<script type=\"application\/ld+json\" class=\"yoast-schema-graph\">{\"@context\":\"https:\/\/schema.org\",\"@graph\":[{\"@type\":\"WebSite\",\"@id\":\"https:\/\/www.midtech.com.vn\/#website\",\"url\":\"https:\/\/www.midtech.com.vn\/\",\"name\":\"C\\u00f4ng Ty TNHH D\\u1ecbch V\\u1ee5 K\\u1ef9 Thu\\u1eadt Minh \\u0110\\u1ee9c\",\"description\":\"\",\"potentialAction\":[{\"@type\":\"SearchAction\",\"target\":{\"@type\":\"EntryPoint\",\"urlTemplate\":\"https:\/\/www.midtech.com.vn\/?s={search_term_string}\"},\"query-input\":\"required name=search_term_string\"}],\"inLanguage\":\"en-US\"},{\"@type\":\"ImageObject\",\"@id\":\"https:\/\/www.midtech.com.vn\/san-pham\/may-nen-khi-truc-vit-khong-dau-elgi-dong-ab\/#primaryimage\",\"inLanguage\":\"en-US\",\"url\":\"https:\/\/www.midtech.com.vn\/wp-content\/uploads\/2021\/11\/MAY-NEN-KHI-TRUC-VIT-KHONG-DAU-ELGI-DONG-AB.png\",\"contentUrl\":\"https:\/\/www.midtech.com.vn\/wp-content\/uploads\/2021\/11\/MAY-NEN-KHI-TRUC-VIT-KHONG-DAU-ELGI-DONG-AB.png\",\"width\":800,\"height\":800},{\"@type\":\"WebPage\",\"@id\":\"https:\/\/www.midtech.com.vn\/san-pham\/may-nen-khi-truc-vit-khong-dau-elgi-dong-ab\/#webpage\",\"url\":\"https:\/\/www.midtech.com.vn\/san-pham\/may-nen-khi-truc-vit-khong-dau-elgi-dong-ab\/\",\"name\":\"AB SERIES OIL FREE AIR COMPRESSOR - C\\u00f4ng Ty TNHH D\\u1ecbch V\\u1ee5 K\\u1ef9 Thu\\u1eadt Minh \\u0110\\u1ee9c\",\"isPartOf\":{\"@id\":\"https:\/\/www.midtech.com.vn\/#website\"},\"primaryImageOfPage\":{\"@id\":\"https:\/\/www.midtech.com.vn\/san-pham\/may-nen-khi-truc-vit-khong-dau-elgi-dong-ab\/#primaryimage\"},\"datePublished\":\"2021-11-25T01:19:35+00:00\",\"dateModified\":\"2022-06-22T01:34:51+00:00\",\"breadcrumb\":{\"@id\":\"https:\/\/www.midtech.com.vn\/san-pham\/may-nen-khi-truc-vit-khong-dau-elgi-dong-ab\/#breadcrumb\"},\"inLanguage\":\"en-US\",\"potentialAction\":[{\"@type\":\"ReadAction\",\"target\":[\"https:\/\/www.midtech.com.vn\/san-pham\/may-nen-khi-truc-vit-khong-dau-elgi-dong-ab\/\"]}]},{\"@type\":\"BreadcrumbList\",\"@id\":\"https:\/\/www.midtech.com.vn\/san-pham\/may-nen-khi-truc-vit-khong-dau-elgi-dong-ab\/#breadcrumb\",\"itemListElement\":[{\"@type\":\"ListItem\",\"position\":1,\"name\":\"Home\",\"item\":\"https:\/\/www.midtech.com.vn\/\"},{\"@type\":\"ListItem\",\"position\":2,\"name\":\"Shop\",\"item\":\"https:\/\/www.midtech.com.vn\/shop\/\"},{\"@type\":\"ListItem\",\"position\":3,\"name\":\"M\\u00c1Y N\\u00c9N KH\\u00cd TR\\u1ee4C V\\u00cdT KH\\u00d4NG D\\u1ea6U ELGI-D\\u00d2NG AB\"}]}]}<\/script>\n<!-- \/ Yoast SEO plugin. -->","yoast_head_json":{"title":"AB SERIES OIL FREE AIR COMPRESSOR - C\u00f4ng Ty TNHH D\u1ecbch V\u1ee5 K\u1ef9 Thu\u1eadt Minh \u0110\u1ee9c","robots":{"index":"index","follow":"follow","max-snippet":"max-snippet:-1","max-image-preview":"max-image-preview:large","max-video-preview":"max-video-preview:-1"},"canonical":"https:\/\/www.midtech.com.vn\/san-pham\/may-nen-khi-truc-vit-khong-dau-elgi-dong-ab\/","og_locale":"en_US","og_type":"article","og_title":"AB SERIES OIL FREE AIR COMPRESSOR - C\u00f4ng Ty TNHH D\u1ecbch V\u1ee5 K\u1ef9 Thu\u1eadt Minh \u0110\u1ee9c","og_description":"D\u00f2ng m\u00e1y n\u00e9n kh\u00ed AB l\u00e0 s\u1ea3n ph\u1ea9m \u0111\u1eb7c bi\u1ec7t c\u1ee7a ELGI, \u0111\u01b0\u1ee3c t\u1ed1i \u01b0u h\u00f3a \u0111\u1ec3 gi\u1ea3m th\u1eddi gian b\u1ea3o d\u01b0\u1ee1ng v\u00e0 s\u1eeda ch\u1eefa. K\u1ebft h\u1ee3p v\u1edbi t\u00ednh an to\u00e0n v\u01b0\u1ee3t tr\u1ed9i, d\u00f2ng m\u00e1y n\u00e9n kh\u00ed AB \u00a0kh\u00f4ng ch\u1ec9 \u0111\u1ea3m b\u1ea3o t\u1ed5n th\u1ea5t n\u0103ng l\u01b0\u1ee3ng t\u1ed1i thi\u1ec3u v\u00e0 nhi\u1ec7t \u0111\u1ed9 \u0111\u1ea7u ra kh\u00ed th\u1ea5p m\u00e0 c\u00f2n c\u00f3 \u0111\u1ed9 tin c\u1eady cao v\u00e0 nh\u1ecf g\u1ecdn.","og_url":"https:\/\/www.midtech.com.vn\/san-pham\/may-nen-khi-truc-vit-khong-dau-elgi-dong-ab\/","og_site_name":"C\u00f4ng Ty TNHH D\u1ecbch V\u1ee5 K\u1ef9 Thu\u1eadt Minh \u0110\u1ee9c","article_modified_time":"2022-06-22T01:34:51+00:00","og_image":[{"width":800,"height":800,"url":"https:\/\/www.midtech.com.vn\/wp-content\/uploads\/2021\/11\/MAY-NEN-KHI-TRUC-VIT-KHONG-DAU-ELGI-DONG-AB.png","type":"image\/png"}],"twitter_card":"summary_large_image","schema":{"@context":"https:\/\/schema.org","@graph":[{"@type":"WebSite","@id":"https:\/\/www.midtech.com.vn\/#website","url":"https:\/\/www.midtech.com.vn\/","name":"C\u00f4ng Ty TNHH D\u1ecbch V\u1ee5 K\u1ef9 Thu\u1eadt Minh \u0110\u1ee9c","description":"","potentialAction":[{"@type":"SearchAction","target":{"@type":"EntryPoint","urlTemplate":"https:\/\/www.midtech.com.vn\/?s={search_term_string}"},"query-input":"required name=search_term_string"}],"inLanguage":"en-US"},{"@type":"ImageObject","@id":"https:\/\/www.midtech.com.vn\/san-pham\/may-nen-khi-truc-vit-khong-dau-elgi-dong-ab\/#primaryimage","inLanguage":"en-US","url":"https:\/\/www.midtech.com.vn\/wp-content\/uploads\/2021\/11\/MAY-NEN-KHI-TRUC-VIT-KHONG-DAU-ELGI-DONG-AB.png","contentUrl":"https:\/\/www.midtech.com.vn\/wp-content\/uploads\/2021\/11\/MAY-NEN-KHI-TRUC-VIT-KHONG-DAU-ELGI-DONG-AB.png","width":800,"height":800},{"@type":"WebPage","@id":"https:\/\/www.midtech.com.vn\/san-pham\/may-nen-khi-truc-vit-khong-dau-elgi-dong-ab\/#webpage","url":"https:\/\/www.midtech.com.vn\/san-pham\/may-nen-khi-truc-vit-khong-dau-elgi-dong-ab\/","name":"AB SERIES OIL FREE AIR COMPRESSOR - C\u00f4ng Ty TNHH D\u1ecbch V\u1ee5 K\u1ef9 Thu\u1eadt Minh \u0110\u1ee9c","isPartOf":{"@id":"https:\/\/www.midtech.com.vn\/#website"},"primaryImageOfPage":{"@id":"https:\/\/www.midtech.com.vn\/san-pham\/may-nen-khi-truc-vit-khong-dau-elgi-dong-ab\/#primaryimage"},"datePublished":"2021-11-25T01:19:35+00:00","dateModified":"2022-06-22T01:34:51+00:00","breadcrumb":{"@id":"https:\/\/www.midtech.com.vn\/san-pham\/may-nen-khi-truc-vit-khong-dau-elgi-dong-ab\/#breadcrumb"},"inLanguage":"en-US","potentialAction":[{"@type":"ReadAction","target":["https:\/\/www.midtech.com.vn\/san-pham\/may-nen-khi-truc-vit-khong-dau-elgi-dong-ab\/"]}]},{"@type":"BreadcrumbList","@id":"https:\/\/www.midtech.com.vn\/san-pham\/may-nen-khi-truc-vit-khong-dau-elgi-dong-ab\/#breadcrumb","itemListElement":[{"@type":"ListItem","position":1,"name":"Home","item":"https:\/\/www.midtech.com.vn\/"},{"@type":"ListItem","position":2,"name":"Shop","item":"https:\/\/www.midtech.com.vn\/shop\/"},{"@type":"ListItem","position":3,"name":"M\u00c1Y N\u00c9N KH\u00cd TR\u1ee4C V\u00cdT KH\u00d4NG D\u1ea6U ELGI-D\u00d2NG AB"}]}]}},"_links":{"self":[{"href":"https:\/\/www.midtech.com.vn\/en\/wp-json\/wp\/v2\/product\/218"}],"collection":[{"href":"https:\/\/www.midtech.com.vn\/en\/wp-json\/wp\/v2\/product"}],"about":[{"href":"https:\/\/www.midtech.com.vn\/en\/wp-json\/wp\/v2\/types\/product"}],"replies":[{"embeddable":true,"href":"https:\/\/www.midtech.com.vn\/en\/wp-json\/wp\/v2\/comments?post=218"}],"wp:featuredmedia":[{"embeddable":true,"href":"https:\/\/www.midtech.com.vn\/en\/wp-json\/wp\/v2\/media\/247"}],"wp:attachment":[{"href":"https:\/\/www.midtech.com.vn\/en\/wp-json\/wp\/v2\/media?parent=218"}],"wp:term":[{"taxonomy":"product_cat","embeddable":true,"href":"https:\/\/www.midtech.com.vn\/en\/wp-json\/wp\/v2\/product_cat?post=218"},{"taxonomy":"product_tag","embeddable":true,"href":"https:\/\/www.midtech.com.vn\/en\/wp-json\/wp\/v2\/product_tag?post=218"}],"curies":[{"name":"wp","href":"https:\/\/api.w.org\/{rel}","templated":true}]}}