{"id":216,"date":"2021-11-25T01:17:55","date_gmt":"2021-11-25T01:17:55","guid":{"rendered":"https:\/\/www.midtech.com.vn\/?post_type=product&#038;p=216"},"modified":"2022-06-22T01:34:15","modified_gmt":"2022-06-22T01:34:15","slug":"may-nen-khi-khong-dau-elgi","status":"publish","type":"product","link":"https:\/\/www.midtech.com.vn\/en\/san-pham\/may-nen-khi-khong-dau-elgi\/","title":{"rendered":"OIL FREE SCREW COMPRESSORS"},"content":{"rendered":"","protected":false},"excerpt":{"rendered":"<p>M\u1ed7i m\u00e1y n\u00e9n kh\u00ed kh\u00f4ng d\u1ea7u c\u1ee7a ELGi \u0111\u1ec1u \u0111\u01b0\u1ee3c thi\u1ebft k\u1ebf \u0111\u1ec3 mang l\u1ea1i th\u1eddi gian ho\u1ea1t \u0111\u1ed9ng v\u00e0 \u0111\u1ed9 tin c\u1eady t\u1ed1i \u0111a. V\u1edbi c\u00e1c ch\u1ec9 ti\u00eau an to\u00e0n v\u01b0\u1ee3t tr\u1ed9i, m\u00e1y n\u00e9n kh\u00ed kh\u00f4ng d\u1ea7u \u0111\u1ea3m b\u1ea3o t\u1ed5n th\u1ea5t n\u0103ng l\u01b0\u1ee3ng th\u1ea5p v\u00e0 nhi\u1ec7t \u0111\u1ed9 \u0111\u1ea7u ra kh\u00ed th\u1ea5p \u0111\u1ed3ng th\u1eddi \u0111\u1ea3m b\u1ea3o \u0111\u1ed9 tin c\u1eady cao.<\/p>\n","protected":false},"featured_media":246,"comment_status":"closed","ping_status":"closed","template":"","meta":[],"product_cat":[20],"product_tag":[],"yoast_head":"<!-- This site is optimized with the Yoast SEO plugin v17.6 - https:\/\/yoast.com\/wordpress\/plugins\/seo\/ -->\n<title>OIL FREE SCREW COMPRESSORS - C\u00f4ng Ty TNHH D\u1ecbch V\u1ee5 K\u1ef9 Thu\u1eadt Minh \u0110\u1ee9c<\/title>\n<meta name=\"robots\" content=\"index, follow, max-snippet:-1, max-image-preview:large, max-video-preview:-1\" \/>\n<link rel=\"canonical\" href=\"https:\/\/www.midtech.com.vn\/san-pham\/may-nen-khi-khong-dau-elgi\/\" \/>\n<meta property=\"og:locale\" content=\"en_US\" \/>\n<meta property=\"og:type\" content=\"article\" \/>\n<meta property=\"og:title\" content=\"OIL FREE SCREW COMPRESSORS - C\u00f4ng Ty TNHH D\u1ecbch V\u1ee5 K\u1ef9 Thu\u1eadt Minh \u0110\u1ee9c\" \/>\n<meta property=\"og:description\" content=\"M\u1ed7i m\u00e1y n\u00e9n kh\u00ed kh\u00f4ng d\u1ea7u c\u1ee7a ELGi \u0111\u1ec1u \u0111\u01b0\u1ee3c thi\u1ebft k\u1ebf \u0111\u1ec3 mang l\u1ea1i th\u1eddi gian ho\u1ea1t \u0111\u1ed9ng v\u00e0 \u0111\u1ed9 tin c\u1eady t\u1ed1i \u0111a. V\u1edbi c\u00e1c ch\u1ec9 ti\u00eau an to\u00e0n v\u01b0\u1ee3t tr\u1ed9i, m\u00e1y n\u00e9n kh\u00ed kh\u00f4ng d\u1ea7u \u0111\u1ea3m b\u1ea3o t\u1ed5n th\u1ea5t n\u0103ng l\u01b0\u1ee3ng th\u1ea5p v\u00e0 nhi\u1ec7t \u0111\u1ed9 \u0111\u1ea7u ra kh\u00ed th\u1ea5p \u0111\u1ed3ng th\u1eddi \u0111\u1ea3m b\u1ea3o \u0111\u1ed9 tin c\u1eady cao.\" \/>\n<meta property=\"og:url\" content=\"https:\/\/www.midtech.com.vn\/san-pham\/may-nen-khi-khong-dau-elgi\/\" \/>\n<meta property=\"og:site_name\" content=\"C\u00f4ng Ty TNHH D\u1ecbch V\u1ee5 K\u1ef9 Thu\u1eadt Minh \u0110\u1ee9c\" \/>\n<meta property=\"article:modified_time\" content=\"2022-06-22T01:34:15+00:00\" \/>\n<meta property=\"og:image\" content=\"https:\/\/www.midtech.com.vn\/wp-content\/uploads\/2021\/11\/MAY-NEN-KHI-KHONG-DAU-ELGI.png\" \/>\n\t<meta property=\"og:image:width\" content=\"800\" \/>\n\t<meta property=\"og:image:height\" content=\"800\" \/>\n<meta name=\"twitter:card\" content=\"summary_large_image\" \/>\n<script type=\"application\/ld+json\" class=\"yoast-schema-graph\">{\"@context\":\"https:\/\/schema.org\",\"@graph\":[{\"@type\":\"WebSite\",\"@id\":\"https:\/\/www.midtech.com.vn\/#website\",\"url\":\"https:\/\/www.midtech.com.vn\/\",\"name\":\"C\\u00f4ng Ty TNHH D\\u1ecbch V\\u1ee5 K\\u1ef9 Thu\\u1eadt Minh \\u0110\\u1ee9c\",\"description\":\"\",\"potentialAction\":[{\"@type\":\"SearchAction\",\"target\":{\"@type\":\"EntryPoint\",\"urlTemplate\":\"https:\/\/www.midtech.com.vn\/?s={search_term_string}\"},\"query-input\":\"required name=search_term_string\"}],\"inLanguage\":\"en-US\"},{\"@type\":\"ImageObject\",\"@id\":\"https:\/\/www.midtech.com.vn\/san-pham\/may-nen-khi-khong-dau-elgi\/#primaryimage\",\"inLanguage\":\"en-US\",\"url\":\"https:\/\/www.midtech.com.vn\/wp-content\/uploads\/2021\/11\/MAY-NEN-KHI-KHONG-DAU-ELGI.png\",\"contentUrl\":\"https:\/\/www.midtech.com.vn\/wp-content\/uploads\/2021\/11\/MAY-NEN-KHI-KHONG-DAU-ELGI.png\",\"width\":800,\"height\":800},{\"@type\":\"WebPage\",\"@id\":\"https:\/\/www.midtech.com.vn\/san-pham\/may-nen-khi-khong-dau-elgi\/#webpage\",\"url\":\"https:\/\/www.midtech.com.vn\/san-pham\/may-nen-khi-khong-dau-elgi\/\",\"name\":\"OIL FREE SCREW COMPRESSORS - C\\u00f4ng Ty TNHH D\\u1ecbch V\\u1ee5 K\\u1ef9 Thu\\u1eadt Minh \\u0110\\u1ee9c\",\"isPartOf\":{\"@id\":\"https:\/\/www.midtech.com.vn\/#website\"},\"primaryImageOfPage\":{\"@id\":\"https:\/\/www.midtech.com.vn\/san-pham\/may-nen-khi-khong-dau-elgi\/#primaryimage\"},\"datePublished\":\"2021-11-25T01:17:55+00:00\",\"dateModified\":\"2022-06-22T01:34:15+00:00\",\"breadcrumb\":{\"@id\":\"https:\/\/www.midtech.com.vn\/san-pham\/may-nen-khi-khong-dau-elgi\/#breadcrumb\"},\"inLanguage\":\"en-US\",\"potentialAction\":[{\"@type\":\"ReadAction\",\"target\":[\"https:\/\/www.midtech.com.vn\/san-pham\/may-nen-khi-khong-dau-elgi\/\"]}]},{\"@type\":\"BreadcrumbList\",\"@id\":\"https:\/\/www.midtech.com.vn\/san-pham\/may-nen-khi-khong-dau-elgi\/#breadcrumb\",\"itemListElement\":[{\"@type\":\"ListItem\",\"position\":1,\"name\":\"Home\",\"item\":\"https:\/\/www.midtech.com.vn\/\"},{\"@type\":\"ListItem\",\"position\":2,\"name\":\"Shop\",\"item\":\"https:\/\/www.midtech.com.vn\/shop\/\"},{\"@type\":\"ListItem\",\"position\":3,\"name\":\"M\\u00c1Y N\\u00c9N KH\\u00cd KH\\u00d4NG D\\u1ea6U ELGI\"}]}]}<\/script>\n<!-- \/ Yoast SEO plugin. -->","yoast_head_json":{"title":"OIL FREE SCREW COMPRESSORS - C\u00f4ng Ty TNHH D\u1ecbch V\u1ee5 K\u1ef9 Thu\u1eadt Minh \u0110\u1ee9c","robots":{"index":"index","follow":"follow","max-snippet":"max-snippet:-1","max-image-preview":"max-image-preview:large","max-video-preview":"max-video-preview:-1"},"canonical":"https:\/\/www.midtech.com.vn\/san-pham\/may-nen-khi-khong-dau-elgi\/","og_locale":"en_US","og_type":"article","og_title":"OIL FREE SCREW COMPRESSORS - C\u00f4ng Ty TNHH D\u1ecbch V\u1ee5 K\u1ef9 Thu\u1eadt Minh \u0110\u1ee9c","og_description":"M\u1ed7i m\u00e1y n\u00e9n kh\u00ed kh\u00f4ng d\u1ea7u c\u1ee7a ELGi \u0111\u1ec1u \u0111\u01b0\u1ee3c thi\u1ebft k\u1ebf \u0111\u1ec3 mang l\u1ea1i th\u1eddi gian ho\u1ea1t \u0111\u1ed9ng v\u00e0 \u0111\u1ed9 tin c\u1eady t\u1ed1i \u0111a. V\u1edbi c\u00e1c ch\u1ec9 ti\u00eau an to\u00e0n v\u01b0\u1ee3t tr\u1ed9i, m\u00e1y n\u00e9n kh\u00ed kh\u00f4ng d\u1ea7u \u0111\u1ea3m b\u1ea3o t\u1ed5n th\u1ea5t n\u0103ng l\u01b0\u1ee3ng th\u1ea5p v\u00e0 nhi\u1ec7t \u0111\u1ed9 \u0111\u1ea7u ra kh\u00ed th\u1ea5p \u0111\u1ed3ng th\u1eddi \u0111\u1ea3m b\u1ea3o \u0111\u1ed9 tin c\u1eady cao.","og_url":"https:\/\/www.midtech.com.vn\/san-pham\/may-nen-khi-khong-dau-elgi\/","og_site_name":"C\u00f4ng Ty TNHH D\u1ecbch V\u1ee5 K\u1ef9 Thu\u1eadt Minh \u0110\u1ee9c","article_modified_time":"2022-06-22T01:34:15+00:00","og_image":[{"width":800,"height":800,"url":"https:\/\/www.midtech.com.vn\/wp-content\/uploads\/2021\/11\/MAY-NEN-KHI-KHONG-DAU-ELGI.png","type":"image\/png"}],"twitter_card":"summary_large_image","schema":{"@context":"https:\/\/schema.org","@graph":[{"@type":"WebSite","@id":"https:\/\/www.midtech.com.vn\/#website","url":"https:\/\/www.midtech.com.vn\/","name":"C\u00f4ng Ty TNHH D\u1ecbch V\u1ee5 K\u1ef9 Thu\u1eadt Minh \u0110\u1ee9c","description":"","potentialAction":[{"@type":"SearchAction","target":{"@type":"EntryPoint","urlTemplate":"https:\/\/www.midtech.com.vn\/?s={search_term_string}"},"query-input":"required name=search_term_string"}],"inLanguage":"en-US"},{"@type":"ImageObject","@id":"https:\/\/www.midtech.com.vn\/san-pham\/may-nen-khi-khong-dau-elgi\/#primaryimage","inLanguage":"en-US","url":"https:\/\/www.midtech.com.vn\/wp-content\/uploads\/2021\/11\/MAY-NEN-KHI-KHONG-DAU-ELGI.png","contentUrl":"https:\/\/www.midtech.com.vn\/wp-content\/uploads\/2021\/11\/MAY-NEN-KHI-KHONG-DAU-ELGI.png","width":800,"height":800},{"@type":"WebPage","@id":"https:\/\/www.midtech.com.vn\/san-pham\/may-nen-khi-khong-dau-elgi\/#webpage","url":"https:\/\/www.midtech.com.vn\/san-pham\/may-nen-khi-khong-dau-elgi\/","name":"OIL FREE SCREW COMPRESSORS - C\u00f4ng Ty TNHH D\u1ecbch V\u1ee5 K\u1ef9 Thu\u1eadt Minh \u0110\u1ee9c","isPartOf":{"@id":"https:\/\/www.midtech.com.vn\/#website"},"primaryImageOfPage":{"@id":"https:\/\/www.midtech.com.vn\/san-pham\/may-nen-khi-khong-dau-elgi\/#primaryimage"},"datePublished":"2021-11-25T01:17:55+00:00","dateModified":"2022-06-22T01:34:15+00:00","breadcrumb":{"@id":"https:\/\/www.midtech.com.vn\/san-pham\/may-nen-khi-khong-dau-elgi\/#breadcrumb"},"inLanguage":"en-US","potentialAction":[{"@type":"ReadAction","target":["https:\/\/www.midtech.com.vn\/san-pham\/may-nen-khi-khong-dau-elgi\/"]}]},{"@type":"BreadcrumbList","@id":"https:\/\/www.midtech.com.vn\/san-pham\/may-nen-khi-khong-dau-elgi\/#breadcrumb","itemListElement":[{"@type":"ListItem","position":1,"name":"Home","item":"https:\/\/www.midtech.com.vn\/"},{"@type":"ListItem","position":2,"name":"Shop","item":"https:\/\/www.midtech.com.vn\/shop\/"},{"@type":"ListItem","position":3,"name":"M\u00c1Y N\u00c9N KH\u00cd KH\u00d4NG D\u1ea6U ELGI"}]}]}},"_links":{"self":[{"href":"https:\/\/www.midtech.com.vn\/en\/wp-json\/wp\/v2\/product\/216"}],"collection":[{"href":"https:\/\/www.midtech.com.vn\/en\/wp-json\/wp\/v2\/product"}],"about":[{"href":"https:\/\/www.midtech.com.vn\/en\/wp-json\/wp\/v2\/types\/product"}],"replies":[{"embeddable":true,"href":"https:\/\/www.midtech.com.vn\/en\/wp-json\/wp\/v2\/comments?post=216"}],"wp:featuredmedia":[{"embeddable":true,"href":"https:\/\/www.midtech.com.vn\/en\/wp-json\/wp\/v2\/media\/246"}],"wp:attachment":[{"href":"https:\/\/www.midtech.com.vn\/en\/wp-json\/wp\/v2\/media?parent=216"}],"wp:term":[{"taxonomy":"product_cat","embeddable":true,"href":"https:\/\/www.midtech.com.vn\/en\/wp-json\/wp\/v2\/product_cat?post=216"},{"taxonomy":"product_tag","embeddable":true,"href":"https:\/\/www.midtech.com.vn\/en\/wp-json\/wp\/v2\/product_tag?post=216"}],"curies":[{"name":"wp","href":"https:\/\/api.w.org\/{rel}","templated":true}]}}