{"id":202,"date":"2021-11-24T08:57:49","date_gmt":"2021-11-24T08:57:49","guid":{"rendered":"https:\/\/www.midtech.com.vn\/?post_type=product&#038;p=202"},"modified":"2022-06-10T09:16:43","modified_gmt":"2022-06-10T09:16:43","slug":"hat-mai-ps-ball","status":"publish","type":"product","link":"https:\/\/www.midtech.com.vn\/en\/san-pham\/hat-mai-ps-ball\/","title":{"rendered":"H\u1ea1t m\u00e0i PS Ball"},"content":{"rendered":"<p class=\"font_8\">1. \u1ee8ng d\u1ee5ng c\u1ee7a PS Ball<\/p>\n<p class=\"font_8\">H\u1ea1t m\u00e0i PS ball \u0111\u01b0\u1ee3c s\u1eed d\u1ee5ng r\u1ed9ng r\u00e3i \u1edf nhi\u1ec1u n\u01b0\u1edbc ti\u00ean ti\u1ebfn \u0111\u1ec3 x\u1eed l\u00fd b\u1ec1 m\u1eb7t r\u1ec9 s\u00e9t c\u1ee7a t\u00e0u, v\u1ecf t\u00e0u\u2026 C\u00f4ng d\u1ee5ng nh\u01b0 x\u1ec9 \u0111\u1ed3ng (h\u1ea1t nix). Tuy nhi\u00ean, nh\u1edd \u00e1p d\u1ee5ng C\u00f4ng ngh\u1ec7 t\u00e1n nh\u1ecf x\u1ec9 \u0111\u1ed3ng (SAT) m\u1edbi nh\u1ea5t hi\u1ec7n nay, h\u1ea1t m\u00e0i PS ball l\u00e0 gi\u1ea3i ph\u00e1p \u0111\u01b0\u1ee3c \u01b0a chu\u1ed9ng b\u1edfi t\u00ednh n\u0103ng th\u00e2n thi\u1ec7n m\u00f4i tr\u01b0\u1eddng, l\u00e0m s\u1ea1ch nhanh, t\u00e1i s\u1eed d\u1ee5ng nhi\u1ec1u l\u1ea7n. Quan tr\u1ecdng nh\u1ea5t, h\u1ea1t m\u00e0i PS ball c\u00f3 gi\u00e1 r\u1ebb h\u01a1n h\u1ea1t nix do c\u00f4ng ngh\u1ec7 m\u1edbi l\u00e0m gi\u1ea3m chi ph\u00ed s\u1ea3n xu\u1ea5t<\/p>\n<ul class=\"font_8\">\n<li>\n<p class=\"font_8\">\u01afu \u0111i\u1ec3m<br \/>\n+ C\u00f3 \u0111\u1ed9 c\u1ee9ng tuy\u1ec7t v\u1eddi cho vi\u1ec7c phun l\u00e0m s\u1ea1ch<br \/>\n+ N\u00e2ng cao hi\u1ec7u qu\u1ea3 c\u00f4ng vi\u1ec7c<br \/>\n+ \u00cdt g\u00e2y ra b\u1ee5i h\u01a1n so v\u1edbi c\u00e1t v\u00e0 x\u1ec9 \u0111\u1ed3ng trong qu\u00e1 tr\u00ecnh phun l\u00e0m s\u1ea1ch b\u1ec1 m\u1eb7t+<br \/>\n+ C\u00f3 th\u1ec3 t\u00e1i s\u1eed d\u1ee5ng (2~3 l\u1ea7n) b\u1eb1ng thi\u1ebft b\u1ecb t\u00e1i ch\u1ebf<br \/>\n+ L\u00e0m cho b\u1ec1 m\u1eb7t c\u00f3 \u0111\u1ed9 s\u00e1ng t\u1ed1t<\/p>\n<\/li>\n<\/ul>\n<p class=\"font_7\">PS Ball\u00a0 c\u00f3 c\u1ea5u tr\u00fac spinel v\u00e0 th\u00e2n thi\u1ec7n v\u1edbi m\u00f4i tr\u01b0\u1eddng c\u1ee7a c\u00e1c lo\u1ea1i x\u1ec9 kim lo\u1ea1i kh\u00f4ng \u1ed5n \u0111\u1ecbnh \u0111\u00e3 \u0111\u01b0\u1ee3c x\u1eed l\u00fd t\u1ed1t x\u1ea3y ra trong qu\u00e1 tr\u00ecnh luy\u1ec7n th\u00e9p.<\/p>\n<div class=\"\" data-mesh-id=\"comp-ktiuxv4winlineContent\" data-testid=\"inline-content\">\n<div data-mesh-id=\"comp-ktiuxv4winlineContent-gridContainer\" data-testid=\"mesh-container-content\">\n<div id=\"comp-ku9x68ie\" class=\"XUUsC\" title=\"\">\n<div class=\"xQ_iF\" data-testid=\"linkElement\"><img decoding=\"async\" class=\"aligncenter\" src=\"https:\/\/static.wixstatic.com\/media\/5461e2_2bfe8d027c1a408bb171b5ffacaa2f8a~mv2.png\/v1\/fill\/w_396,h_400,al_c,q_85,usm_0.66_1.00_0.01\/contents214_01%20(1).webp\" alt=\"contents214_01 (1).png\" \/><\/div>\n<\/div>\n<div id=\"comp-ku9x6xjv\" class=\"_1Q9if\" style=\"text-align: center;\" data-testid=\"richTextElement\">\n<p class=\"font_7\">C\u00e1c \u1ee9ng d\u1ee5ng c\u1ee7a PS Ball<\/p>\n<\/div>\n<div id=\"comp-ktivblfq\" class=\"XUUsC\" style=\"text-align: center;\" title=\"\">\n<div class=\"xQ_iF\" data-testid=\"linkElement\"><img decoding=\"async\" src=\"https:\/\/static.wixstatic.com\/media\/5461e2_90a280816dc74c4dbe42a5f69508b92d~mv2.png\/v1\/fill\/w_940,h_220,al_c,lg_1,q_85\/contents212_2%20(1).webp\" alt=\"contents212_2 (1).png\" \/><\/div>\n<\/div>\n<div id=\"comp-ku9x80um\" class=\"_1Q9if\" data-testid=\"richTextElement\">\n<p class=\"font_7\" style=\"text-align: center;\">H\u00ecnh \u1ea3nh ph\u00f3ng to h\u1ea1t PS Ball<\/p>\n<p>2. T\u1ec9 l\u1ec7 th\u00e0nh ph\u1ea7n<\/p>\n<p><img loading=\"lazy\" decoding=\"async\" class=\"size-full wp-image-103 aligncenter\" src=\"https:\/\/www.midtech.com.vn\/wp-content\/uploads\/2021\/11\/cau-truc-hoa-hoc.png\" alt=\"\" width=\"851\" height=\"166\" srcset=\"https:\/\/www.midtech.com.vn\/wp-content\/uploads\/2021\/11\/cau-truc-hoa-hoc.png 851w, https:\/\/www.midtech.com.vn\/wp-content\/uploads\/2021\/11\/cau-truc-hoa-hoc-300x59.png 300w, https:\/\/www.midtech.com.vn\/wp-content\/uploads\/2021\/11\/cau-truc-hoa-hoc-768x150.png 768w, https:\/\/www.midtech.com.vn\/wp-content\/uploads\/2021\/11\/cau-truc-hoa-hoc-600x117.png 600w\" sizes=\"(max-width: 851px) 100vw, 851px\" \/><\/p>\n<p>3.\u00a0Th\u00e0nh ph\u1ea7n kim lo\u1ea1i n\u1eb7ng tr\u1ecdng PS Ball<\/p>\n<p><img loading=\"lazy\" decoding=\"async\" class=\"size-full wp-image-147 aligncenter\" src=\"https:\/\/www.midtech.com.vn\/wp-content\/uploads\/2021\/11\/ssssss.png\" alt=\"\" width=\"928\" height=\"326\" srcset=\"https:\/\/www.midtech.com.vn\/wp-content\/uploads\/2021\/11\/ssssss.png 928w, https:\/\/www.midtech.com.vn\/wp-content\/uploads\/2021\/11\/ssssss-300x105.png 300w, https:\/\/www.midtech.com.vn\/wp-content\/uploads\/2021\/11\/ssssss-768x270.png 768w, https:\/\/www.midtech.com.vn\/wp-content\/uploads\/2021\/11\/ssssss-600x211.png 600w\" sizes=\"(max-width: 928px) 100vw, 928px\" \/><\/p>\n<\/div>\n<\/div>\n<\/div>\n","protected":false},"excerpt":{"rendered":"<h1 class=\"font_0\">PS Ball (Precious Slag Ball) \u2013 H\u1ea1t M\u00e0i Kim Lo\u1ea1i.<\/h1>\n<p class=\"font_8\">PS Ball (Precious Slag Ball) hay h\u1ea1t M\u00e0i Kim Lo\u1ea1i.<\/p>\n<p class=\"font_8\">Xu\u1ea5t x\u1ee9 &#8211; H\u00e0n Qu\u1ed1c (Korea)<\/p>\n<p class=\"font_8\">Hi\u1ec7n nay ch\u00fang t\u00f4i \u0111ang l\u00e0 \u0111\u01a1n v\u1ecb ph\u00e2n ph\u1ed1i v\u00e0 nh\u1eadp kh\u1ea9u PS Ball T\u1ea1i Vi\u1ec7t Nam Cung c\u1ea5p cho c\u00e1c c\u00f4ng ty l\u1edbn trong v\u00e0 ngo\u00e0i ng\u00e0nh d\u1ea7u kh\u00ed.<\/p>\n","protected":false},"featured_media":83,"comment_status":"closed","ping_status":"closed","template":"","meta":[],"product_cat":[19],"product_tag":[24,22,23,25],"yoast_head":"<!-- This site is optimized with the Yoast SEO plugin v17.6 - https:\/\/yoast.com\/wordpress\/plugins\/seo\/ -->\n<title>H\u1ea1t m\u00e0i PS Ball - C\u00f4ng Ty TNHH D\u1ecbch V\u1ee5 K\u1ef9 Thu\u1eadt Minh \u0110\u1ee9c<\/title>\n<meta name=\"robots\" content=\"index, follow, max-snippet:-1, max-image-preview:large, max-video-preview:-1\" \/>\n<link rel=\"canonical\" href=\"https:\/\/www.midtech.com.vn\/san-pham\/hat-mai-ps-ball\/\" \/>\n<meta property=\"og:locale\" content=\"en_US\" \/>\n<meta property=\"og:type\" content=\"article\" \/>\n<meta property=\"og:title\" content=\"H\u1ea1t m\u00e0i PS Ball - C\u00f4ng Ty TNHH D\u1ecbch V\u1ee5 K\u1ef9 Thu\u1eadt Minh \u0110\u1ee9c\" \/>\n<meta property=\"og:description\" content=\"PS Ball (Precious Slag Ball) \u2013 H\u1ea1t M\u00e0i Kim Lo\u1ea1i. PS Ball (Precious Slag Ball) hay h\u1ea1t M\u00e0i Kim Lo\u1ea1i. Xu\u1ea5t x\u1ee9 - H\u00e0n Qu\u1ed1c (Korea) Hi\u1ec7n nay ch\u00fang t\u00f4i \u0111ang l\u00e0 \u0111\u01a1n v\u1ecb ph\u00e2n ph\u1ed1i v\u00e0 nh\u1eadp kh\u1ea9u PS Ball T\u1ea1i Vi\u1ec7t Nam Cung c\u1ea5p cho c\u00e1c c\u00f4ng ty l\u1edbn trong v\u00e0 ngo\u00e0i ng\u00e0nh d\u1ea7u kh\u00ed.\" \/>\n<meta property=\"og:url\" content=\"https:\/\/www.midtech.com.vn\/san-pham\/hat-mai-ps-ball\/\" \/>\n<meta property=\"og:site_name\" content=\"C\u00f4ng Ty TNHH D\u1ecbch V\u1ee5 K\u1ef9 Thu\u1eadt Minh \u0110\u1ee9c\" \/>\n<meta property=\"article:modified_time\" content=\"2022-06-10T09:16:43+00:00\" \/>\n<meta property=\"og:image\" content=\"https:\/\/www.midtech.com.vn\/wp-content\/uploads\/2021\/11\/06-01-2020-1578295384.jpg\" \/>\n\t<meta property=\"og:image:width\" content=\"756\" \/>\n\t<meta property=\"og:image:height\" content=\"398\" \/>\n<meta name=\"twitter:card\" content=\"summary_large_image\" \/>\n<meta name=\"twitter:label1\" content=\"Est. reading time\" \/>\n\t<meta name=\"twitter:data1\" content=\"2 minutes\" \/>\n<script type=\"application\/ld+json\" class=\"yoast-schema-graph\">{\"@context\":\"https:\/\/schema.org\",\"@graph\":[{\"@type\":\"WebSite\",\"@id\":\"https:\/\/www.midtech.com.vn\/#website\",\"url\":\"https:\/\/www.midtech.com.vn\/\",\"name\":\"C\\u00f4ng Ty TNHH D\\u1ecbch V\\u1ee5 K\\u1ef9 Thu\\u1eadt Minh \\u0110\\u1ee9c\",\"description\":\"\",\"potentialAction\":[{\"@type\":\"SearchAction\",\"target\":{\"@type\":\"EntryPoint\",\"urlTemplate\":\"https:\/\/www.midtech.com.vn\/?s={search_term_string}\"},\"query-input\":\"required name=search_term_string\"}],\"inLanguage\":\"en-US\"},{\"@type\":\"ImageObject\",\"@id\":\"https:\/\/www.midtech.com.vn\/san-pham\/hat-mai-ps-ball\/#primaryimage\",\"inLanguage\":\"en-US\",\"url\":\"https:\/\/www.midtech.com.vn\/wp-content\/uploads\/2021\/11\/06-01-2020-1578295384.jpg\",\"contentUrl\":\"https:\/\/www.midtech.com.vn\/wp-content\/uploads\/2021\/11\/06-01-2020-1578295384.jpg\",\"width\":756,\"height\":398},{\"@type\":\"WebPage\",\"@id\":\"https:\/\/www.midtech.com.vn\/san-pham\/hat-mai-ps-ball\/#webpage\",\"url\":\"https:\/\/www.midtech.com.vn\/san-pham\/hat-mai-ps-ball\/\",\"name\":\"H\\u1ea1t m\\u00e0i PS Ball - C\\u00f4ng Ty TNHH D\\u1ecbch V\\u1ee5 K\\u1ef9 Thu\\u1eadt Minh \\u0110\\u1ee9c\",\"isPartOf\":{\"@id\":\"https:\/\/www.midtech.com.vn\/#website\"},\"primaryImageOfPage\":{\"@id\":\"https:\/\/www.midtech.com.vn\/san-pham\/hat-mai-ps-ball\/#primaryimage\"},\"datePublished\":\"2021-11-24T08:57:49+00:00\",\"dateModified\":\"2022-06-10T09:16:43+00:00\",\"breadcrumb\":{\"@id\":\"https:\/\/www.midtech.com.vn\/san-pham\/hat-mai-ps-ball\/#breadcrumb\"},\"inLanguage\":\"en-US\",\"potentialAction\":[{\"@type\":\"ReadAction\",\"target\":[\"https:\/\/www.midtech.com.vn\/san-pham\/hat-mai-ps-ball\/\"]}]},{\"@type\":\"BreadcrumbList\",\"@id\":\"https:\/\/www.midtech.com.vn\/san-pham\/hat-mai-ps-ball\/#breadcrumb\",\"itemListElement\":[{\"@type\":\"ListItem\",\"position\":1,\"name\":\"Home\",\"item\":\"https:\/\/www.midtech.com.vn\/\"},{\"@type\":\"ListItem\",\"position\":2,\"name\":\"Shop\",\"item\":\"https:\/\/www.midtech.com.vn\/shop\/\"},{\"@type\":\"ListItem\",\"position\":3,\"name\":\"H\\u1ea1t m\\u00e0i PS Ball\"}]}]}<\/script>\n<!-- \/ Yoast SEO plugin. -->","yoast_head_json":{"title":"H\u1ea1t m\u00e0i PS Ball - C\u00f4ng Ty TNHH D\u1ecbch V\u1ee5 K\u1ef9 Thu\u1eadt Minh \u0110\u1ee9c","robots":{"index":"index","follow":"follow","max-snippet":"max-snippet:-1","max-image-preview":"max-image-preview:large","max-video-preview":"max-video-preview:-1"},"canonical":"https:\/\/www.midtech.com.vn\/san-pham\/hat-mai-ps-ball\/","og_locale":"en_US","og_type":"article","og_title":"H\u1ea1t m\u00e0i PS Ball - C\u00f4ng Ty TNHH D\u1ecbch V\u1ee5 K\u1ef9 Thu\u1eadt Minh \u0110\u1ee9c","og_description":"PS Ball (Precious Slag Ball) \u2013 H\u1ea1t M\u00e0i Kim Lo\u1ea1i. PS Ball (Precious Slag Ball) hay h\u1ea1t M\u00e0i Kim Lo\u1ea1i. Xu\u1ea5t x\u1ee9 - H\u00e0n Qu\u1ed1c (Korea) Hi\u1ec7n nay ch\u00fang t\u00f4i \u0111ang l\u00e0 \u0111\u01a1n v\u1ecb ph\u00e2n ph\u1ed1i v\u00e0 nh\u1eadp kh\u1ea9u PS Ball T\u1ea1i Vi\u1ec7t Nam Cung c\u1ea5p cho c\u00e1c c\u00f4ng ty l\u1edbn trong v\u00e0 ngo\u00e0i ng\u00e0nh d\u1ea7u kh\u00ed.","og_url":"https:\/\/www.midtech.com.vn\/san-pham\/hat-mai-ps-ball\/","og_site_name":"C\u00f4ng Ty TNHH D\u1ecbch V\u1ee5 K\u1ef9 Thu\u1eadt Minh \u0110\u1ee9c","article_modified_time":"2022-06-10T09:16:43+00:00","og_image":[{"width":756,"height":398,"url":"https:\/\/www.midtech.com.vn\/wp-content\/uploads\/2021\/11\/06-01-2020-1578295384.jpg","type":"image\/jpeg"}],"twitter_card":"summary_large_image","twitter_misc":{"Est. reading time":"2 minutes"},"schema":{"@context":"https:\/\/schema.org","@graph":[{"@type":"WebSite","@id":"https:\/\/www.midtech.com.vn\/#website","url":"https:\/\/www.midtech.com.vn\/","name":"C\u00f4ng Ty TNHH D\u1ecbch V\u1ee5 K\u1ef9 Thu\u1eadt Minh \u0110\u1ee9c","description":"","potentialAction":[{"@type":"SearchAction","target":{"@type":"EntryPoint","urlTemplate":"https:\/\/www.midtech.com.vn\/?s={search_term_string}"},"query-input":"required name=search_term_string"}],"inLanguage":"en-US"},{"@type":"ImageObject","@id":"https:\/\/www.midtech.com.vn\/san-pham\/hat-mai-ps-ball\/#primaryimage","inLanguage":"en-US","url":"https:\/\/www.midtech.com.vn\/wp-content\/uploads\/2021\/11\/06-01-2020-1578295384.jpg","contentUrl":"https:\/\/www.midtech.com.vn\/wp-content\/uploads\/2021\/11\/06-01-2020-1578295384.jpg","width":756,"height":398},{"@type":"WebPage","@id":"https:\/\/www.midtech.com.vn\/san-pham\/hat-mai-ps-ball\/#webpage","url":"https:\/\/www.midtech.com.vn\/san-pham\/hat-mai-ps-ball\/","name":"H\u1ea1t m\u00e0i PS Ball - C\u00f4ng Ty TNHH D\u1ecbch V\u1ee5 K\u1ef9 Thu\u1eadt Minh \u0110\u1ee9c","isPartOf":{"@id":"https:\/\/www.midtech.com.vn\/#website"},"primaryImageOfPage":{"@id":"https:\/\/www.midtech.com.vn\/san-pham\/hat-mai-ps-ball\/#primaryimage"},"datePublished":"2021-11-24T08:57:49+00:00","dateModified":"2022-06-10T09:16:43+00:00","breadcrumb":{"@id":"https:\/\/www.midtech.com.vn\/san-pham\/hat-mai-ps-ball\/#breadcrumb"},"inLanguage":"en-US","potentialAction":[{"@type":"ReadAction","target":["https:\/\/www.midtech.com.vn\/san-pham\/hat-mai-ps-ball\/"]}]},{"@type":"BreadcrumbList","@id":"https:\/\/www.midtech.com.vn\/san-pham\/hat-mai-ps-ball\/#breadcrumb","itemListElement":[{"@type":"ListItem","position":1,"name":"Home","item":"https:\/\/www.midtech.com.vn\/"},{"@type":"ListItem","position":2,"name":"Shop","item":"https:\/\/www.midtech.com.vn\/shop\/"},{"@type":"ListItem","position":3,"name":"H\u1ea1t m\u00e0i PS Ball"}]}]}},"_links":{"self":[{"href":"https:\/\/www.midtech.com.vn\/en\/wp-json\/wp\/v2\/product\/202"}],"collection":[{"href":"https:\/\/www.midtech.com.vn\/en\/wp-json\/wp\/v2\/product"}],"about":[{"href":"https:\/\/www.midtech.com.vn\/en\/wp-json\/wp\/v2\/types\/product"}],"replies":[{"embeddable":true,"href":"https:\/\/www.midtech.com.vn\/en\/wp-json\/wp\/v2\/comments?post=202"}],"wp:featuredmedia":[{"embeddable":true,"href":"https:\/\/www.midtech.com.vn\/en\/wp-json\/wp\/v2\/media\/83"}],"wp:attachment":[{"href":"https:\/\/www.midtech.com.vn\/en\/wp-json\/wp\/v2\/media?parent=202"}],"wp:term":[{"taxonomy":"product_cat","embeddable":true,"href":"https:\/\/www.midtech.com.vn\/en\/wp-json\/wp\/v2\/product_cat?post=202"},{"taxonomy":"product_tag","embeddable":true,"href":"https:\/\/www.midtech.com.vn\/en\/wp-json\/wp\/v2\/product_tag?post=202"}],"curies":[{"name":"wp","href":"https:\/\/api.w.org\/{rel}","templated":true}]}}